{"id":2639,"date":"2017-03-13T15:49:39","date_gmt":"2017-03-13T14:49:39","guid":{"rendered":"http:\/\/meeplendice.net\/?page_id=2639"},"modified":"2020-09-01T09:52:17","modified_gmt":"2020-09-01T08:52:17","slug":"heros-monstres-les-gardiens-du-secret","status":"publish","type":"page","link":"https:\/\/meeplendice.net\/?page_id=2639","title":{"rendered":"H\u00e9ros &#038; Monstres : Les Gardiens du Secret"},"content":{"rendered":"<p><em>Un dangereux secret est sur le point d\u2019\u00eatre r\u00e9v\u00e9l\u00e9 ! <\/em><\/p>\n<p><em>Apr\u00e8s avoir vaincu Devys, le sorcier d\u00e9ment, ses opposants firent le serment de cacher ses travaux pour toujours. Ils les enferm\u00e8rent dans leurs propres esprits, \u00e0 l\u2019abri du regard du monde. Pendant des ann\u00e9es, l\u2019ordre des Gardiens prot\u00e9gea ce savoir. Mais \u00e0 pr\u00e9sent, un ancien ennemi refait surface, bien d\u00e9termin\u00e9 \u00e0 mettre la main sur ce qui devrait rester cach\u00e9 \u00e0 jamais.<\/em><\/p>\n<p style=\"text-align: justify;\">Ajoutez de nouveaux h\u00e9ros l\u00e9gendaires, ainsi que d\u2019abjects monstres \u00e0 vos parties de Descent\u00a0: Voyages dans les T\u00e9n\u00e8bres Seconde \u00c9dition avec l\u2019extension H\u00e9ros et Monstres <em>Les Gardiens du Secret.<\/em> D\u00e9couvrez les caract\u00e9ristiques uniques de ces monstres et de ces h\u00e9ros en vivant les qu\u00eates incluses dans cette extension, individuellement ou par le biais des Cartes Rumeur.<\/p>\n","protected":false},"excerpt":{"rendered":"<p>Un dangereux secret est sur le point d\u2019\u00eatre r\u00e9v\u00e9l\u00e9 ! Apr\u00e8s avoir vaincu Devys, le sorcier d\u00e9ment, ses opposants firent le serment de cacher ses travaux pour toujours. Ils les enferm\u00e8rent dans leurs propres esprits, \u00e0 l\u2019abri du regard du monde. Pendant des ann\u00e9es, l\u2019ordre des Gardiens prot\u00e9gea ce savoir. Mais \u00e0 pr\u00e9sent, un ancien ennemi refait surface, bien d\u00e9termin\u00e9 \u00e0 mettre la main sur ce qui devrait rester cach\u00e9 \u00e0 jamais. Ajoutez de nouveaux h\u00e9ros l\u00e9gendaires, ainsi que d\u2019abjects monstres \u00e0 vos parties de Descent\u00a0: Voyages dans les T\u00e9n\u00e8bres Seconde \u00c9dition avec l\u2019extension H\u00e9ros et Monstres Les Gardiens du Secret. D\u00e9couvrez les caract\u00e9ristiques uniques de ces monstres et de ces h\u00e9ros en vivant les qu\u00eates incluses dans cette extension, individuellement ou par le biais des Cartes Rumeur.<\/p>\n","protected":false},"author":2,"featured_media":2640,"parent":0,"menu_order":15,"comment_status":"closed","ping_status":"closed","template":"","meta":{"footnotes":""},"class_list":["post-2639","page","type-page","status-publish","has-post-thumbnail","hentry"],"acf":[],"rttpg_featured_image_url":{"full":["https:\/\/meeplendice.net\/wp-content\/uploads\/2017\/03\/Descentv2_Gardienssecret.png",350,350,false],"landscape":["https:\/\/meeplendice.net\/wp-content\/uploads\/2017\/03\/Descentv2_Gardienssecret.png",350,350,false],"portraits":["https:\/\/meeplendice.net\/wp-content\/uploads\/2017\/03\/Descentv2_Gardienssecret.png",350,350,false],"thumbnail":["https:\/\/meeplendice.net\/wp-content\/uploads\/2017\/03\/Descentv2_Gardienssecret-150x150.png",150,150,true],"medium":["https:\/\/meeplendice.net\/wp-content\/uploads\/2017\/03\/Descentv2_Gardienssecret-300x300.png",300,300,true],"large":["https:\/\/meeplendice.net\/wp-content\/uploads\/2017\/03\/Descentv2_Gardienssecret.png",350,350,false],"ug_big":["https:\/\/meeplendice.net\/wp-content\/uploads\/2017\/03\/Descentv2_Gardienssecret.png",350,350,false],"1536x1536":["https:\/\/meeplendice.net\/wp-content\/uploads\/2017\/03\/Descentv2_Gardienssecret.png",350,350,false],"2048x2048":["https:\/\/meeplendice.net\/wp-content\/uploads\/2017\/03\/Descentv2_Gardienssecret.png",350,350,false],"ashe-slider-grid-thumbnail":["https:\/\/meeplendice.net\/wp-content\/uploads\/2017\/03\/Descentv2_Gardienssecret.png",350,350,false],"ashe-full-thumbnail":["https:\/\/meeplendice.net\/wp-content\/uploads\/2017\/03\/Descentv2_Gardienssecret.png",350,350,false],"ashe-grid-thumbnail":["https:\/\/meeplendice.net\/wp-content\/uploads\/2017\/03\/Descentv2_Gardienssecret-350x330.png",350,330,true],"ashe-list-thumbnail":["https:\/\/meeplendice.net\/wp-content\/uploads\/2017\/03\/Descentv2_Gardienssecret-300x300.png",300,300,true],"ashe-single-navigation":["https:\/\/meeplendice.net\/wp-content\/uploads\/2017\/03\/Descentv2_Gardienssecret-75x75.png",75,75,true],"mailpoet_newsletter_max":["https:\/\/meeplendice.net\/wp-content\/uploads\/2017\/03\/Descentv2_Gardienssecret.png",350,350,false],"rpwe-thumbnail":["https:\/\/meeplendice.net\/wp-content\/uploads\/2017\/03\/Descentv2_Gardienssecret-45x45.png",45,45,true],"sow-carousel-default":["https:\/\/meeplendice.net\/wp-content\/uploads\/2017\/03\/Descentv2_Gardienssecret-272x182.png",272,182,true],"rt_custom":["https:\/\/meeplendice.net\/wp-content\/uploads\/2017\/03\/Descentv2_Gardienssecret.png",350,350,false]},"rttpg_author":{"display_name":"Karnby","author_link":"https:\/\/meeplendice.net\/?author=2"},"rttpg_comment":0,"rttpg_category":null,"rttpg_excerpt":"Un dangereux secret est sur le point d\u2019\u00eatre r\u00e9v\u00e9l\u00e9 ! Apr\u00e8s avoir vaincu Devys, le sorcier d\u00e9ment, ses opposants firent le serment de cacher ses travaux pour toujours. Ils les enferm\u00e8rent dans leurs propres esprits, \u00e0 l\u2019abri du regard du monde. Pendant des ann\u00e9es, l\u2019ordre des Gardiens prot\u00e9gea ce savoir. Mais \u00e0 pr\u00e9sent, un ancien\u2026","_links":{"self":[{"href":"https:\/\/meeplendice.net\/index.php?rest_route=\/wp\/v2\/pages\/2639","targetHints":{"allow":["GET"]}}],"collection":[{"href":"https:\/\/meeplendice.net\/index.php?rest_route=\/wp\/v2\/pages"}],"about":[{"href":"https:\/\/meeplendice.net\/index.php?rest_route=\/wp\/v2\/types\/page"}],"author":[{"embeddable":true,"href":"https:\/\/meeplendice.net\/index.php?rest_route=\/wp\/v2\/users\/2"}],"replies":[{"embeddable":true,"href":"https:\/\/meeplendice.net\/index.php?rest_route=%2Fwp%2Fv2%2Fcomments&post=2639"}],"version-history":[{"count":2,"href":"https:\/\/meeplendice.net\/index.php?rest_route=\/wp\/v2\/pages\/2639\/revisions"}],"predecessor-version":[{"id":6439,"href":"https:\/\/meeplendice.net\/index.php?rest_route=\/wp\/v2\/pages\/2639\/revisions\/6439"}],"wp:featuredmedia":[{"embeddable":true,"href":"https:\/\/meeplendice.net\/index.php?rest_route=\/wp\/v2\/media\/2640"}],"wp:attachment":[{"href":"https:\/\/meeplendice.net\/index.php?rest_route=%2Fwp%2Fv2%2Fmedia&parent=2639"}],"curies":[{"name":"wp","href":"https:\/\/api.w.org\/{rel}","templated":true}]}}