{"id":2660,"date":"2017-03-20T11:21:45","date_gmt":"2017-03-20T10:21:45","guid":{"rendered":"http:\/\/meeplendice.net\/?page_id=2660"},"modified":"2020-11-13T16:42:39","modified_gmt":"2020-11-13T15:42:39","slug":"la-chose","status":"publish","type":"page","link":"https:\/\/meeplendice.net\/?page_id=2660","title":{"rendered":"La Chose"},"content":{"rendered":"<div id=\"pl-2660\"  class=\"panel-layout\" ><div id=\"pg-2660-0\"  class=\"panel-grid panel-no-style\" ><div id=\"pgc-2660-0-0\"  class=\"panel-grid-cell\" ><div id=\"panel-2660-0-0-0\" class=\"so-panel widget widget_sow-editor panel-first-child panel-last-child\" data-index=\"0\" ><div\n\t\t\t\n\t\t\tclass=\"so-widget-sow-editor so-widget-sow-editor-base\"\n\t\t\t\n\t\t>\n<div class=\"siteorigin-widget-tinymce textwidget\">\n\t<p style=\"text-align: center;\"><strong>Nombre de joueurs :<\/strong><br \/>\n4 - 12<\/p>\n<\/div>\n<\/div><\/div><\/div><div id=\"pgc-2660-0-1\"  class=\"panel-grid-cell\" ><div id=\"panel-2660-0-1-0\" class=\"so-panel widget widget_sow-editor panel-first-child panel-last-child\" data-index=\"1\" ><div\n\t\t\t\n\t\t\tclass=\"so-widget-sow-editor so-widget-sow-editor-base\"\n\t\t\t\n\t\t>\n<div class=\"siteorigin-widget-tinymce textwidget\">\n\t<p style=\"text-align: center;\"><strong>Dur\u00e9e moyenne :<\/strong><br \/>\n60 min<\/p>\n<\/div>\n<\/div><\/div><\/div><div id=\"pgc-2660-0-2\"  class=\"panel-grid-cell\" ><div id=\"panel-2660-0-2-0\" class=\"so-panel widget widget_sow-editor panel-first-child panel-last-child\" data-index=\"2\" ><div\n\t\t\t\n\t\t\tclass=\"so-widget-sow-editor so-widget-sow-editor-base\"\n\t\t\t\n\t\t>\n<div class=\"siteorigin-widget-tinymce textwidget\">\n\t<p style=\"text-align: center;\"><strong>Age :<\/strong><br \/>\n14 ans et plus<\/p>\n<\/div>\n<\/div><\/div><\/div><\/div><div id=\"pg-2660-1\"  class=\"panel-grid panel-no-style\" ><div id=\"pgc-2660-1-0\"  class=\"panel-grid-cell\" ><div id=\"panel-2660-1-0-0\" class=\"so-panel widget widget_sow-editor panel-first-child panel-last-child\" data-index=\"3\" ><div\n\t\t\t\n\t\t\tclass=\"so-widget-sow-editor so-widget-sow-editor-base\"\n\t\t\t\n\t\t>\n<div class=\"siteorigin-widget-tinymce textwidget\">\n\t<p style=\"text-align: center;\"><strong>Auteur(s) :<br \/>\n<\/strong>Antonio Ferra<br \/>\nSebastiano Fiorillo<\/p>\n<\/div>\n<\/div><\/div><\/div><div id=\"pgc-2660-1-1\"  class=\"panel-grid-cell\" ><div id=\"panel-2660-1-1-0\" class=\"so-panel widget widget_sow-editor panel-first-child panel-last-child\" data-index=\"4\" ><div\n\t\t\t\n\t\t\tclass=\"so-widget-sow-editor so-widget-sow-editor-base\"\n\t\t\t\n\t\t>\n<div class=\"siteorigin-widget-tinymce textwidget\">\n\t<p style=\"text-align: center;\"><strong>Illustrations :<\/strong><br \/>\nSebastiano Fiorillo<br \/>\nAlessia Valentina Coppola<\/p>\n<\/div>\n<\/div><\/div><\/div><div id=\"pgc-2660-1-2\"  class=\"panel-grid-cell\" ><div id=\"panel-2660-1-2-0\" class=\"so-panel widget widget_sow-editor panel-first-child panel-last-child\" data-index=\"5\" ><div\n\t\t\t\n\t\t\tclass=\"so-widget-sow-editor so-widget-sow-editor-base\"\n\t\t\t\n\t\t>\n<div class=\"siteorigin-widget-tinymce textwidget\">\n\t<p style=\"text-align: center;\"><strong>\u00c9dition :<\/strong><br \/>\nPendragon Gamestudio<br \/>\nEdge Entertainement<br \/>\n2017<\/p>\n<\/div>\n<\/div><\/div><\/div><div id=\"pgc-2660-1-3\"  class=\"panel-grid-cell\" ><div id=\"panel-2660-1-3-0\" class=\"so-panel widget widget_sow-editor panel-first-child panel-last-child\" data-index=\"6\" ><div\n\t\t\t\n\t\t\tclass=\"so-widget-sow-editor so-widget-sow-editor-base\"\n\t\t\t\n\t\t>\n<div class=\"siteorigin-widget-tinymce textwidget\">\n\t<p style=\"text-align: center;\"><strong>Version :<\/strong><br \/>\nFran\u00e7aise<\/p>\n<\/div>\n<\/div><\/div><\/div><\/div><div id=\"pg-2660-2\"  class=\"panel-grid panel-no-style\" ><div id=\"pgc-2660-2-0\"  class=\"panel-grid-cell\" ><div id=\"panel-2660-2-0-0\" class=\"so-panel widget widget_sow-editor panel-first-child panel-last-child\" data-index=\"7\" ><div\n\t\t\t\n\t\t\tclass=\"so-widget-sow-editor so-widget-sow-editor-base\"\n\t\t\t\n\t\t>\n<div class=\"siteorigin-widget-tinymce textwidget\">\n\t<hr \/>\n<p>Un groupe d'arch\u00e9ologues a myst\u00e9rieusement disparu lors d'une exp\u00e9dition sur l'\u00eele r\u00e9cemment \u00e9merg\u00e9e de R'lyeh. Vous \u00eates un des membres de l'\u00e9quipe de sauvetage envoy\u00e9e pour les secourir. Durant l'investigation de ce site malsain, vous d\u00e9couvrez quelque chose d'\u00e9pouvantable, d'innommable... Cette Chose s'immisce dans votre groupe pour l'an\u00e9antir.<\/p>\n<p>Pour survivre et gagner la partie, vous aurez besoin de nerfs d'acier, d'une bonne dose d'intuition et surtout d'\u00eatre persuasif !<\/p>\n<p>Alors barricadez les portes, isolez un suspect, r\u00e9v\u00e9lez votre identit\u00e9 \u00e0 vos \u00ab alli\u00e9s \u00bb, et choisissez : la fuite... Ou le lance-flamme. Un dernier avertissement : proc\u00e9dez avec prudence, car La Chose pourrait \u00eatre bien plus proche que vous ne le pensez. MOUAHAHAHAHA !<\/p>\n<\/div>\n<\/div><\/div><\/div><\/div><div id=\"pg-2660-3\"  class=\"panel-grid panel-no-style\" ><div id=\"pgc-2660-3-0\"  class=\"panel-grid-cell\" ><div id=\"panel-2660-3-0-0\" class=\"so-panel widget widget_sow-editor panel-first-child panel-last-child\" data-index=\"8\" ><div\n\t\t\t\n\t\t\tclass=\"so-widget-sow-editor so-widget-sow-editor-base\"\n\t\t\t\n\t\t>\n<div class=\"siteorigin-widget-tinymce textwidget\">\n\t<hr \/>\n<p style=\"text-align: center;\"><strong>En vid\u00e9o<\/strong><\/p>\n<\/div>\n<\/div><\/div><\/div><\/div><div id=\"pg-2660-4\"  class=\"panel-grid panel-no-style\" ><div id=\"pgc-2660-4-0\"  class=\"panel-grid-cell\" ><div id=\"panel-2660-4-0-0\" class=\"so-panel widget widget_sow-editor panel-first-child panel-last-child\" data-index=\"9\" ><div\n\t\t\t\n\t\t\tclass=\"so-widget-sow-editor so-widget-sow-editor-base\"\n\t\t\t\n\t\t>\n<div class=\"siteorigin-widget-tinymce textwidget\">\n\t<hr \/>\n<p style=\"text-align: center;\"><strong>Pour aller plus loin<\/strong><\/p>\n<\/div>\n<\/div><\/div><\/div><\/div><\/div>","protected":false},"excerpt":{"rendered":"<p>Nombre de joueurs : 4 &#8211; 12 Dur\u00e9e moyenne : 60 min Age : 14 ans et plus Auteur(s) : Antonio Ferra Sebastiano Fiorillo Illustrations : Sebastiano Fiorillo Alessia Valentina Coppola \u00c9dition : Pendragon Gamestudio Edge Entertainement 2017 Version : Fran\u00e7aise<\/p>\n","protected":false},"author":2,"featured_media":2663,"parent":0,"menu_order":0,"comment_status":"closed","ping_status":"closed","template":"","meta":{"footnotes":""},"class_list":["post-2660","page","type-page","status-publish","has-post-thumbnail","hentry"],"acf":[],"rttpg_featured_image_url":{"full":["https:\/\/meeplendice.net\/wp-content\/uploads\/2017\/03\/Lachose.png",350,350,false],"landscape":["https:\/\/meeplendice.net\/wp-content\/uploads\/2017\/03\/Lachose.png",350,350,false],"portraits":["https:\/\/meeplendice.net\/wp-content\/uploads\/2017\/03\/Lachose.png",350,350,false],"thumbnail":["https:\/\/meeplendice.net\/wp-content\/uploads\/2017\/03\/Lachose-150x150.png",150,150,true],"medium":["https:\/\/meeplendice.net\/wp-content\/uploads\/2017\/03\/Lachose-300x300.png",300,300,true],"large":["https:\/\/meeplendice.net\/wp-content\/uploads\/2017\/03\/Lachose.png",350,350,false],"ug_big":["https:\/\/meeplendice.net\/wp-content\/uploads\/2017\/03\/Lachose.png",350,350,false],"1536x1536":["https:\/\/meeplendice.net\/wp-content\/uploads\/2017\/03\/Lachose.png",350,350,false],"2048x2048":["https:\/\/meeplendice.net\/wp-content\/uploads\/2017\/03\/Lachose.png",350,350,false],"ashe-slider-grid-thumbnail":["https:\/\/meeplendice.net\/wp-content\/uploads\/2017\/03\/Lachose.png",350,350,false],"ashe-full-thumbnail":["https:\/\/meeplendice.net\/wp-content\/uploads\/2017\/03\/Lachose.png",350,350,false],"ashe-grid-thumbnail":["https:\/\/meeplendice.net\/wp-content\/uploads\/2017\/03\/Lachose-350x330.png",350,330,true],"ashe-list-thumbnail":["https:\/\/meeplendice.net\/wp-content\/uploads\/2017\/03\/Lachose-300x300.png",300,300,true],"ashe-single-navigation":["https:\/\/meeplendice.net\/wp-content\/uploads\/2017\/03\/Lachose-75x75.png",75,75,true],"mailpoet_newsletter_max":["https:\/\/meeplendice.net\/wp-content\/uploads\/2017\/03\/Lachose.png",350,350,false],"rpwe-thumbnail":["https:\/\/meeplendice.net\/wp-content\/uploads\/2017\/03\/Lachose-45x45.png",45,45,true],"sow-carousel-default":["https:\/\/meeplendice.net\/wp-content\/uploads\/2017\/03\/Lachose-272x182.png",272,182,true],"rt_custom":["https:\/\/meeplendice.net\/wp-content\/uploads\/2017\/03\/Lachose.png",350,350,false]},"rttpg_author":{"display_name":"Karnby","author_link":"https:\/\/meeplendice.net\/?author=2"},"rttpg_comment":0,"rttpg_category":null,"rttpg_excerpt":"Nombre de joueurs : 4 - 12 Dur\u00e9e moyenne : 60 min Age : 14 ans et plus Auteur(s) : Antonio Ferra Sebastiano Fiorillo Illustrations : Sebastiano Fiorillo Alessia Valentina Coppola \u00c9dition : Pendragon Gamestudio Edge Entertainement 2017 Version : Fran\u00e7aise","_links":{"self":[{"href":"https:\/\/meeplendice.net\/index.php?rest_route=\/wp\/v2\/pages\/2660","targetHints":{"allow":["GET"]}}],"collection":[{"href":"https:\/\/meeplendice.net\/index.php?rest_route=\/wp\/v2\/pages"}],"about":[{"href":"https:\/\/meeplendice.net\/index.php?rest_route=\/wp\/v2\/types\/page"}],"author":[{"embeddable":true,"href":"https:\/\/meeplendice.net\/index.php?rest_route=\/wp\/v2\/users\/2"}],"replies":[{"embeddable":true,"href":"https:\/\/meeplendice.net\/index.php?rest_route=%2Fwp%2Fv2%2Fcomments&post=2660"}],"version-history":[{"count":7,"href":"https:\/\/meeplendice.net\/index.php?rest_route=\/wp\/v2\/pages\/2660\/revisions"}],"predecessor-version":[{"id":7287,"href":"https:\/\/meeplendice.net\/index.php?rest_route=\/wp\/v2\/pages\/2660\/revisions\/7287"}],"wp:featuredmedia":[{"embeddable":true,"href":"https:\/\/meeplendice.net\/index.php?rest_route=\/wp\/v2\/media\/2663"}],"wp:attachment":[{"href":"https:\/\/meeplendice.net\/index.php?rest_route=%2Fwp%2Fv2%2Fmedia&parent=2660"}],"curies":[{"name":"wp","href":"https:\/\/api.w.org\/{rel}","templated":true}]}}