{"id":2842,"date":"2017-04-21T08:48:22","date_gmt":"2017-04-21T07:48:22","guid":{"rendered":"http:\/\/meeplendice.net\/?page_id=2842"},"modified":"2020-09-01T09:35:53","modified_gmt":"2020-09-01T08:35:53","slug":"cendrillon","status":"publish","type":"page","link":"https:\/\/meeplendice.net\/?page_id=2842","title":{"rendered":"Cendrillon"},"content":{"rendered":"<p style=\"text-align: justify;\"><span id=\"result_box\" class=\"\" lang=\"fr\"><span class=\"\"><em>Elle devait travailler dur, du matin au soir : se lever avant l\u2019aube, porter l\u2019eau, faire le feu, la cuisine et le m\u00e9nage. Pendant ce temps, ses demi-s\u0153urs faisaient tout ce qui \u00e9tait en leur pouvoir pour lui faire du mal. Et le soir, quand elle \u00e9tait harass\u00e9e par la t\u00e2che, il n\u2019y avait pas de lit pour elle. Au lieu de cela, elle devait dormir pr\u00e8s du foyer, dans les cendres. Et comme elle avait toujours l\u2019air poussi\u00e9reuse et sale, elles l\u2019appel\u00e8rent\u2026 Cendrillon.<\/em><\/span><\/span><\/p>\n<p>Revivez l\u2019un des plus c\u00e9l\u00e8bres contes de f\u00e9es avec Dark Tales &#8211; Cendrillon !<\/p>\n<p>Des tyranniques Demi-S\u0153urs \u00e0 la cruelle Mar\u00e2tre, du fabuleux Bal au Palais \u00e0 la c\u00e9l\u00e8bre Chaussure ; de nouveaux personnages et des objets sp\u00e9ciaux apparaissent dans le monde de Dark Tales, pour cr\u00e9er de nouvelles combinaisons inattendues !<\/p>\n<p>Cendrillon parviendra-t-elle \u00e0 danser avec le Prince, ou les Demi-S\u0153urs accapareront-elles son attention ?<\/p>\n<p>Quand l\u2019histoire s\u2019ach\u00e8ve, il est temps d\u2019en jouer une autre : La fin peut toujours changer !<\/p>\n<p>&nbsp;<\/p>\n","protected":false},"excerpt":{"rendered":"<p>Elle devait travailler dur, du matin au soir : se lever avant l\u2019aube, porter l\u2019eau, faire le feu, la cuisine et le m\u00e9nage. Pendant ce temps, ses demi-s\u0153urs faisaient tout ce qui \u00e9tait en leur pouvoir pour lui faire du mal. Et le soir, quand elle \u00e9tait harass\u00e9e par la t\u00e2che, il n\u2019y avait pas de lit pour elle. Au lieu de cela, elle devait dormir pr\u00e8s du foyer, dans les cendres. Et comme elle avait toujours l\u2019air poussi\u00e9reuse et sale, elles l\u2019appel\u00e8rent\u2026 Cendrillon. Revivez l\u2019un des plus c\u00e9l\u00e8bres contes de f\u00e9es avec Dark Tales &#8211; Cendrillon ! Des tyranniques Demi-S\u0153urs \u00e0 la cruelle Mar\u00e2tre, du fabuleux Bal au Palais \u00e0 la c\u00e9l\u00e8bre Chaussure ; de nouveaux personnages et des objets sp\u00e9ciaux apparaissent dans le monde de Dark Tales, pour cr\u00e9er de nouvelles combinaisons inattendues ! Cendrillon parviendra-t-elle \u00e0 danser avec le Prince, ou les Demi-S\u0153urs accapareront-elles son attention ? Quand l\u2019histoire s\u2019ach\u00e8ve, il est temps d\u2019en jouer une autre : La fin peut toujours changer ! &nbsp;<\/p>\n","protected":false},"author":2,"featured_media":2843,"parent":280,"menu_order":0,"comment_status":"closed","ping_status":"closed","template":"","meta":{"footnotes":""},"class_list":["post-2842","page","type-page","status-publish","has-post-thumbnail","hentry"],"acf":[],"rttpg_featured_image_url":{"full":["https:\/\/meeplendice.net\/wp-content\/uploads\/2017\/04\/DT_Cendrillon.png",350,350,false],"landscape":["https:\/\/meeplendice.net\/wp-content\/uploads\/2017\/04\/DT_Cendrillon.png",350,350,false],"portraits":["https:\/\/meeplendice.net\/wp-content\/uploads\/2017\/04\/DT_Cendrillon.png",350,350,false],"thumbnail":["https:\/\/meeplendice.net\/wp-content\/uploads\/2017\/04\/DT_Cendrillon-150x150.png",150,150,true],"medium":["https:\/\/meeplendice.net\/wp-content\/uploads\/2017\/04\/DT_Cendrillon-300x300.png",300,300,true],"large":["https:\/\/meeplendice.net\/wp-content\/uploads\/2017\/04\/DT_Cendrillon.png",350,350,false],"ug_big":["https:\/\/meeplendice.net\/wp-content\/uploads\/2017\/04\/DT_Cendrillon.png",350,350,false],"1536x1536":["https:\/\/meeplendice.net\/wp-content\/uploads\/2017\/04\/DT_Cendrillon.png",350,350,false],"2048x2048":["https:\/\/meeplendice.net\/wp-content\/uploads\/2017\/04\/DT_Cendrillon.png",350,350,false],"ashe-slider-grid-thumbnail":["https:\/\/meeplendice.net\/wp-content\/uploads\/2017\/04\/DT_Cendrillon.png",350,350,false],"ashe-full-thumbnail":["https:\/\/meeplendice.net\/wp-content\/uploads\/2017\/04\/DT_Cendrillon.png",350,350,false],"ashe-grid-thumbnail":["https:\/\/meeplendice.net\/wp-content\/uploads\/2017\/04\/DT_Cendrillon-350x330.png",350,330,true],"ashe-list-thumbnail":["https:\/\/meeplendice.net\/wp-content\/uploads\/2017\/04\/DT_Cendrillon-300x300.png",300,300,true],"ashe-single-navigation":["https:\/\/meeplendice.net\/wp-content\/uploads\/2017\/04\/DT_Cendrillon-75x75.png",75,75,true],"mailpoet_newsletter_max":["https:\/\/meeplendice.net\/wp-content\/uploads\/2017\/04\/DT_Cendrillon.png",350,350,false],"rpwe-thumbnail":["https:\/\/meeplendice.net\/wp-content\/uploads\/2017\/04\/DT_Cendrillon-45x45.png",45,45,true],"sow-carousel-default":["https:\/\/meeplendice.net\/wp-content\/uploads\/2017\/04\/DT_Cendrillon-272x182.png",272,182,true],"rt_custom":["https:\/\/meeplendice.net\/wp-content\/uploads\/2017\/04\/DT_Cendrillon.png",350,350,false]},"rttpg_author":{"display_name":"Karnby","author_link":"https:\/\/meeplendice.net\/?author=2"},"rttpg_comment":0,"rttpg_category":null,"rttpg_excerpt":"Elle devait travailler dur, du matin au soir : se lever avant l\u2019aube, porter l\u2019eau, faire le feu, la cuisine et le m\u00e9nage. Pendant ce temps, ses demi-s\u0153urs faisaient tout ce qui \u00e9tait en leur pouvoir pour lui faire du mal. Et le soir, quand elle \u00e9tait harass\u00e9e par la t\u00e2che, il n\u2019y avait pas\u2026","_links":{"self":[{"href":"https:\/\/meeplendice.net\/index.php?rest_route=\/wp\/v2\/pages\/2842","targetHints":{"allow":["GET"]}}],"collection":[{"href":"https:\/\/meeplendice.net\/index.php?rest_route=\/wp\/v2\/pages"}],"about":[{"href":"https:\/\/meeplendice.net\/index.php?rest_route=\/wp\/v2\/types\/page"}],"author":[{"embeddable":true,"href":"https:\/\/meeplendice.net\/index.php?rest_route=\/wp\/v2\/users\/2"}],"replies":[{"embeddable":true,"href":"https:\/\/meeplendice.net\/index.php?rest_route=%2Fwp%2Fv2%2Fcomments&post=2842"}],"version-history":[{"count":2,"href":"https:\/\/meeplendice.net\/index.php?rest_route=\/wp\/v2\/pages\/2842\/revisions"}],"predecessor-version":[{"id":6422,"href":"https:\/\/meeplendice.net\/index.php?rest_route=\/wp\/v2\/pages\/2842\/revisions\/6422"}],"up":[{"embeddable":true,"href":"https:\/\/meeplendice.net\/index.php?rest_route=\/wp\/v2\/pages\/280"}],"wp:featuredmedia":[{"embeddable":true,"href":"https:\/\/meeplendice.net\/index.php?rest_route=\/wp\/v2\/media\/2843"}],"wp:attachment":[{"href":"https:\/\/meeplendice.net\/index.php?rest_route=%2Fwp%2Fv2%2Fmedia&parent=2842"}],"curies":[{"name":"wp","href":"https:\/\/api.w.org\/{rel}","templated":true}]}}