{"id":2851,"date":"2017-04-21T09:24:07","date_gmt":"2017-04-21T08:24:07","guid":{"rendered":"http:\/\/meeplendice.net\/?page_id=2851"},"modified":"2020-11-13T17:32:43","modified_gmt":"2020-11-13T16:32:43","slug":"samourai","status":"publish","type":"page","link":"https:\/\/meeplendice.net\/?page_id=2851","title":{"rendered":"Samoura\u00ef"},"content":{"rendered":"<div id=\"pl-2851\"  class=\"panel-layout\" ><div id=\"pg-2851-0\"  class=\"panel-grid panel-no-style\" ><div id=\"pgc-2851-0-0\"  class=\"panel-grid-cell\" ><div id=\"panel-2851-0-0-0\" class=\"so-panel widget widget_sow-editor panel-first-child panel-last-child\" data-index=\"0\" ><div\n\t\t\t\n\t\t\tclass=\"so-widget-sow-editor so-widget-sow-editor-base\"\n\t\t\t\n\t\t>\n<div class=\"siteorigin-widget-tinymce textwidget\">\n\t<p style=\"text-align: center;\"><strong>Nombre de joueurs :<\/strong><br \/>\n2 - 4<\/p>\n<\/div>\n<\/div><\/div><\/div><div id=\"pgc-2851-0-1\"  class=\"panel-grid-cell\" ><div id=\"panel-2851-0-1-0\" class=\"so-panel widget widget_sow-editor panel-first-child panel-last-child\" data-index=\"1\" ><div\n\t\t\t\n\t\t\tclass=\"so-widget-sow-editor so-widget-sow-editor-base\"\n\t\t\t\n\t\t>\n<div class=\"siteorigin-widget-tinymce textwidget\">\n\t<p style=\"text-align: center;\"><strong>Dur\u00e9e moyenne :<\/strong><br \/>\n60 min<\/p>\n<\/div>\n<\/div><\/div><\/div><div id=\"pgc-2851-0-2\"  class=\"panel-grid-cell\" ><div id=\"panel-2851-0-2-0\" class=\"so-panel widget widget_sow-editor panel-first-child panel-last-child\" data-index=\"2\" ><div\n\t\t\t\n\t\t\tclass=\"so-widget-sow-editor so-widget-sow-editor-base\"\n\t\t\t\n\t\t>\n<div class=\"siteorigin-widget-tinymce textwidget\">\n\t<p style=\"text-align: center;\"><strong>Age :<\/strong><br \/>\n14 ans et plus<\/p>\n<\/div>\n<\/div><\/div><\/div><\/div><div id=\"pg-2851-1\"  class=\"panel-grid panel-no-style\" ><div id=\"pgc-2851-1-0\"  class=\"panel-grid-cell\" ><div id=\"panel-2851-1-0-0\" class=\"so-panel widget widget_sow-editor panel-first-child panel-last-child\" data-index=\"3\" ><div\n\t\t\t\n\t\t\tclass=\"so-widget-sow-editor so-widget-sow-editor-base\"\n\t\t\t\n\t\t>\n<div class=\"siteorigin-widget-tinymce textwidget\">\n\t<p style=\"text-align: center;\"><strong>Auteur(s) :<br \/>\n<\/strong>Reiner Knizia<\/p>\n<\/div>\n<\/div><\/div><\/div><div id=\"pgc-2851-1-1\"  class=\"panel-grid-cell\" ><div id=\"panel-2851-1-1-0\" class=\"so-panel widget widget_sow-editor panel-first-child panel-last-child\" data-index=\"4\" ><div\n\t\t\t\n\t\t\tclass=\"so-widget-sow-editor so-widget-sow-editor-base\"\n\t\t\t\n\t\t>\n<div class=\"siteorigin-widget-tinymce textwidget\">\n\t<p style=\"text-align: center;\"><strong>Illustrations :<\/strong><br \/>\nMonica Skupa<\/p>\n<\/div>\n<\/div><\/div><\/div><div id=\"pgc-2851-1-2\"  class=\"panel-grid-cell\" ><div id=\"panel-2851-1-2-0\" class=\"so-panel widget widget_sow-editor panel-first-child panel-last-child\" data-index=\"5\" ><div\n\t\t\t\n\t\t\tclass=\"so-widget-sow-editor so-widget-sow-editor-base\"\n\t\t\t\n\t\t>\n<div class=\"siteorigin-widget-tinymce textwidget\">\n\t<p style=\"text-align: center;\"><strong>\u00c9dition :<\/strong><br \/>\nWindRider Games<br \/>\nEdge Entertainement<br \/>\n2017<\/p>\n<\/div>\n<\/div><\/div><\/div><div id=\"pgc-2851-1-3\"  class=\"panel-grid-cell\" ><div id=\"panel-2851-1-3-0\" class=\"so-panel widget widget_sow-editor panel-first-child panel-last-child\" data-index=\"6\" ><div\n\t\t\t\n\t\t\tclass=\"so-widget-sow-editor so-widget-sow-editor-base\"\n\t\t\t\n\t\t>\n<div class=\"siteorigin-widget-tinymce textwidget\">\n\t<p style=\"text-align: center;\"><strong>Version :<\/strong><br \/>\nFran\u00e7aise<\/p>\n<\/div>\n<\/div><\/div><\/div><\/div><div id=\"pg-2851-2\"  class=\"panel-grid panel-no-style\" ><div id=\"pgc-2851-2-0\"  class=\"panel-grid-cell\" ><div id=\"panel-2851-2-0-0\" class=\"so-panel widget widget_sow-editor panel-first-child panel-last-child\" data-index=\"7\" ><div\n\t\t\t\n\t\t\tclass=\"so-widget-sow-editor so-widget-sow-editor-base\"\n\t\t\t\n\t\t>\n<div class=\"siteorigin-widget-tinymce textwidget\">\n\t<hr \/>\n<p><em>Le Japon en l'an 1336, l'empereur a perdu toute autorit\u00e9 et n'est plus qu'une figure de proue. A travers le pays, de puissant seigneurs appel\u00e9s daimyos se sont soulev\u00e9s et ont commenc\u00e9 \u00e0 revendiquer leur domination sur le territoire et ses ressources. Mais la voie parfaite vers le pouvoir est entre les mains de l'\u00e9lite, de nobles guerriers baptis\u00e9s samoura\u00efs.<\/em><\/p>\n<p>Dans Samoura\u00ef, les joueurs incarnent des daimoys assoiff\u00e9s de pouvoir qui rivalisent pour le contr\u00f4le du Japon. En gagnant la loyaut\u00e9 de seigneurs vassaux, en s'emparant des principales rizi\u00e8res du territoire et en \u00e9changeant des faveurs avec les dirigeants religieux, les joueurs peuvent asseoir leur domination et rassembler les samoura\u00efs pour sceller leur revendication.<\/p>\n<p>Retournez au c\u0153ur d'un Japon d\u00e9chir\u00e9 par des clans rivaux. Prouvez que vous poss\u00e9dez la sagesse n\u00e9cessaire pour gagner l'estime des samoura\u00efs, et vous parviendrez \u00e0 unifier la nation !<\/p>\n<\/div>\n<\/div><\/div><\/div><\/div><div id=\"pg-2851-3\"  class=\"panel-grid panel-no-style\" ><div id=\"pgc-2851-3-0\"  class=\"panel-grid-cell\" ><div id=\"panel-2851-3-0-0\" class=\"so-panel widget widget_sow-editor panel-first-child panel-last-child\" data-index=\"8\" ><div\n\t\t\t\n\t\t\tclass=\"so-widget-sow-editor so-widget-sow-editor-base\"\n\t\t\t\n\t\t>\n<div class=\"siteorigin-widget-tinymce textwidget\">\n\t<hr \/>\n<p style=\"text-align: center;\"><strong>En vid\u00e9o<\/strong><\/p>\n<\/div>\n<\/div><\/div><\/div><\/div><div id=\"pg-2851-4\"  class=\"panel-grid panel-no-style\" ><div id=\"pgc-2851-4-0\"  class=\"panel-grid-cell\" ><div id=\"panel-2851-4-0-0\" class=\"so-panel widget widget_sow-editor panel-first-child panel-last-child\" data-index=\"9\" ><div\n\t\t\t\n\t\t\tclass=\"so-widget-sow-editor so-widget-sow-editor-base\"\n\t\t\t\n\t\t>\n<div class=\"siteorigin-widget-tinymce textwidget\">\n\t<hr \/>\n<p style=\"text-align: center;\"><strong>Pour aller plus loin<\/strong><\/p>\n<\/div>\n<\/div><\/div><\/div><\/div><\/div>","protected":false},"excerpt":{"rendered":"<p>Nombre de joueurs : 2 &#8211; 4 Dur\u00e9e moyenne : 60 min Age : 14 ans et plus Auteur(s) : Reiner Knizia Illustrations : Monica Skupa \u00c9dition : WindRider Games Edge Entertainement 2017 Version : Fran\u00e7aise<\/p>\n","protected":false},"author":2,"featured_media":2849,"parent":0,"menu_order":0,"comment_status":"closed","ping_status":"closed","template":"","meta":{"footnotes":""},"class_list":["post-2851","page","type-page","status-publish","has-post-thumbnail","hentry"],"acf":[],"rttpg_featured_image_url":{"full":["https:\/\/meeplendice.net\/wp-content\/uploads\/2017\/04\/Samourai.png",350,350,false],"landscape":["https:\/\/meeplendice.net\/wp-content\/uploads\/2017\/04\/Samourai.png",350,350,false],"portraits":["https:\/\/meeplendice.net\/wp-content\/uploads\/2017\/04\/Samourai.png",350,350,false],"thumbnail":["https:\/\/meeplendice.net\/wp-content\/uploads\/2017\/04\/Samourai-150x150.png",150,150,true],"medium":["https:\/\/meeplendice.net\/wp-content\/uploads\/2017\/04\/Samourai-300x300.png",300,300,true],"large":["https:\/\/meeplendice.net\/wp-content\/uploads\/2017\/04\/Samourai.png",350,350,false],"ug_big":["https:\/\/meeplendice.net\/wp-content\/uploads\/2017\/04\/Samourai.png",350,350,false],"1536x1536":["https:\/\/meeplendice.net\/wp-content\/uploads\/2017\/04\/Samourai.png",350,350,false],"2048x2048":["https:\/\/meeplendice.net\/wp-content\/uploads\/2017\/04\/Samourai.png",350,350,false],"ashe-slider-grid-thumbnail":["https:\/\/meeplendice.net\/wp-content\/uploads\/2017\/04\/Samourai.png",350,350,false],"ashe-full-thumbnail":["https:\/\/meeplendice.net\/wp-content\/uploads\/2017\/04\/Samourai.png",350,350,false],"ashe-grid-thumbnail":["https:\/\/meeplendice.net\/wp-content\/uploads\/2017\/04\/Samourai-350x330.png",350,330,true],"ashe-list-thumbnail":["https:\/\/meeplendice.net\/wp-content\/uploads\/2017\/04\/Samourai-300x300.png",300,300,true],"ashe-single-navigation":["https:\/\/meeplendice.net\/wp-content\/uploads\/2017\/04\/Samourai-75x75.png",75,75,true],"mailpoet_newsletter_max":["https:\/\/meeplendice.net\/wp-content\/uploads\/2017\/04\/Samourai.png",350,350,false],"rpwe-thumbnail":["https:\/\/meeplendice.net\/wp-content\/uploads\/2017\/04\/Samourai-45x45.png",45,45,true],"sow-carousel-default":["https:\/\/meeplendice.net\/wp-content\/uploads\/2017\/04\/Samourai-272x182.png",272,182,true],"rt_custom":["https:\/\/meeplendice.net\/wp-content\/uploads\/2017\/04\/Samourai.png",350,350,false]},"rttpg_author":{"display_name":"Karnby","author_link":"https:\/\/meeplendice.net\/?author=2"},"rttpg_comment":0,"rttpg_category":null,"rttpg_excerpt":"Nombre de joueurs : 2 - 4 Dur\u00e9e moyenne : 60 min Age : 14 ans et plus Auteur(s) : Reiner Knizia Illustrations : Monica Skupa \u00c9dition : WindRider Games Edge Entertainement 2017 Version : Fran\u00e7aise","_links":{"self":[{"href":"https:\/\/meeplendice.net\/index.php?rest_route=\/wp\/v2\/pages\/2851","targetHints":{"allow":["GET"]}}],"collection":[{"href":"https:\/\/meeplendice.net\/index.php?rest_route=\/wp\/v2\/pages"}],"about":[{"href":"https:\/\/meeplendice.net\/index.php?rest_route=\/wp\/v2\/types\/page"}],"author":[{"embeddable":true,"href":"https:\/\/meeplendice.net\/index.php?rest_route=\/wp\/v2\/users\/2"}],"replies":[{"embeddable":true,"href":"https:\/\/meeplendice.net\/index.php?rest_route=%2Fwp%2Fv2%2Fcomments&post=2851"}],"version-history":[{"count":6,"href":"https:\/\/meeplendice.net\/index.php?rest_route=\/wp\/v2\/pages\/2851\/revisions"}],"predecessor-version":[{"id":7407,"href":"https:\/\/meeplendice.net\/index.php?rest_route=\/wp\/v2\/pages\/2851\/revisions\/7407"}],"wp:featuredmedia":[{"embeddable":true,"href":"https:\/\/meeplendice.net\/index.php?rest_route=\/wp\/v2\/media\/2849"}],"wp:attachment":[{"href":"https:\/\/meeplendice.net\/index.php?rest_route=%2Fwp%2Fv2%2Fmedia&parent=2851"}],"curies":[{"name":"wp","href":"https:\/\/api.w.org\/{rel}","templated":true}]}}