{"id":2853,"date":"2017-04-21T09:25:56","date_gmt":"2017-04-21T08:25:56","guid":{"rendered":"http:\/\/meeplendice.net\/?page_id=2853"},"modified":"2020-11-22T15:32:11","modified_gmt":"2020-11-22T14:32:11","slug":"terreur-a-rleyh","status":"publish","type":"page","link":"https:\/\/meeplendice.net\/?page_id=2853","title":{"rendered":"Terreur \u00e0 R&rsquo;leyh"},"content":{"rendered":"<div id=\"pl-2853\"  class=\"panel-layout\" ><div id=\"pg-2853-0\"  class=\"panel-grid panel-no-style\" ><div id=\"pgc-2853-0-0\"  class=\"panel-grid-cell\" ><div id=\"panel-2853-0-0-0\" class=\"so-panel widget widget_sow-editor panel-first-child panel-last-child\" data-index=\"0\" ><div\n\t\t\t\n\t\t\tclass=\"so-widget-sow-editor so-widget-sow-editor-base\"\n\t\t\t\n\t\t>\n<div class=\"siteorigin-widget-tinymce textwidget\">\n\t<p style=\"text-align: center;\"><strong>Nombre de joueurs :<\/strong><br \/>\n2 - 6<\/p>\n<\/div>\n<\/div><\/div><\/div><div id=\"pgc-2853-0-1\"  class=\"panel-grid-cell\" ><div id=\"panel-2853-0-1-0\" class=\"so-panel widget widget_sow-editor panel-first-child panel-last-child\" data-index=\"1\" ><div\n\t\t\t\n\t\t\tclass=\"so-widget-sow-editor so-widget-sow-editor-base\"\n\t\t\t\n\t\t>\n<div class=\"siteorigin-widget-tinymce textwidget\">\n\t<p style=\"text-align: center;\"><strong>Dur\u00e9e moyenne :<\/strong><br \/>\n45 min<\/p>\n<\/div>\n<\/div><\/div><\/div><div id=\"pgc-2853-0-2\"  class=\"panel-grid-cell\" ><div id=\"panel-2853-0-2-0\" class=\"so-panel widget widget_sow-editor panel-first-child panel-last-child\" data-index=\"2\" ><div\n\t\t\t\n\t\t\tclass=\"so-widget-sow-editor so-widget-sow-editor-base\"\n\t\t\t\n\t\t>\n<div class=\"siteorigin-widget-tinymce textwidget\">\n\t<p style=\"text-align: center;\"><strong>Age :<\/strong><br \/>\n14 ans et plus<\/p>\n<\/div>\n<\/div><\/div><\/div><\/div><div id=\"pg-2853-1\"  class=\"panel-grid panel-no-style\" ><div id=\"pgc-2853-1-0\"  class=\"panel-grid-cell\" ><div id=\"panel-2853-1-0-0\" class=\"so-panel widget widget_sow-editor panel-first-child panel-last-child\" data-index=\"3\" ><div\n\t\t\t\n\t\t\tclass=\"so-widget-sow-editor so-widget-sow-editor-base\"\n\t\t\t\n\t\t>\n<div class=\"siteorigin-widget-tinymce textwidget\">\n\t<p style=\"text-align: center;\"><strong>Auteur(s) :<br \/>\n<\/strong>Kedric Winks<\/p>\n<\/div>\n<\/div><\/div><\/div><div id=\"pgc-2853-1-1\"  class=\"panel-grid-cell\" ><div id=\"panel-2853-1-1-0\" class=\"so-panel widget widget_sow-editor panel-first-child panel-last-child\" data-index=\"4\" ><div\n\t\t\t\n\t\t\tclass=\"so-widget-sow-editor so-widget-sow-editor-base\"\n\t\t\t\n\t\t>\n<div class=\"siteorigin-widget-tinymce textwidget\">\n\t<p style=\"text-align: center;\"><strong>Illustrations :<\/strong><br \/>\nKelly Hensing<\/p>\n<\/div>\n<\/div><\/div><\/div><div id=\"pgc-2853-1-2\"  class=\"panel-grid-cell\" ><div id=\"panel-2853-1-2-0\" class=\"so-panel widget widget_sow-editor panel-first-child panel-last-child\" data-index=\"5\" ><div\n\t\t\t\n\t\t\tclass=\"so-widget-sow-editor so-widget-sow-editor-base\"\n\t\t\t\n\t\t>\n<div class=\"siteorigin-widget-tinymce textwidget\">\n\t<p style=\"text-align: center;\"><strong>\u00c9dition :<\/strong><br \/>\nAtlas Games<br \/>\nEdge Entertainement<br \/>\n2017<\/p>\n<\/div>\n<\/div><\/div><\/div><div id=\"pgc-2853-1-3\"  class=\"panel-grid-cell\" ><div id=\"panel-2853-1-3-0\" class=\"so-panel widget widget_sow-editor panel-first-child panel-last-child\" data-index=\"6\" ><div\n\t\t\t\n\t\t\tclass=\"so-widget-sow-editor so-widget-sow-editor-base\"\n\t\t\t\n\t\t>\n<div class=\"siteorigin-widget-tinymce textwidget\">\n\t<p style=\"text-align: center;\"><strong>Version :<\/strong><br \/>\nFran\u00e7aise<\/p>\n<\/div>\n<\/div><\/div><\/div><\/div><div id=\"pg-2853-2\"  class=\"panel-grid panel-no-style\" ><div id=\"pgc-2853-2-0\"  class=\"panel-grid-cell\" ><div id=\"panel-2853-2-0-0\" class=\"so-panel widget widget_sow-editor panel-first-child panel-last-child\" data-index=\"7\" ><div\n\t\t\t\n\t\t\tclass=\"so-widget-sow-editor so-widget-sow-editor-base\"\n\t\t\t\n\t\t>\n<div class=\"siteorigin-widget-tinymce textwidget\">\n\t<hr \/>\n<p><em>L'Effroyable Cthulhu Attend en R\u00eavant...<\/em><\/p>\n<p>Dans \"l'Appel de Cthulhu\", d'H.P. Lovecraft, la d\u00e9couverte d'une myst\u00e9rieuse statuette entra\u00eene une enqu\u00eate qui m\u00e8ne \u00e0 la cit\u00e9 morte et cauchemardesque de R'lyeh.<\/p>\n<p><em>Fuyez la Cit\u00e9 Maudite...<\/em><\/p>\n<p>Vous \u00eates pi\u00e9g\u00e9 dans la nouvelle canonique de Lovecraft. Jouez le plus grand nombre de cartes identiques afin d'activer des pouvoirs de plus en plus terrifiants. D\u00e9barrassez-vous de toutes vos cartes pour ne pas \u00eatre le dernier \u00e0\u00a0 vous \u00e9chapper !<\/p>\n<\/div>\n<\/div><\/div><\/div><\/div><div id=\"pg-2853-3\"  class=\"panel-grid panel-no-style\" ><div id=\"pgc-2853-3-0\"  class=\"panel-grid-cell\" ><div id=\"panel-2853-3-0-0\" class=\"so-panel widget widget_sow-editor panel-first-child panel-last-child\" data-index=\"8\" ><div\n\t\t\t\n\t\t\tclass=\"so-widget-sow-editor so-widget-sow-editor-base\"\n\t\t\t\n\t\t>\n<div class=\"siteorigin-widget-tinymce textwidget\">\n\t<hr \/>\n<p style=\"text-align: center;\"><strong>En vid\u00e9o<\/strong><\/p>\n<\/div>\n<\/div><\/div><\/div><\/div><div id=\"pg-2853-4\"  class=\"panel-grid panel-no-style\" ><div id=\"pgc-2853-4-0\"  class=\"panel-grid-cell\" ><div id=\"panel-2853-4-0-0\" class=\"so-panel widget widget_sow-editor panel-first-child panel-last-child\" data-index=\"9\" ><div\n\t\t\t\n\t\t\tclass=\"so-widget-sow-editor so-widget-sow-editor-base\"\n\t\t\t\n\t\t>\n<div class=\"siteorigin-widget-tinymce textwidget\">\n\t<hr \/>\n<p style=\"text-align: center;\"><strong>Pour aller plus loin<\/strong><\/p>\n<\/div>\n<\/div><\/div><\/div><\/div><\/div>","protected":false},"excerpt":{"rendered":"<p>Nombre de joueurs : 2 &#8211; 6 Dur\u00e9e moyenne : 45 min Age : 14 ans et plus Auteur(s) : Kedric Winks Illustrations : Kelly Hensing \u00c9dition : Atlas Games Edge Entertainement 2017 Version : Fran\u00e7aise<\/p>\n","protected":false},"author":2,"featured_media":2850,"parent":0,"menu_order":0,"comment_status":"closed","ping_status":"closed","template":"","meta":{"footnotes":""},"class_list":["post-2853","page","type-page","status-publish","has-post-thumbnail","hentry"],"acf":[],"rttpg_featured_image_url":{"full":["https:\/\/meeplendice.net\/wp-content\/uploads\/2017\/04\/Terreurrlyeh.png",350,350,false],"landscape":["https:\/\/meeplendice.net\/wp-content\/uploads\/2017\/04\/Terreurrlyeh.png",350,350,false],"portraits":["https:\/\/meeplendice.net\/wp-content\/uploads\/2017\/04\/Terreurrlyeh.png",350,350,false],"thumbnail":["https:\/\/meeplendice.net\/wp-content\/uploads\/2017\/04\/Terreurrlyeh-150x150.png",150,150,true],"medium":["https:\/\/meeplendice.net\/wp-content\/uploads\/2017\/04\/Terreurrlyeh-300x300.png",300,300,true],"large":["https:\/\/meeplendice.net\/wp-content\/uploads\/2017\/04\/Terreurrlyeh.png",350,350,false],"ug_big":["https:\/\/meeplendice.net\/wp-content\/uploads\/2017\/04\/Terreurrlyeh.png",350,350,false],"1536x1536":["https:\/\/meeplendice.net\/wp-content\/uploads\/2017\/04\/Terreurrlyeh.png",350,350,false],"2048x2048":["https:\/\/meeplendice.net\/wp-content\/uploads\/2017\/04\/Terreurrlyeh.png",350,350,false],"ashe-slider-grid-thumbnail":["https:\/\/meeplendice.net\/wp-content\/uploads\/2017\/04\/Terreurrlyeh.png",350,350,false],"ashe-full-thumbnail":["https:\/\/meeplendice.net\/wp-content\/uploads\/2017\/04\/Terreurrlyeh.png",350,350,false],"ashe-grid-thumbnail":["https:\/\/meeplendice.net\/wp-content\/uploads\/2017\/04\/Terreurrlyeh-350x330.png",350,330,true],"ashe-list-thumbnail":["https:\/\/meeplendice.net\/wp-content\/uploads\/2017\/04\/Terreurrlyeh-300x300.png",300,300,true],"ashe-single-navigation":["https:\/\/meeplendice.net\/wp-content\/uploads\/2017\/04\/Terreurrlyeh-75x75.png",75,75,true],"mailpoet_newsletter_max":["https:\/\/meeplendice.net\/wp-content\/uploads\/2017\/04\/Terreurrlyeh.png",350,350,false],"rpwe-thumbnail":["https:\/\/meeplendice.net\/wp-content\/uploads\/2017\/04\/Terreurrlyeh-45x45.png",45,45,true],"sow-carousel-default":["https:\/\/meeplendice.net\/wp-content\/uploads\/2017\/04\/Terreurrlyeh-272x182.png",272,182,true],"rt_custom":["https:\/\/meeplendice.net\/wp-content\/uploads\/2017\/04\/Terreurrlyeh.png",350,350,false]},"rttpg_author":{"display_name":"Karnby","author_link":"https:\/\/meeplendice.net\/?author=2"},"rttpg_comment":0,"rttpg_category":null,"rttpg_excerpt":"Nombre de joueurs : 2 - 6 Dur\u00e9e moyenne : 45 min Age : 14 ans et plus Auteur(s) : Kedric Winks Illustrations : Kelly Hensing \u00c9dition : Atlas Games Edge Entertainement 2017 Version : Fran\u00e7aise","_links":{"self":[{"href":"https:\/\/meeplendice.net\/index.php?rest_route=\/wp\/v2\/pages\/2853","targetHints":{"allow":["GET"]}}],"collection":[{"href":"https:\/\/meeplendice.net\/index.php?rest_route=\/wp\/v2\/pages"}],"about":[{"href":"https:\/\/meeplendice.net\/index.php?rest_route=\/wp\/v2\/types\/page"}],"author":[{"embeddable":true,"href":"https:\/\/meeplendice.net\/index.php?rest_route=\/wp\/v2\/users\/2"}],"replies":[{"embeddable":true,"href":"https:\/\/meeplendice.net\/index.php?rest_route=%2Fwp%2Fv2%2Fcomments&post=2853"}],"version-history":[{"count":5,"href":"https:\/\/meeplendice.net\/index.php?rest_route=\/wp\/v2\/pages\/2853\/revisions"}],"predecessor-version":[{"id":7556,"href":"https:\/\/meeplendice.net\/index.php?rest_route=\/wp\/v2\/pages\/2853\/revisions\/7556"}],"wp:featuredmedia":[{"embeddable":true,"href":"https:\/\/meeplendice.net\/index.php?rest_route=\/wp\/v2\/media\/2850"}],"wp:attachment":[{"href":"https:\/\/meeplendice.net\/index.php?rest_route=%2Fwp%2Fv2%2Fmedia&parent=2853"}],"curies":[{"name":"wp","href":"https:\/\/api.w.org\/{rel}","templated":true}]}}