{"id":3076,"date":"2017-05-30T10:02:58","date_gmt":"2017-05-30T09:02:58","guid":{"rendered":"http:\/\/meeplendice.net\/?page_id=3076"},"modified":"2022-05-27T14:22:15","modified_gmt":"2022-05-27T13:22:15","slug":"heros-monstres-les-eclats-deternoir","status":"publish","type":"page","link":"https:\/\/meeplendice.net\/?page_id=3076","title":{"rendered":"H\u00e9ros &#038; Monstres : Les \u00c9clats d\u2019\u00c9ternoir"},"content":{"rendered":"<p style=\"text-align: justify;\"><em>Lorsqu\u2019un \u00e9clat d\u2019\u00c9ternoir transperce une cr\u00e9ature, qu\u2019il s\u2019agisse d\u2019un animal ou d\u2019un \u00eatre humain, d\u2019aucuns pr\u00e9tendent que leurs aspects les plus noirs prennent le contr\u00f4le. Le cristal n\u2019exerce pas un pouvoir corrupteur, ni m\u00eame d\u00e9l\u00e9t\u00e8re : il se contente de r\u00e9veiller les d\u00e9sirs odieux qui se terrent en chacun. M\u00eame si les \u00e2mes aux c\u0153urs purs ne craignent pas ces \u00e9clats, il est d\u2019autres individus qui ne peuvent permettre qu\u2019il existe de telles armes, car ils savent, et ils craignent, ce qui pourrait advenir d\u2019eux, ou ce qu\u2019ils pourraient redevenir.<\/em><\/p>\n<p>&nbsp;<\/p>\n<p style=\"text-align: justify;\">Ajoutez de nouveaux h\u00e9ros l\u00e9gendaires, ainsi que d\u2019abjects monstres \u00e0 vos parties de Descent : Voyages dans les T\u00e9n\u00e8bres, Seconde \u00c9dition avec l\u2019extension H\u00e9ros et Monstres Les \u00c9clats d\u2019\u00c9ternoir. D\u00e9couvrez les caract\u00e9ristiques uniques de ces monstres et de ces h\u00e9ros en vivant les qu\u00eates incluses dans cette extension, individuellement ou par le biais des Cartes Rumeur<\/p>\n","protected":false},"excerpt":{"rendered":"<p>Lorsqu\u2019un \u00e9clat d\u2019\u00c9ternoir transperce une cr\u00e9ature, qu\u2019il s\u2019agisse d\u2019un animal ou d\u2019un \u00eatre humain, d\u2019aucuns pr\u00e9tendent que leurs aspects les plus noirs prennent le contr\u00f4le. Le cristal n\u2019exerce pas un pouvoir corrupteur, ni m\u00eame d\u00e9l\u00e9t\u00e8re : il se contente de r\u00e9veiller les d\u00e9sirs odieux qui se terrent en chacun. M\u00eame si les \u00e2mes aux c\u0153urs purs ne craignent pas ces \u00e9clats, il est d\u2019autres individus qui ne peuvent permettre qu\u2019il existe de telles armes, car ils savent, et ils craignent, ce qui pourrait advenir d\u2019eux, ou ce qu\u2019ils pourraient redevenir. &nbsp; Ajoutez de nouveaux h\u00e9ros l\u00e9gendaires, ainsi que d\u2019abjects monstres \u00e0 vos parties de Descent : Voyages dans les T\u00e9n\u00e8bres, Seconde \u00c9dition avec l\u2019extension H\u00e9ros et Monstres Les \u00c9clats d\u2019\u00c9ternoir. D\u00e9couvrez les caract\u00e9ristiques uniques de ces monstres et de ces h\u00e9ros en vivant les qu\u00eates incluses dans cette extension, individuellement ou par le biais des Cartes Rumeur<\/p>\n","protected":false},"author":2,"featured_media":3077,"parent":286,"menu_order":17,"comment_status":"closed","ping_status":"closed","template":"","meta":{"footnotes":""},"class_list":["post-3076","page","type-page","status-publish","has-post-thumbnail","hentry"],"acf":[],"rttpg_featured_image_url":{"full":["https:\/\/meeplendice.net\/wp-content\/uploads\/2017\/05\/Descentv2_eclateternsoir.png",350,350,false],"landscape":["https:\/\/meeplendice.net\/wp-content\/uploads\/2017\/05\/Descentv2_eclateternsoir.png",350,350,false],"portraits":["https:\/\/meeplendice.net\/wp-content\/uploads\/2017\/05\/Descentv2_eclateternsoir.png",350,350,false],"thumbnail":["https:\/\/meeplendice.net\/wp-content\/uploads\/2017\/05\/Descentv2_eclateternsoir-150x150.png",150,150,true],"medium":["https:\/\/meeplendice.net\/wp-content\/uploads\/2017\/05\/Descentv2_eclateternsoir-300x300.png",300,300,true],"large":["https:\/\/meeplendice.net\/wp-content\/uploads\/2017\/05\/Descentv2_eclateternsoir.png",350,350,false],"ug_big":["https:\/\/meeplendice.net\/wp-content\/uploads\/2017\/05\/Descentv2_eclateternsoir.png",350,350,false],"1536x1536":["https:\/\/meeplendice.net\/wp-content\/uploads\/2017\/05\/Descentv2_eclateternsoir.png",350,350,false],"2048x2048":["https:\/\/meeplendice.net\/wp-content\/uploads\/2017\/05\/Descentv2_eclateternsoir.png",350,350,false],"ashe-slider-grid-thumbnail":["https:\/\/meeplendice.net\/wp-content\/uploads\/2017\/05\/Descentv2_eclateternsoir.png",350,350,false],"ashe-full-thumbnail":["https:\/\/meeplendice.net\/wp-content\/uploads\/2017\/05\/Descentv2_eclateternsoir.png",350,350,false],"ashe-grid-thumbnail":["https:\/\/meeplendice.net\/wp-content\/uploads\/2017\/05\/Descentv2_eclateternsoir-350x330.png",350,330,true],"ashe-list-thumbnail":["https:\/\/meeplendice.net\/wp-content\/uploads\/2017\/05\/Descentv2_eclateternsoir-300x300.png",300,300,true],"ashe-single-navigation":["https:\/\/meeplendice.net\/wp-content\/uploads\/2017\/05\/Descentv2_eclateternsoir-75x75.png",75,75,true],"mailpoet_newsletter_max":["https:\/\/meeplendice.net\/wp-content\/uploads\/2017\/05\/Descentv2_eclateternsoir.png",350,350,false],"rpwe-thumbnail":["https:\/\/meeplendice.net\/wp-content\/uploads\/2017\/05\/Descentv2_eclateternsoir-45x45.png",45,45,true],"sow-carousel-default":["https:\/\/meeplendice.net\/wp-content\/uploads\/2017\/05\/Descentv2_eclateternsoir-272x182.png",272,182,true],"rt_custom":["https:\/\/meeplendice.net\/wp-content\/uploads\/2017\/05\/Descentv2_eclateternsoir.png",350,350,false]},"rttpg_author":{"display_name":"Karnby","author_link":"https:\/\/meeplendice.net\/?author=2"},"rttpg_comment":0,"rttpg_category":null,"rttpg_excerpt":"Lorsqu\u2019un \u00e9clat d\u2019\u00c9ternoir transperce une cr\u00e9ature, qu\u2019il s\u2019agisse d\u2019un animal ou d\u2019un \u00eatre humain, d\u2019aucuns pr\u00e9tendent que leurs aspects les plus noirs prennent le contr\u00f4le. Le cristal n\u2019exerce pas un pouvoir corrupteur, ni m\u00eame d\u00e9l\u00e9t\u00e8re : il se contente de r\u00e9veiller les d\u00e9sirs odieux qui se terrent en chacun. M\u00eame si les \u00e2mes aux c\u0153urs\u2026","_links":{"self":[{"href":"https:\/\/meeplendice.net\/index.php?rest_route=\/wp\/v2\/pages\/3076","targetHints":{"allow":["GET"]}}],"collection":[{"href":"https:\/\/meeplendice.net\/index.php?rest_route=\/wp\/v2\/pages"}],"about":[{"href":"https:\/\/meeplendice.net\/index.php?rest_route=\/wp\/v2\/types\/page"}],"author":[{"embeddable":true,"href":"https:\/\/meeplendice.net\/index.php?rest_route=\/wp\/v2\/users\/2"}],"replies":[{"embeddable":true,"href":"https:\/\/meeplendice.net\/index.php?rest_route=%2Fwp%2Fv2%2Fcomments&post=3076"}],"version-history":[{"count":2,"href":"https:\/\/meeplendice.net\/index.php?rest_route=\/wp\/v2\/pages\/3076\/revisions"}],"predecessor-version":[{"id":6438,"href":"https:\/\/meeplendice.net\/index.php?rest_route=\/wp\/v2\/pages\/3076\/revisions\/6438"}],"up":[{"embeddable":true,"href":"https:\/\/meeplendice.net\/index.php?rest_route=\/wp\/v2\/pages\/286"}],"wp:featuredmedia":[{"embeddable":true,"href":"https:\/\/meeplendice.net\/index.php?rest_route=\/wp\/v2\/media\/3077"}],"wp:attachment":[{"href":"https:\/\/meeplendice.net\/index.php?rest_route=%2Fwp%2Fv2%2Fmedia&parent=3076"}],"curies":[{"name":"wp","href":"https:\/\/api.w.org\/{rel}","templated":true}]}}