{"id":3097,"date":"2017-05-30T10:44:18","date_gmt":"2017-05-30T09:44:18","guid":{"rendered":"http:\/\/meeplendice.net\/?page_id=3097"},"modified":"2020-09-07T10:51:49","modified_gmt":"2020-09-07T09:51:49","slug":"escape-room","status":"publish","type":"page","link":"https:\/\/meeplendice.net\/?page_id=3097","title":{"rendered":"Escape Room"},"content":{"rendered":"<p style=\"text-align: justify;\"><span id=\"result_box\" class=\"\" lang=\"fr\"><span class=\"\"><span class=\"textenoir\">Saurez-vous r\u00e9soudre les \u00e9nigmes du complexe ?<\/span><\/span><\/span><\/p>\n<p style=\"text-align: justify;\"><span id=\"result_box\" class=\"\" lang=\"fr\"><span class=\"\"><span class=\"textenoir\">Chers spectateurs, votre show TV favoris est de retour\u00a0! Au programme, de nouvelles salles et deux modes de jeu en coop\u00e9ration qui vous am\u00e8nerons \u00e0 r\u00e9soudre les \u00e9nigmes les plus ardues. En mode Casse-T\u00eate ou Escape Room, votre \u00e9quipe sera-t-elle \u00e0 la hauteur de ce nouveau challenge\u00a0?<\/span><br \/>\n<\/span><\/span><\/p>\n<p style=\"text-align: justify;\"><span id=\"result_box\" class=\"\" lang=\"fr\"><span class=\"\">\u00a0<\/span><\/span><\/p>\n","protected":false},"excerpt":{"rendered":"<p>Saurez-vous r\u00e9soudre les \u00e9nigmes du complexe ? Chers spectateurs, votre show TV favoris est de retour\u00a0! Au programme, de nouvelles salles et deux modes de jeu en coop\u00e9ration qui vous am\u00e8nerons \u00e0 r\u00e9soudre les \u00e9nigmes les plus ardues. En mode Casse-T\u00eate ou Escape Room, votre \u00e9quipe sera-t-elle \u00e0 la hauteur de ce nouveau challenge\u00a0? \u00a0<\/p>\n","protected":false},"author":2,"featured_media":3098,"parent":406,"menu_order":0,"comment_status":"closed","ping_status":"closed","template":"","meta":{"footnotes":""},"class_list":["post-3097","page","type-page","status-publish","has-post-thumbnail","hentry"],"acf":[],"rttpg_featured_image_url":{"full":["https:\/\/meeplendice.net\/wp-content\/uploads\/2017\/05\/Room25_escaperoom.png",350,350,false],"landscape":["https:\/\/meeplendice.net\/wp-content\/uploads\/2017\/05\/Room25_escaperoom.png",350,350,false],"portraits":["https:\/\/meeplendice.net\/wp-content\/uploads\/2017\/05\/Room25_escaperoom.png",350,350,false],"thumbnail":["https:\/\/meeplendice.net\/wp-content\/uploads\/2017\/05\/Room25_escaperoom-150x150.png",150,150,true],"medium":["https:\/\/meeplendice.net\/wp-content\/uploads\/2017\/05\/Room25_escaperoom-300x300.png",300,300,true],"large":["https:\/\/meeplendice.net\/wp-content\/uploads\/2017\/05\/Room25_escaperoom.png",350,350,false],"ug_big":["https:\/\/meeplendice.net\/wp-content\/uploads\/2017\/05\/Room25_escaperoom.png",350,350,false],"1536x1536":["https:\/\/meeplendice.net\/wp-content\/uploads\/2017\/05\/Room25_escaperoom.png",350,350,false],"2048x2048":["https:\/\/meeplendice.net\/wp-content\/uploads\/2017\/05\/Room25_escaperoom.png",350,350,false],"ashe-slider-grid-thumbnail":["https:\/\/meeplendice.net\/wp-content\/uploads\/2017\/05\/Room25_escaperoom.png",350,350,false],"ashe-full-thumbnail":["https:\/\/meeplendice.net\/wp-content\/uploads\/2017\/05\/Room25_escaperoom.png",350,350,false],"ashe-grid-thumbnail":["https:\/\/meeplendice.net\/wp-content\/uploads\/2017\/05\/Room25_escaperoom-350x330.png",350,330,true],"ashe-list-thumbnail":["https:\/\/meeplendice.net\/wp-content\/uploads\/2017\/05\/Room25_escaperoom-300x300.png",300,300,true],"ashe-single-navigation":["https:\/\/meeplendice.net\/wp-content\/uploads\/2017\/05\/Room25_escaperoom-75x75.png",75,75,true],"mailpoet_newsletter_max":["https:\/\/meeplendice.net\/wp-content\/uploads\/2017\/05\/Room25_escaperoom.png",350,350,false],"rpwe-thumbnail":["https:\/\/meeplendice.net\/wp-content\/uploads\/2017\/05\/Room25_escaperoom-45x45.png",45,45,true],"sow-carousel-default":["https:\/\/meeplendice.net\/wp-content\/uploads\/2017\/05\/Room25_escaperoom-272x182.png",272,182,true],"rt_custom":["https:\/\/meeplendice.net\/wp-content\/uploads\/2017\/05\/Room25_escaperoom.png",350,350,false]},"rttpg_author":{"display_name":"Karnby","author_link":"https:\/\/meeplendice.net\/?author=2"},"rttpg_comment":0,"rttpg_category":null,"rttpg_excerpt":"Saurez-vous r\u00e9soudre les \u00e9nigmes du complexe ? Chers spectateurs, votre show TV favoris est de retour\u00a0! Au programme, de nouvelles salles et deux modes de jeu en coop\u00e9ration qui vous am\u00e8nerons \u00e0 r\u00e9soudre les \u00e9nigmes les plus ardues. En mode Casse-T\u00eate ou Escape Room, votre \u00e9quipe sera-t-elle \u00e0 la hauteur de ce nouveau challenge\u00a0? \u00a0","_links":{"self":[{"href":"https:\/\/meeplendice.net\/index.php?rest_route=\/wp\/v2\/pages\/3097","targetHints":{"allow":["GET"]}}],"collection":[{"href":"https:\/\/meeplendice.net\/index.php?rest_route=\/wp\/v2\/pages"}],"about":[{"href":"https:\/\/meeplendice.net\/index.php?rest_route=\/wp\/v2\/types\/page"}],"author":[{"embeddable":true,"href":"https:\/\/meeplendice.net\/index.php?rest_route=\/wp\/v2\/users\/2"}],"replies":[{"embeddable":true,"href":"https:\/\/meeplendice.net\/index.php?rest_route=%2Fwp%2Fv2%2Fcomments&post=3097"}],"version-history":[{"count":2,"href":"https:\/\/meeplendice.net\/index.php?rest_route=\/wp\/v2\/pages\/3097\/revisions"}],"predecessor-version":[{"id":6769,"href":"https:\/\/meeplendice.net\/index.php?rest_route=\/wp\/v2\/pages\/3097\/revisions\/6769"}],"up":[{"embeddable":true,"href":"https:\/\/meeplendice.net\/index.php?rest_route=\/wp\/v2\/pages\/406"}],"wp:featuredmedia":[{"embeddable":true,"href":"https:\/\/meeplendice.net\/index.php?rest_route=\/wp\/v2\/media\/3098"}],"wp:attachment":[{"href":"https:\/\/meeplendice.net\/index.php?rest_route=%2Fwp%2Fv2%2Fmedia&parent=3097"}],"curies":[{"name":"wp","href":"https:\/\/api.w.org\/{rel}","templated":true}]}}