{"id":3120,"date":"2017-05-30T12:50:28","date_gmt":"2017-05-30T11:50:28","guid":{"rendered":"http:\/\/meeplendice.net\/?page_id=3120"},"modified":"2024-11-06T16:58:36","modified_gmt":"2024-11-06T14:58:36","slug":"terraforming-mars","status":"publish","type":"page","link":"https:\/\/meeplendice.net\/?page_id=3120","title":{"rendered":"Terraforming Mars"},"content":{"rendered":"<div id=\"pl-3120\"  class=\"panel-layout\" ><div id=\"pg-3120-0\"  class=\"panel-grid panel-no-style\" ><div id=\"pgc-3120-0-0\"  class=\"panel-grid-cell\" ><div id=\"panel-3120-0-0-0\" class=\"so-panel widget widget_sow-editor panel-first-child panel-last-child\" data-index=\"0\" ><div\n\t\t\t\n\t\t\tclass=\"so-widget-sow-editor so-widget-sow-editor-base\"\n\t\t\t\n\t\t>\n<div class=\"siteorigin-widget-tinymce textwidget\">\n\t<p style=\"text-align: center;\"><strong>Nombre de joueurs :<\/strong><br \/>\n1 - 5<\/p>\n<\/div>\n<\/div><\/div><\/div><div id=\"pgc-3120-0-1\"  class=\"panel-grid-cell\" ><div id=\"panel-3120-0-1-0\" class=\"so-panel widget widget_sow-editor panel-first-child panel-last-child\" data-index=\"1\" ><div\n\t\t\t\n\t\t\tclass=\"so-widget-sow-editor so-widget-sow-editor-base\"\n\t\t\t\n\t\t>\n<div class=\"siteorigin-widget-tinymce textwidget\">\n\t<p style=\"text-align: center;\"><strong>Dur\u00e9e moyenne :<\/strong><br \/>\n120 min<\/p>\n<\/div>\n<\/div><\/div><\/div><div id=\"pgc-3120-0-2\"  class=\"panel-grid-cell\" ><div id=\"panel-3120-0-2-0\" class=\"so-panel widget widget_sow-editor panel-first-child panel-last-child\" data-index=\"2\" ><div\n\t\t\t\n\t\t\tclass=\"so-widget-sow-editor so-widget-sow-editor-base\"\n\t\t\t\n\t\t>\n<div class=\"siteorigin-widget-tinymce textwidget\">\n\t<p style=\"text-align: center;\"><strong>Age :<\/strong><br \/>\n12 ans et plus<\/p>\n<\/div>\n<\/div><\/div><\/div><\/div><div id=\"pg-3120-1\"  class=\"panel-grid panel-no-style\" ><div id=\"pgc-3120-1-0\"  class=\"panel-grid-cell\" ><div id=\"panel-3120-1-0-0\" class=\"so-panel widget widget_sow-editor panel-first-child panel-last-child\" data-index=\"3\" ><div\n\t\t\t\n\t\t\tclass=\"so-widget-sow-editor so-widget-sow-editor-base\"\n\t\t\t\n\t\t>\n<div class=\"siteorigin-widget-tinymce textwidget\">\n\t<p style=\"text-align: center;\"><strong>Auteur(s) :<br \/>\n<\/strong>Jacob Fryxelius<\/p>\n<\/div>\n<\/div><\/div><\/div><div id=\"pgc-3120-1-1\"  class=\"panel-grid-cell\" ><div id=\"panel-3120-1-1-0\" class=\"so-panel widget widget_sow-editor panel-first-child panel-last-child\" data-index=\"4\" ><div\n\t\t\t\n\t\t\tclass=\"so-widget-sow-editor so-widget-sow-editor-base\"\n\t\t\t\n\t\t>\n<div class=\"siteorigin-widget-tinymce textwidget\">\n\t<p style=\"text-align: center;\"><strong>Illustrations :<\/strong><br \/>\nIsaac Fryxelius<\/p>\n<\/div>\n<\/div><\/div><\/div><div id=\"pgc-3120-1-2\"  class=\"panel-grid-cell\" ><div id=\"panel-3120-1-2-0\" class=\"so-panel widget widget_sow-editor panel-first-child panel-last-child\" data-index=\"5\" ><div\n\t\t\t\n\t\t\tclass=\"so-widget-sow-editor so-widget-sow-editor-base\"\n\t\t\t\n\t\t>\n<div class=\"siteorigin-widget-tinymce textwidget\">\n\t<p style=\"text-align: center;\"><strong>\u00c9dition :<\/strong><br \/>\nIntrafin<br \/>\n2017<\/p>\n<\/div>\n<\/div><\/div><\/div><div id=\"pgc-3120-1-3\"  class=\"panel-grid-cell\" ><div id=\"panel-3120-1-3-0\" class=\"so-panel widget widget_sow-editor panel-first-child panel-last-child\" data-index=\"6\" ><div\n\t\t\t\n\t\t\tclass=\"so-widget-sow-editor so-widget-sow-editor-base\"\n\t\t\t\n\t\t>\n<div class=\"siteorigin-widget-tinymce textwidget\">\n\t<p style=\"text-align: center;\"><strong>Version :<\/strong><br \/>\nFran\u00e7aise<\/p>\n<\/div>\n<\/div><\/div><\/div><\/div><div id=\"pg-3120-2\"  class=\"panel-grid panel-no-style\" ><div id=\"pgc-3120-2-0\"  class=\"panel-grid-cell\" ><div id=\"panel-3120-2-0-0\" class=\"so-panel widget widget_sow-editor panel-first-child panel-last-child\" data-index=\"7\" ><div\n\t\t\t\n\t\t\tclass=\"so-widget-sow-editor so-widget-sow-editor-base\"\n\t\t\t\n\t\t>\n<div class=\"siteorigin-widget-tinymce textwidget\">\n\t<hr \/>\n<p><em>La domestication de la plan\u00e8te rouge a commenc\u00e9 !<\/em><\/p>\n<p><em>Les corporations sont en comp\u00e9tition pour transformer Mars en une plan\u00e8te habitable. Elles d\u00e9pensent avec largesse leurs ressources et utilisent des technologies innovantes pour faire monter la temp\u00e9ratures, cr\u00e9er une atmosph\u00e8re respirable et remplir les oc\u00e9ans d'eau. Au fur et \u00e0 mesure que la terraformation progresse, de plus en plus de personnes immigreront de la Terre afin de vivre sur la Plan\u00e8te Rouge.<\/em><\/p>\n<p>Dans Terraforming Mars, vous jouez l'une de ces corporations b\u00e9n\u00e9ficiant de certains avantages. Investissez dans de vastes projets, mettez en place une cha\u00eene de production, positionnez vos cit\u00e9s et for\u00eats sur la carte, et soyez le premier \u00e0 valider les objectifs et r\u00e9colter les r\u00e9compenses !<\/p>\n<p>Votre corporation va-t-elle ouvrir la voie \u00e0 une nouvelle \u00e8re pour l'Humanit\u00e9 ?<\/p>\n<\/div>\n<\/div><\/div><\/div><\/div><div id=\"pg-3120-3\"  class=\"panel-grid panel-no-style\" ><div id=\"pgc-3120-3-0\"  class=\"panel-grid-cell\" ><div id=\"panel-3120-3-0-0\" class=\"so-panel widget widget_sow-editor panel-first-child panel-last-child\" data-index=\"8\" ><div\n\t\t\t\n\t\t\tclass=\"so-widget-sow-editor so-widget-sow-editor-base\"\n\t\t\t\n\t\t>\n<div class=\"siteorigin-widget-tinymce textwidget\">\n\t<hr \/>\n<h3 style=\"text-align: center;\">En vid\u00e9o<\/h3>\n<p><a href=\"https:\/\/www.youtube.com\/watch?v=n59le_qDqsM\" target=\"_blank\" rel=\"noopener\"><img loading=\"lazy\" decoding=\"async\" class=\"alignnone size-full wp-image-9090\" src=\"https:\/\/meeplendice.net\/wp-content\/uploads\/2022\/01\/Link_CJ_v2.png\" alt=\"\" width=\"200\" height=\"170\" \/><\/a><\/p>\n<\/div>\n<\/div><\/div><\/div><\/div><div id=\"pg-3120-4\"  class=\"panel-grid panel-no-style\" ><div id=\"pgc-3120-4-0\"  class=\"panel-grid-cell\" ><div id=\"panel-3120-4-0-0\" class=\"so-panel widget widget_sow-editor panel-first-child panel-last-child\" data-index=\"9\" ><div\n\t\t\t\n\t\t\tclass=\"so-widget-sow-editor so-widget-sow-editor-base\"\n\t\t\t\n\t\t>\n<div class=\"siteorigin-widget-tinymce textwidget\">\n\t<hr \/>\n<h3 style=\"text-align: center;\">Extension(s)<\/h3>\n<style type='text\/css' media='all'>#rt-tpg-container-2699741899 .read-more a{border-radius:px;}#rt-tpg-container-2699741899 .rt-img-holder img.rt-img-responsive,#rt-tpg-container-2699741899 .rt-img-holder,\n\t\t\t\t\t#rt-tpg-container-2699741899 .rt-post-overlay .post-img,\n\t\t\t\t\t#rt-tpg-container-2699741899 .post-sm .post-img,\n\t\t\t\t\t#rt-tpg-container-2699741899 .rt-post-grid .post-img,\n\t\t\t\t\t#rt-tpg-container-2699741899 .post-img img {border-radius:px;}#rt-tpg-container-2699741899 .layout9 .rt-holder h2.entry-title,\n\t\t\t\t\t#rt-tpg-container-2699741899 .layout9 .rt-holder h3.entry-title,\n\t\t\t\t\t#rt-tpg-container-2699741899 .layout9 .rt-holder h4.entry-title,\n\t\t\t\t\t#rt-tpg-container-2699741899 .layout9 .rt-holder h2.entry-title a,\n\t\t\t\t\t#rt-tpg-container-2699741899 .layout9 .rt-holder h3.entry-title a,\n\t\t\t\t\t#rt-tpg-container-2699741899 .layout9 .rt-holder h4.entry-title a,\n\t\t\t\t\t#rt-tpg-container-2699741899 .rt-holder .rt-woo-info h2 a,\n\t\t\t\t\t#rt-tpg-container-2699741899 .rt-holder .rt-woo-info h3 a,\n\t\t\t\t\t#rt-tpg-container-2699741899 .rt-holder .rt-woo-info h4 a,\n\t\t\t\t\t#rt-tpg-container-2699741899 .post-content .post-title,\n\t\t\t\t\t#rt-tpg-container-2699741899 .rt-post-grid .post-title,\n\t\t\t\t\t#rt-tpg-container-2699741899 .rt-post-grid .post-title a,\n\t\t\t\t\t#rt-tpg-container-2699741899 .post-content .post-title a,\n\t\t\t\t\t#rt-tpg-container-2699741899 .rt-holder .rt-woo-info h2,\n\t\t\t\t\t#rt-tpg-container-2699741899 .rt-holder .rt-woo-info h3,\n\t\t\t\t\t#rt-tpg-container-2699741899 .rt-holder .rt-woo-info h4{font-size:16px;line-height:26px;font-weight:normal;text-align:center;}#rt-tpg-container-2699741899 .post-grid-lg-style-1 .post-title,\n\t\t\t\t\t\t#rt-tpg-container-2699741899 .post-grid-lg-style-1 .post-title a,\n\t\t\t\t\t\t#rt-tpg-container-2699741899 .big-layout .post-title,\n\t\t\t\t\t\t#rt-tpg-container-2699741899 .big-layout .post-title a,\n\t\t\t\t\t\t#rt-tpg-container-2699741899 .post-grid-lg-style-1 .post-title,\n\t\t\t\t\t\t#rt-tpg-container-2699741899 .post-grid-lg-style-1 .post-title a {font-size:24px;line-height:34px;}<\/style><div class='rt-container-fluid rt-tpg-container tpg-shortcode-main-wrapper ' id='rt-tpg-container-2699741899'   data-layout='layout9' data-grid-style='even' data-desktop-col='3'  data-tab-col='2'  data-mobile-col='1' data-sc-id='3570'><div data-title='Loading ...' class='rt-row rt-content-loader   layout9 tpg-even '><div class=\"rt-col-md-4 rt-col-sm-6 rt-col-xs-12 even-grid-item rt-grid-item img_zoom_in\" data-id=\"3563\"><div class=\"rt-holder\"><div class='overlay'><a data-id='3563' class=' tpg-single-popup' href='https:\/\/meeplendice.net\/?page_id=3563'><img loading=\"lazy\" decoding=\"async\" width=\"350\" height=\"350\" src=\"https:\/\/meeplendice.net\/wp-content\/uploads\/2017\/11\/Terraformingmars_HE.png\" class=\"rt-img-responsive \" alt=\"\" \/><\/a><\/div><div class='post-info'><h2 class=\"entry-title\"><a data-id=\"3563\" class=\" tpg-single-popup\" href=\"https:\/\/meeplendice.net\/?page_id=3563\">Hellas &#038; Elysium<\/a><\/h2><div class='post-meta-user '><\/div><\/div><\/div><\/div><div class=\"rt-col-md-4 rt-col-sm-6 rt-col-xs-12 even-grid-item rt-grid-item img_zoom_in\" data-id=\"4449\"><div class=\"rt-holder\"><div class='overlay'><a data-id='4449' class=' tpg-single-popup' href='https:\/\/meeplendice.net\/?page_id=4449'><img loading=\"lazy\" decoding=\"async\" width=\"350\" height=\"350\" src=\"https:\/\/meeplendice.net\/wp-content\/uploads\/2019\/12\/Terraformingmars_Prelude.png\" class=\"rt-img-responsive \" alt=\"\" \/><\/a><\/div><div class='post-info'><h2 class=\"entry-title\"><a data-id=\"4449\" class=\" tpg-single-popup\" href=\"https:\/\/meeplendice.net\/?page_id=4449\">Pr\u00e9lude<\/a><\/h2><div class='post-meta-user '><\/div><\/div><\/div><\/div><div class=\"rt-col-md-4 rt-col-sm-6 rt-col-xs-12 even-grid-item rt-grid-item img_zoom_in\" data-id=\"3888\"><div class=\"rt-holder\"><div class='overlay'><a data-id='3888' class=' tpg-single-popup' href='https:\/\/meeplendice.net\/?page_id=3888'><img loading=\"lazy\" decoding=\"async\" width=\"350\" height=\"350\" src=\"https:\/\/meeplendice.net\/wp-content\/uploads\/2019\/12\/Terraformingmars_VN.png\" class=\"rt-img-responsive \" alt=\"\" \/><\/a><\/div><div class='post-info'><h2 class=\"entry-title\"><a data-id=\"3888\" class=\" tpg-single-popup\" href=\"https:\/\/meeplendice.net\/?page_id=3888\">Venus Next<\/a><\/h2><div class='post-meta-user '><\/div><\/div><\/div><\/div><\/div><div class='rt-pagination-wrap' data-total-pages='4' data-posts-per-page='3' data-type='pagination_ajax'  ><div class='rt-page-numbers'><\/div><\/div><\/div>\n<\/div>\n<\/div><\/div><\/div><\/div><div id=\"pg-3120-5\"  class=\"panel-grid panel-no-style\" ><div id=\"pgc-3120-5-0\"  class=\"panel-grid-cell\" ><div id=\"panel-3120-5-0-0\" class=\"so-panel widget widget_sow-editor panel-first-child panel-last-child\" data-index=\"10\" ><div\n\t\t\t\n\t\t\tclass=\"so-widget-sow-editor so-widget-sow-editor-base\"\n\t\t\t\n\t\t>\n<div class=\"siteorigin-widget-tinymce textwidget\">\n\t<hr \/>\n<h3 style=\"text-align: center;\">Pour aller plus loin<\/h3>\n<\/div>\n<\/div><\/div><\/div><\/div><\/div>","protected":false},"excerpt":{"rendered":"<p>Nombre de joueurs : 1 &#8211; 5 Dur\u00e9e moyenne : 120 min Age : 12 ans et plus Auteur(s) : Jacob Fryxelius Illustrations : Isaac Fryxelius \u00c9dition : Intrafin 2017 Version : Fran\u00e7aise<\/p>\n","protected":false},"author":2,"featured_media":3121,"parent":0,"menu_order":0,"comment_status":"closed","ping_status":"closed","template":"","meta":{"footnotes":""},"class_list":["post-3120","page","type-page","status-publish","has-post-thumbnail","hentry"],"acf":[],"rttpg_featured_image_url":{"full":["https:\/\/meeplendice.net\/wp-content\/uploads\/2017\/05\/Terraformingmars.png",350,350,false],"landscape":["https:\/\/meeplendice.net\/wp-content\/uploads\/2017\/05\/Terraformingmars.png",350,350,false],"portraits":["https:\/\/meeplendice.net\/wp-content\/uploads\/2017\/05\/Terraformingmars.png",350,350,false],"thumbnail":["https:\/\/meeplendice.net\/wp-content\/uploads\/2017\/05\/Terraformingmars-150x150.png",150,150,true],"medium":["https:\/\/meeplendice.net\/wp-content\/uploads\/2017\/05\/Terraformingmars-300x300.png",300,300,true],"large":["https:\/\/meeplendice.net\/wp-content\/uploads\/2017\/05\/Terraformingmars.png",350,350,false],"ug_big":["https:\/\/meeplendice.net\/wp-content\/uploads\/2017\/05\/Terraformingmars.png",350,350,false],"1536x1536":["https:\/\/meeplendice.net\/wp-content\/uploads\/2017\/05\/Terraformingmars.png",350,350,false],"2048x2048":["https:\/\/meeplendice.net\/wp-content\/uploads\/2017\/05\/Terraformingmars.png",350,350,false],"ashe-slider-grid-thumbnail":["https:\/\/meeplendice.net\/wp-content\/uploads\/2017\/05\/Terraformingmars.png",350,350,false],"ashe-full-thumbnail":["https:\/\/meeplendice.net\/wp-content\/uploads\/2017\/05\/Terraformingmars.png",350,350,false],"ashe-grid-thumbnail":["https:\/\/meeplendice.net\/wp-content\/uploads\/2017\/05\/Terraformingmars-350x330.png",350,330,true],"ashe-list-thumbnail":["https:\/\/meeplendice.net\/wp-content\/uploads\/2017\/05\/Terraformingmars-300x300.png",300,300,true],"ashe-single-navigation":["https:\/\/meeplendice.net\/wp-content\/uploads\/2017\/05\/Terraformingmars-75x75.png",75,75,true],"mailpoet_newsletter_max":["https:\/\/meeplendice.net\/wp-content\/uploads\/2017\/05\/Terraformingmars.png",350,350,false],"rpwe-thumbnail":["https:\/\/meeplendice.net\/wp-content\/uploads\/2017\/05\/Terraformingmars-45x45.png",45,45,true],"sow-carousel-default":["https:\/\/meeplendice.net\/wp-content\/uploads\/2017\/05\/Terraformingmars-272x182.png",272,182,true],"rt_custom":["https:\/\/meeplendice.net\/wp-content\/uploads\/2017\/05\/Terraformingmars.png",350,350,false]},"rttpg_author":{"display_name":"Karnby","author_link":"https:\/\/meeplendice.net\/?author=2"},"rttpg_comment":0,"rttpg_category":null,"rttpg_excerpt":"Nombre de joueurs : 1 - 5 Dur\u00e9e moyenne : 120 min Age : 12 ans et plus Auteur(s) : Jacob Fryxelius Illustrations : Isaac Fryxelius \u00c9dition : Intrafin 2017 Version : Fran\u00e7aise","_links":{"self":[{"href":"https:\/\/meeplendice.net\/index.php?rest_route=\/wp\/v2\/pages\/3120","targetHints":{"allow":["GET"]}}],"collection":[{"href":"https:\/\/meeplendice.net\/index.php?rest_route=\/wp\/v2\/pages"}],"about":[{"href":"https:\/\/meeplendice.net\/index.php?rest_route=\/wp\/v2\/types\/page"}],"author":[{"embeddable":true,"href":"https:\/\/meeplendice.net\/index.php?rest_route=\/wp\/v2\/users\/2"}],"replies":[{"embeddable":true,"href":"https:\/\/meeplendice.net\/index.php?rest_route=%2Fwp%2Fv2%2Fcomments&post=3120"}],"version-history":[{"count":16,"href":"https:\/\/meeplendice.net\/index.php?rest_route=\/wp\/v2\/pages\/3120\/revisions"}],"predecessor-version":[{"id":12877,"href":"https:\/\/meeplendice.net\/index.php?rest_route=\/wp\/v2\/pages\/3120\/revisions\/12877"}],"wp:featuredmedia":[{"embeddable":true,"href":"https:\/\/meeplendice.net\/index.php?rest_route=\/wp\/v2\/media\/3121"}],"wp:attachment":[{"href":"https:\/\/meeplendice.net\/index.php?rest_route=%2Fwp%2Fv2%2Fmedia&parent=3120"}],"curies":[{"name":"wp","href":"https:\/\/api.w.org\/{rel}","templated":true}]}}