{"id":3258,"date":"2017-07-04T13:58:44","date_gmt":"2017-07-04T12:58:44","guid":{"rendered":"http:\/\/meeplendice.net\/?page_id=3258"},"modified":"2025-03-02T23:39:45","modified_gmt":"2025-03-02T21:39:45","slug":"outlive","status":"publish","type":"page","link":"https:\/\/meeplendice.net\/?page_id=3258","title":{"rendered":"Outlive &#8211; Deluxe Edition"},"content":{"rendered":"<div id=\"pl-3258\"  class=\"panel-layout\" ><div id=\"pg-3258-0\"  class=\"panel-grid panel-no-style\" ><div id=\"pgc-3258-0-0\"  class=\"panel-grid-cell\" ><div id=\"panel-3258-0-0-0\" class=\"so-panel widget widget_sow-editor panel-first-child panel-last-child\" data-index=\"0\" ><div\n\t\t\t\n\t\t\tclass=\"so-widget-sow-editor so-widget-sow-editor-base\"\n\t\t\t\n\t\t>\n<div class=\"siteorigin-widget-tinymce textwidget\">\n\t<p style=\"text-align: center;\"><strong>Nombre de joueurs :<br \/>\n<\/strong> 2 - 4<\/p>\n<\/div>\n<\/div><\/div><\/div><div id=\"pgc-3258-0-1\"  class=\"panel-grid-cell\" ><div id=\"panel-3258-0-1-0\" class=\"so-panel widget widget_sow-editor panel-first-child panel-last-child\" data-index=\"1\" ><div\n\t\t\t\n\t\t\tclass=\"so-widget-sow-editor so-widget-sow-editor-base\"\n\t\t\t\n\t\t>\n<div class=\"siteorigin-widget-tinymce textwidget\">\n\t<p style=\"text-align: center;\"><strong>Dur\u00e9e moyenne :<\/strong><br \/>\n120 min<\/p>\n<\/div>\n<\/div><\/div><\/div><div id=\"pgc-3258-0-2\"  class=\"panel-grid-cell\" ><div id=\"panel-3258-0-2-0\" class=\"so-panel widget widget_sow-editor panel-first-child panel-last-child\" data-index=\"2\" ><div\n\t\t\t\n\t\t\tclass=\"so-widget-sow-editor so-widget-sow-editor-base\"\n\t\t\t\n\t\t>\n<div class=\"siteorigin-widget-tinymce textwidget\">\n\t<p style=\"text-align: center;\"><strong>Age :<\/strong><br \/>\n14 ans et plus<\/p>\n<\/div>\n<\/div><\/div><\/div><\/div><div id=\"pg-3258-1\"  class=\"panel-grid panel-no-style\" ><div id=\"pgc-3258-1-0\"  class=\"panel-grid-cell\" ><div id=\"panel-3258-1-0-0\" class=\"so-panel widget widget_sow-editor panel-first-child panel-last-child\" data-index=\"3\" ><div\n\t\t\t\n\t\t\tclass=\"so-widget-sow-editor so-widget-sow-editor-base\"\n\t\t\t\n\t\t>\n<div class=\"siteorigin-widget-tinymce textwidget\">\n\t<p style=\"text-align: center;\"><strong>Auteur(s) :<br \/>\n<\/strong>Gr\u00e9gorie Olivier<\/p>\n<\/div>\n<\/div><\/div><\/div><div id=\"pgc-3258-1-1\"  class=\"panel-grid-cell\" ><div id=\"panel-3258-1-1-0\" class=\"so-panel widget widget_sow-editor panel-first-child panel-last-child\" data-index=\"4\" ><div\n\t\t\t\n\t\t\tclass=\"so-widget-sow-editor so-widget-sow-editor-base\"\n\t\t\t\n\t\t>\n<div class=\"siteorigin-widget-tinymce textwidget\">\n\t<p style=\"text-align: center;\"><strong>Illustrations :<\/strong><br \/>\nMiguel Coimbra<\/p>\n<\/div>\n<\/div><\/div><\/div><div id=\"pgc-3258-1-2\"  class=\"panel-grid-cell\" ><div id=\"panel-3258-1-2-0\" class=\"so-panel widget widget_sow-editor panel-first-child panel-last-child\" data-index=\"5\" ><div\n\t\t\t\n\t\t\tclass=\"so-widget-sow-editor so-widget-sow-editor-base\"\n\t\t\t\n\t\t>\n<div class=\"siteorigin-widget-tinymce textwidget\">\n\t<p style=\"text-align: center;\"><strong>\u00c9dition :<\/strong><br \/>\nLa Boite De Jeu<br \/>\n2017<\/p>\n<\/div>\n<\/div><\/div><\/div><div id=\"pgc-3258-1-3\"  class=\"panel-grid-cell\" ><div id=\"panel-3258-1-3-0\" class=\"so-panel widget widget_sow-editor panel-first-child panel-last-child\" data-index=\"6\" ><div\n\t\t\t\n\t\t\tclass=\"so-widget-sow-editor so-widget-sow-editor-base\"\n\t\t\t\n\t\t>\n<div class=\"siteorigin-widget-tinymce textwidget\">\n\t<p style=\"text-align: center;\"><strong>Version :<\/strong><br \/>\nFran\u00e7aise<\/p>\n<\/div>\n<\/div><\/div><\/div><\/div><div id=\"pg-3258-2\"  class=\"panel-grid panel-no-style\" ><div id=\"pgc-3258-2-0\"  class=\"panel-grid-cell\" ><div id=\"panel-3258-2-0-0\" class=\"so-panel widget widget_sow-editor panel-first-child panel-last-child\" data-index=\"7\" ><div\n\t\t\t\n\t\t\tclass=\"so-widget-sow-editor so-widget-sow-editor-base\"\n\t\t\t\n\t\t>\n<div class=\"siteorigin-widget-tinymce textwidget\">\n\t<hr \/>\n<p><em>2079 ; Une guerre totale pour le contr\u00f4le des derni\u00e8res sources d'eau potable terrestres a d\u00e9truit les nations telles que nous es connaissions. La population mondiale est d\u00e9sormais estim\u00e9e \u00e0 30000 habitants.<\/em><\/p>\n<p><em>Dans ce contexte, 4 clans de Survivants se sont r\u00e9fugi\u00e9s dans des Abris souterrains et tentent de survivre. Leur seul espoir vient du \"Convois\", une organisation qui sillonne la Terre \u00e0 la recherche de Survivants dignes d'int\u00e9grer les cit\u00e9s subaquatiques tenues secr\u00e8tes.<\/em><\/p>\n<p><em>Mais un seul clan aura le privil\u00e8ge d'acc\u00e9der au Convoi, celui qui aura le plus \u00e0 offrir \u00e0 la Cit\u00e9 : hommes, \u00e9quipement, talents de survie.<\/em><\/p>\n<\/div>\n<\/div><\/div><\/div><\/div><div id=\"pg-3258-3\"  class=\"panel-grid panel-no-style\" ><div id=\"pgc-3258-3-0\"  class=\"panel-grid-cell\" ><div id=\"panel-3258-3-0-0\" class=\"so-panel widget widget_sow-editor panel-first-child panel-last-child\" data-index=\"8\" ><div\n\t\t\t\n\t\t\tclass=\"so-widget-sow-editor so-widget-sow-editor-base\"\n\t\t\t\n\t\t>\n<div class=\"siteorigin-widget-tinymce textwidget\">\n\t<hr \/>\n<h3 style=\"text-align: center;\">En vid\u00e9o<\/h3>\n<p><a href=\"https:\/\/www.youtube.com\/watch?v=Bd_c99-kvtU\" target=\"_blank\" rel=\"noopener\"><img loading=\"lazy\" decoding=\"async\" class=\"alignnone size-full wp-image-9090\" src=\"https:\/\/meeplendice.net\/wp-content\/uploads\/2022\/01\/Link_CJ_v2.png\" alt=\"\" width=\"200\" height=\"170\" \/><\/a><\/p>\n<\/div>\n<\/div><\/div><\/div><\/div><div id=\"pg-3258-4\"  class=\"panel-grid panel-no-style\" ><div id=\"pgc-3258-4-0\"  class=\"panel-grid-cell\" ><div id=\"panel-3258-4-0-0\" class=\"so-panel widget widget_sow-editor panel-first-child panel-last-child\" data-index=\"9\" ><div\n\t\t\t\n\t\t\tclass=\"so-widget-sow-editor so-widget-sow-editor-base\"\n\t\t\t\n\t\t>\n<div class=\"siteorigin-widget-tinymce textwidget\">\n\t<hr \/>\n<h3 style=\"text-align: center;\">Extension(s)<\/h3>\n<p style=\"text-align: center;\"><style type='text\/css' media='all'>#rt-tpg-container-107006698 .read-more a{border-radius:px;}#rt-tpg-container-107006698 .rt-img-holder img.rt-img-responsive,#rt-tpg-container-107006698 .rt-img-holder,\n\t\t\t\t\t#rt-tpg-container-107006698 .rt-post-overlay .post-img,\n\t\t\t\t\t#rt-tpg-container-107006698 .post-sm .post-img,\n\t\t\t\t\t#rt-tpg-container-107006698 .rt-post-grid .post-img,\n\t\t\t\t\t#rt-tpg-container-107006698 .post-img img {border-radius:px;}#rt-tpg-container-107006698 .layout9 .rt-holder h2.entry-title,\n\t\t\t\t\t#rt-tpg-container-107006698 .layout9 .rt-holder h3.entry-title,\n\t\t\t\t\t#rt-tpg-container-107006698 .layout9 .rt-holder h4.entry-title,\n\t\t\t\t\t#rt-tpg-container-107006698 .layout9 .rt-holder h2.entry-title a,\n\t\t\t\t\t#rt-tpg-container-107006698 .layout9 .rt-holder h3.entry-title a,\n\t\t\t\t\t#rt-tpg-container-107006698 .layout9 .rt-holder h4.entry-title a,\n\t\t\t\t\t#rt-tpg-container-107006698 .rt-holder .rt-woo-info h2 a,\n\t\t\t\t\t#rt-tpg-container-107006698 .rt-holder .rt-woo-info h3 a,\n\t\t\t\t\t#rt-tpg-container-107006698 .rt-holder .rt-woo-info h4 a,\n\t\t\t\t\t#rt-tpg-container-107006698 .post-content .post-title,\n\t\t\t\t\t#rt-tpg-container-107006698 .rt-post-grid .post-title,\n\t\t\t\t\t#rt-tpg-container-107006698 .rt-post-grid .post-title a,\n\t\t\t\t\t#rt-tpg-container-107006698 .post-content .post-title a,\n\t\t\t\t\t#rt-tpg-container-107006698 .rt-holder .rt-woo-info h2,\n\t\t\t\t\t#rt-tpg-container-107006698 .rt-holder .rt-woo-info h3,\n\t\t\t\t\t#rt-tpg-container-107006698 .rt-holder .rt-woo-info h4{font-size:16px;line-height:26px;font-weight:normal;text-align:center;}#rt-tpg-container-107006698 .post-grid-lg-style-1 .post-title,\n\t\t\t\t\t\t#rt-tpg-container-107006698 .post-grid-lg-style-1 .post-title a,\n\t\t\t\t\t\t#rt-tpg-container-107006698 .big-layout .post-title,\n\t\t\t\t\t\t#rt-tpg-container-107006698 .big-layout .post-title a,\n\t\t\t\t\t\t#rt-tpg-container-107006698 .post-grid-lg-style-1 .post-title,\n\t\t\t\t\t\t#rt-tpg-container-107006698 .post-grid-lg-style-1 .post-title a {font-size:24px;line-height:34px;}<\/style><div class='rt-container-fluid rt-tpg-container tpg-shortcode-main-wrapper ' id='rt-tpg-container-107006698'   data-layout='layout9' data-grid-style='even' data-desktop-col='3'  data-tab-col='2'  data-mobile-col='1' data-sc-id='4894'><div data-title='Loading ...' class='rt-row rt-content-loader   layout9 tpg-even '><div class=\"rt-col-md-4 rt-col-sm-6 rt-col-xs-12 even-grid-item rt-grid-item img_zoom_in\" data-id=\"4866\"><div class=\"rt-holder\"><div class='overlay'><a data-id='4866' class=' tpg-single-popup' href='https:\/\/meeplendice.net\/?page_id=4866'><img loading=\"lazy\" decoding=\"async\" width=\"350\" height=\"350\" src=\"https:\/\/meeplendice.net\/wp-content\/uploads\/2019\/04\/Outlive_Underwater.png\" class=\"rt-img-responsive \" alt=\"\" \/><\/a><\/div><div class='post-info'><h2 class=\"entry-title\"><a data-id=\"4866\" class=\" tpg-single-popup\" href=\"https:\/\/meeplendice.net\/?page_id=4866\">Underwater<\/a><\/h2><div class='post-meta-user '><\/div><\/div><\/div><\/div><\/div><div class='rt-pagination-wrap' data-total-pages='1' data-posts-per-page='3' data-type='pagination_ajax'  ><div class='rt-page-numbers'><\/div><\/div><\/div><\/p>\n<\/div>\n<\/div><\/div><\/div><\/div><div id=\"pg-3258-5\"  class=\"panel-grid panel-no-style\" ><div id=\"pgc-3258-5-0\"  class=\"panel-grid-cell\" ><div id=\"panel-3258-5-0-0\" class=\"so-panel widget widget_sow-editor panel-first-child panel-last-child\" data-index=\"10\" ><div\n\t\t\t\n\t\t\tclass=\"so-widget-sow-editor so-widget-sow-editor-base\"\n\t\t\t\n\t\t>\n<div class=\"siteorigin-widget-tinymce textwidget\">\n\t<hr \/>\n<h3 style=\"text-align: center;\">Pour aller plus loin<\/h3>\n<\/div>\n<\/div><\/div><\/div><\/div><\/div>","protected":false},"excerpt":{"rendered":"<p>Nombre de joueurs : 2 &#8211; 4 Dur\u00e9e moyenne : 120 min Age : 14 ans et plus Auteur(s) : Gr\u00e9gorie Olivier Illustrations : Miguel Coimbra \u00c9dition : La Boite De Jeu 2017 Version : Fran\u00e7aise<\/p>\n","protected":false},"author":2,"featured_media":13345,"parent":0,"menu_order":0,"comment_status":"closed","ping_status":"closed","template":"","meta":{"footnotes":""},"class_list":["post-3258","page","type-page","status-publish","has-post-thumbnail","hentry"],"acf":[],"rttpg_featured_image_url":{"full":["https:\/\/meeplendice.net\/wp-content\/uploads\/2025\/03\/Outlive_DE.png",350,350,false],"landscape":["https:\/\/meeplendice.net\/wp-content\/uploads\/2025\/03\/Outlive_DE.png",350,350,false],"portraits":["https:\/\/meeplendice.net\/wp-content\/uploads\/2025\/03\/Outlive_DE.png",350,350,false],"thumbnail":["https:\/\/meeplendice.net\/wp-content\/uploads\/2025\/03\/Outlive_DE-150x150.png",150,150,true],"medium":["https:\/\/meeplendice.net\/wp-content\/uploads\/2025\/03\/Outlive_DE-300x300.png",300,300,true],"large":["https:\/\/meeplendice.net\/wp-content\/uploads\/2025\/03\/Outlive_DE.png",350,350,false],"ug_big":["https:\/\/meeplendice.net\/wp-content\/uploads\/2025\/03\/Outlive_DE.png",350,350,false],"1536x1536":["https:\/\/meeplendice.net\/wp-content\/uploads\/2025\/03\/Outlive_DE.png",350,350,false],"2048x2048":["https:\/\/meeplendice.net\/wp-content\/uploads\/2025\/03\/Outlive_DE.png",350,350,false],"ashe-slider-grid-thumbnail":["https:\/\/meeplendice.net\/wp-content\/uploads\/2025\/03\/Outlive_DE.png",350,350,false],"ashe-full-thumbnail":["https:\/\/meeplendice.net\/wp-content\/uploads\/2025\/03\/Outlive_DE.png",350,350,false],"ashe-grid-thumbnail":["https:\/\/meeplendice.net\/wp-content\/uploads\/2025\/03\/Outlive_DE-350x330.png",350,330,true],"ashe-list-thumbnail":["https:\/\/meeplendice.net\/wp-content\/uploads\/2025\/03\/Outlive_DE-300x300.png",300,300,true],"ashe-single-navigation":["https:\/\/meeplendice.net\/wp-content\/uploads\/2025\/03\/Outlive_DE-75x75.png",75,75,true],"mailpoet_newsletter_max":["https:\/\/meeplendice.net\/wp-content\/uploads\/2025\/03\/Outlive_DE.png",350,350,false],"rpwe-thumbnail":["https:\/\/meeplendice.net\/wp-content\/uploads\/2025\/03\/Outlive_DE-45x45.png",45,45,true],"sow-carousel-default":["https:\/\/meeplendice.net\/wp-content\/uploads\/2025\/03\/Outlive_DE-272x182.png",272,182,true],"rt_custom":["https:\/\/meeplendice.net\/wp-content\/uploads\/2025\/03\/Outlive_DE.png",350,350,false]},"rttpg_author":{"display_name":"Karnby","author_link":"https:\/\/meeplendice.net\/?author=2"},"rttpg_comment":0,"rttpg_category":null,"rttpg_excerpt":"Nombre de joueurs : 2 - 4 Dur\u00e9e moyenne : 120 min Age : 14 ans et plus Auteur(s) : Gr\u00e9gorie Olivier Illustrations : Miguel Coimbra \u00c9dition : La Boite De Jeu 2017 Version : Fran\u00e7aise","_links":{"self":[{"href":"https:\/\/meeplendice.net\/index.php?rest_route=\/wp\/v2\/pages\/3258","targetHints":{"allow":["GET"]}}],"collection":[{"href":"https:\/\/meeplendice.net\/index.php?rest_route=\/wp\/v2\/pages"}],"about":[{"href":"https:\/\/meeplendice.net\/index.php?rest_route=\/wp\/v2\/types\/page"}],"author":[{"embeddable":true,"href":"https:\/\/meeplendice.net\/index.php?rest_route=\/wp\/v2\/users\/2"}],"replies":[{"embeddable":true,"href":"https:\/\/meeplendice.net\/index.php?rest_route=%2Fwp%2Fv2%2Fcomments&post=3258"}],"version-history":[{"count":15,"href":"https:\/\/meeplendice.net\/index.php?rest_route=\/wp\/v2\/pages\/3258\/revisions"}],"predecessor-version":[{"id":13349,"href":"https:\/\/meeplendice.net\/index.php?rest_route=\/wp\/v2\/pages\/3258\/revisions\/13349"}],"wp:featuredmedia":[{"embeddable":true,"href":"https:\/\/meeplendice.net\/index.php?rest_route=\/wp\/v2\/media\/13345"}],"wp:attachment":[{"href":"https:\/\/meeplendice.net\/index.php?rest_route=%2Fwp%2Fv2%2Fmedia&parent=3258"}],"curies":[{"name":"wp","href":"https:\/\/api.w.org\/{rel}","templated":true}]}}