{"id":3327,"date":"2017-07-31T09:29:33","date_gmt":"2017-07-31T08:29:33","guid":{"rendered":"http:\/\/meeplendice.net\/?page_id=3327"},"modified":"2020-09-07T10:34:41","modified_gmt":"2020-09-07T09:34:41","slug":"pris-dans-la-toile","status":"publish","type":"page","link":"https:\/\/meeplendice.net\/?page_id=3327","title":{"rendered":"Pris dans la Toile"},"content":{"rendered":"<div class=\"p_collection\">\n<p><em>Un linceul de soie s\u2019abat !<\/em><\/p>\n<p><em>Des toiles emm\u00eal\u00e9es couvrent la cit\u00e9 de Tamalir, et des monstres grouillants empoisonnent quiconque est trop faible pour r\u00e9sister\u00a0!<\/em><\/p>\n<p>L\u2019Extension de Sc\u00e9nario Pris dans la Toile propose un sc\u00e9nario in\u00e9dit \u00e0 exp\u00e9rimenter dans vos parties de Runebound. Incarnez un nouveau h\u00e9ros, vivez d\u2019incroyables aventures et d\u00e9fiez la puissance de la Reine Ariad\u00a0!<\/p>\n<\/div>\n<p>&nbsp;<\/p>\n<p><span id=\"result_box\" class=\"\" lang=\"fr\"><span class=\"\">\u00a0<\/span><\/span><\/p>\n","protected":false},"excerpt":{"rendered":"<p>Un linceul de soie s\u2019abat ! Des toiles emm\u00eal\u00e9es couvrent la cit\u00e9 de Tamalir, et des monstres grouillants empoisonnent quiconque est trop faible pour r\u00e9sister\u00a0! L\u2019Extension de Sc\u00e9nario Pris dans la Toile propose un sc\u00e9nario in\u00e9dit \u00e0 exp\u00e9rimenter dans vos parties de Runebound. Incarnez un nouveau h\u00e9ros, vivez d\u2019incroyables aventures et d\u00e9fiez la puissance de la Reine Ariad\u00a0! &nbsp; \u00a0<\/p>\n","protected":false},"author":2,"featured_media":3328,"parent":410,"menu_order":0,"comment_status":"closed","ping_status":"closed","template":"","meta":{"footnotes":""},"class_list":["post-3327","page","type-page","status-publish","has-post-thumbnail","hentry"],"acf":[],"rttpg_featured_image_url":{"full":["https:\/\/meeplendice.net\/wp-content\/uploads\/2017\/07\/Runebound_pristoile.png",350,350,false],"landscape":["https:\/\/meeplendice.net\/wp-content\/uploads\/2017\/07\/Runebound_pristoile.png",350,350,false],"portraits":["https:\/\/meeplendice.net\/wp-content\/uploads\/2017\/07\/Runebound_pristoile.png",350,350,false],"thumbnail":["https:\/\/meeplendice.net\/wp-content\/uploads\/2017\/07\/Runebound_pristoile-150x150.png",150,150,true],"medium":["https:\/\/meeplendice.net\/wp-content\/uploads\/2017\/07\/Runebound_pristoile-300x300.png",300,300,true],"large":["https:\/\/meeplendice.net\/wp-content\/uploads\/2017\/07\/Runebound_pristoile.png",350,350,false],"ug_big":["https:\/\/meeplendice.net\/wp-content\/uploads\/2017\/07\/Runebound_pristoile.png",350,350,false],"1536x1536":["https:\/\/meeplendice.net\/wp-content\/uploads\/2017\/07\/Runebound_pristoile.png",350,350,false],"2048x2048":["https:\/\/meeplendice.net\/wp-content\/uploads\/2017\/07\/Runebound_pristoile.png",350,350,false],"ashe-slider-grid-thumbnail":["https:\/\/meeplendice.net\/wp-content\/uploads\/2017\/07\/Runebound_pristoile.png",350,350,false],"ashe-full-thumbnail":["https:\/\/meeplendice.net\/wp-content\/uploads\/2017\/07\/Runebound_pristoile.png",350,350,false],"ashe-grid-thumbnail":["https:\/\/meeplendice.net\/wp-content\/uploads\/2017\/07\/Runebound_pristoile-350x330.png",350,330,true],"ashe-list-thumbnail":["https:\/\/meeplendice.net\/wp-content\/uploads\/2017\/07\/Runebound_pristoile-300x300.png",300,300,true],"ashe-single-navigation":["https:\/\/meeplendice.net\/wp-content\/uploads\/2017\/07\/Runebound_pristoile-75x75.png",75,75,true],"mailpoet_newsletter_max":["https:\/\/meeplendice.net\/wp-content\/uploads\/2017\/07\/Runebound_pristoile.png",350,350,false],"rpwe-thumbnail":["https:\/\/meeplendice.net\/wp-content\/uploads\/2017\/07\/Runebound_pristoile-45x45.png",45,45,true],"sow-carousel-default":["https:\/\/meeplendice.net\/wp-content\/uploads\/2017\/07\/Runebound_pristoile-272x182.png",272,182,true],"rt_custom":["https:\/\/meeplendice.net\/wp-content\/uploads\/2017\/07\/Runebound_pristoile.png",350,350,false]},"rttpg_author":{"display_name":"Karnby","author_link":"https:\/\/meeplendice.net\/?author=2"},"rttpg_comment":0,"rttpg_category":null,"rttpg_excerpt":"Un linceul de soie s\u2019abat ! Des toiles emm\u00eal\u00e9es couvrent la cit\u00e9 de Tamalir, et des monstres grouillants empoisonnent quiconque est trop faible pour r\u00e9sister\u00a0! L\u2019Extension de Sc\u00e9nario Pris dans la Toile propose un sc\u00e9nario in\u00e9dit \u00e0 exp\u00e9rimenter dans vos parties de Runebound. Incarnez un nouveau h\u00e9ros, vivez d\u2019incroyables aventures et d\u00e9fiez la puissance de\u2026","_links":{"self":[{"href":"https:\/\/meeplendice.net\/index.php?rest_route=\/wp\/v2\/pages\/3327","targetHints":{"allow":["GET"]}}],"collection":[{"href":"https:\/\/meeplendice.net\/index.php?rest_route=\/wp\/v2\/pages"}],"about":[{"href":"https:\/\/meeplendice.net\/index.php?rest_route=\/wp\/v2\/types\/page"}],"author":[{"embeddable":true,"href":"https:\/\/meeplendice.net\/index.php?rest_route=\/wp\/v2\/users\/2"}],"replies":[{"embeddable":true,"href":"https:\/\/meeplendice.net\/index.php?rest_route=%2Fwp%2Fv2%2Fcomments&post=3327"}],"version-history":[{"count":2,"href":"https:\/\/meeplendice.net\/index.php?rest_route=\/wp\/v2\/pages\/3327\/revisions"}],"predecessor-version":[{"id":6753,"href":"https:\/\/meeplendice.net\/index.php?rest_route=\/wp\/v2\/pages\/3327\/revisions\/6753"}],"up":[{"embeddable":true,"href":"https:\/\/meeplendice.net\/index.php?rest_route=\/wp\/v2\/pages\/410"}],"wp:featuredmedia":[{"embeddable":true,"href":"https:\/\/meeplendice.net\/index.php?rest_route=\/wp\/v2\/media\/3328"}],"wp:attachment":[{"href":"https:\/\/meeplendice.net\/index.php?rest_route=%2Fwp%2Fv2%2Fmedia&parent=3327"}],"curies":[{"name":"wp","href":"https:\/\/api.w.org\/{rel}","templated":true}]}}