{"id":3331,"date":"2017-07-31T09:30:42","date_gmt":"2017-07-31T08:30:42","guid":{"rendered":"http:\/\/meeplendice.net\/?page_id=3331"},"modified":"2020-09-07T10:34:48","modified_gmt":"2020-09-07T09:34:48","slug":"la-chute-de-letoile-funeste","status":"publish","type":"page","link":"https:\/\/meeplendice.net\/?page_id=3331","title":{"rendered":"La chute de l&rsquo;Etoile Funeste"},"content":{"rendered":"<div class=\"p_collection\">\n<div class=\"p_collection\">\n<p><em>La Corruption s\u2019\u00e9tend sur Terrinoth !<\/em><\/p>\n<p><em>Une \u00e9toile funeste brille dans le ciel nocturne au-dessus du royaume, sa venue annonc\u00e9e par un d\u00e9luge d\u2019\u00e9clats corrupteurs. Les amis deviendront bient\u00f4t des adversaires, et m\u00eame les plus grands h\u00e9ros ne sont pas immunis\u00e9s contre les pouvoirs persuasifs du sinistre astre.<\/em><\/p>\n<p>L\u2019Extension de Sc\u00e9nario La Chute de l\u2019\u00c9toile Funeste propose un sc\u00e9nario in\u00e9dit \u00e0 exp\u00e9rimenter dans vos parties de Runebound. Incarnez un nouveau h\u00e9ros, vivez d\u2019incroyables aventures et luttez contre la d\u00e9cadence gr\u00e2ce au nouveau paquet de cartes Corruption\u00a0!<\/p>\n<\/div>\n<\/div>\n<p>&nbsp;<\/p>\n<p><span id=\"result_box\" class=\"\" lang=\"fr\"><span class=\"\">\u00a0<\/span><\/span><\/p>\n","protected":false},"excerpt":{"rendered":"<p>La Corruption s\u2019\u00e9tend sur Terrinoth ! Une \u00e9toile funeste brille dans le ciel nocturne au-dessus du royaume, sa venue annonc\u00e9e par un d\u00e9luge d\u2019\u00e9clats corrupteurs. Les amis deviendront bient\u00f4t des adversaires, et m\u00eame les plus grands h\u00e9ros ne sont pas immunis\u00e9s contre les pouvoirs persuasifs du sinistre astre. L\u2019Extension de Sc\u00e9nario La Chute de l\u2019\u00c9toile Funeste propose un sc\u00e9nario in\u00e9dit \u00e0 exp\u00e9rimenter dans vos parties de Runebound. Incarnez un nouveau h\u00e9ros, vivez d\u2019incroyables aventures et luttez contre la d\u00e9cadence gr\u00e2ce au nouveau paquet de cartes Corruption\u00a0! &nbsp; \u00a0<\/p>\n","protected":false},"author":2,"featured_media":3329,"parent":410,"menu_order":1,"comment_status":"closed","ping_status":"closed","template":"","meta":{"footnotes":""},"class_list":["post-3331","page","type-page","status-publish","has-post-thumbnail","hentry"],"acf":[],"rttpg_featured_image_url":{"full":["https:\/\/meeplendice.net\/wp-content\/uploads\/2017\/07\/Runebound_lachute.png",350,350,false],"landscape":["https:\/\/meeplendice.net\/wp-content\/uploads\/2017\/07\/Runebound_lachute.png",350,350,false],"portraits":["https:\/\/meeplendice.net\/wp-content\/uploads\/2017\/07\/Runebound_lachute.png",350,350,false],"thumbnail":["https:\/\/meeplendice.net\/wp-content\/uploads\/2017\/07\/Runebound_lachute-150x150.png",150,150,true],"medium":["https:\/\/meeplendice.net\/wp-content\/uploads\/2017\/07\/Runebound_lachute-300x300.png",300,300,true],"large":["https:\/\/meeplendice.net\/wp-content\/uploads\/2017\/07\/Runebound_lachute.png",350,350,false],"ug_big":["https:\/\/meeplendice.net\/wp-content\/uploads\/2017\/07\/Runebound_lachute.png",350,350,false],"1536x1536":["https:\/\/meeplendice.net\/wp-content\/uploads\/2017\/07\/Runebound_lachute.png",350,350,false],"2048x2048":["https:\/\/meeplendice.net\/wp-content\/uploads\/2017\/07\/Runebound_lachute.png",350,350,false],"ashe-slider-grid-thumbnail":["https:\/\/meeplendice.net\/wp-content\/uploads\/2017\/07\/Runebound_lachute.png",350,350,false],"ashe-full-thumbnail":["https:\/\/meeplendice.net\/wp-content\/uploads\/2017\/07\/Runebound_lachute.png",350,350,false],"ashe-grid-thumbnail":["https:\/\/meeplendice.net\/wp-content\/uploads\/2017\/07\/Runebound_lachute-350x330.png",350,330,true],"ashe-list-thumbnail":["https:\/\/meeplendice.net\/wp-content\/uploads\/2017\/07\/Runebound_lachute-300x300.png",300,300,true],"ashe-single-navigation":["https:\/\/meeplendice.net\/wp-content\/uploads\/2017\/07\/Runebound_lachute-75x75.png",75,75,true],"mailpoet_newsletter_max":["https:\/\/meeplendice.net\/wp-content\/uploads\/2017\/07\/Runebound_lachute.png",350,350,false],"rpwe-thumbnail":["https:\/\/meeplendice.net\/wp-content\/uploads\/2017\/07\/Runebound_lachute-45x45.png",45,45,true],"sow-carousel-default":["https:\/\/meeplendice.net\/wp-content\/uploads\/2017\/07\/Runebound_lachute-272x182.png",272,182,true],"rt_custom":["https:\/\/meeplendice.net\/wp-content\/uploads\/2017\/07\/Runebound_lachute.png",350,350,false]},"rttpg_author":{"display_name":"Karnby","author_link":"https:\/\/meeplendice.net\/?author=2"},"rttpg_comment":0,"rttpg_category":null,"rttpg_excerpt":"La Corruption s\u2019\u00e9tend sur Terrinoth ! Une \u00e9toile funeste brille dans le ciel nocturne au-dessus du royaume, sa venue annonc\u00e9e par un d\u00e9luge d\u2019\u00e9clats corrupteurs. Les amis deviendront bient\u00f4t des adversaires, et m\u00eame les plus grands h\u00e9ros ne sont pas immunis\u00e9s contre les pouvoirs persuasifs du sinistre astre. L\u2019Extension de Sc\u00e9nario La Chute de l\u2019\u00c9toile\u2026","_links":{"self":[{"href":"https:\/\/meeplendice.net\/index.php?rest_route=\/wp\/v2\/pages\/3331","targetHints":{"allow":["GET"]}}],"collection":[{"href":"https:\/\/meeplendice.net\/index.php?rest_route=\/wp\/v2\/pages"}],"about":[{"href":"https:\/\/meeplendice.net\/index.php?rest_route=\/wp\/v2\/types\/page"}],"author":[{"embeddable":true,"href":"https:\/\/meeplendice.net\/index.php?rest_route=\/wp\/v2\/users\/2"}],"replies":[{"embeddable":true,"href":"https:\/\/meeplendice.net\/index.php?rest_route=%2Fwp%2Fv2%2Fcomments&post=3331"}],"version-history":[{"count":2,"href":"https:\/\/meeplendice.net\/index.php?rest_route=\/wp\/v2\/pages\/3331\/revisions"}],"predecessor-version":[{"id":6754,"href":"https:\/\/meeplendice.net\/index.php?rest_route=\/wp\/v2\/pages\/3331\/revisions\/6754"}],"up":[{"embeddable":true,"href":"https:\/\/meeplendice.net\/index.php?rest_route=\/wp\/v2\/pages\/410"}],"wp:featuredmedia":[{"embeddable":true,"href":"https:\/\/meeplendice.net\/index.php?rest_route=\/wp\/v2\/media\/3329"}],"wp:attachment":[{"href":"https:\/\/meeplendice.net\/index.php?rest_route=%2Fwp%2Fv2%2Fmedia&parent=3331"}],"curies":[{"name":"wp","href":"https:\/\/api.w.org\/{rel}","templated":true}]}}