{"id":3333,"date":"2017-07-31T09:36:42","date_gmt":"2017-07-31T08:36:42","guid":{"rendered":"http:\/\/meeplendice.net\/?page_id=3333"},"modified":"2020-08-19T21:16:22","modified_gmt":"2020-08-19T20:16:22","slug":"le-golem-du-roi","status":"publish","type":"page","link":"https:\/\/meeplendice.net\/?page_id=3333","title":{"rendered":"Le Golem du Roi"},"content":{"rendered":"<div class=\"p_collection\">\n<div class=\"p_collection\">\n<p>Mais que sont en train de faire mes coll\u00e8gues ? Cela fait des semaines qu&rsquo;ils sont enferm\u00e9s dans leurs laboratoires, n&rsquo;en sortant que pour se rendre en toute discr\u00e9tion dans la Biblioth\u00e8que Royale. Travailleraient-ils, eux aussi, \u00e0 r\u00e9soudre l&rsquo;\u00e9nigme pos\u00e9e par le Roi ?<\/p>\n<p>Les imb\u00e9ciles ! Les formules qu&rsquo;ils recherchent dans l&rsquo;Encyclop\u00e9die Royale ont \u00e9t\u00e9 \u00e9crites de ma main ! Je suis le seul \u00e0 conna\u00eetre la vraie nature de la racine de mandragore, je serai donc le seul \u00e0 r\u00e9ussir \u00e0 donner vie au Golem du Roi !<\/p>\n<p>Le Golem du Roi contient 4 modules d&rsquo;extension qui peuvent \u00eatre combin\u00e9s de diff\u00e9rentes fa\u00e7ons :<br \/>\n&#8211; <strong>Financement de d\u00e9part<\/strong>, permet aux joueurs de personnaliser leurs ressources initiales<br \/>\n&#8211; <strong>Journ\u00e9es Studieuses<\/strong>, modifie l&rsquo;entame de chaque manche.<br \/>\n&#8211; <strong>L&rsquo;Encyclop\u00e9die Royale<\/strong>, propose une toute nouvelle fa\u00e7on de publier vos recherches.<br \/>\n&#8211; <strong>Le Projet Golem<\/strong>, est un nouveau d\u00e9fi de d\u00e9duction. Parviendrez-vous \u00e0 donner vie \u00e0 cette masse informe d&rsquo;argile ?<\/p>\n<\/div>\n<\/div>\n<p>&nbsp;<\/p>\n<p><span id=\"result_box\" class=\"\" lang=\"fr\"><span class=\"\">\u00a0<\/span><\/span><\/p>\n","protected":false},"excerpt":{"rendered":"<p>Mais que sont en train de faire mes coll\u00e8gues ? Cela fait des semaines qu&rsquo;ils sont enferm\u00e9s dans leurs laboratoires, n&rsquo;en sortant que pour se rendre en toute discr\u00e9tion dans la Biblioth\u00e8que Royale. Travailleraient-ils, eux aussi, \u00e0 r\u00e9soudre l&rsquo;\u00e9nigme pos\u00e9e par le Roi ? Les imb\u00e9ciles ! Les formules qu&rsquo;ils recherchent dans l&rsquo;Encyclop\u00e9die Royale ont \u00e9t\u00e9 \u00e9crites de ma main ! Je suis le seul \u00e0 conna\u00eetre la vraie nature de la racine de mandragore, je serai donc le seul \u00e0 r\u00e9ussir \u00e0 donner vie au Golem du Roi ! Le Golem du Roi contient 4 modules d&rsquo;extension qui peuvent \u00eatre combin\u00e9s de diff\u00e9rentes fa\u00e7ons : &#8211; Financement de d\u00e9part, permet aux joueurs de personnaliser leurs ressources initiales &#8211; Journ\u00e9es Studieuses, modifie l&rsquo;entame de chaque manche. &#8211; L&rsquo;Encyclop\u00e9die Royale, propose une toute nouvelle fa\u00e7on de publier vos recherches. &#8211; Le Projet Golem, est un nouveau d\u00e9fi de d\u00e9duction. Parviendrez-vous \u00e0 donner vie \u00e0 cette masse informe d&rsquo;argile ? &nbsp; \u00a0<\/p>\n","protected":false},"author":2,"featured_media":3334,"parent":88,"menu_order":0,"comment_status":"closed","ping_status":"closed","template":"","meta":{"footnotes":""},"class_list":["post-3333","page","type-page","status-publish","has-post-thumbnail","hentry"],"acf":[],"rttpg_featured_image_url":{"full":["https:\/\/meeplendice.net\/wp-content\/uploads\/2017\/07\/Alchimistes_golem.png",350,350,false],"landscape":["https:\/\/meeplendice.net\/wp-content\/uploads\/2017\/07\/Alchimistes_golem.png",350,350,false],"portraits":["https:\/\/meeplendice.net\/wp-content\/uploads\/2017\/07\/Alchimistes_golem.png",350,350,false],"thumbnail":["https:\/\/meeplendice.net\/wp-content\/uploads\/2017\/07\/Alchimistes_golem-150x150.png",150,150,true],"medium":["https:\/\/meeplendice.net\/wp-content\/uploads\/2017\/07\/Alchimistes_golem-300x300.png",300,300,true],"large":["https:\/\/meeplendice.net\/wp-content\/uploads\/2017\/07\/Alchimistes_golem.png",350,350,false],"ug_big":["https:\/\/meeplendice.net\/wp-content\/uploads\/2017\/07\/Alchimistes_golem.png",350,350,false],"1536x1536":["https:\/\/meeplendice.net\/wp-content\/uploads\/2017\/07\/Alchimistes_golem.png",350,350,false],"2048x2048":["https:\/\/meeplendice.net\/wp-content\/uploads\/2017\/07\/Alchimistes_golem.png",350,350,false],"ashe-slider-grid-thumbnail":["https:\/\/meeplendice.net\/wp-content\/uploads\/2017\/07\/Alchimistes_golem.png",350,350,false],"ashe-full-thumbnail":["https:\/\/meeplendice.net\/wp-content\/uploads\/2017\/07\/Alchimistes_golem.png",350,350,false],"ashe-grid-thumbnail":["https:\/\/meeplendice.net\/wp-content\/uploads\/2017\/07\/Alchimistes_golem-350x330.png",350,330,true],"ashe-list-thumbnail":["https:\/\/meeplendice.net\/wp-content\/uploads\/2017\/07\/Alchimistes_golem-300x300.png",300,300,true],"ashe-single-navigation":["https:\/\/meeplendice.net\/wp-content\/uploads\/2017\/07\/Alchimistes_golem-75x75.png",75,75,true],"mailpoet_newsletter_max":["https:\/\/meeplendice.net\/wp-content\/uploads\/2017\/07\/Alchimistes_golem.png",350,350,false],"rpwe-thumbnail":["https:\/\/meeplendice.net\/wp-content\/uploads\/2017\/07\/Alchimistes_golem-45x45.png",45,45,true],"sow-carousel-default":["https:\/\/meeplendice.net\/wp-content\/uploads\/2017\/07\/Alchimistes_golem-272x182.png",272,182,true],"rt_custom":["https:\/\/meeplendice.net\/wp-content\/uploads\/2017\/07\/Alchimistes_golem.png",350,350,false]},"rttpg_author":{"display_name":"Karnby","author_link":"https:\/\/meeplendice.net\/?author=2"},"rttpg_comment":0,"rttpg_category":null,"rttpg_excerpt":"Mais que sont en train de faire mes coll\u00e8gues ? Cela fait des semaines qu&rsquo;ils sont enferm\u00e9s dans leurs laboratoires, n&rsquo;en sortant que pour se rendre en toute discr\u00e9tion dans la Biblioth\u00e8que Royale. Travailleraient-ils, eux aussi, \u00e0 r\u00e9soudre l&rsquo;\u00e9nigme pos\u00e9e par le Roi ? Les imb\u00e9ciles ! Les formules qu&rsquo;ils recherchent dans l&rsquo;Encyclop\u00e9die Royale ont\u2026","_links":{"self":[{"href":"https:\/\/meeplendice.net\/index.php?rest_route=\/wp\/v2\/pages\/3333","targetHints":{"allow":["GET"]}}],"collection":[{"href":"https:\/\/meeplendice.net\/index.php?rest_route=\/wp\/v2\/pages"}],"about":[{"href":"https:\/\/meeplendice.net\/index.php?rest_route=\/wp\/v2\/types\/page"}],"author":[{"embeddable":true,"href":"https:\/\/meeplendice.net\/index.php?rest_route=\/wp\/v2\/users\/2"}],"replies":[{"embeddable":true,"href":"https:\/\/meeplendice.net\/index.php?rest_route=%2Fwp%2Fv2%2Fcomments&post=3333"}],"version-history":[{"count":7,"href":"https:\/\/meeplendice.net\/index.php?rest_route=\/wp\/v2\/pages\/3333\/revisions"}],"predecessor-version":[{"id":6091,"href":"https:\/\/meeplendice.net\/index.php?rest_route=\/wp\/v2\/pages\/3333\/revisions\/6091"}],"up":[{"embeddable":true,"href":"https:\/\/meeplendice.net\/index.php?rest_route=\/wp\/v2\/pages\/88"}],"wp:featuredmedia":[{"embeddable":true,"href":"https:\/\/meeplendice.net\/index.php?rest_route=\/wp\/v2\/media\/3334"}],"wp:attachment":[{"href":"https:\/\/meeplendice.net\/index.php?rest_route=%2Fwp%2Fv2%2Fmedia&parent=3333"}],"curies":[{"name":"wp","href":"https:\/\/api.w.org\/{rel}","templated":true}]}}