{"id":3348,"date":"2017-07-31T10:16:32","date_gmt":"2017-07-31T09:16:32","guid":{"rendered":"http:\/\/meeplendice.net\/?page_id=3348"},"modified":"2025-12-15T16:37:03","modified_gmt":"2025-12-15T14:37:03","slug":"unlock-mystery-adventures","status":"publish","type":"page","link":"https:\/\/meeplendice.net\/?page_id=3348","title":{"rendered":"Mystery Adventures"},"content":{"rendered":"<div id=\"pl-3348\"  class=\"panel-layout\" ><div id=\"pg-3348-0\"  class=\"panel-grid panel-no-style\" ><div id=\"pgc-3348-0-0\"  class=\"panel-grid-cell\" ><div id=\"panel-3348-0-0-0\" class=\"so-panel widget widget_sow-editor panel-first-child panel-last-child\" data-index=\"0\" ><div\n\t\t\t\n\t\t\tclass=\"so-widget-sow-editor so-widget-sow-editor-base\"\n\t\t\t\n\t\t>\n<div class=\"siteorigin-widget-tinymce textwidget\">\n\t<p style=\"text-align: center;\"><strong>Auteur(s) :<br \/>\n<\/strong>Cyril Demaegd<br \/>\nArnaud Ladagnous<br \/>\nFabrice Mazza<br \/>\nS\u00e9bastien Pauchon<br \/>\nBilly Stevenson<\/p>\n<\/div>\n<\/div><\/div><\/div><div id=\"pgc-3348-0-1\"  class=\"panel-grid-cell\" ><div id=\"panel-3348-0-1-0\" class=\"so-panel widget widget_sow-editor panel-first-child panel-last-child\" data-index=\"1\" ><div\n\t\t\t\n\t\t\tclass=\"so-widget-sow-editor so-widget-sow-editor-base\"\n\t\t\t\n\t\t>\n<div class=\"siteorigin-widget-tinymce textwidget\">\n\t<p style=\"text-align: center;\"><strong>Illustrations :<\/strong><br \/>\nFlorian de Gesincourt<br \/>\nPierre Santamaria<br \/>\nSergo<\/p>\n<\/div>\n<\/div><\/div><\/div><div id=\"pgc-3348-0-2\"  class=\"panel-grid-cell\" ><div id=\"panel-3348-0-2-0\" class=\"so-panel widget widget_sow-editor panel-first-child panel-last-child\" data-index=\"2\" ><div\n\t\t\t\n\t\t\tclass=\"so-widget-sow-editor so-widget-sow-editor-base\"\n\t\t\t\n\t\t>\n<div class=\"siteorigin-widget-tinymce textwidget\">\n\t<p style=\"text-align: center;\"><strong>\u00c9dition :<\/strong><br \/>\nSpace Cowboys<br \/>\n2017<\/p>\n<\/div>\n<\/div><\/div><\/div><div id=\"pgc-3348-0-3\"  class=\"panel-grid-cell\" ><div id=\"panel-3348-0-3-0\" class=\"so-panel widget widget_sow-editor panel-first-child panel-last-child\" data-index=\"3\" ><div\n\t\t\t\n\t\t\tclass=\"so-widget-sow-editor so-widget-sow-editor-base\"\n\t\t\t\n\t\t>\n<div class=\"siteorigin-widget-tinymce textwidget\">\n\t<p style=\"text-align: center;\"><strong>Version :<\/strong><br \/>\nFran\u00e7aise<\/p>\n<\/div>\n<\/div><\/div><\/div><\/div><div id=\"pg-3348-1\"  class=\"panel-grid panel-no-style\" ><div id=\"pgc-3348-1-0\"  class=\"panel-grid-cell\" ><div id=\"panel-3348-1-0-0\" class=\"so-panel widget widget_sow-editor panel-first-child panel-last-child\" data-index=\"4\" ><div\n\t\t\t\n\t\t\tclass=\"so-widget-sow-editor so-widget-sow-editor-base\"\n\t\t\t\n\t\t>\n<div class=\"siteorigin-widget-tinymce textwidget\">\n\t<p>La bo\u00eete <em>Unlock! Mystery Adventures<\/em> contient trois aventures :<\/p>\n<p><em><strong>La maison sur la colline<\/strong><\/em><br \/>\nQue se passe-t-il dans ce manoir d\u00e9labr\u00e9 ? Explorez les pi\u00e8ces sinistres et d\u00e9jouez la mal\u00e9diction qui hante ces lieux d\u00e9sol\u00e9s.<\/p>\n<p><em><strong>Les pi\u00e8ges du Nautilus<\/strong><\/em><br \/>\nPourchass\u00e9s par un monstre marin au cours d'une plong\u00e9e, vous d\u00e9couvrez un abri en ouvrant une vieille \u00e9coutille. Trouvez un moyen de remonter \u00e0 la surface !<\/p>\n<p><em><strong>Le tr\u00e9sor de Tonipal<\/strong><\/em><br \/>\nLe capitaine Smith a cach\u00e9 son tr\u00e9sor sur l'\u00eele de Tonipal. D\u00e9terrez le magot avant qu'un autre chasseur de tr\u00e9sors ne mette la main dessus !<\/p>\n<\/div>\n<\/div><\/div><\/div><\/div><\/div>","protected":false},"excerpt":{"rendered":"<p>Auteur(s) : Cyril Demaegd Arnaud Ladagnous Fabrice Mazza S\u00e9bastien Pauchon Billy Stevenson Illustrations : Florian de Gesincourt Pierre Santamaria Sergo \u00c9dition : Space Cowboys 2017 Version : Fran\u00e7aise La bo\u00eete Unlock! Mystery Adventures contient trois aventures : La maison sur la colline Que se passe-t-il dans ce manoir d\u00e9labr\u00e9 ? Explorez les pi\u00e8ces sinistres et d\u00e9jouez la mal\u00e9diction qui hante ces lieux d\u00e9sol\u00e9s. Les pi\u00e8ges du Nautilus Pourchass\u00e9s par un monstre marin au cours d&rsquo;une plong\u00e9e, vous d\u00e9couvrez un abri en ouvrant une vieille \u00e9coutille. Trouvez un moyen de remonter \u00e0 la surface ! Le tr\u00e9sor de Tonipal Le capitaine Smith a cach\u00e9 son tr\u00e9sor sur l&rsquo;\u00eele de Tonipal. D\u00e9terrez le magot avant qu&rsquo;un autre chasseur de tr\u00e9sors ne mette la main dessus !<\/p>\n","protected":false},"author":2,"featured_media":13782,"parent":2446,"menu_order":2,"comment_status":"closed","ping_status":"closed","template":"","meta":{"footnotes":""},"class_list":["post-3348","page","type-page","status-publish","has-post-thumbnail","hentry"],"acf":[],"rttpg_featured_image_url":{"full":["https:\/\/meeplendice.net\/wp-content\/uploads\/2025\/12\/Unlock_Mystery.png",350,350,false],"landscape":["https:\/\/meeplendice.net\/wp-content\/uploads\/2025\/12\/Unlock_Mystery.png",350,350,false],"portraits":["https:\/\/meeplendice.net\/wp-content\/uploads\/2025\/12\/Unlock_Mystery.png",350,350,false],"thumbnail":["https:\/\/meeplendice.net\/wp-content\/uploads\/2025\/12\/Unlock_Mystery-150x150.png",150,150,true],"medium":["https:\/\/meeplendice.net\/wp-content\/uploads\/2025\/12\/Unlock_Mystery-300x300.png",300,300,true],"large":["https:\/\/meeplendice.net\/wp-content\/uploads\/2025\/12\/Unlock_Mystery.png",350,350,false],"ug_big":["https:\/\/meeplendice.net\/wp-content\/uploads\/2025\/12\/Unlock_Mystery.png",350,350,false],"1536x1536":["https:\/\/meeplendice.net\/wp-content\/uploads\/2025\/12\/Unlock_Mystery.png",350,350,false],"2048x2048":["https:\/\/meeplendice.net\/wp-content\/uploads\/2025\/12\/Unlock_Mystery.png",350,350,false],"ashe-slider-grid-thumbnail":["https:\/\/meeplendice.net\/wp-content\/uploads\/2025\/12\/Unlock_Mystery.png",350,350,false],"ashe-full-thumbnail":["https:\/\/meeplendice.net\/wp-content\/uploads\/2025\/12\/Unlock_Mystery.png",350,350,false],"ashe-grid-thumbnail":["https:\/\/meeplendice.net\/wp-content\/uploads\/2025\/12\/Unlock_Mystery-350x330.png",350,330,true],"ashe-list-thumbnail":["https:\/\/meeplendice.net\/wp-content\/uploads\/2025\/12\/Unlock_Mystery-300x300.png",300,300,true],"ashe-single-navigation":["https:\/\/meeplendice.net\/wp-content\/uploads\/2025\/12\/Unlock_Mystery-75x75.png",75,75,true],"mailpoet_newsletter_max":["https:\/\/meeplendice.net\/wp-content\/uploads\/2025\/12\/Unlock_Mystery.png",350,350,false],"rpwe-thumbnail":["https:\/\/meeplendice.net\/wp-content\/uploads\/2025\/12\/Unlock_Mystery-45x45.png",45,45,true],"sow-carousel-default":["https:\/\/meeplendice.net\/wp-content\/uploads\/2025\/12\/Unlock_Mystery-272x182.png",272,182,true],"rt_custom":["https:\/\/meeplendice.net\/wp-content\/uploads\/2025\/12\/Unlock_Mystery.png",350,350,false]},"rttpg_author":{"display_name":"Karnby","author_link":"https:\/\/meeplendice.net\/?author=2"},"rttpg_comment":0,"rttpg_category":null,"rttpg_excerpt":"Auteur(s) : Cyril Demaegd Arnaud Ladagnous Fabrice Mazza S\u00e9bastien Pauchon Billy Stevenson Illustrations : Florian de Gesincourt Pierre Santamaria Sergo \u00c9dition : Space Cowboys 2017 Version : Fran\u00e7aise La bo\u00eete Unlock! Mystery Adventures contient trois aventures : La maison sur la colline Que se passe-t-il dans ce manoir d\u00e9labr\u00e9 ? Explorez les pi\u00e8ces sinistres et\u2026","_links":{"self":[{"href":"https:\/\/meeplendice.net\/index.php?rest_route=\/wp\/v2\/pages\/3348","targetHints":{"allow":["GET"]}}],"collection":[{"href":"https:\/\/meeplendice.net\/index.php?rest_route=\/wp\/v2\/pages"}],"about":[{"href":"https:\/\/meeplendice.net\/index.php?rest_route=\/wp\/v2\/types\/page"}],"author":[{"embeddable":true,"href":"https:\/\/meeplendice.net\/index.php?rest_route=\/wp\/v2\/users\/2"}],"replies":[{"embeddable":true,"href":"https:\/\/meeplendice.net\/index.php?rest_route=%2Fwp%2Fv2%2Fcomments&post=3348"}],"version-history":[{"count":11,"href":"https:\/\/meeplendice.net\/index.php?rest_route=\/wp\/v2\/pages\/3348\/revisions"}],"predecessor-version":[{"id":13801,"href":"https:\/\/meeplendice.net\/index.php?rest_route=\/wp\/v2\/pages\/3348\/revisions\/13801"}],"up":[{"embeddable":true,"href":"https:\/\/meeplendice.net\/index.php?rest_route=\/wp\/v2\/pages\/2446"}],"wp:featuredmedia":[{"embeddable":true,"href":"https:\/\/meeplendice.net\/index.php?rest_route=\/wp\/v2\/media\/13782"}],"wp:attachment":[{"href":"https:\/\/meeplendice.net\/index.php?rest_route=%2Fwp%2Fv2%2Fmedia&parent=3348"}],"curies":[{"name":"wp","href":"https:\/\/api.w.org\/{rel}","templated":true}]}}