{"id":3425,"date":"2017-09-15T15:03:21","date_gmt":"2017-09-15T14:03:21","guid":{"rendered":"http:\/\/meeplendice.net\/?page_id=3425"},"modified":"2020-09-07T10:34:54","modified_gmt":"2020-09-07T09:34:54","slug":"leveil-des-montagnes","status":"publish","type":"page","link":"https:\/\/meeplendice.net\/?page_id=3425","title":{"rendered":"L&rsquo;Eveil des Montagnes"},"content":{"rendered":"<div class=\"p_collection\">\n<p><em>Plongez dans le Monde Sauvage !<\/em><\/p>\n<p style=\"text-align: justify;\"><em>Une lune sanglante se l\u00e8ve au-dessus de Terrinoth, tandis que b\u00eates et cr\u00e9atures des montagnes sont saisies de folie. Seuls les plus braves h\u00e9ros du royaume se dressent entre ces monstres et la population sans d\u00e9fense.<\/em><\/p>\n<p style=\"text-align: justify;\">Avec le Paquet Aventure L\u2019\u00c9veil des Montagnes, vous d\u00e9couvrez un nouveau h\u00e9ros pour vos parties de <em>Runebound<\/em>, ainsi que des cartes Aventure, Ressource et Comp\u00e9tence in\u00e9dites assorties de nouveaux pions Combat, que vous pourrez utiliser pour raconter le prochain chapitre de vos aventures.<\/p>\n<\/div>\n<p>&nbsp;<\/p>\n<p><span id=\"result_box\" class=\"\" lang=\"fr\"><span class=\"\">\u00a0<\/span><\/span><\/p>\n","protected":false},"excerpt":{"rendered":"<p>Plongez dans le Monde Sauvage ! Une lune sanglante se l\u00e8ve au-dessus de Terrinoth, tandis que b\u00eates et cr\u00e9atures des montagnes sont saisies de folie. Seuls les plus braves h\u00e9ros du royaume se dressent entre ces monstres et la population sans d\u00e9fense. Avec le Paquet Aventure L\u2019\u00c9veil des Montagnes, vous d\u00e9couvrez un nouveau h\u00e9ros pour vos parties de Runebound, ainsi que des cartes Aventure, Ressource et Comp\u00e9tence in\u00e9dites assorties de nouveaux pions Combat, que vous pourrez utiliser pour raconter le prochain chapitre de vos aventures. &nbsp; \u00a0<\/p>\n","protected":false},"author":2,"featured_media":3427,"parent":410,"menu_order":2,"comment_status":"closed","ping_status":"closed","template":"","meta":{"footnotes":""},"class_list":["post-3425","page","type-page","status-publish","has-post-thumbnail","hentry"],"acf":[],"rttpg_featured_image_url":{"full":["https:\/\/meeplendice.net\/wp-content\/uploads\/2017\/09\/Runebound_montagnes.png",350,350,false],"landscape":["https:\/\/meeplendice.net\/wp-content\/uploads\/2017\/09\/Runebound_montagnes.png",350,350,false],"portraits":["https:\/\/meeplendice.net\/wp-content\/uploads\/2017\/09\/Runebound_montagnes.png",350,350,false],"thumbnail":["https:\/\/meeplendice.net\/wp-content\/uploads\/2017\/09\/Runebound_montagnes-150x150.png",150,150,true],"medium":["https:\/\/meeplendice.net\/wp-content\/uploads\/2017\/09\/Runebound_montagnes-300x300.png",300,300,true],"large":["https:\/\/meeplendice.net\/wp-content\/uploads\/2017\/09\/Runebound_montagnes.png",350,350,false],"ug_big":["https:\/\/meeplendice.net\/wp-content\/uploads\/2017\/09\/Runebound_montagnes.png",350,350,false],"1536x1536":["https:\/\/meeplendice.net\/wp-content\/uploads\/2017\/09\/Runebound_montagnes.png",350,350,false],"2048x2048":["https:\/\/meeplendice.net\/wp-content\/uploads\/2017\/09\/Runebound_montagnes.png",350,350,false],"ashe-slider-grid-thumbnail":["https:\/\/meeplendice.net\/wp-content\/uploads\/2017\/09\/Runebound_montagnes.png",350,350,false],"ashe-full-thumbnail":["https:\/\/meeplendice.net\/wp-content\/uploads\/2017\/09\/Runebound_montagnes.png",350,350,false],"ashe-grid-thumbnail":["https:\/\/meeplendice.net\/wp-content\/uploads\/2017\/09\/Runebound_montagnes-350x330.png",350,330,true],"ashe-list-thumbnail":["https:\/\/meeplendice.net\/wp-content\/uploads\/2017\/09\/Runebound_montagnes-300x300.png",300,300,true],"ashe-single-navigation":["https:\/\/meeplendice.net\/wp-content\/uploads\/2017\/09\/Runebound_montagnes-75x75.png",75,75,true],"mailpoet_newsletter_max":["https:\/\/meeplendice.net\/wp-content\/uploads\/2017\/09\/Runebound_montagnes.png",350,350,false],"rpwe-thumbnail":["https:\/\/meeplendice.net\/wp-content\/uploads\/2017\/09\/Runebound_montagnes-45x45.png",45,45,true],"sow-carousel-default":["https:\/\/meeplendice.net\/wp-content\/uploads\/2017\/09\/Runebound_montagnes-272x182.png",272,182,true],"rt_custom":["https:\/\/meeplendice.net\/wp-content\/uploads\/2017\/09\/Runebound_montagnes.png",350,350,false]},"rttpg_author":{"display_name":"Karnby","author_link":"https:\/\/meeplendice.net\/?author=2"},"rttpg_comment":0,"rttpg_category":null,"rttpg_excerpt":"Plongez dans le Monde Sauvage ! Une lune sanglante se l\u00e8ve au-dessus de Terrinoth, tandis que b\u00eates et cr\u00e9atures des montagnes sont saisies de folie. Seuls les plus braves h\u00e9ros du royaume se dressent entre ces monstres et la population sans d\u00e9fense. Avec le Paquet Aventure L\u2019\u00c9veil des Montagnes, vous d\u00e9couvrez un nouveau h\u00e9ros pour\u2026","_links":{"self":[{"href":"https:\/\/meeplendice.net\/index.php?rest_route=\/wp\/v2\/pages\/3425","targetHints":{"allow":["GET"]}}],"collection":[{"href":"https:\/\/meeplendice.net\/index.php?rest_route=\/wp\/v2\/pages"}],"about":[{"href":"https:\/\/meeplendice.net\/index.php?rest_route=\/wp\/v2\/types\/page"}],"author":[{"embeddable":true,"href":"https:\/\/meeplendice.net\/index.php?rest_route=\/wp\/v2\/users\/2"}],"replies":[{"embeddable":true,"href":"https:\/\/meeplendice.net\/index.php?rest_route=%2Fwp%2Fv2%2Fcomments&post=3425"}],"version-history":[{"count":3,"href":"https:\/\/meeplendice.net\/index.php?rest_route=\/wp\/v2\/pages\/3425\/revisions"}],"predecessor-version":[{"id":6755,"href":"https:\/\/meeplendice.net\/index.php?rest_route=\/wp\/v2\/pages\/3425\/revisions\/6755"}],"up":[{"embeddable":true,"href":"https:\/\/meeplendice.net\/index.php?rest_route=\/wp\/v2\/pages\/410"}],"wp:featuredmedia":[{"embeddable":true,"href":"https:\/\/meeplendice.net\/index.php?rest_route=\/wp\/v2\/media\/3427"}],"wp:attachment":[{"href":"https:\/\/meeplendice.net\/index.php?rest_route=%2Fwp%2Fv2%2Fmedia&parent=3425"}],"curies":[{"name":"wp","href":"https:\/\/api.w.org\/{rel}","templated":true}]}}