{"id":3429,"date":"2017-09-15T15:05:52","date_gmt":"2017-09-15T14:05:52","guid":{"rendered":"http:\/\/meeplendice.net\/?page_id=3429"},"modified":"2020-09-07T10:35:00","modified_gmt":"2020-09-07T09:35:00","slug":"la-lame-doree","status":"publish","type":"page","link":"https:\/\/meeplendice.net\/?page_id=3429","title":{"rendered":"La Lame Dor\u00e9e"},"content":{"rendered":"<div class=\"p_collection\">\n<p><em>La Lame Dor\u00e9e \u00c9tincelle !<\/em><\/p>\n<p style=\"text-align: justify;\"><em>Chaque ann\u00e9e, les artisans, marchands et maints escrocs de Terrinoth s\u2019unissent sous la protection de la Lame Dor\u00e9e.<\/em><\/p>\n<p style=\"text-align: justify;\">Le Paquet Aventure La Lame Dor\u00e9e invite \u00e0 pr\u00e9sent votre groupe de h\u00e9ros \u00e0 participer au Festival et \u00e0 s\u2019\u00e9quiper pour de nouvelles aventures. Cette extension propose un nouveau h\u00e9ros pour vos parties de <em>Runebound<\/em>, ainsi que des cartes Aventure, Ressource et Comp\u00e9tence in\u00e9dites assorties de nouveaux pions Combat.<\/p>\n<\/div>\n<p>&nbsp;<\/p>\n<p><span id=\"result_box\" class=\"\" lang=\"fr\"><span class=\"\">\u00a0<\/span><\/span><\/p>\n","protected":false},"excerpt":{"rendered":"<p>La Lame Dor\u00e9e \u00c9tincelle ! Chaque ann\u00e9e, les artisans, marchands et maints escrocs de Terrinoth s\u2019unissent sous la protection de la Lame Dor\u00e9e. Le Paquet Aventure La Lame Dor\u00e9e invite \u00e0 pr\u00e9sent votre groupe de h\u00e9ros \u00e0 participer au Festival et \u00e0 s\u2019\u00e9quiper pour de nouvelles aventures. Cette extension propose un nouveau h\u00e9ros pour vos parties de Runebound, ainsi que des cartes Aventure, Ressource et Comp\u00e9tence in\u00e9dites assorties de nouveaux pions Combat. &nbsp; \u00a0<\/p>\n","protected":false},"author":2,"featured_media":3426,"parent":410,"menu_order":4,"comment_status":"closed","ping_status":"closed","template":"","meta":{"footnotes":""},"class_list":["post-3429","page","type-page","status-publish","has-post-thumbnail","hentry"],"acf":[],"rttpg_featured_image_url":{"full":["https:\/\/meeplendice.net\/wp-content\/uploads\/2017\/09\/Runebound_lame.png",350,350,false],"landscape":["https:\/\/meeplendice.net\/wp-content\/uploads\/2017\/09\/Runebound_lame.png",350,350,false],"portraits":["https:\/\/meeplendice.net\/wp-content\/uploads\/2017\/09\/Runebound_lame.png",350,350,false],"thumbnail":["https:\/\/meeplendice.net\/wp-content\/uploads\/2017\/09\/Runebound_lame-150x150.png",150,150,true],"medium":["https:\/\/meeplendice.net\/wp-content\/uploads\/2017\/09\/Runebound_lame-300x300.png",300,300,true],"large":["https:\/\/meeplendice.net\/wp-content\/uploads\/2017\/09\/Runebound_lame.png",350,350,false],"ug_big":["https:\/\/meeplendice.net\/wp-content\/uploads\/2017\/09\/Runebound_lame.png",350,350,false],"1536x1536":["https:\/\/meeplendice.net\/wp-content\/uploads\/2017\/09\/Runebound_lame.png",350,350,false],"2048x2048":["https:\/\/meeplendice.net\/wp-content\/uploads\/2017\/09\/Runebound_lame.png",350,350,false],"ashe-slider-grid-thumbnail":["https:\/\/meeplendice.net\/wp-content\/uploads\/2017\/09\/Runebound_lame.png",350,350,false],"ashe-full-thumbnail":["https:\/\/meeplendice.net\/wp-content\/uploads\/2017\/09\/Runebound_lame.png",350,350,false],"ashe-grid-thumbnail":["https:\/\/meeplendice.net\/wp-content\/uploads\/2017\/09\/Runebound_lame-350x330.png",350,330,true],"ashe-list-thumbnail":["https:\/\/meeplendice.net\/wp-content\/uploads\/2017\/09\/Runebound_lame-300x300.png",300,300,true],"ashe-single-navigation":["https:\/\/meeplendice.net\/wp-content\/uploads\/2017\/09\/Runebound_lame-75x75.png",75,75,true],"mailpoet_newsletter_max":["https:\/\/meeplendice.net\/wp-content\/uploads\/2017\/09\/Runebound_lame.png",350,350,false],"rpwe-thumbnail":["https:\/\/meeplendice.net\/wp-content\/uploads\/2017\/09\/Runebound_lame-45x45.png",45,45,true],"sow-carousel-default":["https:\/\/meeplendice.net\/wp-content\/uploads\/2017\/09\/Runebound_lame-272x182.png",272,182,true],"rt_custom":["https:\/\/meeplendice.net\/wp-content\/uploads\/2017\/09\/Runebound_lame.png",350,350,false]},"rttpg_author":{"display_name":"Karnby","author_link":"https:\/\/meeplendice.net\/?author=2"},"rttpg_comment":0,"rttpg_category":null,"rttpg_excerpt":"La Lame Dor\u00e9e \u00c9tincelle ! Chaque ann\u00e9e, les artisans, marchands et maints escrocs de Terrinoth s\u2019unissent sous la protection de la Lame Dor\u00e9e. Le Paquet Aventure La Lame Dor\u00e9e invite \u00e0 pr\u00e9sent votre groupe de h\u00e9ros \u00e0 participer au Festival et \u00e0 s\u2019\u00e9quiper pour de nouvelles aventures. Cette extension propose un nouveau h\u00e9ros pour vos\u2026","_links":{"self":[{"href":"https:\/\/meeplendice.net\/index.php?rest_route=\/wp\/v2\/pages\/3429","targetHints":{"allow":["GET"]}}],"collection":[{"href":"https:\/\/meeplendice.net\/index.php?rest_route=\/wp\/v2\/pages"}],"about":[{"href":"https:\/\/meeplendice.net\/index.php?rest_route=\/wp\/v2\/types\/page"}],"author":[{"embeddable":true,"href":"https:\/\/meeplendice.net\/index.php?rest_route=\/wp\/v2\/users\/2"}],"replies":[{"embeddable":true,"href":"https:\/\/meeplendice.net\/index.php?rest_route=%2Fwp%2Fv2%2Fcomments&post=3429"}],"version-history":[{"count":2,"href":"https:\/\/meeplendice.net\/index.php?rest_route=\/wp\/v2\/pages\/3429\/revisions"}],"predecessor-version":[{"id":6756,"href":"https:\/\/meeplendice.net\/index.php?rest_route=\/wp\/v2\/pages\/3429\/revisions\/6756"}],"up":[{"embeddable":true,"href":"https:\/\/meeplendice.net\/index.php?rest_route=\/wp\/v2\/pages\/410"}],"wp:featuredmedia":[{"embeddable":true,"href":"https:\/\/meeplendice.net\/index.php?rest_route=\/wp\/v2\/media\/3426"}],"wp:attachment":[{"href":"https:\/\/meeplendice.net\/index.php?rest_route=%2Fwp%2Fv2%2Fmedia&parent=3429"}],"curies":[{"name":"wp","href":"https:\/\/api.w.org\/{rel}","templated":true}]}}