{"id":3447,"date":"2017-09-28T09:39:03","date_gmt":"2017-09-28T08:39:03","guid":{"rendered":"http:\/\/meeplendice.net\/?page_id=3447"},"modified":"2020-11-13T16:56:01","modified_gmt":"2020-11-13T15:56:01","slug":"new-angeles","status":"publish","type":"page","link":"https:\/\/meeplendice.net\/?page_id=3447","title":{"rendered":"New Angeles"},"content":{"rendered":"<div id=\"pl-3447\"  class=\"panel-layout\" ><div id=\"pg-3447-0\"  class=\"panel-grid panel-no-style\" ><div id=\"pgc-3447-0-0\"  class=\"panel-grid-cell\" ><div id=\"panel-3447-0-0-0\" class=\"so-panel widget widget_sow-editor panel-first-child panel-last-child\" data-index=\"0\" ><div\n\t\t\t\n\t\t\tclass=\"so-widget-sow-editor so-widget-sow-editor-base\"\n\t\t\t\n\t\t>\n<div class=\"siteorigin-widget-tinymce textwidget\">\n\t<p style=\"text-align: center;\"><strong>Nombre de joueurs :<\/strong><br \/>\n4 - 6<\/p>\n<\/div>\n<\/div><\/div><\/div><div id=\"pgc-3447-0-1\"  class=\"panel-grid-cell\" ><div id=\"panel-3447-0-1-0\" class=\"so-panel widget widget_sow-editor panel-first-child panel-last-child\" data-index=\"1\" ><div\n\t\t\t\n\t\t\tclass=\"so-widget-sow-editor so-widget-sow-editor-base\"\n\t\t\t\n\t\t>\n<div class=\"siteorigin-widget-tinymce textwidget\">\n\t<p style=\"text-align: center;\"><strong>Dur\u00e9e moyenne :<br \/>\n<\/strong> 240 min<\/p>\n<\/div>\n<\/div><\/div><\/div><div id=\"pgc-3447-0-2\"  class=\"panel-grid-cell\" ><div id=\"panel-3447-0-2-0\" class=\"so-panel widget widget_sow-editor panel-first-child panel-last-child\" data-index=\"2\" ><div\n\t\t\t\n\t\t\tclass=\"so-widget-sow-editor so-widget-sow-editor-base\"\n\t\t\t\n\t\t>\n<div class=\"siteorigin-widget-tinymce textwidget\">\n\t<p style=\"text-align: center;\"><strong>Age :<\/strong><br \/>\n14 ans et plus<\/p>\n<\/div>\n<\/div><\/div><\/div><\/div><div id=\"pg-3447-1\"  class=\"panel-grid panel-no-style\" ><div id=\"pgc-3447-1-0\"  class=\"panel-grid-cell\" ><div id=\"panel-3447-1-0-0\" class=\"so-panel widget widget_sow-editor panel-first-child panel-last-child\" data-index=\"3\" ><div\n\t\t\t\n\t\t\tclass=\"so-widget-sow-editor so-widget-sow-editor-base\"\n\t\t\t\n\t\t>\n<div class=\"siteorigin-widget-tinymce textwidget\">\n\t<p style=\"text-align: center;\"><strong>Auteur(s) :<br \/>\n<\/strong>JamesKniffen<\/p>\n<\/div>\n<\/div><\/div><\/div><div id=\"pgc-3447-1-1\"  class=\"panel-grid-cell\" ><div id=\"panel-3447-1-1-0\" class=\"so-panel widget widget_sow-editor panel-first-child panel-last-child\" data-index=\"4\" ><div\n\t\t\t\n\t\t\tclass=\"so-widget-sow-editor so-widget-sow-editor-base\"\n\t\t\t\n\t\t>\n<div class=\"siteorigin-widget-tinymce textwidget\">\n\t<p style=\"text-align: center;\"><strong>Illustrations :<\/strong><br \/>\nKirsten Zirngibl<br \/>\nHenning Ludvigsen<br \/>\nBruno Balisa<br \/>\nRalph Beisner...<\/p>\n<\/div>\n<\/div><\/div><\/div><div id=\"pgc-3447-1-2\"  class=\"panel-grid-cell\" ><div id=\"panel-3447-1-2-0\" class=\"so-panel widget widget_sow-editor panel-first-child panel-last-child\" data-index=\"5\" ><div\n\t\t\t\n\t\t\tclass=\"so-widget-sow-editor so-widget-sow-editor-base\"\n\t\t\t\n\t\t>\n<div class=\"siteorigin-widget-tinymce textwidget\">\n\t<p style=\"text-align: center;\"><strong>\u00c9dition :<\/strong><br \/>\nFantasy Flight Games<br \/>\nEdge Entertainment<br \/>\n2017<\/p>\n<\/div>\n<\/div><\/div><\/div><div id=\"pgc-3447-1-3\"  class=\"panel-grid-cell\" ><div id=\"panel-3447-1-3-0\" class=\"so-panel widget widget_sow-editor panel-first-child panel-last-child\" data-index=\"6\" ><div\n\t\t\t\n\t\t\tclass=\"so-widget-sow-editor so-widget-sow-editor-base\"\n\t\t\t\n\t\t>\n<div class=\"siteorigin-widget-tinymce textwidget\">\n\t<p style=\"text-align: center;\"><strong>Version :<\/strong><br \/>\nFran\u00e7aise<\/p>\n<\/div>\n<\/div><\/div><\/div><\/div><div id=\"pg-3447-2\"  class=\"panel-grid panel-no-style\" ><div id=\"pgc-3447-2-0\"  class=\"panel-grid-cell\" ><div id=\"panel-3447-2-0-0\" class=\"so-panel widget widget_sow-editor panel-first-child panel-last-child\" data-index=\"7\" ><div\n\t\t\t\n\t\t\tclass=\"so-widget-sow-editor so-widget-sow-editor-base\"\n\t\t\t\n\t\t>\n<div class=\"siteorigin-widget-tinymce textwidget\">\n\t<hr \/>\n<p>Le Monde a chang\u00e9. La Cupidit\u00e9 non.<\/p>\n<p><em>New Angeles balise \u00e9clatante de l'accomplissement humain et de son progr\u00e8s, est la cit\u00e9 la plus grande, la plus riche et la plus diversifi\u00e9e du monde. Autant de crit\u00e8res qui en font un terrain fertile pour les puissantes m\u00e9ga-corporations, chacune s'effor\u00e7ant de surclasser les autres en faisant fl\u00e9chir leur \u00e9conomie et leur poids politique. Les conflits entre ces g\u00e9ants font souvent des ravages parmi les classes populaires. La cit\u00e9 est un terrain de jeu pour les puissants et les nantis, reposant sur un socle de pauvret\u00e9 et de pollution.<\/em><\/p>\n<p>News Angeles est un jeu pour 4 \u00e0 6 joueurs. Ils y incarnent les r\u00f4les de m\u00e9ga-corporations dans l'univers d'Android. Les joueurs passent des march\u00e9s et forgent des alliances temporaires pour gagner de l'influence et une sup\u00e9riorit\u00e9 financi\u00e8re par rapport \u00e0 leurs rivaux corporatistes, tout en essayant de maintenir l'ordre et la prosp\u00e9rit\u00e9 de leur cit\u00e9 natale de News Angeles.<\/p>\n<\/div>\n<\/div><\/div><\/div><\/div><div id=\"pg-3447-3\"  class=\"panel-grid panel-no-style\" ><div id=\"pgc-3447-3-0\"  class=\"panel-grid-cell\" ><div id=\"panel-3447-3-0-0\" class=\"so-panel widget widget_sow-editor panel-first-child panel-last-child\" data-index=\"8\" ><div\n\t\t\t\n\t\t\tclass=\"so-widget-sow-editor so-widget-sow-editor-base\"\n\t\t\t\n\t\t>\n<div class=\"siteorigin-widget-tinymce textwidget\">\n\t<hr \/>\n<p style=\"text-align: center;\"><strong>En vid\u00e9o<\/strong><\/p>\n<\/div>\n<\/div><\/div><\/div><\/div><div id=\"pg-3447-4\"  class=\"panel-grid panel-no-style\" ><div id=\"pgc-3447-4-0\"  class=\"panel-grid-cell\" ><div id=\"panel-3447-4-0-0\" class=\"so-panel widget widget_sow-editor panel-first-child panel-last-child\" data-index=\"9\" ><div\n\t\t\t\n\t\t\tclass=\"so-widget-sow-editor so-widget-sow-editor-base\"\n\t\t\t\n\t\t>\n<div class=\"siteorigin-widget-tinymce textwidget\">\n\t<hr \/>\n<p style=\"text-align: center;\"><strong>Pour aller plus loin<\/strong><\/p>\n<\/div>\n<\/div><\/div><\/div><\/div><\/div>","protected":false},"excerpt":{"rendered":"<p>Nombre de joueurs : 4 &#8211; 6 Dur\u00e9e moyenne : 240 min Age : 14 ans et plus Auteur(s) : JamesKniffen Illustrations : Kirsten Zirngibl Henning Ludvigsen Bruno Balisa Ralph Beisner&#8230; \u00c9dition : Fantasy Flight Games Edge Entertainment 2017 Version : Fran\u00e7aise<\/p>\n","protected":false},"author":2,"featured_media":3448,"parent":0,"menu_order":0,"comment_status":"closed","ping_status":"closed","template":"","meta":{"footnotes":""},"class_list":["post-3447","page","type-page","status-publish","has-post-thumbnail","hentry"],"acf":[],"rttpg_featured_image_url":{"full":["https:\/\/meeplendice.net\/wp-content\/uploads\/2017\/09\/Newangeles.png",350,350,false],"landscape":["https:\/\/meeplendice.net\/wp-content\/uploads\/2017\/09\/Newangeles.png",350,350,false],"portraits":["https:\/\/meeplendice.net\/wp-content\/uploads\/2017\/09\/Newangeles.png",350,350,false],"thumbnail":["https:\/\/meeplendice.net\/wp-content\/uploads\/2017\/09\/Newangeles-150x150.png",150,150,true],"medium":["https:\/\/meeplendice.net\/wp-content\/uploads\/2017\/09\/Newangeles-300x300.png",300,300,true],"large":["https:\/\/meeplendice.net\/wp-content\/uploads\/2017\/09\/Newangeles.png",350,350,false],"ug_big":["https:\/\/meeplendice.net\/wp-content\/uploads\/2017\/09\/Newangeles.png",350,350,false],"1536x1536":["https:\/\/meeplendice.net\/wp-content\/uploads\/2017\/09\/Newangeles.png",350,350,false],"2048x2048":["https:\/\/meeplendice.net\/wp-content\/uploads\/2017\/09\/Newangeles.png",350,350,false],"ashe-slider-grid-thumbnail":["https:\/\/meeplendice.net\/wp-content\/uploads\/2017\/09\/Newangeles.png",350,350,false],"ashe-full-thumbnail":["https:\/\/meeplendice.net\/wp-content\/uploads\/2017\/09\/Newangeles.png",350,350,false],"ashe-grid-thumbnail":["https:\/\/meeplendice.net\/wp-content\/uploads\/2017\/09\/Newangeles-350x330.png",350,330,true],"ashe-list-thumbnail":["https:\/\/meeplendice.net\/wp-content\/uploads\/2017\/09\/Newangeles-300x300.png",300,300,true],"ashe-single-navigation":["https:\/\/meeplendice.net\/wp-content\/uploads\/2017\/09\/Newangeles-75x75.png",75,75,true],"mailpoet_newsletter_max":["https:\/\/meeplendice.net\/wp-content\/uploads\/2017\/09\/Newangeles.png",350,350,false],"rpwe-thumbnail":["https:\/\/meeplendice.net\/wp-content\/uploads\/2017\/09\/Newangeles-45x45.png",45,45,true],"sow-carousel-default":["https:\/\/meeplendice.net\/wp-content\/uploads\/2017\/09\/Newangeles-272x182.png",272,182,true],"rt_custom":["https:\/\/meeplendice.net\/wp-content\/uploads\/2017\/09\/Newangeles.png",350,350,false]},"rttpg_author":{"display_name":"Karnby","author_link":"https:\/\/meeplendice.net\/?author=2"},"rttpg_comment":0,"rttpg_category":null,"rttpg_excerpt":"Nombre de joueurs : 4 - 6 Dur\u00e9e moyenne : 240 min Age : 14 ans et plus Auteur(s) : JamesKniffen Illustrations : Kirsten Zirngibl Henning Ludvigsen Bruno Balisa Ralph Beisner... \u00c9dition : Fantasy Flight Games Edge Entertainment 2017 Version : Fran\u00e7aise","_links":{"self":[{"href":"https:\/\/meeplendice.net\/index.php?rest_route=\/wp\/v2\/pages\/3447","targetHints":{"allow":["GET"]}}],"collection":[{"href":"https:\/\/meeplendice.net\/index.php?rest_route=\/wp\/v2\/pages"}],"about":[{"href":"https:\/\/meeplendice.net\/index.php?rest_route=\/wp\/v2\/types\/page"}],"author":[{"embeddable":true,"href":"https:\/\/meeplendice.net\/index.php?rest_route=\/wp\/v2\/users\/2"}],"replies":[{"embeddable":true,"href":"https:\/\/meeplendice.net\/index.php?rest_route=%2Fwp%2Fv2%2Fcomments&post=3447"}],"version-history":[{"count":7,"href":"https:\/\/meeplendice.net\/index.php?rest_route=\/wp\/v2\/pages\/3447\/revisions"}],"predecessor-version":[{"id":7331,"href":"https:\/\/meeplendice.net\/index.php?rest_route=\/wp\/v2\/pages\/3447\/revisions\/7331"}],"wp:featuredmedia":[{"embeddable":true,"href":"https:\/\/meeplendice.net\/index.php?rest_route=\/wp\/v2\/media\/3448"}],"wp:attachment":[{"href":"https:\/\/meeplendice.net\/index.php?rest_route=%2Fwp%2Fv2%2Fmedia&parent=3447"}],"curies":[{"name":"wp","href":"https:\/\/api.w.org\/{rel}","templated":true}]}}