{"id":3455,"date":"2017-09-28T09:59:19","date_gmt":"2017-09-28T08:59:19","guid":{"rendered":"http:\/\/meeplendice.net\/?page_id=3455"},"modified":"2020-09-07T14:25:15","modified_gmt":"2020-09-07T13:25:15","slug":"les-contrees-du-reves","status":"publish","type":"page","link":"https:\/\/meeplendice.net\/?page_id=3455","title":{"rendered":"Les Contr\u00e9es du R\u00eaves"},"content":{"rendered":"<p style=\"text-align: justify;\"><em>D\u2019\u00e9tranges \u00e9v\u00e9nements se pr\u00e9parent \u00e0 mesure qu\u2019un monde tr\u00e8s diff\u00e9rent du v\u00f4tre commence \u00e0 \u00e9merger dans la r\u00e9alit\u00e9. Beaucoup de r\u00eaveurs sont pourchass\u00e9s par des cauchemars d\u2019une obscurit\u00e9 d\u2019encre qui glisse silencieusement \u00e0 travers les cieux. D\u2019autres sombrent en douceur dans un profond sommeil duquel ils ne s\u2019\u00e9veilleront jamais. Le tissu de la r\u00e9alit\u00e9 et de la raison se d\u00e9chire rapidement en plusieurs endroits. \u00c9paul\u00e9 par une poign\u00e9e d\u2019\u00e2mes courageuses, vous \u00eates le seul rempart entre l\u2019humanit\u00e9 et le vide infini.<\/em><\/p>\n<p style=\"text-align: justify;\">L\u2019extension Les Contr\u00e9es du R\u00eave met en sc\u00e8ne le plateau additionnel Contr\u00e9es du R\u00eave, ouvrant d\u2019\u00e9tranges portails qui m\u00e8nent du monde de l\u2019\u00e9veil \u00e0 la terre des r\u00eaves. Huit nouveaux investigateurs intr\u00e9pides rejoignent les rangs des h\u00e9ros qui d\u00e9fendront le monde contre un danger toujours plus grand, et sont accompagn\u00e9s d\u2019Alli\u00e9s aussi fid\u00e8les que l\u2019\u00e9nigmatique Randolph Carter. Faites appel \u00e0 des Sorts d\u00e9fiant l\u2019entendement, \u00e0 des Talents \u00e9poustouflants et \u00e0 des Artefacts tout \u00e0 fait irr\u00e9els pour tenir bon face \u00e0 la puissance des Grands Anciens. Descendez les marches du sommeil jusqu\u2019au Bois Enchant\u00e9, et entrez dans le fantastique royaume des Contr\u00e9es du R\u00eave !<\/p>\n<p>&nbsp;<\/p>\n<p><span id=\"result_box\" class=\"\" lang=\"fr\"><span class=\"\">\u00a0<\/span><\/span><\/p>\n","protected":false},"excerpt":{"rendered":"<p>D\u2019\u00e9tranges \u00e9v\u00e9nements se pr\u00e9parent \u00e0 mesure qu\u2019un monde tr\u00e8s diff\u00e9rent du v\u00f4tre commence \u00e0 \u00e9merger dans la r\u00e9alit\u00e9. Beaucoup de r\u00eaveurs sont pourchass\u00e9s par des cauchemars d\u2019une obscurit\u00e9 d\u2019encre qui glisse silencieusement \u00e0 travers les cieux. D\u2019autres sombrent en douceur dans un profond sommeil duquel ils ne s\u2019\u00e9veilleront jamais. Le tissu de la r\u00e9alit\u00e9 et de la raison se d\u00e9chire rapidement en plusieurs endroits. \u00c9paul\u00e9 par une poign\u00e9e d\u2019\u00e2mes courageuses, vous \u00eates le seul rempart entre l\u2019humanit\u00e9 et le vide infini. L\u2019extension Les Contr\u00e9es du R\u00eave met en sc\u00e8ne le plateau additionnel Contr\u00e9es du R\u00eave, ouvrant d\u2019\u00e9tranges portails qui m\u00e8nent du monde de l\u2019\u00e9veil \u00e0 la terre des r\u00eaves. Huit nouveaux investigateurs intr\u00e9pides rejoignent les rangs des h\u00e9ros qui d\u00e9fendront le monde contre un danger toujours plus grand, et sont accompagn\u00e9s d\u2019Alli\u00e9s aussi fid\u00e8les que l\u2019\u00e9nigmatique Randolph Carter. Faites appel \u00e0 des Sorts d\u00e9fiant l\u2019entendement, \u00e0 des Talents \u00e9poustouflants et \u00e0 des Artefacts tout \u00e0 fait irr\u00e9els pour tenir bon face \u00e0 la puissance des Grands Anciens. Descendez les marches du sommeil jusqu\u2019au Bois Enchant\u00e9, et entrez dans le fantastique royaume des Contr\u00e9es du R\u00eave ! &nbsp; \u00a0<\/p>\n","protected":false},"author":2,"featured_media":3456,"parent":344,"menu_order":6,"comment_status":"closed","ping_status":"closed","template":"","meta":{"footnotes":""},"class_list":["post-3455","page","type-page","status-publish","has-post-thumbnail","hentry"],"acf":[],"rttpg_featured_image_url":{"full":["https:\/\/meeplendice.net\/wp-content\/uploads\/2017\/09\/LcdL_Contreesr\u00eave.png",350,350,false],"landscape":["https:\/\/meeplendice.net\/wp-content\/uploads\/2017\/09\/LcdL_Contreesr\u00eave.png",350,350,false],"portraits":["https:\/\/meeplendice.net\/wp-content\/uploads\/2017\/09\/LcdL_Contreesr\u00eave.png",350,350,false],"thumbnail":["https:\/\/meeplendice.net\/wp-content\/uploads\/2017\/09\/LcdL_Contreesr\u00eave-150x150.png",150,150,true],"medium":["https:\/\/meeplendice.net\/wp-content\/uploads\/2017\/09\/LcdL_Contreesr\u00eave-300x300.png",300,300,true],"large":["https:\/\/meeplendice.net\/wp-content\/uploads\/2017\/09\/LcdL_Contreesr\u00eave.png",350,350,false],"ug_big":["https:\/\/meeplendice.net\/wp-content\/uploads\/2017\/09\/LcdL_Contreesr\u00eave.png",350,350,false],"1536x1536":["https:\/\/meeplendice.net\/wp-content\/uploads\/2017\/09\/LcdL_Contreesr\u00eave.png",350,350,false],"2048x2048":["https:\/\/meeplendice.net\/wp-content\/uploads\/2017\/09\/LcdL_Contreesr\u00eave.png",350,350,false],"ashe-slider-grid-thumbnail":["https:\/\/meeplendice.net\/wp-content\/uploads\/2017\/09\/LcdL_Contreesr\u00eave.png",350,350,false],"ashe-full-thumbnail":["https:\/\/meeplendice.net\/wp-content\/uploads\/2017\/09\/LcdL_Contreesr\u00eave.png",350,350,false],"ashe-grid-thumbnail":["https:\/\/meeplendice.net\/wp-content\/uploads\/2017\/09\/LcdL_Contreesr\u00eave-350x330.png",350,330,true],"ashe-list-thumbnail":["https:\/\/meeplendice.net\/wp-content\/uploads\/2017\/09\/LcdL_Contreesr\u00eave-300x300.png",300,300,true],"ashe-single-navigation":["https:\/\/meeplendice.net\/wp-content\/uploads\/2017\/09\/LcdL_Contreesr\u00eave-75x75.png",75,75,true],"mailpoet_newsletter_max":["https:\/\/meeplendice.net\/wp-content\/uploads\/2017\/09\/LcdL_Contreesr\u00eave.png",350,350,false],"rpwe-thumbnail":["https:\/\/meeplendice.net\/wp-content\/uploads\/2017\/09\/LcdL_Contreesr\u00eave-45x45.png",45,45,true],"sow-carousel-default":["https:\/\/meeplendice.net\/wp-content\/uploads\/2017\/09\/LcdL_Contreesr\u00eave-272x182.png",272,182,true],"rt_custom":["https:\/\/meeplendice.net\/wp-content\/uploads\/2017\/09\/LcdL_Contreesr\u00eave.png",350,350,false]},"rttpg_author":{"display_name":"Karnby","author_link":"https:\/\/meeplendice.net\/?author=2"},"rttpg_comment":0,"rttpg_category":null,"rttpg_excerpt":"D\u2019\u00e9tranges \u00e9v\u00e9nements se pr\u00e9parent \u00e0 mesure qu\u2019un monde tr\u00e8s diff\u00e9rent du v\u00f4tre commence \u00e0 \u00e9merger dans la r\u00e9alit\u00e9. Beaucoup de r\u00eaveurs sont pourchass\u00e9s par des cauchemars d\u2019une obscurit\u00e9 d\u2019encre qui glisse silencieusement \u00e0 travers les cieux. D\u2019autres sombrent en douceur dans un profond sommeil duquel ils ne s\u2019\u00e9veilleront jamais. Le tissu de la r\u00e9alit\u00e9 et\u2026","_links":{"self":[{"href":"https:\/\/meeplendice.net\/index.php?rest_route=\/wp\/v2\/pages\/3455","targetHints":{"allow":["GET"]}}],"collection":[{"href":"https:\/\/meeplendice.net\/index.php?rest_route=\/wp\/v2\/pages"}],"about":[{"href":"https:\/\/meeplendice.net\/index.php?rest_route=\/wp\/v2\/types\/page"}],"author":[{"embeddable":true,"href":"https:\/\/meeplendice.net\/index.php?rest_route=\/wp\/v2\/users\/2"}],"replies":[{"embeddable":true,"href":"https:\/\/meeplendice.net\/index.php?rest_route=%2Fwp%2Fv2%2Fcomments&post=3455"}],"version-history":[{"count":3,"href":"https:\/\/meeplendice.net\/index.php?rest_route=\/wp\/v2\/pages\/3455\/revisions"}],"predecessor-version":[{"id":6817,"href":"https:\/\/meeplendice.net\/index.php?rest_route=\/wp\/v2\/pages\/3455\/revisions\/6817"}],"up":[{"embeddable":true,"href":"https:\/\/meeplendice.net\/index.php?rest_route=\/wp\/v2\/pages\/344"}],"wp:featuredmedia":[{"embeddable":true,"href":"https:\/\/meeplendice.net\/index.php?rest_route=\/wp\/v2\/media\/3456"}],"wp:attachment":[{"href":"https:\/\/meeplendice.net\/index.php?rest_route=%2Fwp%2Fv2%2Fmedia&parent=3455"}],"curies":[{"name":"wp","href":"https:\/\/api.w.org\/{rel}","templated":true}]}}