{"id":3460,"date":"2017-09-28T10:33:18","date_gmt":"2017-09-28T09:33:18","guid":{"rendered":"http:\/\/meeplendice.net\/?page_id=3460"},"modified":"2020-09-07T11:44:43","modified_gmt":"2020-09-07T10:44:43","slug":"presages-de-profondeurs","status":"publish","type":"page","link":"https:\/\/meeplendice.net\/?page_id=3460","title":{"rendered":"Pr\u00e9sages de Profondeurs"},"content":{"rendered":"<p><em>Faites Voile vers le Grand Large !<\/em><\/p>\n<p style=\"text-align: justify;\"><em>Une exp\u00e9dition avort\u00e9e vers Nan Madol a entra\u00een\u00e9 la perte d\u2019un ancien texte inestimable dans les eaux du Pacifique. Une myst\u00e9rieuse amulette fut toutefois r\u00e9cup\u00e9r\u00e9e dans l\u2019\u00e9pave, et une \u00e9quipe d\u2019investigateurs d\u00e9termin\u00e9s doit \u00e0 pr\u00e9sent faire voile sur l\u2019oc\u00e9an pour retrouver les joyaux manquants de l\u2019artefact. Mais les profondeurs infinies des abysses cachent de nombreux et sinistres secrets\u2026<\/em><\/p>\n<p style=\"text-align: justify;\">Enrichissez vos parties du Signe des Anciens avec le mode de jeu \u00c9mergence de R\u2019lyeh propos\u00e9 dans Pr\u00e9sages des Profondeurs\u00a0! Les investigateurs voguent sur l\u2019Oc\u00e9an Pacifique et d\u00e9couvrent les antiques myst\u00e8res qui hantent ses profondeurs, tout en \u00e9chappant \u00e0 une arm\u00e9e de Profonds d\u00e9termin\u00e9s \u00e0 d\u00e9truire le navire. Au cours de leurs aventures, les investigateurs devront retrouver les joyaux d\u2019une amulette bris\u00e9e qui les guidera jusqu\u2019\u00e0 la cit\u00e9 mortif\u00e8re de R\u2019lyeh et aux terreurs qu\u2019elle rec\u00e8le. Cette extension introduit de dangereuses missions ainsi que de nouveaux objets, sorts et comp\u00e9tences, assortis d\u2019un groupe de pr\u00e9cieux alli\u00e9s. Fermez les \u00e9coutilles et pr\u00e9parez-vous \u00e0 faire voile vers les abysses\u00a0!<\/p>\n<p>&nbsp;<\/p>\n","protected":false},"excerpt":{"rendered":"<p>Faites Voile vers le Grand Large ! Une exp\u00e9dition avort\u00e9e vers Nan Madol a entra\u00een\u00e9 la perte d\u2019un ancien texte inestimable dans les eaux du Pacifique. Une myst\u00e9rieuse amulette fut toutefois r\u00e9cup\u00e9r\u00e9e dans l\u2019\u00e9pave, et une \u00e9quipe d\u2019investigateurs d\u00e9termin\u00e9s doit \u00e0 pr\u00e9sent faire voile sur l\u2019oc\u00e9an pour retrouver les joyaux manquants de l\u2019artefact. Mais les profondeurs infinies des abysses cachent de nombreux et sinistres secrets\u2026 Enrichissez vos parties du Signe des Anciens avec le mode de jeu \u00c9mergence de R\u2019lyeh propos\u00e9 dans Pr\u00e9sages des Profondeurs\u00a0! Les investigateurs voguent sur l\u2019Oc\u00e9an Pacifique et d\u00e9couvrent les antiques myst\u00e8res qui hantent ses profondeurs, tout en \u00e9chappant \u00e0 une arm\u00e9e de Profonds d\u00e9termin\u00e9s \u00e0 d\u00e9truire le navire. Au cours de leurs aventures, les investigateurs devront retrouver les joyaux d\u2019une amulette bris\u00e9e qui les guidera jusqu\u2019\u00e0 la cit\u00e9 mortif\u00e8re de R\u2019lyeh et aux terreurs qu\u2019elle rec\u00e8le. Cette extension introduit de dangereuses missions ainsi que de nouveaux objets, sorts et comp\u00e9tences, assortis d\u2019un groupe de pr\u00e9cieux alli\u00e9s. Fermez les \u00e9coutilles et pr\u00e9parez-vous \u00e0 faire voile vers les abysses\u00a0! &nbsp;<\/p>\n","protected":false},"author":2,"featured_media":3461,"parent":338,"menu_order":4,"comment_status":"closed","ping_status":"closed","template":"","meta":{"footnotes":""},"class_list":["post-3460","page","type-page","status-publish","has-post-thumbnail","hentry"],"acf":[],"rttpg_featured_image_url":{"full":["https:\/\/meeplendice.net\/wp-content\/uploads\/2017\/09\/LsdA_Profondeurs.png",350,350,false],"landscape":["https:\/\/meeplendice.net\/wp-content\/uploads\/2017\/09\/LsdA_Profondeurs.png",350,350,false],"portraits":["https:\/\/meeplendice.net\/wp-content\/uploads\/2017\/09\/LsdA_Profondeurs.png",350,350,false],"thumbnail":["https:\/\/meeplendice.net\/wp-content\/uploads\/2017\/09\/LsdA_Profondeurs-150x150.png",150,150,true],"medium":["https:\/\/meeplendice.net\/wp-content\/uploads\/2017\/09\/LsdA_Profondeurs-300x300.png",300,300,true],"large":["https:\/\/meeplendice.net\/wp-content\/uploads\/2017\/09\/LsdA_Profondeurs.png",350,350,false],"ug_big":["https:\/\/meeplendice.net\/wp-content\/uploads\/2017\/09\/LsdA_Profondeurs.png",350,350,false],"1536x1536":["https:\/\/meeplendice.net\/wp-content\/uploads\/2017\/09\/LsdA_Profondeurs.png",350,350,false],"2048x2048":["https:\/\/meeplendice.net\/wp-content\/uploads\/2017\/09\/LsdA_Profondeurs.png",350,350,false],"ashe-slider-grid-thumbnail":["https:\/\/meeplendice.net\/wp-content\/uploads\/2017\/09\/LsdA_Profondeurs.png",350,350,false],"ashe-full-thumbnail":["https:\/\/meeplendice.net\/wp-content\/uploads\/2017\/09\/LsdA_Profondeurs.png",350,350,false],"ashe-grid-thumbnail":["https:\/\/meeplendice.net\/wp-content\/uploads\/2017\/09\/LsdA_Profondeurs-350x330.png",350,330,true],"ashe-list-thumbnail":["https:\/\/meeplendice.net\/wp-content\/uploads\/2017\/09\/LsdA_Profondeurs-300x300.png",300,300,true],"ashe-single-navigation":["https:\/\/meeplendice.net\/wp-content\/uploads\/2017\/09\/LsdA_Profondeurs-75x75.png",75,75,true],"mailpoet_newsletter_max":["https:\/\/meeplendice.net\/wp-content\/uploads\/2017\/09\/LsdA_Profondeurs.png",350,350,false],"rpwe-thumbnail":["https:\/\/meeplendice.net\/wp-content\/uploads\/2017\/09\/LsdA_Profondeurs-45x45.png",45,45,true],"sow-carousel-default":["https:\/\/meeplendice.net\/wp-content\/uploads\/2017\/09\/LsdA_Profondeurs-272x182.png",272,182,true],"rt_custom":["https:\/\/meeplendice.net\/wp-content\/uploads\/2017\/09\/LsdA_Profondeurs.png",350,350,false]},"rttpg_author":{"display_name":"Karnby","author_link":"https:\/\/meeplendice.net\/?author=2"},"rttpg_comment":0,"rttpg_category":null,"rttpg_excerpt":"Faites Voile vers le Grand Large ! Une exp\u00e9dition avort\u00e9e vers Nan Madol a entra\u00een\u00e9 la perte d\u2019un ancien texte inestimable dans les eaux du Pacifique. Une myst\u00e9rieuse amulette fut toutefois r\u00e9cup\u00e9r\u00e9e dans l\u2019\u00e9pave, et une \u00e9quipe d\u2019investigateurs d\u00e9termin\u00e9s doit \u00e0 pr\u00e9sent faire voile sur l\u2019oc\u00e9an pour retrouver les joyaux manquants de l\u2019artefact. Mais les\u2026","_links":{"self":[{"href":"https:\/\/meeplendice.net\/index.php?rest_route=\/wp\/v2\/pages\/3460","targetHints":{"allow":["GET"]}}],"collection":[{"href":"https:\/\/meeplendice.net\/index.php?rest_route=\/wp\/v2\/pages"}],"about":[{"href":"https:\/\/meeplendice.net\/index.php?rest_route=\/wp\/v2\/types\/page"}],"author":[{"embeddable":true,"href":"https:\/\/meeplendice.net\/index.php?rest_route=\/wp\/v2\/users\/2"}],"replies":[{"embeddable":true,"href":"https:\/\/meeplendice.net\/index.php?rest_route=%2Fwp%2Fv2%2Fcomments&post=3460"}],"version-history":[{"count":2,"href":"https:\/\/meeplendice.net\/index.php?rest_route=\/wp\/v2\/pages\/3460\/revisions"}],"predecessor-version":[{"id":6804,"href":"https:\/\/meeplendice.net\/index.php?rest_route=\/wp\/v2\/pages\/3460\/revisions\/6804"}],"up":[{"embeddable":true,"href":"https:\/\/meeplendice.net\/index.php?rest_route=\/wp\/v2\/pages\/338"}],"wp:featuredmedia":[{"embeddable":true,"href":"https:\/\/meeplendice.net\/index.php?rest_route=\/wp\/v2\/media\/3461"}],"wp:attachment":[{"href":"https:\/\/meeplendice.net\/index.php?rest_route=%2Fwp%2Fv2%2Fmedia&parent=3460"}],"curies":[{"name":"wp","href":"https:\/\/api.w.org\/{rel}","templated":true}]}}