{"id":3464,"date":"2017-09-28T10:41:25","date_gmt":"2017-09-28T09:41:25","guid":{"rendered":"http:\/\/meeplendice.net\/?page_id=3464"},"modified":"2023-07-04T15:07:57","modified_gmt":"2023-07-04T14:07:57","slug":"le-mystere-de-whitehall","status":"publish","type":"page","link":"https:\/\/meeplendice.net\/?page_id=3464","title":{"rendered":"Le Myst\u00e8re de Whitehall"},"content":{"rendered":"<div id=\"pl-3464\"  class=\"panel-layout\" ><div id=\"pg-3464-0\"  class=\"panel-grid panel-no-style\" ><div id=\"pgc-3464-0-0\"  class=\"panel-grid-cell\" ><div id=\"panel-3464-0-0-0\" class=\"so-panel widget widget_sow-editor panel-first-child panel-last-child\" data-index=\"0\" ><div\n\t\t\t\n\t\t\tclass=\"so-widget-sow-editor so-widget-sow-editor-base\"\n\t\t\t\n\t\t>\n<div class=\"siteorigin-widget-tinymce textwidget\">\n\t<p style=\"text-align: center;\"><strong>Nombre de joueurs :<\/strong><br \/>\n2 - 4<\/p>\n<\/div>\n<\/div><\/div><\/div><div id=\"pgc-3464-0-1\"  class=\"panel-grid-cell\" ><div id=\"panel-3464-0-1-0\" class=\"so-panel widget widget_sow-editor panel-first-child panel-last-child\" data-index=\"1\" ><div\n\t\t\t\n\t\t\tclass=\"so-widget-sow-editor so-widget-sow-editor-base\"\n\t\t\t\n\t\t>\n<div class=\"siteorigin-widget-tinymce textwidget\">\n\t<p style=\"text-align: center;\"><strong>Dur\u00e9e moyenne :<br \/>\n<\/strong> 60 min<\/p>\n<\/div>\n<\/div><\/div><\/div><div id=\"pgc-3464-0-2\"  class=\"panel-grid-cell\" ><div id=\"panel-3464-0-2-0\" class=\"so-panel widget widget_sow-editor panel-first-child panel-last-child\" data-index=\"2\" ><div\n\t\t\t\n\t\t\tclass=\"so-widget-sow-editor so-widget-sow-editor-base\"\n\t\t\t\n\t\t>\n<div class=\"siteorigin-widget-tinymce textwidget\">\n\t<p style=\"text-align: center;\"><strong>Age :<\/strong><br \/>\n14 ans et plus<\/p>\n<\/div>\n<\/div><\/div><\/div><\/div><div id=\"pg-3464-1\"  class=\"panel-grid panel-no-style\" ><div id=\"pgc-3464-1-0\"  class=\"panel-grid-cell\" ><div id=\"panel-3464-1-0-0\" class=\"so-panel widget widget_sow-editor panel-first-child panel-last-child\" data-index=\"3\" ><div\n\t\t\t\n\t\t\tclass=\"so-widget-sow-editor so-widget-sow-editor-base\"\n\t\t\t\n\t\t>\n<div class=\"siteorigin-widget-tinymce textwidget\">\n\t<p style=\"text-align: center;\"><strong>Auteur(s) :<br \/>\n<\/strong>Gianluca Santopietro<br \/>\nGabriele Mari<\/p>\n<\/div>\n<\/div><\/div><\/div><div id=\"pgc-3464-1-1\"  class=\"panel-grid-cell\" ><div id=\"panel-3464-1-1-0\" class=\"so-panel widget widget_sow-editor panel-first-child panel-last-child\" data-index=\"4\" ><div\n\t\t\t\n\t\t\tclass=\"so-widget-sow-editor so-widget-sow-editor-base\"\n\t\t\t\n\t\t>\n<div class=\"siteorigin-widget-tinymce textwidget\">\n\t<p style=\"text-align: center;\"><strong>Illustrations :<\/strong><br \/>\nGianluca Santopietro<br \/>\nAlan D'Amico<br \/>\nDemis Savini<\/p>\n<\/div>\n<\/div><\/div><\/div><div id=\"pgc-3464-1-2\"  class=\"panel-grid-cell\" ><div id=\"panel-3464-1-2-0\" class=\"so-panel widget widget_sow-editor panel-first-child panel-last-child\" data-index=\"5\" ><div\n\t\t\t\n\t\t\tclass=\"so-widget-sow-editor so-widget-sow-editor-base\"\n\t\t\t\n\t\t>\n<div class=\"siteorigin-widget-tinymce textwidget\">\n\t<p style=\"text-align: center;\"><strong>\u00c9dition :<\/strong><br \/>\nSir Chester Cobblepot<br \/>\nGiochiUniti<br \/>\nEdge Entertainement<br \/>\n2017<\/p>\n<\/div>\n<\/div><\/div><\/div><div id=\"pgc-3464-1-3\"  class=\"panel-grid-cell\" ><div id=\"panel-3464-1-3-0\" class=\"so-panel widget widget_sow-editor panel-first-child panel-last-child\" data-index=\"6\" ><div\n\t\t\t\n\t\t\tclass=\"so-widget-sow-editor so-widget-sow-editor-base\"\n\t\t\t\n\t\t>\n<div class=\"siteorigin-widget-tinymce textwidget\">\n\t<p style=\"text-align: center;\"><strong>Version :<\/strong><br \/>\nFran\u00e7aise<\/p>\n<\/div>\n<\/div><\/div><\/div><\/div><div id=\"pg-3464-2\"  class=\"panel-grid panel-no-style\" ><div id=\"pgc-3464-2-0\"  class=\"panel-grid-cell\" ><div id=\"panel-3464-2-0-0\" class=\"so-panel widget widget_sow-editor panel-first-child panel-last-child\" data-index=\"7\" ><div\n\t\t\t\n\t\t\tclass=\"so-widget-sow-editor so-widget-sow-editor-base\"\n\t\t\t\n\t\t>\n<div class=\"siteorigin-widget-tinymce textwidget\">\n\t<hr \/>\n<p><em>Un autre meurtre dans l'ombre de Jack !<\/em><\/p>\n<p><em>C'est durant la construction du quartier g\u00e9n\u00e9ral de la Metropolitan Police - appel\u00e9 \u00e0 devenir Scotland Yard - , pr\u00e8s de Whitehall, que furent retrouv\u00e9s les restes d'un corps.<\/em><\/p>\n<p><em>Un peu plus t\u00f4t, en septembre, un bras avait d\u00e9j\u00e0 \u00e9t\u00e9 d\u00e9couvert sur la rive boueuse de la Tamise. De toute \u00e9vidence, un nouveau tueur s\u00e9vit dans les rues de Londres et s'amuse \u00e0 diss\u00e9miner les restes d'une pauvre femme dans les environs de Whitehall, comme pour mettre en sc\u00e8ne une macabre chasse au tr\u00e9sor.<\/em><\/p>\n<p><em>A ce jour, l'identit\u00e9 de ce monstre, et celle de sa victime, demeurent une \u00e9nigme : le Myst\u00e8re de Whitehall.<\/em><\/p>\n<\/div>\n<\/div><\/div><\/div><\/div><div id=\"pg-3464-3\"  class=\"panel-grid panel-no-style\" ><div id=\"pgc-3464-3-0\"  class=\"panel-grid-cell\" ><div id=\"panel-3464-3-0-0\" class=\"so-panel widget widget_sow-editor panel-first-child panel-last-child\" data-index=\"8\" ><div\n\t\t\t\n\t\t\tclass=\"so-widget-sow-editor so-widget-sow-editor-base\"\n\t\t\t\n\t\t>\n<div class=\"siteorigin-widget-tinymce textwidget\">\n\t<hr \/>\n<h3 style=\"text-align: center;\">En vid\u00e9o<\/h3>\n<p><a href=\"https:\/\/www.trictrac.net\/actus\/le-mystere-de-whitehall-de-l-explication\" target=\"_blank\" rel=\"noopener\"><img loading=\"lazy\" decoding=\"async\" class=\"alignnone size-full wp-image-9090\" src=\"https:\/\/meeplendice.net\/wp-content\/uploads\/2022\/01\/Link_CJ_v2.png\" alt=\"\" width=\"200\" height=\"170\" \/><\/a><\/p>\n<p>&nbsp;<\/p>\n<\/div>\n<\/div><\/div><\/div><\/div><div id=\"pg-3464-4\"  class=\"panel-grid panel-no-style\" ><div id=\"pgc-3464-4-0\"  class=\"panel-grid-cell\" ><div id=\"panel-3464-4-0-0\" class=\"so-panel widget widget_sow-editor panel-first-child panel-last-child\" data-index=\"9\" ><div\n\t\t\t\n\t\t\tclass=\"so-widget-sow-editor so-widget-sow-editor-base\"\n\t\t\t\n\t\t>\n<div class=\"siteorigin-widget-tinymce textwidget\">\n\t<hr \/>\n<h3 style=\"text-align: center;\">Pour aller plus loin<\/h3>\n<\/div>\n<\/div><\/div><\/div><\/div><\/div>","protected":false},"excerpt":{"rendered":"<p>Nombre de joueurs : 2 &#8211; 4 Dur\u00e9e moyenne : 60 min Age : 14 ans et plus Auteur(s) : Gianluca Santopietro Gabriele Mari Illustrations : Gianluca Santopietro Alan D&rsquo;Amico Demis Savini \u00c9dition : Sir Chester Cobblepot GiochiUniti Edge Entertainement 2017 Version : Fran\u00e7aise<\/p>\n","protected":false},"author":2,"featured_media":3465,"parent":0,"menu_order":0,"comment_status":"closed","ping_status":"closed","template":"","meta":{"footnotes":""},"class_list":["post-3464","page","type-page","status-publish","has-post-thumbnail","hentry"],"acf":[],"rttpg_featured_image_url":{"full":["https:\/\/meeplendice.net\/wp-content\/uploads\/2017\/09\/Whitehall.png",350,350,false],"landscape":["https:\/\/meeplendice.net\/wp-content\/uploads\/2017\/09\/Whitehall.png",350,350,false],"portraits":["https:\/\/meeplendice.net\/wp-content\/uploads\/2017\/09\/Whitehall.png",350,350,false],"thumbnail":["https:\/\/meeplendice.net\/wp-content\/uploads\/2017\/09\/Whitehall-150x150.png",150,150,true],"medium":["https:\/\/meeplendice.net\/wp-content\/uploads\/2017\/09\/Whitehall-300x300.png",300,300,true],"large":["https:\/\/meeplendice.net\/wp-content\/uploads\/2017\/09\/Whitehall.png",350,350,false],"ug_big":["https:\/\/meeplendice.net\/wp-content\/uploads\/2017\/09\/Whitehall.png",350,350,false],"1536x1536":["https:\/\/meeplendice.net\/wp-content\/uploads\/2017\/09\/Whitehall.png",350,350,false],"2048x2048":["https:\/\/meeplendice.net\/wp-content\/uploads\/2017\/09\/Whitehall.png",350,350,false],"ashe-slider-grid-thumbnail":["https:\/\/meeplendice.net\/wp-content\/uploads\/2017\/09\/Whitehall.png",350,350,false],"ashe-full-thumbnail":["https:\/\/meeplendice.net\/wp-content\/uploads\/2017\/09\/Whitehall.png",350,350,false],"ashe-grid-thumbnail":["https:\/\/meeplendice.net\/wp-content\/uploads\/2017\/09\/Whitehall-350x330.png",350,330,true],"ashe-list-thumbnail":["https:\/\/meeplendice.net\/wp-content\/uploads\/2017\/09\/Whitehall-300x300.png",300,300,true],"ashe-single-navigation":["https:\/\/meeplendice.net\/wp-content\/uploads\/2017\/09\/Whitehall-75x75.png",75,75,true],"mailpoet_newsletter_max":["https:\/\/meeplendice.net\/wp-content\/uploads\/2017\/09\/Whitehall.png",350,350,false],"rpwe-thumbnail":["https:\/\/meeplendice.net\/wp-content\/uploads\/2017\/09\/Whitehall-45x45.png",45,45,true],"sow-carousel-default":["https:\/\/meeplendice.net\/wp-content\/uploads\/2017\/09\/Whitehall-272x182.png",272,182,true],"rt_custom":["https:\/\/meeplendice.net\/wp-content\/uploads\/2017\/09\/Whitehall.png",350,350,false]},"rttpg_author":{"display_name":"Karnby","author_link":"https:\/\/meeplendice.net\/?author=2"},"rttpg_comment":0,"rttpg_category":null,"rttpg_excerpt":"Nombre de joueurs : 2 - 4 Dur\u00e9e moyenne : 60 min Age : 14 ans et plus Auteur(s) : Gianluca Santopietro Gabriele Mari Illustrations : Gianluca Santopietro Alan D'Amico Demis Savini \u00c9dition : Sir Chester Cobblepot GiochiUniti Edge Entertainement 2017 Version : Fran\u00e7aise","_links":{"self":[{"href":"https:\/\/meeplendice.net\/index.php?rest_route=\/wp\/v2\/pages\/3464","targetHints":{"allow":["GET"]}}],"collection":[{"href":"https:\/\/meeplendice.net\/index.php?rest_route=\/wp\/v2\/pages"}],"about":[{"href":"https:\/\/meeplendice.net\/index.php?rest_route=\/wp\/v2\/types\/page"}],"author":[{"embeddable":true,"href":"https:\/\/meeplendice.net\/index.php?rest_route=\/wp\/v2\/users\/2"}],"replies":[{"embeddable":true,"href":"https:\/\/meeplendice.net\/index.php?rest_route=%2Fwp%2Fv2%2Fcomments&post=3464"}],"version-history":[{"count":7,"href":"https:\/\/meeplendice.net\/index.php?rest_route=\/wp\/v2\/pages\/3464\/revisions"}],"predecessor-version":[{"id":11095,"href":"https:\/\/meeplendice.net\/index.php?rest_route=\/wp\/v2\/pages\/3464\/revisions\/11095"}],"wp:featuredmedia":[{"embeddable":true,"href":"https:\/\/meeplendice.net\/index.php?rest_route=\/wp\/v2\/media\/3465"}],"wp:attachment":[{"href":"https:\/\/meeplendice.net\/index.php?rest_route=%2Fwp%2Fv2%2Fmedia&parent=3464"}],"curies":[{"name":"wp","href":"https:\/\/api.w.org\/{rel}","templated":true}]}}