{"id":352,"date":"2016-08-30T20:38:16","date_gmt":"2016-08-30T19:38:16","guid":{"rendered":"http:\/\/meeplendice.net\/?page_id=352"},"modified":"2023-07-04T15:20:00","modified_gmt":"2023-07-04T14:20:00","slug":"lettres-de-whitechapel","status":"publish","type":"page","link":"https:\/\/meeplendice.net\/?page_id=352","title":{"rendered":"Lettres de Whitechapel"},"content":{"rendered":"<div id=\"pl-352\"  class=\"panel-layout\" ><div id=\"pg-352-0\"  class=\"panel-grid panel-no-style\" ><div id=\"pgc-352-0-0\"  class=\"panel-grid-cell\" ><div id=\"panel-352-0-0-0\" class=\"so-panel widget widget_sow-editor panel-first-child panel-last-child\" data-index=\"0\" ><div\n\t\t\t\n\t\t\tclass=\"so-widget-sow-editor so-widget-sow-editor-base\"\n\t\t\t\n\t\t>\n<div class=\"siteorigin-widget-tinymce textwidget\">\n\t<p style=\"text-align: center;\"><strong>Nombre de joueurs :<\/strong><br \/>\n2 - 6<\/p>\n<\/div>\n<\/div><\/div><\/div><div id=\"pgc-352-0-1\"  class=\"panel-grid-cell\" ><div id=\"panel-352-0-1-0\" class=\"so-panel widget widget_sow-editor panel-first-child panel-last-child\" data-index=\"1\" ><div\n\t\t\t\n\t\t\tclass=\"so-widget-sow-editor so-widget-sow-editor-base\"\n\t\t\t\n\t\t>\n<div class=\"siteorigin-widget-tinymce textwidget\">\n\t<p style=\"text-align: center;\"><strong>Dur\u00e9e moyenne :<\/strong><br \/>\n90 min<\/p>\n<\/div>\n<\/div><\/div><\/div><div id=\"pgc-352-0-2\"  class=\"panel-grid-cell\" ><div id=\"panel-352-0-2-0\" class=\"so-panel widget widget_sow-editor panel-first-child panel-last-child\" data-index=\"2\" ><div\n\t\t\t\n\t\t\tclass=\"so-widget-sow-editor so-widget-sow-editor-base\"\n\t\t\t\n\t\t>\n<div class=\"siteorigin-widget-tinymce textwidget\">\n\t<p style=\"text-align: center;\"><strong>Age :<\/strong><br \/>\n13 ans et plus<\/p>\n<\/div>\n<\/div><\/div><\/div><\/div><div id=\"pg-352-1\"  class=\"panel-grid panel-no-style\" ><div id=\"pgc-352-1-0\"  class=\"panel-grid-cell\" ><div id=\"panel-352-1-0-0\" class=\"so-panel widget widget_sow-editor panel-first-child panel-last-child\" data-index=\"3\" ><div\n\t\t\t\n\t\t\tclass=\"so-widget-sow-editor so-widget-sow-editor-base\"\n\t\t\t\n\t\t>\n<div class=\"siteorigin-widget-tinymce textwidget\">\n\t<p style=\"text-align: center;\"><strong>Auteur(s) :<br \/>\n<\/strong>Gianluca Santopietro<br \/>\nGabriele Mari<\/p>\n<\/div>\n<\/div><\/div><\/div><div id=\"pgc-352-1-1\"  class=\"panel-grid-cell\" ><div id=\"panel-352-1-1-0\" class=\"so-panel widget widget_sow-editor panel-first-child panel-last-child\" data-index=\"4\" ><div\n\t\t\t\n\t\t\tclass=\"so-widget-sow-editor so-widget-sow-editor-base\"\n\t\t\t\n\t\t>\n<div class=\"siteorigin-widget-tinymce textwidget\">\n\t<p style=\"text-align: center;\"><strong>Illustrations :<\/strong><br \/>\nGianluca Santopietro<\/p>\n<\/div>\n<\/div><\/div><\/div><div id=\"pgc-352-1-2\"  class=\"panel-grid-cell\" ><div id=\"panel-352-1-2-0\" class=\"so-panel widget widget_sow-editor panel-first-child panel-last-child\" data-index=\"5\" ><div\n\t\t\t\n\t\t\tclass=\"so-widget-sow-editor so-widget-sow-editor-base\"\n\t\t\t\n\t\t>\n<div class=\"siteorigin-widget-tinymce textwidget\">\n\t<p style=\"text-align: center;\"><strong>\u00c9dition :<\/strong><br \/>\nSir Chester Cobblepot<br \/>\nGiochiUniti<br \/>\nEdge Entertainement<br \/>\n2013<\/p>\n<\/div>\n<\/div><\/div><\/div><div id=\"pgc-352-1-3\"  class=\"panel-grid-cell\" ><div id=\"panel-352-1-3-0\" class=\"so-panel widget widget_sow-editor panel-first-child panel-last-child\" data-index=\"6\" ><div\n\t\t\t\n\t\t\tclass=\"so-widget-sow-editor so-widget-sow-editor-base\"\n\t\t\t\n\t\t>\n<div class=\"siteorigin-widget-tinymce textwidget\">\n\t<p style=\"text-align: center;\"><strong>Version :<\/strong><br \/>\nFran\u00e7aise<\/p>\n<\/div>\n<\/div><\/div><\/div><\/div><div id=\"pg-352-2\"  class=\"panel-grid panel-no-style\" ><div id=\"pgc-352-2-0\"  class=\"panel-grid-cell\" ><div id=\"panel-352-2-0-0\" class=\"so-panel widget widget_sow-editor panel-first-child panel-last-child\" data-index=\"7\" ><div\n\t\t\t\n\t\t\tclass=\"so-widget-sow-editor so-widget-sow-editor-base\"\n\t\t\t\n\t\t>\n<div class=\"siteorigin-widget-tinymce textwidget\">\n\t<hr \/>\n<p><em>Londres, 1888. Vous vous trouvez au beau milieu de ruelles encombr\u00e9es et naus\u00e9abondes. D\u2019aucuns qualifient cet endroit d\u2019enfer, d\u2019autres ont le malheur d\u2019y vivre, et on y croise des prostitu\u00e9es \u00e0 chaque coin de rue. On les appelle les Mis\u00e9rables, et ce nom leur sied \u00e0 merveille. Bienvenue \u00e0 Whitechapel, bienvenue sur les terres de Jack l\u2019\u00c9ventreur.<\/em><\/p>\n<p>Cinq inspecteurs de police renomm\u00e9s sont sur les traces de Jack l\u2019\u00c9ventreur, le plus c\u00e9l\u00e8bre tueur en s\u00e9rie de tous les temps. Un suspense\u00a0haletant et un\u00a0mat\u00e9riel somptueux vous\u00a0immergent dans le\u00a0Londres de l\u2019\u00e9poque Victorienne.<\/p>\n<p>&nbsp;<\/p>\n<\/div>\n<\/div><\/div><\/div><\/div><div id=\"pg-352-3\"  class=\"panel-grid panel-no-style\" ><div id=\"pgc-352-3-0\"  class=\"panel-grid-cell\" ><div id=\"panel-352-3-0-0\" class=\"so-panel widget widget_sow-editor panel-first-child panel-last-child\" data-index=\"8\" ><div\n\t\t\t\n\t\t\tclass=\"so-widget-sow-editor so-widget-sow-editor-base\"\n\t\t\t\n\t\t>\n<div class=\"siteorigin-widget-tinymce textwidget\">\n\t<hr \/>\n<h3 style=\"text-align: center;\">En vid\u00e9o<\/h3>\n<p style=\"text-align: left;\"><a href=\"https:\/\/www.trictrac.net\/actus\/lettres-de-whitechapel-de-l-explication\" target=\"_blank\" rel=\"noopener\"><img loading=\"lazy\" decoding=\"async\" class=\"alignnone size-full wp-image-9090\" src=\"https:\/\/meeplendice.net\/wp-content\/uploads\/2022\/01\/Link_CJ_v2.png\" alt=\"\" width=\"200\" height=\"170\" \/><\/a><\/p>\n<\/div>\n<\/div><\/div><\/div><\/div><div id=\"pg-352-4\"  class=\"panel-grid panel-no-style\" ><div id=\"pgc-352-4-0\"  class=\"panel-grid-cell\" ><div id=\"panel-352-4-0-0\" class=\"so-panel widget widget_sow-editor panel-first-child panel-last-child\" data-index=\"9\" ><div\n\t\t\t\n\t\t\tclass=\"so-widget-sow-editor so-widget-sow-editor-base\"\n\t\t\t\n\t\t>\n<div class=\"siteorigin-widget-tinymce textwidget\">\n\t<hr \/>\n<h3 style=\"text-align: center;\">Extension(s)<\/h3>\n<p style=\"text-align: center;\"><strong><style type='text\/css' media='all'>#rt-tpg-container-1378611067 .read-more a{border-radius:px;}#rt-tpg-container-1378611067 .rt-img-holder img.rt-img-responsive,#rt-tpg-container-1378611067 .rt-img-holder,\n\t\t\t\t\t#rt-tpg-container-1378611067 .rt-post-overlay .post-img,\n\t\t\t\t\t#rt-tpg-container-1378611067 .post-sm .post-img,\n\t\t\t\t\t#rt-tpg-container-1378611067 .rt-post-grid .post-img,\n\t\t\t\t\t#rt-tpg-container-1378611067 .post-img img {border-radius:px;}#rt-tpg-container-1378611067 .layout9 .rt-holder h2.entry-title,\n\t\t\t\t\t#rt-tpg-container-1378611067 .layout9 .rt-holder h3.entry-title,\n\t\t\t\t\t#rt-tpg-container-1378611067 .layout9 .rt-holder h4.entry-title,\n\t\t\t\t\t#rt-tpg-container-1378611067 .layout9 .rt-holder h2.entry-title a,\n\t\t\t\t\t#rt-tpg-container-1378611067 .layout9 .rt-holder h3.entry-title a,\n\t\t\t\t\t#rt-tpg-container-1378611067 .layout9 .rt-holder h4.entry-title a,\n\t\t\t\t\t#rt-tpg-container-1378611067 .rt-holder .rt-woo-info h2 a,\n\t\t\t\t\t#rt-tpg-container-1378611067 .rt-holder .rt-woo-info h3 a,\n\t\t\t\t\t#rt-tpg-container-1378611067 .rt-holder .rt-woo-info h4 a,\n\t\t\t\t\t#rt-tpg-container-1378611067 .post-content .post-title,\n\t\t\t\t\t#rt-tpg-container-1378611067 .rt-post-grid .post-title,\n\t\t\t\t\t#rt-tpg-container-1378611067 .rt-post-grid .post-title a,\n\t\t\t\t\t#rt-tpg-container-1378611067 .post-content .post-title a,\n\t\t\t\t\t#rt-tpg-container-1378611067 .rt-holder .rt-woo-info h2,\n\t\t\t\t\t#rt-tpg-container-1378611067 .rt-holder .rt-woo-info h3,\n\t\t\t\t\t#rt-tpg-container-1378611067 .rt-holder .rt-woo-info h4{font-size:16px;line-height:26px;font-weight:normal;text-align:center;}#rt-tpg-container-1378611067 .post-grid-lg-style-1 .post-title,\n\t\t\t\t\t\t#rt-tpg-container-1378611067 .post-grid-lg-style-1 .post-title a,\n\t\t\t\t\t\t#rt-tpg-container-1378611067 .big-layout .post-title,\n\t\t\t\t\t\t#rt-tpg-container-1378611067 .big-layout .post-title a,\n\t\t\t\t\t\t#rt-tpg-container-1378611067 .post-grid-lg-style-1 .post-title,\n\t\t\t\t\t\t#rt-tpg-container-1378611067 .post-grid-lg-style-1 .post-title a {font-size:24px;line-height:34px;}<\/style><div class='rt-container-fluid rt-tpg-container tpg-shortcode-main-wrapper ' id='rt-tpg-container-1378611067'   data-layout='layout9' data-grid-style='even' data-desktop-col='3'  data-tab-col='2'  data-mobile-col='1' data-sc-id='2465'><div data-title='Loading ...' class='rt-row rt-content-loader   layout9 tpg-even '><div class=\"rt-col-md-4 rt-col-sm-6 rt-col-xs-12 even-grid-item rt-grid-item img_zoom_in\" data-id=\"2461\"><div class=\"rt-holder\"><div class='overlay'><a data-id='2461' class=' tpg-single-popup' href='https:\/\/meeplendice.net\/?page_id=2461'><img loading=\"lazy\" decoding=\"async\" width=\"350\" height=\"350\" src=\"https:\/\/meeplendice.net\/wp-content\/uploads\/2017\/02\/LW_Cherpatron.png\" class=\"rt-img-responsive \" alt=\"\" \/><\/a><\/div><div class='post-info'><h2 class=\"entry-title\"><a data-id=\"2461\" class=\" tpg-single-popup\" href=\"https:\/\/meeplendice.net\/?page_id=2461\">Cher Patron<\/a><\/h2><div class='post-meta-user '><\/div><\/div><\/div><\/div><\/div><div class='rt-pagination-wrap' data-total-pages='1' data-posts-per-page='3' data-type='pagination_ajax'  ><div class='rt-page-numbers'><\/div><\/div><\/div><\/strong><\/p>\n<\/div>\n<\/div><\/div><\/div><\/div><div id=\"pg-352-5\"  class=\"panel-grid panel-no-style\" ><div id=\"pgc-352-5-0\"  class=\"panel-grid-cell\" ><div id=\"panel-352-5-0-0\" class=\"so-panel widget widget_sow-editor panel-first-child panel-last-child\" data-index=\"10\" ><div\n\t\t\t\n\t\t\tclass=\"so-widget-sow-editor so-widget-sow-editor-base\"\n\t\t\t\n\t\t>\n<div class=\"siteorigin-widget-tinymce textwidget\">\n\t<hr \/>\n<h3 style=\"text-align: center;\">Pour aller plus loin<strong><br \/>\n<\/strong><\/h3>\n<p><strong>\u00a0<\/strong><\/p>\n<\/div>\n<\/div><\/div><\/div><\/div><\/div>","protected":false},"excerpt":{"rendered":"<p>Nombre de joueurs : 2 &#8211; 6 Dur\u00e9e moyenne : 90 min Age : 13 ans et plus Auteur(s) : Gianluca Santopietro Gabriele Mari Illustrations : Gianluca Santopietro \u00c9dition : Sir Chester Cobblepot GiochiUniti Edge Entertainement 2013 Version : Fran\u00e7aise<\/p>\n","protected":false},"author":2,"featured_media":734,"parent":0,"menu_order":0,"comment_status":"closed","ping_status":"closed","template":"","meta":{"footnotes":""},"class_list":["post-352","page","type-page","status-publish","has-post-thumbnail","hentry"],"acf":[],"rttpg_featured_image_url":{"full":["https:\/\/meeplendice.net\/wp-content\/uploads\/2016\/08\/Leslettresdewhitchapel.png",350,350,false],"landscape":["https:\/\/meeplendice.net\/wp-content\/uploads\/2016\/08\/Leslettresdewhitchapel.png",350,350,false],"portraits":["https:\/\/meeplendice.net\/wp-content\/uploads\/2016\/08\/Leslettresdewhitchapel.png",350,350,false],"thumbnail":["https:\/\/meeplendice.net\/wp-content\/uploads\/2016\/08\/Leslettresdewhitchapel-150x150.png",150,150,true],"medium":["https:\/\/meeplendice.net\/wp-content\/uploads\/2016\/08\/Leslettresdewhitchapel-300x300.png",300,300,true],"large":["https:\/\/meeplendice.net\/wp-content\/uploads\/2016\/08\/Leslettresdewhitchapel.png",350,350,false],"ug_big":["https:\/\/meeplendice.net\/wp-content\/uploads\/2016\/08\/Leslettresdewhitchapel.png",350,350,false],"1536x1536":["https:\/\/meeplendice.net\/wp-content\/uploads\/2016\/08\/Leslettresdewhitchapel.png",350,350,false],"2048x2048":["https:\/\/meeplendice.net\/wp-content\/uploads\/2016\/08\/Leslettresdewhitchapel.png",350,350,false],"ashe-slider-grid-thumbnail":["https:\/\/meeplendice.net\/wp-content\/uploads\/2016\/08\/Leslettresdewhitchapel.png",350,350,false],"ashe-full-thumbnail":["https:\/\/meeplendice.net\/wp-content\/uploads\/2016\/08\/Leslettresdewhitchapel.png",350,350,false],"ashe-grid-thumbnail":["https:\/\/meeplendice.net\/wp-content\/uploads\/2016\/08\/Leslettresdewhitchapel-350x330.png",350,330,true],"ashe-list-thumbnail":["https:\/\/meeplendice.net\/wp-content\/uploads\/2016\/08\/Leslettresdewhitchapel-300x300.png",300,300,true],"ashe-single-navigation":["https:\/\/meeplendice.net\/wp-content\/uploads\/2016\/08\/Leslettresdewhitchapel-75x75.png",75,75,true],"mailpoet_newsletter_max":["https:\/\/meeplendice.net\/wp-content\/uploads\/2016\/08\/Leslettresdewhitchapel.png",350,350,false],"rpwe-thumbnail":["https:\/\/meeplendice.net\/wp-content\/uploads\/2016\/08\/Leslettresdewhitchapel-45x45.png",45,45,true],"sow-carousel-default":["https:\/\/meeplendice.net\/wp-content\/uploads\/2016\/08\/Leslettresdewhitchapel-272x182.png",272,182,true],"rt_custom":["https:\/\/meeplendice.net\/wp-content\/uploads\/2016\/08\/Leslettresdewhitchapel.png",350,350,false]},"rttpg_author":{"display_name":"Karnby","author_link":"https:\/\/meeplendice.net\/?author=2"},"rttpg_comment":0,"rttpg_category":null,"rttpg_excerpt":"Nombre de joueurs : 2 - 6 Dur\u00e9e moyenne : 90 min Age : 13 ans et plus Auteur(s) : Gianluca Santopietro Gabriele Mari Illustrations : Gianluca Santopietro \u00c9dition : Sir Chester Cobblepot GiochiUniti Edge Entertainement 2013 Version : Fran\u00e7aise","_links":{"self":[{"href":"https:\/\/meeplendice.net\/index.php?rest_route=\/wp\/v2\/pages\/352","targetHints":{"allow":["GET"]}}],"collection":[{"href":"https:\/\/meeplendice.net\/index.php?rest_route=\/wp\/v2\/pages"}],"about":[{"href":"https:\/\/meeplendice.net\/index.php?rest_route=\/wp\/v2\/types\/page"}],"author":[{"embeddable":true,"href":"https:\/\/meeplendice.net\/index.php?rest_route=\/wp\/v2\/users\/2"}],"replies":[{"embeddable":true,"href":"https:\/\/meeplendice.net\/index.php?rest_route=%2Fwp%2Fv2%2Fcomments&post=352"}],"version-history":[{"count":15,"href":"https:\/\/meeplendice.net\/index.php?rest_route=\/wp\/v2\/pages\/352\/revisions"}],"predecessor-version":[{"id":11097,"href":"https:\/\/meeplendice.net\/index.php?rest_route=\/wp\/v2\/pages\/352\/revisions\/11097"}],"wp:featuredmedia":[{"embeddable":true,"href":"https:\/\/meeplendice.net\/index.php?rest_route=\/wp\/v2\/media\/734"}],"wp:attachment":[{"href":"https:\/\/meeplendice.net\/index.php?rest_route=%2Fwp%2Fv2%2Fmedia&parent=352"}],"curies":[{"name":"wp","href":"https:\/\/api.w.org\/{rel}","templated":true}]}}