{"id":3549,"date":"2017-11-08T13:21:12","date_gmt":"2017-11-08T12:21:12","guid":{"rendered":"http:\/\/meeplendice.net\/?page_id=3549"},"modified":"2020-08-31T15:14:20","modified_gmt":"2020-08-31T14:14:20","slug":"upgrade-one-crew-eyes-only","status":"publish","type":"page","link":"https:\/\/meeplendice.net\/?page_id=3549","title":{"rendered":"Upgrade One"},"content":{"rendered":"<p><span id=\"result_box\" lang=\"fr\"><span class=\"hps\">Plongez encore plus loin dans les profondeurs !<\/span><\/span><\/p>\n<p>Cette extension ajoute de nouveaux \u00e9l\u00e9ments au jeu de base : cinq nouveaux sc\u00e9narios, deux nouvelles armes, huit marqueurs effa\u00e7ables et diff\u00e9rentes mani\u00e8res de jouer les r\u00f4les du Capitaine et de l&rsquo;Op\u00e9rateur Radio.<\/p>\n<p><span id=\"result_box\" class=\"\" lang=\"fr\"><span class=\"\">\u00a0<\/span><\/span><\/p>\n","protected":false},"excerpt":{"rendered":"<p>Plongez encore plus loin dans les profondeurs ! Cette extension ajoute de nouveaux \u00e9l\u00e9ments au jeu de base : cinq nouveaux sc\u00e9narios, deux nouvelles armes, huit marqueurs effa\u00e7ables et diff\u00e9rentes mani\u00e8res de jouer les r\u00f4les du Capitaine et de l&rsquo;Op\u00e9rateur Radio. \u00a0<\/p>\n","protected":false},"author":2,"featured_media":3551,"parent":194,"menu_order":1,"comment_status":"closed","ping_status":"closed","template":"","meta":{"footnotes":""},"class_list":["post-3549","page","type-page","status-publish","has-post-thumbnail","hentry"],"acf":[],"rttpg_featured_image_url":{"full":["https:\/\/meeplendice.net\/wp-content\/uploads\/2017\/11\/Cptsonar_upgrade1.png",350,350,false],"landscape":["https:\/\/meeplendice.net\/wp-content\/uploads\/2017\/11\/Cptsonar_upgrade1.png",350,350,false],"portraits":["https:\/\/meeplendice.net\/wp-content\/uploads\/2017\/11\/Cptsonar_upgrade1.png",350,350,false],"thumbnail":["https:\/\/meeplendice.net\/wp-content\/uploads\/2017\/11\/Cptsonar_upgrade1-150x150.png",150,150,true],"medium":["https:\/\/meeplendice.net\/wp-content\/uploads\/2017\/11\/Cptsonar_upgrade1-300x300.png",300,300,true],"large":["https:\/\/meeplendice.net\/wp-content\/uploads\/2017\/11\/Cptsonar_upgrade1.png",350,350,false],"ug_big":["https:\/\/meeplendice.net\/wp-content\/uploads\/2017\/11\/Cptsonar_upgrade1.png",350,350,false],"1536x1536":["https:\/\/meeplendice.net\/wp-content\/uploads\/2017\/11\/Cptsonar_upgrade1.png",350,350,false],"2048x2048":["https:\/\/meeplendice.net\/wp-content\/uploads\/2017\/11\/Cptsonar_upgrade1.png",350,350,false],"ashe-slider-grid-thumbnail":["https:\/\/meeplendice.net\/wp-content\/uploads\/2017\/11\/Cptsonar_upgrade1.png",350,350,false],"ashe-full-thumbnail":["https:\/\/meeplendice.net\/wp-content\/uploads\/2017\/11\/Cptsonar_upgrade1.png",350,350,false],"ashe-grid-thumbnail":["https:\/\/meeplendice.net\/wp-content\/uploads\/2017\/11\/Cptsonar_upgrade1-350x330.png",350,330,true],"ashe-list-thumbnail":["https:\/\/meeplendice.net\/wp-content\/uploads\/2017\/11\/Cptsonar_upgrade1-300x300.png",300,300,true],"ashe-single-navigation":["https:\/\/meeplendice.net\/wp-content\/uploads\/2017\/11\/Cptsonar_upgrade1-75x75.png",75,75,true],"mailpoet_newsletter_max":["https:\/\/meeplendice.net\/wp-content\/uploads\/2017\/11\/Cptsonar_upgrade1.png",350,350,false],"rpwe-thumbnail":["https:\/\/meeplendice.net\/wp-content\/uploads\/2017\/11\/Cptsonar_upgrade1-45x45.png",45,45,true],"sow-carousel-default":["https:\/\/meeplendice.net\/wp-content\/uploads\/2017\/11\/Cptsonar_upgrade1-272x182.png",272,182,true],"rt_custom":["https:\/\/meeplendice.net\/wp-content\/uploads\/2017\/11\/Cptsonar_upgrade1.png",350,350,false]},"rttpg_author":{"display_name":"Karnby","author_link":"https:\/\/meeplendice.net\/?author=2"},"rttpg_comment":0,"rttpg_category":null,"rttpg_excerpt":"Plongez encore plus loin dans les profondeurs ! Cette extension ajoute de nouveaux \u00e9l\u00e9ments au jeu de base : cinq nouveaux sc\u00e9narios, deux nouvelles armes, huit marqueurs effa\u00e7ables et diff\u00e9rentes mani\u00e8res de jouer les r\u00f4les du Capitaine et de l&rsquo;Op\u00e9rateur Radio. \u00a0","_links":{"self":[{"href":"https:\/\/meeplendice.net\/index.php?rest_route=\/wp\/v2\/pages\/3549","targetHints":{"allow":["GET"]}}],"collection":[{"href":"https:\/\/meeplendice.net\/index.php?rest_route=\/wp\/v2\/pages"}],"about":[{"href":"https:\/\/meeplendice.net\/index.php?rest_route=\/wp\/v2\/types\/page"}],"author":[{"embeddable":true,"href":"https:\/\/meeplendice.net\/index.php?rest_route=\/wp\/v2\/users\/2"}],"replies":[{"embeddable":true,"href":"https:\/\/meeplendice.net\/index.php?rest_route=%2Fwp%2Fv2%2Fcomments&post=3549"}],"version-history":[{"count":5,"href":"https:\/\/meeplendice.net\/index.php?rest_route=\/wp\/v2\/pages\/3549\/revisions"}],"predecessor-version":[{"id":6293,"href":"https:\/\/meeplendice.net\/index.php?rest_route=\/wp\/v2\/pages\/3549\/revisions\/6293"}],"up":[{"embeddable":true,"href":"https:\/\/meeplendice.net\/index.php?rest_route=\/wp\/v2\/pages\/194"}],"wp:featuredmedia":[{"embeddable":true,"href":"https:\/\/meeplendice.net\/index.php?rest_route=\/wp\/v2\/media\/3551"}],"wp:attachment":[{"href":"https:\/\/meeplendice.net\/index.php?rest_route=%2Fwp%2Fv2%2Fmedia&parent=3549"}],"curies":[{"name":"wp","href":"https:\/\/api.w.org\/{rel}","templated":true}]}}