{"id":3557,"date":"2017-11-08T13:30:03","date_gmt":"2017-11-08T12:30:03","guid":{"rendered":"http:\/\/meeplendice.net\/?page_id=3557"},"modified":"2020-09-02T22:34:18","modified_gmt":"2020-09-02T21:34:18","slug":"secrets-lies","status":"publish","type":"page","link":"https:\/\/meeplendice.net\/?page_id=3557","title":{"rendered":"Secret &#038; Lies"},"content":{"rendered":"<p class=\"chapeau\">Le Manoir hant\u00e9 cache un pass\u00e9 trouble\u2026<\/p>\n<div>\n<p>Le manoir Warwick peine \u00e0 retrouver sa tranquillit\u00e9, malgr\u00e9 les efforts des m\u00e9diums, l\u2019\u00e2me du fant\u00f4me n\u2019est pas en paix. Conrad Mac Dowell, astrologue et propri\u00e9taire du manoir, s\u2019est pench\u00e9 sur les zones d\u2019ombres qui entourent l\u2019affaire. Ce qu\u2019il a d\u00e9couvert est\u2026 d\u00e9routant. Des faits troublants se sont d\u00e9roul\u00e9s juste avant la mort du fant\u00f4me. Et si tout \u00e9tait li\u00e9 ?<\/p>\n<p>Les m\u00e9diums devront s\u2019unir et enqu\u00eater sur de nouveaux suspects, lieux, objets et, pour la premi\u00e8re fois, sur des \u00e9v\u00e9nements \u00e9tranges. Incendie, noyade, h\u00e9ritage, mensonge, autant d\u2019incidents qui n\u2019en sont peut-\u00eatre pas\u2026 Gr\u00e2ce \u00e0 de nouvelles visions, le fant\u00f4me pourra les aider \u00e0 d\u00e9couvrir les secrets qui entourent le manoir lors d\u2019une nouvelle s\u00e9ance de spiritisme.<\/p>\n<\/div>\n<p>&nbsp;<\/p>\n<p>&nbsp;<\/p>\n","protected":false},"excerpt":{"rendered":"<p>Le Manoir hant\u00e9 cache un pass\u00e9 trouble\u2026 Le manoir Warwick peine \u00e0 retrouver sa tranquillit\u00e9, malgr\u00e9 les efforts des m\u00e9diums, l\u2019\u00e2me du fant\u00f4me n\u2019est pas en paix. Conrad Mac Dowell, astrologue et propri\u00e9taire du manoir, s\u2019est pench\u00e9 sur les zones d\u2019ombres qui entourent l\u2019affaire. Ce qu\u2019il a d\u00e9couvert est\u2026 d\u00e9routant. Des faits troublants se sont d\u00e9roul\u00e9s juste avant la mort du fant\u00f4me. Et si tout \u00e9tait li\u00e9 ? Les m\u00e9diums devront s\u2019unir et enqu\u00eater sur de nouveaux suspects, lieux, objets et, pour la premi\u00e8re fois, sur des \u00e9v\u00e9nements \u00e9tranges. Incendie, noyade, h\u00e9ritage, mensonge, autant d\u2019incidents qui n\u2019en sont peut-\u00eatre pas\u2026 Gr\u00e2ce \u00e0 de nouvelles visions, le fant\u00f4me pourra les aider \u00e0 d\u00e9couvrir les secrets qui entourent le manoir lors d\u2019une nouvelle s\u00e9ance de spiritisme. &nbsp; &nbsp;<\/p>\n","protected":false},"author":2,"featured_media":3561,"parent":376,"menu_order":1,"comment_status":"closed","ping_status":"closed","template":"","meta":{"footnotes":""},"class_list":["post-3557","page","type-page","status-publish","has-post-thumbnail","hentry"],"acf":[],"rttpg_featured_image_url":{"full":["https:\/\/meeplendice.net\/wp-content\/uploads\/2017\/11\/Mysterium_secretlies.png",350,350,false],"landscape":["https:\/\/meeplendice.net\/wp-content\/uploads\/2017\/11\/Mysterium_secretlies.png",350,350,false],"portraits":["https:\/\/meeplendice.net\/wp-content\/uploads\/2017\/11\/Mysterium_secretlies.png",350,350,false],"thumbnail":["https:\/\/meeplendice.net\/wp-content\/uploads\/2017\/11\/Mysterium_secretlies-150x150.png",150,150,true],"medium":["https:\/\/meeplendice.net\/wp-content\/uploads\/2017\/11\/Mysterium_secretlies-300x300.png",300,300,true],"large":["https:\/\/meeplendice.net\/wp-content\/uploads\/2017\/11\/Mysterium_secretlies.png",350,350,false],"ug_big":["https:\/\/meeplendice.net\/wp-content\/uploads\/2017\/11\/Mysterium_secretlies.png",350,350,false],"1536x1536":["https:\/\/meeplendice.net\/wp-content\/uploads\/2017\/11\/Mysterium_secretlies.png",350,350,false],"2048x2048":["https:\/\/meeplendice.net\/wp-content\/uploads\/2017\/11\/Mysterium_secretlies.png",350,350,false],"ashe-slider-grid-thumbnail":["https:\/\/meeplendice.net\/wp-content\/uploads\/2017\/11\/Mysterium_secretlies.png",350,350,false],"ashe-full-thumbnail":["https:\/\/meeplendice.net\/wp-content\/uploads\/2017\/11\/Mysterium_secretlies.png",350,350,false],"ashe-grid-thumbnail":["https:\/\/meeplendice.net\/wp-content\/uploads\/2017\/11\/Mysterium_secretlies-350x330.png",350,330,true],"ashe-list-thumbnail":["https:\/\/meeplendice.net\/wp-content\/uploads\/2017\/11\/Mysterium_secretlies-300x300.png",300,300,true],"ashe-single-navigation":["https:\/\/meeplendice.net\/wp-content\/uploads\/2017\/11\/Mysterium_secretlies-75x75.png",75,75,true],"mailpoet_newsletter_max":["https:\/\/meeplendice.net\/wp-content\/uploads\/2017\/11\/Mysterium_secretlies.png",350,350,false],"rpwe-thumbnail":["https:\/\/meeplendice.net\/wp-content\/uploads\/2017\/11\/Mysterium_secretlies-45x45.png",45,45,true],"sow-carousel-default":["https:\/\/meeplendice.net\/wp-content\/uploads\/2017\/11\/Mysterium_secretlies-272x182.png",272,182,true],"rt_custom":["https:\/\/meeplendice.net\/wp-content\/uploads\/2017\/11\/Mysterium_secretlies.png",350,350,false]},"rttpg_author":{"display_name":"Karnby","author_link":"https:\/\/meeplendice.net\/?author=2"},"rttpg_comment":0,"rttpg_category":null,"rttpg_excerpt":"Le Manoir hant\u00e9 cache un pass\u00e9 trouble\u2026 Le manoir Warwick peine \u00e0 retrouver sa tranquillit\u00e9, malgr\u00e9 les efforts des m\u00e9diums, l\u2019\u00e2me du fant\u00f4me n\u2019est pas en paix. Conrad Mac Dowell, astrologue et propri\u00e9taire du manoir, s\u2019est pench\u00e9 sur les zones d\u2019ombres qui entourent l\u2019affaire. Ce qu\u2019il a d\u00e9couvert est\u2026 d\u00e9routant. Des faits troublants se sont\u2026","_links":{"self":[{"href":"https:\/\/meeplendice.net\/index.php?rest_route=\/wp\/v2\/pages\/3557","targetHints":{"allow":["GET"]}}],"collection":[{"href":"https:\/\/meeplendice.net\/index.php?rest_route=\/wp\/v2\/pages"}],"about":[{"href":"https:\/\/meeplendice.net\/index.php?rest_route=\/wp\/v2\/types\/page"}],"author":[{"embeddable":true,"href":"https:\/\/meeplendice.net\/index.php?rest_route=\/wp\/v2\/users\/2"}],"replies":[{"embeddable":true,"href":"https:\/\/meeplendice.net\/index.php?rest_route=%2Fwp%2Fv2%2Fcomments&post=3557"}],"version-history":[{"count":5,"href":"https:\/\/meeplendice.net\/index.php?rest_route=\/wp\/v2\/pages\/3557\/revisions"}],"predecessor-version":[{"id":6677,"href":"https:\/\/meeplendice.net\/index.php?rest_route=\/wp\/v2\/pages\/3557\/revisions\/6677"}],"up":[{"embeddable":true,"href":"https:\/\/meeplendice.net\/index.php?rest_route=\/wp\/v2\/pages\/376"}],"wp:featuredmedia":[{"embeddable":true,"href":"https:\/\/meeplendice.net\/index.php?rest_route=\/wp\/v2\/media\/3561"}],"wp:attachment":[{"href":"https:\/\/meeplendice.net\/index.php?rest_route=%2Fwp%2Fv2%2Fmedia&parent=3557"}],"curies":[{"name":"wp","href":"https:\/\/api.w.org\/{rel}","templated":true}]}}