{"id":3563,"date":"2017-11-08T15:46:04","date_gmt":"2017-11-08T14:46:04","guid":{"rendered":"http:\/\/meeplendice.net\/?page_id=3563"},"modified":"2024-11-21T16:47:59","modified_gmt":"2024-11-21T14:47:59","slug":"hellas-elysium","status":"publish","type":"page","link":"https:\/\/meeplendice.net\/?page_id=3563","title":{"rendered":"Hellas &#038; Elysium"},"content":{"rendered":"<section id=\"tab-description\" class=\"page-product-box r-tabs-panel r-tabs-state-active\">\n<div class=\"rte\">\n<div><em>Terraforming Mars: Hellas &amp; Elysium<\/em>, la premi\u00e8re extension de <em>Terraforming Mars<\/em>, est un nouveau plateau avec 2 c\u00f4t\u00e9s qui repr\u00e9sentent 2 nouveaux territoires de la plan\u00e8te Mars.<\/div>\n<div>\u00ab\u00a0Hellas\u00a0\u00bb comprend le p\u00f4le Sud martien ainsi que le gigantesque crat\u00e8re Hellas (7 hexagones dans le jeu) devenu un \u00e9norme lac.<\/div>\n<div>\n\u00ab\u00a0Elysium\u00a0\u00bb se trouve au c\u00f4t\u00e9 oppos\u00e9 de l&rsquo;\u00e9quateur, dans le Nord. On y trouvera le mont Olympe, le plus haut sommet du syst\u00e8me solaire, ainsi que de nombreuses ressources min\u00e9rales.<\/div>\n<div><\/div>\n<div>Chacune de ces cartes apportera de nouveaux objectifs, de nouvelles r\u00e9compenses et de nouveaux bonus de placement.<\/div>\n<\/div>\n<\/section>\n","protected":false},"excerpt":{"rendered":"<p>Terraforming Mars: Hellas &amp; Elysium, la premi\u00e8re extension de Terraforming Mars, est un nouveau plateau avec 2 c\u00f4t\u00e9s qui repr\u00e9sentent 2 nouveaux territoires de la plan\u00e8te Mars. \u00ab\u00a0Hellas\u00a0\u00bb comprend le p\u00f4le Sud martien ainsi que le gigantesque crat\u00e8re Hellas (7 hexagones dans le jeu) devenu un \u00e9norme lac. \u00ab\u00a0Elysium\u00a0\u00bb se trouve au c\u00f4t\u00e9 oppos\u00e9 de l&rsquo;\u00e9quateur, dans le Nord. On y trouvera le mont Olympe, le plus haut sommet du syst\u00e8me solaire, ainsi que de nombreuses ressources min\u00e9rales. Chacune de ces cartes apportera de nouveaux objectifs, de nouvelles r\u00e9compenses et de nouveaux bonus de placement.<\/p>\n","protected":false},"author":2,"featured_media":3567,"parent":3120,"menu_order":1,"comment_status":"closed","ping_status":"closed","template":"","meta":{"footnotes":""},"class_list":["post-3563","page","type-page","status-publish","has-post-thumbnail","hentry"],"acf":[],"rttpg_featured_image_url":{"full":["https:\/\/meeplendice.net\/wp-content\/uploads\/2017\/11\/Terraformingmars_HE.png",350,350,false],"landscape":["https:\/\/meeplendice.net\/wp-content\/uploads\/2017\/11\/Terraformingmars_HE.png",350,350,false],"portraits":["https:\/\/meeplendice.net\/wp-content\/uploads\/2017\/11\/Terraformingmars_HE.png",350,350,false],"thumbnail":["https:\/\/meeplendice.net\/wp-content\/uploads\/2017\/11\/Terraformingmars_HE-150x150.png",150,150,true],"medium":["https:\/\/meeplendice.net\/wp-content\/uploads\/2017\/11\/Terraformingmars_HE-300x300.png",300,300,true],"large":["https:\/\/meeplendice.net\/wp-content\/uploads\/2017\/11\/Terraformingmars_HE.png",350,350,false],"ug_big":["https:\/\/meeplendice.net\/wp-content\/uploads\/2017\/11\/Terraformingmars_HE.png",350,350,false],"1536x1536":["https:\/\/meeplendice.net\/wp-content\/uploads\/2017\/11\/Terraformingmars_HE.png",350,350,false],"2048x2048":["https:\/\/meeplendice.net\/wp-content\/uploads\/2017\/11\/Terraformingmars_HE.png",350,350,false],"ashe-slider-grid-thumbnail":["https:\/\/meeplendice.net\/wp-content\/uploads\/2017\/11\/Terraformingmars_HE.png",350,350,false],"ashe-full-thumbnail":["https:\/\/meeplendice.net\/wp-content\/uploads\/2017\/11\/Terraformingmars_HE.png",350,350,false],"ashe-grid-thumbnail":["https:\/\/meeplendice.net\/wp-content\/uploads\/2017\/11\/Terraformingmars_HE-350x330.png",350,330,true],"ashe-list-thumbnail":["https:\/\/meeplendice.net\/wp-content\/uploads\/2017\/11\/Terraformingmars_HE-300x300.png",300,300,true],"ashe-single-navigation":["https:\/\/meeplendice.net\/wp-content\/uploads\/2017\/11\/Terraformingmars_HE-75x75.png",75,75,true],"mailpoet_newsletter_max":["https:\/\/meeplendice.net\/wp-content\/uploads\/2017\/11\/Terraformingmars_HE.png",350,350,false],"rpwe-thumbnail":["https:\/\/meeplendice.net\/wp-content\/uploads\/2017\/11\/Terraformingmars_HE-45x45.png",45,45,true],"sow-carousel-default":["https:\/\/meeplendice.net\/wp-content\/uploads\/2017\/11\/Terraformingmars_HE-272x182.png",272,182,true],"rt_custom":["https:\/\/meeplendice.net\/wp-content\/uploads\/2017\/11\/Terraformingmars_HE.png",350,350,false]},"rttpg_author":{"display_name":"Karnby","author_link":"https:\/\/meeplendice.net\/?author=2"},"rttpg_comment":0,"rttpg_category":null,"rttpg_excerpt":"Terraforming Mars: Hellas &amp; Elysium, la premi\u00e8re extension de Terraforming Mars, est un nouveau plateau avec 2 c\u00f4t\u00e9s qui repr\u00e9sentent 2 nouveaux territoires de la plan\u00e8te Mars. \u00ab\u00a0Hellas\u00a0\u00bb comprend le p\u00f4le Sud martien ainsi que le gigantesque crat\u00e8re Hellas (7 hexagones dans le jeu) devenu un \u00e9norme lac. \u00ab\u00a0Elysium\u00a0\u00bb se trouve au c\u00f4t\u00e9 oppos\u00e9 de\u2026","_links":{"self":[{"href":"https:\/\/meeplendice.net\/index.php?rest_route=\/wp\/v2\/pages\/3563","targetHints":{"allow":["GET"]}}],"collection":[{"href":"https:\/\/meeplendice.net\/index.php?rest_route=\/wp\/v2\/pages"}],"about":[{"href":"https:\/\/meeplendice.net\/index.php?rest_route=\/wp\/v2\/types\/page"}],"author":[{"embeddable":true,"href":"https:\/\/meeplendice.net\/index.php?rest_route=\/wp\/v2\/users\/2"}],"replies":[{"embeddable":true,"href":"https:\/\/meeplendice.net\/index.php?rest_route=%2Fwp%2Fv2%2Fcomments&post=3563"}],"version-history":[{"count":8,"href":"https:\/\/meeplendice.net\/index.php?rest_route=\/wp\/v2\/pages\/3563\/revisions"}],"predecessor-version":[{"id":12944,"href":"https:\/\/meeplendice.net\/index.php?rest_route=\/wp\/v2\/pages\/3563\/revisions\/12944"}],"up":[{"embeddable":true,"href":"https:\/\/meeplendice.net\/index.php?rest_route=\/wp\/v2\/pages\/3120"}],"wp:featuredmedia":[{"embeddable":true,"href":"https:\/\/meeplendice.net\/index.php?rest_route=\/wp\/v2\/media\/3567"}],"wp:attachment":[{"href":"https:\/\/meeplendice.net\/index.php?rest_route=%2Fwp%2Fv2%2Fmedia&parent=3563"}],"curies":[{"name":"wp","href":"https:\/\/api.w.org\/{rel}","templated":true}]}}