{"id":3581,"date":"2017-11-09T10:26:04","date_gmt":"2017-11-09T09:26:04","guid":{"rendered":"http:\/\/meeplendice.net\/?page_id=3581"},"modified":"2022-05-27T14:19:56","modified_gmt":"2022-05-27T13:19:56","slug":"les-ames-oubliees","status":"publish","type":"page","link":"https:\/\/meeplendice.net\/?page_id=3581","title":{"rendered":"Les \u00c2mes Oubli\u00e9es"},"content":{"rendered":"<div class=\"p_collection\">\n<div class=\"p_collection\">\n<p><em>Derri\u00e8re chaque porte, une surprise fatale&#8230;<\/em><\/p>\n<p><em>Le sanguinaire dragon Tharn int\u00e8gre tous ceux qu\u2019il d\u00e9vore \u00e0 son effroyable arm\u00e9e. Malheureusement pour tous les vivants, le monstre s\u2019av\u00e8re insatiable.<\/em><\/p>\n<p>Les h\u00e9ros explorent une carte en perp\u00e9tuelle expansion tout en affrontant de terribles p\u00e9rils et en traversant diverses salles, tandis que les forces du mal complotent pour les mener \u00e0 leur perte\u00a0!<\/p>\n<\/div>\n<\/div>\n","protected":false},"excerpt":{"rendered":"<p>Derri\u00e8re chaque porte, une surprise fatale&#8230; Le sanguinaire dragon Tharn int\u00e8gre tous ceux qu\u2019il d\u00e9vore \u00e0 son effroyable arm\u00e9e. Malheureusement pour tous les vivants, le monstre s\u2019av\u00e8re insatiable. Les h\u00e9ros explorent une carte en perp\u00e9tuelle expansion tout en affrontant de terribles p\u00e9rils et en traversant diverses salles, tandis que les forces du mal complotent pour les mener \u00e0 leur perte\u00a0!<\/p>\n","protected":false},"author":2,"featured_media":3582,"parent":286,"menu_order":9,"comment_status":"closed","ping_status":"closed","template":"","meta":{"footnotes":""},"class_list":["post-3581","page","type-page","status-publish","has-post-thumbnail","hentry"],"acf":[],"rttpg_featured_image_url":{"full":["https:\/\/meeplendice.net\/wp-content\/uploads\/2017\/11\/Descentv2_Amesouliees.png",350,350,false],"landscape":["https:\/\/meeplendice.net\/wp-content\/uploads\/2017\/11\/Descentv2_Amesouliees.png",350,350,false],"portraits":["https:\/\/meeplendice.net\/wp-content\/uploads\/2017\/11\/Descentv2_Amesouliees.png",350,350,false],"thumbnail":["https:\/\/meeplendice.net\/wp-content\/uploads\/2017\/11\/Descentv2_Amesouliees-150x150.png",150,150,true],"medium":["https:\/\/meeplendice.net\/wp-content\/uploads\/2017\/11\/Descentv2_Amesouliees-300x300.png",300,300,true],"large":["https:\/\/meeplendice.net\/wp-content\/uploads\/2017\/11\/Descentv2_Amesouliees.png",350,350,false],"ug_big":["https:\/\/meeplendice.net\/wp-content\/uploads\/2017\/11\/Descentv2_Amesouliees.png",350,350,false],"1536x1536":["https:\/\/meeplendice.net\/wp-content\/uploads\/2017\/11\/Descentv2_Amesouliees.png",350,350,false],"2048x2048":["https:\/\/meeplendice.net\/wp-content\/uploads\/2017\/11\/Descentv2_Amesouliees.png",350,350,false],"ashe-slider-grid-thumbnail":["https:\/\/meeplendice.net\/wp-content\/uploads\/2017\/11\/Descentv2_Amesouliees.png",350,350,false],"ashe-full-thumbnail":["https:\/\/meeplendice.net\/wp-content\/uploads\/2017\/11\/Descentv2_Amesouliees.png",350,350,false],"ashe-grid-thumbnail":["https:\/\/meeplendice.net\/wp-content\/uploads\/2017\/11\/Descentv2_Amesouliees-350x330.png",350,330,true],"ashe-list-thumbnail":["https:\/\/meeplendice.net\/wp-content\/uploads\/2017\/11\/Descentv2_Amesouliees-300x300.png",300,300,true],"ashe-single-navigation":["https:\/\/meeplendice.net\/wp-content\/uploads\/2017\/11\/Descentv2_Amesouliees-75x75.png",75,75,true],"mailpoet_newsletter_max":["https:\/\/meeplendice.net\/wp-content\/uploads\/2017\/11\/Descentv2_Amesouliees.png",350,350,false],"rpwe-thumbnail":["https:\/\/meeplendice.net\/wp-content\/uploads\/2017\/11\/Descentv2_Amesouliees-45x45.png",45,45,true],"sow-carousel-default":["https:\/\/meeplendice.net\/wp-content\/uploads\/2017\/11\/Descentv2_Amesouliees-272x182.png",272,182,true],"rt_custom":["https:\/\/meeplendice.net\/wp-content\/uploads\/2017\/11\/Descentv2_Amesouliees.png",350,350,false]},"rttpg_author":{"display_name":"Karnby","author_link":"https:\/\/meeplendice.net\/?author=2"},"rttpg_comment":0,"rttpg_category":null,"rttpg_excerpt":"Derri\u00e8re chaque porte, une surprise fatale&#8230; Le sanguinaire dragon Tharn int\u00e8gre tous ceux qu\u2019il d\u00e9vore \u00e0 son effroyable arm\u00e9e. Malheureusement pour tous les vivants, le monstre s\u2019av\u00e8re insatiable. Les h\u00e9ros explorent une carte en perp\u00e9tuelle expansion tout en affrontant de terribles p\u00e9rils et en traversant diverses salles, tandis que les forces du mal complotent pour\u2026","_links":{"self":[{"href":"https:\/\/meeplendice.net\/index.php?rest_route=\/wp\/v2\/pages\/3581","targetHints":{"allow":["GET"]}}],"collection":[{"href":"https:\/\/meeplendice.net\/index.php?rest_route=\/wp\/v2\/pages"}],"about":[{"href":"https:\/\/meeplendice.net\/index.php?rest_route=\/wp\/v2\/types\/page"}],"author":[{"embeddable":true,"href":"https:\/\/meeplendice.net\/index.php?rest_route=\/wp\/v2\/users\/2"}],"replies":[{"embeddable":true,"href":"https:\/\/meeplendice.net\/index.php?rest_route=%2Fwp%2Fv2%2Fcomments&post=3581"}],"version-history":[{"count":2,"href":"https:\/\/meeplendice.net\/index.php?rest_route=\/wp\/v2\/pages\/3581\/revisions"}],"predecessor-version":[{"id":6436,"href":"https:\/\/meeplendice.net\/index.php?rest_route=\/wp\/v2\/pages\/3581\/revisions\/6436"}],"up":[{"embeddable":true,"href":"https:\/\/meeplendice.net\/index.php?rest_route=\/wp\/v2\/pages\/286"}],"wp:featuredmedia":[{"embeddable":true,"href":"https:\/\/meeplendice.net\/index.php?rest_route=\/wp\/v2\/media\/3582"}],"wp:attachment":[{"href":"https:\/\/meeplendice.net\/index.php?rest_route=%2Fwp%2Fv2%2Fmedia&parent=3581"}],"curies":[{"name":"wp","href":"https:\/\/api.w.org\/{rel}","templated":true}]}}