{"id":360,"date":"2016-08-30T20:39:11","date_gmt":"2016-08-30T19:39:11","guid":{"rendered":"http:\/\/meeplendice.net\/?page_id=360"},"modified":"2023-07-04T15:41:21","modified_gmt":"2023-07-04T14:41:21","slug":"lauberge-sanglante","status":"publish","type":"page","link":"https:\/\/meeplendice.net\/?page_id=360","title":{"rendered":"L&rsquo;Auberge Sanglante"},"content":{"rendered":"<div id=\"pl-360\"  class=\"panel-layout\" ><div id=\"pg-360-0\"  class=\"panel-grid panel-no-style\" ><div id=\"pgc-360-0-0\"  class=\"panel-grid-cell\" ><div id=\"panel-360-0-0-0\" class=\"so-panel widget widget_sow-editor panel-first-child panel-last-child\" data-index=\"0\" ><div\n\t\t\t\n\t\t\tclass=\"so-widget-sow-editor so-widget-sow-editor-base\"\n\t\t\t\n\t\t>\n<div class=\"siteorigin-widget-tinymce textwidget\">\n\t<p style=\"text-align: center;\"><strong>Nombre de joueurs :<\/strong><br \/>\n1 - 4<\/p>\n<\/div>\n<\/div><\/div><\/div><div id=\"pgc-360-0-1\"  class=\"panel-grid-cell\" ><div id=\"panel-360-0-1-0\" class=\"so-panel widget widget_sow-editor panel-first-child panel-last-child\" data-index=\"1\" ><div\n\t\t\t\n\t\t\tclass=\"so-widget-sow-editor so-widget-sow-editor-base\"\n\t\t\t\n\t\t>\n<div class=\"siteorigin-widget-tinymce textwidget\">\n\t<p style=\"text-align: center;\"><strong>Dur\u00e9e moyenne :<\/strong><br \/>\n60 min<\/p>\n<\/div>\n<\/div><\/div><\/div><div id=\"pgc-360-0-2\"  class=\"panel-grid-cell\" ><div id=\"panel-360-0-2-0\" class=\"so-panel widget widget_sow-editor panel-first-child panel-last-child\" data-index=\"2\" ><div\n\t\t\t\n\t\t\tclass=\"so-widget-sow-editor so-widget-sow-editor-base\"\n\t\t\t\n\t\t>\n<div class=\"siteorigin-widget-tinymce textwidget\">\n\t<p style=\"text-align: center;\"><strong>Age :<\/strong><br \/>\n14 ans et plus<\/p>\n<\/div>\n<\/div><\/div><\/div><\/div><div id=\"pg-360-1\"  class=\"panel-grid panel-no-style\" ><div id=\"pgc-360-1-0\"  class=\"panel-grid-cell\" ><div id=\"panel-360-1-0-0\" class=\"so-panel widget widget_sow-editor panel-first-child panel-last-child\" data-index=\"3\" ><div\n\t\t\t\n\t\t\tclass=\"so-widget-sow-editor so-widget-sow-editor-base\"\n\t\t\t\n\t\t>\n<div class=\"siteorigin-widget-tinymce textwidget\">\n\t<p style=\"text-align: center;\"><strong>Auteur(s) :<br \/>\n<\/strong>Nicolas Robert<\/p>\n<\/div>\n<\/div><\/div><\/div><div id=\"pgc-360-1-1\"  class=\"panel-grid-cell\" ><div id=\"panel-360-1-1-0\" class=\"so-panel widget widget_sow-editor panel-first-child panel-last-child\" data-index=\"4\" ><div\n\t\t\t\n\t\t\tclass=\"so-widget-sow-editor so-widget-sow-editor-base\"\n\t\t\t\n\t\t>\n<div class=\"siteorigin-widget-tinymce textwidget\">\n\t<p style=\"text-align: center;\"><strong>Illustrations :<\/strong><br \/>\nWeberson Santiago<\/p>\n<\/div>\n<\/div><\/div><\/div><div id=\"pgc-360-1-2\"  class=\"panel-grid-cell\" ><div id=\"panel-360-1-2-0\" class=\"so-panel widget widget_sow-editor panel-first-child panel-last-child\" data-index=\"5\" ><div\n\t\t\t\n\t\t\tclass=\"so-widget-sow-editor so-widget-sow-editor-base\"\n\t\t\t\n\t\t>\n<div class=\"siteorigin-widget-tinymce textwidget\">\n\t<p style=\"text-align: center;\"><strong>\u00c9dition :<\/strong><br \/>\nPearl Games<br \/>\n2015<\/p>\n<\/div>\n<\/div><\/div><\/div><div id=\"pgc-360-1-3\"  class=\"panel-grid-cell\" ><div id=\"panel-360-1-3-0\" class=\"so-panel widget widget_sow-editor panel-first-child panel-last-child\" data-index=\"6\" ><div\n\t\t\t\n\t\t\tclass=\"so-widget-sow-editor so-widget-sow-editor-base\"\n\t\t\t\n\t\t>\n<div class=\"siteorigin-widget-tinymce textwidget\">\n\t<p style=\"text-align: center;\"><strong>Version :<\/strong><br \/>\nFran\u00e7aise<\/p>\n<\/div>\n<\/div><\/div><\/div><\/div><div id=\"pg-360-2\"  class=\"panel-grid panel-no-style\" ><div id=\"pgc-360-2-0\"  class=\"panel-grid-cell\" ><div id=\"panel-360-2-0-0\" class=\"so-panel widget widget_sow-editor panel-first-child panel-last-child\" data-index=\"7\" ><div\n\t\t\t\n\t\t\tclass=\"so-widget-sow-editor so-widget-sow-editor-base\"\n\t\t\t\n\t\t>\n<div class=\"siteorigin-widget-tinymce textwidget\">\n\t<hr \/>\n<p><em>France 1831 : Dans un coin recul\u00e9 de l'ard\u00e8che, le petit village de Peyrebeille voit le passage de nombreux voyageurs... Une famille de cupides paysans du cru est bien d\u00e9cid\u00e9e \u00e0 faire fortune et a mis au point un stratag\u00e8me diabolique pour parvenir \u00e0 ses fins : Investir dans une auberge pour d\u00e9trousser ses clients et s'enrichir sans \u00e9veiller les soup\u00e7ons des forces de l'ordre !<\/em><\/p>\n<p><em>Que leur plan se d\u00e9roule comme pr\u00e9vu ou non, une chose est certaine :<\/em><\/p>\n<p><em>Tous les clients ne sortiront pas vivants de cette auberge...<\/em><\/p>\n<\/div>\n<\/div><\/div><\/div><\/div><div id=\"pg-360-3\"  class=\"panel-grid panel-no-style\" ><div id=\"pgc-360-3-0\"  class=\"panel-grid-cell\" ><div id=\"panel-360-3-0-0\" class=\"so-panel widget widget_sow-editor panel-first-child panel-last-child\" data-index=\"8\" ><div\n\t\t\t\n\t\t\tclass=\"so-widget-sow-editor so-widget-sow-editor-base\"\n\t\t\t\n\t\t>\n<div class=\"siteorigin-widget-tinymce textwidget\">\n\t<hr \/>\n<h3 style=\"text-align: center;\">En vid\u00e9o<\/h3>\n<p><a href=\"https:\/\/www.trictrac.net\/actus\/l-auberge-sanglante-le-comment-ca-marche\" target=\"_blank\" rel=\"noopener\"><img loading=\"lazy\" decoding=\"async\" class=\"alignnone size-full wp-image-9090\" src=\"https:\/\/meeplendice.net\/wp-content\/uploads\/2022\/01\/Link_CJ_v2.png\" alt=\"\" width=\"200\" height=\"170\" \/><\/a><\/p>\n<\/div>\n<\/div><\/div><\/div><\/div><div id=\"pg-360-4\"  class=\"panel-grid panel-no-style\" ><div id=\"pgc-360-4-0\"  class=\"panel-grid-cell\" ><div id=\"panel-360-4-0-0\" class=\"so-panel widget widget_sow-editor panel-first-child panel-last-child\" data-index=\"9\" ><div\n\t\t\t\n\t\t\tclass=\"so-widget-sow-editor so-widget-sow-editor-base\"\n\t\t\t\n\t\t>\n<div class=\"siteorigin-widget-tinymce textwidget\">\n\t<hr \/>\n<h3 style=\"text-align: center;\">Extension(s)<\/h3>\n<style type='text\/css' media='all'>#rt-tpg-container-4043741009 .read-more a{border-radius:px;}#rt-tpg-container-4043741009 .rt-img-holder img.rt-img-responsive,#rt-tpg-container-4043741009 .rt-img-holder,\n\t\t\t\t\t#rt-tpg-container-4043741009 .rt-post-overlay .post-img,\n\t\t\t\t\t#rt-tpg-container-4043741009 .post-sm .post-img,\n\t\t\t\t\t#rt-tpg-container-4043741009 .rt-post-grid .post-img,\n\t\t\t\t\t#rt-tpg-container-4043741009 .post-img img {border-radius:px;}#rt-tpg-container-4043741009 .layout9 .rt-holder h2.entry-title,\n\t\t\t\t\t#rt-tpg-container-4043741009 .layout9 .rt-holder h3.entry-title,\n\t\t\t\t\t#rt-tpg-container-4043741009 .layout9 .rt-holder h4.entry-title,\n\t\t\t\t\t#rt-tpg-container-4043741009 .layout9 .rt-holder h2.entry-title a,\n\t\t\t\t\t#rt-tpg-container-4043741009 .layout9 .rt-holder h3.entry-title a,\n\t\t\t\t\t#rt-tpg-container-4043741009 .layout9 .rt-holder h4.entry-title a,\n\t\t\t\t\t#rt-tpg-container-4043741009 .rt-holder .rt-woo-info h2 a,\n\t\t\t\t\t#rt-tpg-container-4043741009 .rt-holder .rt-woo-info h3 a,\n\t\t\t\t\t#rt-tpg-container-4043741009 .rt-holder .rt-woo-info h4 a,\n\t\t\t\t\t#rt-tpg-container-4043741009 .post-content .post-title,\n\t\t\t\t\t#rt-tpg-container-4043741009 .rt-post-grid .post-title,\n\t\t\t\t\t#rt-tpg-container-4043741009 .rt-post-grid .post-title a,\n\t\t\t\t\t#rt-tpg-container-4043741009 .post-content .post-title a,\n\t\t\t\t\t#rt-tpg-container-4043741009 .rt-holder .rt-woo-info h2,\n\t\t\t\t\t#rt-tpg-container-4043741009 .rt-holder .rt-woo-info h3,\n\t\t\t\t\t#rt-tpg-container-4043741009 .rt-holder .rt-woo-info h4{font-size:16px;line-height:26px;font-weight:normal;text-align:center;}#rt-tpg-container-4043741009 .post-grid-lg-style-1 .post-title,\n\t\t\t\t\t\t#rt-tpg-container-4043741009 .post-grid-lg-style-1 .post-title a,\n\t\t\t\t\t\t#rt-tpg-container-4043741009 .big-layout .post-title,\n\t\t\t\t\t\t#rt-tpg-container-4043741009 .big-layout .post-title a,\n\t\t\t\t\t\t#rt-tpg-container-4043741009 .post-grid-lg-style-1 .post-title,\n\t\t\t\t\t\t#rt-tpg-container-4043741009 .post-grid-lg-style-1 .post-title a {font-size:24px;line-height:34px;}<\/style><div class='rt-container-fluid rt-tpg-container tpg-shortcode-main-wrapper ' id='rt-tpg-container-4043741009'   data-layout='layout9' data-grid-style='even' data-desktop-col='3'  data-tab-col='2'  data-mobile-col='1' data-sc-id='3641'><div data-title='Loading ...' class='rt-row rt-content-loader   layout9 tpg-even '><div class=\"rt-col-md-4 rt-col-sm-6 rt-col-xs-12 even-grid-item rt-grid-item img_zoom_in\" data-id=\"3638\"><div class=\"rt-holder\"><div class='overlay'><a data-id='3638' class=' tpg-single-popup' href='https:\/\/meeplendice.net\/?page_id=3638'><img loading=\"lazy\" decoding=\"async\" width=\"350\" height=\"350\" src=\"https:\/\/meeplendice.net\/wp-content\/uploads\/2017\/11\/Auberge_Forains.png\" class=\"rt-img-responsive \" alt=\"\" \/><\/a><\/div><div class='post-info'><h2 class=\"entry-title\"><a data-id=\"3638\" class=\" tpg-single-popup\" href=\"https:\/\/meeplendice.net\/?page_id=3638\">Les Forains<\/a><\/h2><div class='post-meta-user '><\/div><\/div><\/div><\/div><\/div><div class='rt-pagination-wrap' data-total-pages='1' data-posts-per-page='3' data-type='pagination_ajax'  ><div class='rt-page-numbers'><\/div><\/div><\/div>\n<\/div>\n<\/div><\/div><\/div><\/div><div id=\"pg-360-5\"  class=\"panel-grid panel-no-style\" ><div id=\"pgc-360-5-0\"  class=\"panel-grid-cell\" ><div id=\"panel-360-5-0-0\" class=\"so-panel widget widget_sow-editor panel-first-child panel-last-child\" data-index=\"10\" ><div\n\t\t\t\n\t\t\tclass=\"so-widget-sow-editor so-widget-sow-editor-base\"\n\t\t\t\n\t\t>\n<div class=\"siteorigin-widget-tinymce textwidget\">\n\t<hr \/>\n<h3 style=\"text-align: center;\">Pour aller plus loin<\/h3>\n<\/div>\n<\/div><\/div><\/div><\/div><\/div>","protected":false},"excerpt":{"rendered":"<p>Nombre de joueurs : 1 &#8211; 4 Dur\u00e9e moyenne : 60 min Age : 14 ans et plus Auteur(s) : Nicolas Robert Illustrations : Weberson Santiago \u00c9dition : Pearl Games 2015 Version : Fran\u00e7aise<\/p>\n","protected":false},"author":2,"featured_media":705,"parent":0,"menu_order":0,"comment_status":"closed","ping_status":"closed","template":"","meta":{"footnotes":""},"class_list":["post-360","page","type-page","status-publish","has-post-thumbnail","hentry"],"acf":[],"rttpg_featured_image_url":{"full":["https:\/\/meeplendice.net\/wp-content\/uploads\/2016\/08\/laubergesanglante.png",350,350,false],"landscape":["https:\/\/meeplendice.net\/wp-content\/uploads\/2016\/08\/laubergesanglante.png",350,350,false],"portraits":["https:\/\/meeplendice.net\/wp-content\/uploads\/2016\/08\/laubergesanglante.png",350,350,false],"thumbnail":["https:\/\/meeplendice.net\/wp-content\/uploads\/2016\/08\/laubergesanglante-150x150.png",150,150,true],"medium":["https:\/\/meeplendice.net\/wp-content\/uploads\/2016\/08\/laubergesanglante-300x300.png",300,300,true],"large":["https:\/\/meeplendice.net\/wp-content\/uploads\/2016\/08\/laubergesanglante.png",350,350,false],"ug_big":["https:\/\/meeplendice.net\/wp-content\/uploads\/2016\/08\/laubergesanglante.png",350,350,false],"1536x1536":["https:\/\/meeplendice.net\/wp-content\/uploads\/2016\/08\/laubergesanglante.png",350,350,false],"2048x2048":["https:\/\/meeplendice.net\/wp-content\/uploads\/2016\/08\/laubergesanglante.png",350,350,false],"ashe-slider-grid-thumbnail":["https:\/\/meeplendice.net\/wp-content\/uploads\/2016\/08\/laubergesanglante.png",350,350,false],"ashe-full-thumbnail":["https:\/\/meeplendice.net\/wp-content\/uploads\/2016\/08\/laubergesanglante.png",350,350,false],"ashe-grid-thumbnail":["https:\/\/meeplendice.net\/wp-content\/uploads\/2016\/08\/laubergesanglante-350x330.png",350,330,true],"ashe-list-thumbnail":["https:\/\/meeplendice.net\/wp-content\/uploads\/2016\/08\/laubergesanglante-300x300.png",300,300,true],"ashe-single-navigation":["https:\/\/meeplendice.net\/wp-content\/uploads\/2016\/08\/laubergesanglante-75x75.png",75,75,true],"mailpoet_newsletter_max":["https:\/\/meeplendice.net\/wp-content\/uploads\/2016\/08\/laubergesanglante.png",350,350,false],"rpwe-thumbnail":["https:\/\/meeplendice.net\/wp-content\/uploads\/2016\/08\/laubergesanglante-45x45.png",45,45,true],"sow-carousel-default":["https:\/\/meeplendice.net\/wp-content\/uploads\/2016\/08\/laubergesanglante-272x182.png",272,182,true],"rt_custom":["https:\/\/meeplendice.net\/wp-content\/uploads\/2016\/08\/laubergesanglante.png",350,350,false]},"rttpg_author":{"display_name":"Karnby","author_link":"https:\/\/meeplendice.net\/?author=2"},"rttpg_comment":0,"rttpg_category":null,"rttpg_excerpt":"Nombre de joueurs : 1 - 4 Dur\u00e9e moyenne : 60 min Age : 14 ans et plus Auteur(s) : Nicolas Robert Illustrations : Weberson Santiago \u00c9dition : Pearl Games 2015 Version : Fran\u00e7aise","_links":{"self":[{"href":"https:\/\/meeplendice.net\/index.php?rest_route=\/wp\/v2\/pages\/360","targetHints":{"allow":["GET"]}}],"collection":[{"href":"https:\/\/meeplendice.net\/index.php?rest_route=\/wp\/v2\/pages"}],"about":[{"href":"https:\/\/meeplendice.net\/index.php?rest_route=\/wp\/v2\/types\/page"}],"author":[{"embeddable":true,"href":"https:\/\/meeplendice.net\/index.php?rest_route=\/wp\/v2\/users\/2"}],"replies":[{"embeddable":true,"href":"https:\/\/meeplendice.net\/index.php?rest_route=%2Fwp%2Fv2%2Fcomments&post=360"}],"version-history":[{"count":14,"href":"https:\/\/meeplendice.net\/index.php?rest_route=\/wp\/v2\/pages\/360\/revisions"}],"predecessor-version":[{"id":11099,"href":"https:\/\/meeplendice.net\/index.php?rest_route=\/wp\/v2\/pages\/360\/revisions\/11099"}],"wp:featuredmedia":[{"embeddable":true,"href":"https:\/\/meeplendice.net\/index.php?rest_route=\/wp\/v2\/media\/705"}],"wp:attachment":[{"href":"https:\/\/meeplendice.net\/index.php?rest_route=%2Fwp%2Fv2%2Fmedia&parent=360"}],"curies":[{"name":"wp","href":"https:\/\/api.w.org\/{rel}","templated":true}]}}