{"id":3615,"date":"2017-11-16T09:58:14","date_gmt":"2017-11-16T08:58:14","guid":{"rendered":"http:\/\/meeplendice.net\/?page_id=3615"},"modified":"2020-11-20T17:11:25","modified_gmt":"2020-11-20T16:11:25","slug":"stellium","status":"publish","type":"page","link":"https:\/\/meeplendice.net\/?page_id=3615","title":{"rendered":"Stellium"},"content":{"rendered":"<div id=\"pl-3615\"  class=\"panel-layout\" ><div id=\"pg-3615-0\"  class=\"panel-grid panel-no-style\" ><div id=\"pgc-3615-0-0\"  class=\"panel-grid-cell\" ><div id=\"panel-3615-0-0-0\" class=\"so-panel widget widget_sow-editor panel-first-child panel-last-child\" data-index=\"0\" ><div\n\t\t\t\n\t\t\tclass=\"so-widget-sow-editor so-widget-sow-editor-base\"\n\t\t\t\n\t\t>\n<div class=\"siteorigin-widget-tinymce textwidget\">\n\t<p style=\"text-align: center;\"><strong>Nombre de joueurs :<\/strong><br \/>\n2 - 4<\/p>\n<\/div>\n<\/div><\/div><\/div><div id=\"pgc-3615-0-1\"  class=\"panel-grid-cell\" ><div id=\"panel-3615-0-1-0\" class=\"so-panel widget widget_sow-editor panel-first-child panel-last-child\" data-index=\"1\" ><div\n\t\t\t\n\t\t\tclass=\"so-widget-sow-editor so-widget-sow-editor-base\"\n\t\t\t\n\t\t>\n<div class=\"siteorigin-widget-tinymce textwidget\">\n\t<p style=\"text-align: center;\"><strong>Dur\u00e9e moyenne :<\/strong><br \/>\n30 min<\/p>\n<\/div>\n<\/div><\/div><\/div><div id=\"pgc-3615-0-2\"  class=\"panel-grid-cell\" ><div id=\"panel-3615-0-2-0\" class=\"so-panel widget widget_sow-editor panel-first-child panel-last-child\" data-index=\"2\" ><div\n\t\t\t\n\t\t\tclass=\"so-widget-sow-editor so-widget-sow-editor-base\"\n\t\t\t\n\t\t>\n<div class=\"siteorigin-widget-tinymce textwidget\">\n\t<p style=\"text-align: center;\"><strong>Age :<\/strong><br \/>\n10 ans et plus<\/p>\n<\/div>\n<\/div><\/div><\/div><\/div><div id=\"pg-3615-1\"  class=\"panel-grid panel-no-style\" ><div id=\"pgc-3615-1-0\"  class=\"panel-grid-cell\" ><div id=\"panel-3615-1-0-0\" class=\"so-panel widget widget_sow-editor panel-first-child panel-last-child\" data-index=\"3\" ><div\n\t\t\t\n\t\t\tclass=\"so-widget-sow-editor so-widget-sow-editor-base\"\n\t\t\t\n\t\t>\n<div class=\"siteorigin-widget-tinymce textwidget\">\n\t<p style=\"text-align: center;\"><strong>Auteur(s) :<br \/>\n<\/strong>R\u00e9mi saunier<\/p>\n<\/div>\n<\/div><\/div><\/div><div id=\"pgc-3615-1-1\"  class=\"panel-grid-cell\" ><div id=\"panel-3615-1-1-0\" class=\"so-panel widget widget_sow-editor panel-first-child panel-last-child\" data-index=\"4\" ><div\n\t\t\t\n\t\t\tclass=\"so-widget-sow-editor so-widget-sow-editor-base\"\n\t\t\t\n\t\t>\n<div class=\"siteorigin-widget-tinymce textwidget\">\n\t<p style=\"text-align: center;\"><strong>Illustrations :<\/strong><br \/>\nAur\u00e9lie Guarino<\/p>\n<\/div>\n<\/div><\/div><\/div><div id=\"pgc-3615-1-2\"  class=\"panel-grid-cell\" ><div id=\"panel-3615-1-2-0\" class=\"so-panel widget widget_sow-editor panel-first-child panel-last-child\" data-index=\"5\" ><div\n\t\t\t\n\t\t\tclass=\"so-widget-sow-editor so-widget-sow-editor-base\"\n\t\t\t\n\t\t>\n<div class=\"siteorigin-widget-tinymce textwidget\">\n\t<p style=\"text-align: center;\"><strong>\u00c9dition :<\/strong><br \/>\nAnkama<br \/>\n2017<\/p>\n<\/div>\n<\/div><\/div><\/div><div id=\"pgc-3615-1-3\"  class=\"panel-grid-cell\" ><div id=\"panel-3615-1-3-0\" class=\"so-panel widget widget_sow-editor panel-first-child panel-last-child\" data-index=\"6\" ><div\n\t\t\t\n\t\t\tclass=\"so-widget-sow-editor so-widget-sow-editor-base\"\n\t\t\t\n\t\t>\n<div class=\"siteorigin-widget-tinymce textwidget\">\n\t<p style=\"text-align: center;\"><strong>Version :<\/strong><br \/>\nFran\u00e7aise<\/p>\n<\/div>\n<\/div><\/div><\/div><\/div><div id=\"pg-3615-2\"  class=\"panel-grid panel-no-style\" ><div id=\"pgc-3615-2-0\"  class=\"panel-grid-cell\" ><div id=\"panel-3615-2-0-0\" class=\"so-panel widget widget_sow-editor panel-first-child panel-last-child\" data-index=\"7\" ><div\n\t\t\t\n\t\t\tclass=\"so-widget-sow-editor so-widget-sow-editor-base\"\n\t\t\t\n\t\t>\n<div class=\"siteorigin-widget-tinymce textwidget\">\n\t<hr \/>\n<p>A l'aube de la cr\u00e9ation de l'Univers, le choix de son architecte est crucial !<\/p>\n<p>Vous incarnez les premi\u00e8res Divinit\u00e9s du Cosmos. Dans ce jeu de placement, vous allez positionner des astres afin de cr\u00e9er des alignements, tout en emp\u00eachant les autres d'en accomplir.<\/p>\n<p>Mais attention, rien n'est sans cons\u00e9quence : chaque astre jou\u00e9 (plan\u00e8te, \u00e9toile, com\u00e8te, supernova) aura un effet particulier sur l'Univers. Piochez le bon en le reconnaissant au toucher, placez-le sur une galaxie, appliquez son influence \u00e0 votre avantage, et tentez de devenir l'unique Grand Architecte de l'Univers !<\/p>\n<\/div>\n<\/div><\/div><\/div><\/div><div id=\"pg-3615-3\"  class=\"panel-grid panel-no-style\" ><div id=\"pgc-3615-3-0\"  class=\"panel-grid-cell\" ><div id=\"panel-3615-3-0-0\" class=\"so-panel widget widget_sow-editor panel-first-child panel-last-child\" data-index=\"8\" ><div\n\t\t\t\n\t\t\tclass=\"so-widget-sow-editor so-widget-sow-editor-base\"\n\t\t\t\n\t\t>\n<div class=\"siteorigin-widget-tinymce textwidget\">\n\t<hr \/>\n<p style=\"text-align: center;\"><strong>En vid\u00e9o<\/strong><\/p>\n<p>De l'explication des r\u00e8gles &amp; de la partie :<\/p>\n<ul>\n<li>Tric Trac<\/li>\n<\/ul>\n<p><a href=\"https:\/\/www.trictrac.net\/actus\/stellium-de-lexplipartie\" target=\"_blank\" rel=\"noopener noreferrer\"><img loading=\"lazy\" decoding=\"async\" class=\"alignnone wp-image-513 size-full\" src=\"http:\/\/meeplendice.net\/wp-content\/uploads\/2016\/08\/TT_explipartie_1.png\" alt=\"TT_explipartie_1\" width=\"200\" height=\"170\" \/><\/a><\/p>\n<\/div>\n<\/div><\/div><\/div><\/div><div id=\"pg-3615-4\"  class=\"panel-grid panel-no-style\" ><div id=\"pgc-3615-4-0\"  class=\"panel-grid-cell\" ><div id=\"panel-3615-4-0-0\" class=\"so-panel widget widget_sow-editor panel-first-child panel-last-child\" data-index=\"9\" ><div\n\t\t\t\n\t\t\tclass=\"so-widget-sow-editor so-widget-sow-editor-base\"\n\t\t\t\n\t\t>\n<div class=\"siteorigin-widget-tinymce textwidget\">\n\t<p>&nbsp;<\/p>\n<hr \/>\n<p style=\"text-align: center;\"><strong>Pour aller plus loin<\/strong><\/p>\n<\/div>\n<\/div><\/div><\/div><\/div><\/div>","protected":false},"excerpt":{"rendered":"<p>Nombre de joueurs : 2 &#8211; 4 Dur\u00e9e moyenne : 30 min Age : 10 ans et plus Auteur(s) : R\u00e9mi saunier Illustrations : Aur\u00e9lie Guarino \u00c9dition : Ankama 2017 Version : Fran\u00e7aise<\/p>\n","protected":false},"author":2,"featured_media":3619,"parent":0,"menu_order":0,"comment_status":"closed","ping_status":"closed","template":"","meta":{"footnotes":""},"class_list":["post-3615","page","type-page","status-publish","has-post-thumbnail","hentry"],"acf":[],"rttpg_featured_image_url":{"full":["https:\/\/meeplendice.net\/wp-content\/uploads\/2017\/11\/Stellium.png",350,350,false],"landscape":["https:\/\/meeplendice.net\/wp-content\/uploads\/2017\/11\/Stellium.png",350,350,false],"portraits":["https:\/\/meeplendice.net\/wp-content\/uploads\/2017\/11\/Stellium.png",350,350,false],"thumbnail":["https:\/\/meeplendice.net\/wp-content\/uploads\/2017\/11\/Stellium-150x150.png",150,150,true],"medium":["https:\/\/meeplendice.net\/wp-content\/uploads\/2017\/11\/Stellium-300x300.png",300,300,true],"large":["https:\/\/meeplendice.net\/wp-content\/uploads\/2017\/11\/Stellium.png",350,350,false],"ug_big":["https:\/\/meeplendice.net\/wp-content\/uploads\/2017\/11\/Stellium.png",350,350,false],"1536x1536":["https:\/\/meeplendice.net\/wp-content\/uploads\/2017\/11\/Stellium.png",350,350,false],"2048x2048":["https:\/\/meeplendice.net\/wp-content\/uploads\/2017\/11\/Stellium.png",350,350,false],"ashe-slider-grid-thumbnail":["https:\/\/meeplendice.net\/wp-content\/uploads\/2017\/11\/Stellium.png",350,350,false],"ashe-full-thumbnail":["https:\/\/meeplendice.net\/wp-content\/uploads\/2017\/11\/Stellium.png",350,350,false],"ashe-grid-thumbnail":["https:\/\/meeplendice.net\/wp-content\/uploads\/2017\/11\/Stellium-350x330.png",350,330,true],"ashe-list-thumbnail":["https:\/\/meeplendice.net\/wp-content\/uploads\/2017\/11\/Stellium-300x300.png",300,300,true],"ashe-single-navigation":["https:\/\/meeplendice.net\/wp-content\/uploads\/2017\/11\/Stellium-75x75.png",75,75,true],"mailpoet_newsletter_max":["https:\/\/meeplendice.net\/wp-content\/uploads\/2017\/11\/Stellium.png",350,350,false],"rpwe-thumbnail":["https:\/\/meeplendice.net\/wp-content\/uploads\/2017\/11\/Stellium-45x45.png",45,45,true],"sow-carousel-default":["https:\/\/meeplendice.net\/wp-content\/uploads\/2017\/11\/Stellium-272x182.png",272,182,true],"rt_custom":["https:\/\/meeplendice.net\/wp-content\/uploads\/2017\/11\/Stellium.png",350,350,false]},"rttpg_author":{"display_name":"Karnby","author_link":"https:\/\/meeplendice.net\/?author=2"},"rttpg_comment":0,"rttpg_category":null,"rttpg_excerpt":"Nombre de joueurs : 2 - 4 Dur\u00e9e moyenne : 30 min Age : 10 ans et plus Auteur(s) : R\u00e9mi saunier Illustrations : Aur\u00e9lie Guarino \u00c9dition : Ankama 2017 Version : Fran\u00e7aise","_links":{"self":[{"href":"https:\/\/meeplendice.net\/index.php?rest_route=\/wp\/v2\/pages\/3615","targetHints":{"allow":["GET"]}}],"collection":[{"href":"https:\/\/meeplendice.net\/index.php?rest_route=\/wp\/v2\/pages"}],"about":[{"href":"https:\/\/meeplendice.net\/index.php?rest_route=\/wp\/v2\/types\/page"}],"author":[{"embeddable":true,"href":"https:\/\/meeplendice.net\/index.php?rest_route=\/wp\/v2\/users\/2"}],"replies":[{"embeddable":true,"href":"https:\/\/meeplendice.net\/index.php?rest_route=%2Fwp%2Fv2%2Fcomments&post=3615"}],"version-history":[{"count":6,"href":"https:\/\/meeplendice.net\/index.php?rest_route=\/wp\/v2\/pages\/3615\/revisions"}],"predecessor-version":[{"id":7467,"href":"https:\/\/meeplendice.net\/index.php?rest_route=\/wp\/v2\/pages\/3615\/revisions\/7467"}],"wp:featuredmedia":[{"embeddable":true,"href":"https:\/\/meeplendice.net\/index.php?rest_route=\/wp\/v2\/media\/3619"}],"wp:attachment":[{"href":"https:\/\/meeplendice.net\/index.php?rest_route=%2Fwp%2Fv2%2Fmedia&parent=3615"}],"curies":[{"name":"wp","href":"https:\/\/api.w.org\/{rel}","templated":true}]}}