{"id":376,"date":"2016-08-30T20:41:05","date_gmt":"2016-08-30T19:41:05","guid":{"rendered":"http:\/\/meeplendice.net\/?page_id=376"},"modified":"2020-11-13T16:51:07","modified_gmt":"2020-11-13T15:51:07","slug":"mysterium","status":"publish","type":"page","link":"https:\/\/meeplendice.net\/?page_id=376","title":{"rendered":"Mysterium"},"content":{"rendered":"<div id=\"pl-376\"  class=\"panel-layout\" ><div id=\"pg-376-0\"  class=\"panel-grid panel-no-style\" ><div id=\"pgc-376-0-0\"  class=\"panel-grid-cell\" ><div id=\"panel-376-0-0-0\" class=\"so-panel widget widget_sow-editor panel-first-child panel-last-child\" data-index=\"0\" ><div\n\t\t\t\n\t\t\tclass=\"so-widget-sow-editor so-widget-sow-editor-base\"\n\t\t\t\n\t\t>\n<div class=\"siteorigin-widget-tinymce textwidget\">\n\t<p style=\"text-align: center;\"><strong>Nombre de joueurs :<\/strong><br \/>\n2 - 7<\/p>\n<\/div>\n<\/div><\/div><\/div><div id=\"pgc-376-0-1\"  class=\"panel-grid-cell\" ><div id=\"panel-376-0-1-0\" class=\"so-panel widget widget_sow-editor panel-first-child panel-last-child\" data-index=\"1\" ><div\n\t\t\t\n\t\t\tclass=\"so-widget-sow-editor so-widget-sow-editor-base\"\n\t\t\t\n\t\t>\n<div class=\"siteorigin-widget-tinymce textwidget\">\n\t<p style=\"text-align: center;\"><strong>Dur\u00e9e moyenne :<\/strong><br \/>\n42 min<\/p>\n<\/div>\n<\/div><\/div><\/div><div id=\"pgc-376-0-2\"  class=\"panel-grid-cell\" ><div id=\"panel-376-0-2-0\" class=\"so-panel widget widget_sow-editor panel-first-child panel-last-child\" data-index=\"2\" ><div\n\t\t\t\n\t\t\tclass=\"so-widget-sow-editor so-widget-sow-editor-base\"\n\t\t\t\n\t\t>\n<div class=\"siteorigin-widget-tinymce textwidget\">\n\t<p style=\"text-align: center;\"><strong>Age :<\/strong><br \/>\n10 ans et plus<\/p>\n<\/div>\n<\/div><\/div><\/div><\/div><div id=\"pg-376-1\"  class=\"panel-grid panel-no-style\" ><div id=\"pgc-376-1-0\"  class=\"panel-grid-cell\" ><div id=\"panel-376-1-0-0\" class=\"so-panel widget widget_sow-editor panel-first-child panel-last-child\" data-index=\"3\" ><div\n\t\t\t\n\t\t\tclass=\"so-widget-sow-editor so-widget-sow-editor-base\"\n\t\t\t\n\t\t>\n<div class=\"siteorigin-widget-tinymce textwidget\">\n\t<p style=\"text-align: center;\"><strong>Auteur(s) :<br \/>\n<\/strong>Oleg Sidorenko<br \/>\nOleksandr Nevskiy<\/p>\n<\/div>\n<\/div><\/div><\/div><div id=\"pgc-376-1-1\"  class=\"panel-grid-cell\" ><div id=\"panel-376-1-1-0\" class=\"so-panel widget widget_sow-editor panel-first-child panel-last-child\" data-index=\"4\" ><div\n\t\t\t\n\t\t\tclass=\"so-widget-sow-editor so-widget-sow-editor-base\"\n\t\t\t\n\t\t>\n<div class=\"siteorigin-widget-tinymce textwidget\">\n\t<p style=\"text-align: center;\"><strong>Illustrations :<\/strong><br \/>\nIgor Burlakov<br \/>\nXavier Collette<\/p>\n<\/div>\n<\/div><\/div><\/div><div id=\"pgc-376-1-2\"  class=\"panel-grid-cell\" ><div id=\"panel-376-1-2-0\" class=\"so-panel widget widget_sow-editor panel-first-child panel-last-child\" data-index=\"5\" ><div\n\t\t\t\n\t\t\tclass=\"so-widget-sow-editor so-widget-sow-editor-base\"\n\t\t\t\n\t\t>\n<div class=\"siteorigin-widget-tinymce textwidget\">\n\t<p style=\"text-align: center;\"><strong>\u00c9dition :<\/strong><br \/>\nLibellud<br \/>\n2015<\/p>\n<\/div>\n<\/div><\/div><\/div><div id=\"pgc-376-1-3\"  class=\"panel-grid-cell\" ><div id=\"panel-376-1-3-0\" class=\"so-panel widget widget_sow-editor panel-first-child panel-last-child\" data-index=\"6\" ><div\n\t\t\t\n\t\t\tclass=\"so-widget-sow-editor so-widget-sow-editor-base\"\n\t\t\t\n\t\t>\n<div class=\"siteorigin-widget-tinymce textwidget\">\n\t<p style=\"text-align: center;\"><strong>Version :<\/strong><br \/>\nFran\u00e7aise<\/p>\n<\/div>\n<\/div><\/div><\/div><\/div><div id=\"pg-376-2\"  class=\"panel-grid panel-no-style\" ><div id=\"pgc-376-2-0\"  class=\"panel-grid-cell\" ><div id=\"panel-376-2-0-0\" class=\"so-panel widget widget_sow-editor panel-first-child panel-last-child\" data-index=\"7\" ><div\n\t\t\t\n\t\t\tclass=\"so-widget-sow-editor so-widget-sow-editor-base\"\n\t\t\t\n\t\t>\n<div class=\"siteorigin-widget-tinymce textwidget\">\n\t<hr \/>\n<p>Vous avez os\u00e9 franchir les portes du manoir hant\u00e9 de Mysterium... Quel courage ! Installez-vous confortablement autour de la table, ouvrez votre esprit et r\u00e9veillez votre 6e sens : vous allez participer \u00e0 une s\u00e9ance de spiritisme exceptionnelle et tenter d\u2019apporter la paix \u00e0 une pauvre \u00e2me \u00e9gar\u00e9e...<\/p>\n<p>Dans ce jeu coop\u00e9ratif et asym\u00e9trique, un joueur tiendra le r\u00f4le du fant\u00f4me et les autres joueurs ceux des m\u00e9diums. Tous auront le m\u00eame but : \u00e9lucider les circonstances \u00e9tranges de la mort du fant\u00f4me afin qu'il repose en paix !<\/p>\n<p>Ne pouvant parler, le d\u00e9funt tentera de se faire comprendre des m\u00e9diums en leur adressant d'outre-tombe ces visions, qu'ils devront interpr\u00e9ter pour reconstituer les \u00e9v\u00e9nements de la nuit du crime. Plus ils s\u2019entraideront et viseront juste, plus ul leur sera facile de d\u00e9masquer le vrai coupable.<\/p>\n<p>Mais le temps est compt\u00e9 ! Ils auront 7 heures seulement pour entrer en contact avec le fant\u00f4me et r\u00e9soudre un tr\u00e8s ancien myst\u00e8re...<\/p>\n<\/div>\n<\/div><\/div><\/div><\/div><div id=\"pg-376-3\"  class=\"panel-grid panel-no-style\" ><div id=\"pgc-376-3-0\"  class=\"panel-grid-cell\" ><div id=\"panel-376-3-0-0\" class=\"so-panel widget widget_sow-editor panel-first-child panel-last-child\" data-index=\"8\" ><div\n\t\t\t\n\t\t\tclass=\"so-widget-sow-editor so-widget-sow-editor-base\"\n\t\t\t\n\t\t>\n<div class=\"siteorigin-widget-tinymce textwidget\">\n\t<hr \/>\n<p style=\"text-align: center;\"><strong>En vid\u00e9o<\/strong><\/p>\n<p style=\"text-align: left;\">De l'explication des r\u00e8gles :<\/p>\n<ul>\n<li style=\"text-align: left;\">Tric Trac<\/li>\n<\/ul>\n<p style=\"text-align: left;\"><a href=\"https:\/\/www.trictrac.net\/videos\/Mysterium_de_le_comment_ca_marche\" target=\"_blank\"><img loading=\"lazy\" decoding=\"async\" class=\"alignnone size-full wp-image-107\" src=\"http:\/\/meeplendice.net\/wp-content\/uploads\/2016\/08\/TT_explication.png\" alt=\"TT_explication\" width=\"200\" height=\"170\" \/><\/a><\/p>\n<p style=\"text-align: left;\">\u00a0De la partie :<\/p>\n<ul>\n<li style=\"text-align: left;\">Tric Trac<\/li>\n<\/ul>\n<p><a href=\"https:\/\/www.trictrac.net\/videos\/Mysterium_de_la_partie\" target=\"_blank\"><img loading=\"lazy\" decoding=\"async\" class=\"alignnone size-full wp-image-117\" src=\"http:\/\/meeplendice.net\/wp-content\/uploads\/2016\/08\/TT_partie_1.png\" alt=\"TT_partie_1\" width=\"200\" height=\"170\" \/><\/a><\/p>\n<\/div>\n<\/div><\/div><\/div><div id=\"pgc-376-3-1\"  class=\"panel-grid-cell\" ><div id=\"panel-376-3-1-0\" class=\"so-panel widget widget_sow-editor panel-first-child panel-last-child\" data-index=\"9\" ><div\n\t\t\t\n\t\t\tclass=\"so-widget-sow-editor so-widget-sow-editor-base\"\n\t\t\t\n\t\t>\n<div class=\"siteorigin-widget-tinymce textwidget\">\n\t<hr \/>\n<p style=\"text-align: center;\"><strong>Extension(s)<br \/>\n<style type='text\/css' media='all'>#rt-tpg-container-3027104893 .read-more a{border-radius:px;}#rt-tpg-container-3027104893 .rt-img-holder img.rt-img-responsive,#rt-tpg-container-3027104893 .rt-img-holder,\n\t\t\t\t\t#rt-tpg-container-3027104893 .rt-post-overlay .post-img,\n\t\t\t\t\t#rt-tpg-container-3027104893 .post-sm .post-img,\n\t\t\t\t\t#rt-tpg-container-3027104893 .rt-post-grid .post-img,\n\t\t\t\t\t#rt-tpg-container-3027104893 .post-img img {border-radius:px;}#rt-tpg-container-3027104893 .layout9 .rt-holder h2.entry-title,\n\t\t\t\t\t#rt-tpg-container-3027104893 .layout9 .rt-holder h3.entry-title,\n\t\t\t\t\t#rt-tpg-container-3027104893 .layout9 .rt-holder h4.entry-title,\n\t\t\t\t\t#rt-tpg-container-3027104893 .layout9 .rt-holder h2.entry-title a,\n\t\t\t\t\t#rt-tpg-container-3027104893 .layout9 .rt-holder h3.entry-title a,\n\t\t\t\t\t#rt-tpg-container-3027104893 .layout9 .rt-holder h4.entry-title a,\n\t\t\t\t\t#rt-tpg-container-3027104893 .rt-holder .rt-woo-info h2 a,\n\t\t\t\t\t#rt-tpg-container-3027104893 .rt-holder .rt-woo-info h3 a,\n\t\t\t\t\t#rt-tpg-container-3027104893 .rt-holder .rt-woo-info h4 a,\n\t\t\t\t\t#rt-tpg-container-3027104893 .post-content .post-title,\n\t\t\t\t\t#rt-tpg-container-3027104893 .rt-post-grid .post-title,\n\t\t\t\t\t#rt-tpg-container-3027104893 .rt-post-grid .post-title a,\n\t\t\t\t\t#rt-tpg-container-3027104893 .post-content .post-title a,\n\t\t\t\t\t#rt-tpg-container-3027104893 .rt-holder .rt-woo-info h2,\n\t\t\t\t\t#rt-tpg-container-3027104893 .rt-holder .rt-woo-info h3,\n\t\t\t\t\t#rt-tpg-container-3027104893 .rt-holder .rt-woo-info h4{font-size:16px;line-height:26px;font-weight:normal;text-align:center;}#rt-tpg-container-3027104893 .post-grid-lg-style-1 .post-title,\n\t\t\t\t\t\t#rt-tpg-container-3027104893 .post-grid-lg-style-1 .post-title a,\n\t\t\t\t\t\t#rt-tpg-container-3027104893 .big-layout .post-title,\n\t\t\t\t\t\t#rt-tpg-container-3027104893 .big-layout .post-title a,\n\t\t\t\t\t\t#rt-tpg-container-3027104893 .post-grid-lg-style-1 .post-title,\n\t\t\t\t\t\t#rt-tpg-container-3027104893 .post-grid-lg-style-1 .post-title a {font-size:24px;line-height:34px;}<\/style><div class='rt-container-fluid rt-tpg-container tpg-shortcode-main-wrapper ' id='rt-tpg-container-3027104893'   data-layout='layout9' data-grid-style='even' data-desktop-col='3'  data-tab-col='2'  data-mobile-col='1' data-sc-id='1554'><div data-title='Loading ...' class='rt-row rt-content-loader   layout9 tpg-even '><div class=\"rt-col-md-4 rt-col-sm-6 rt-col-xs-12 even-grid-item rt-grid-item img_zoom_in\" data-id=\"1551\"><div class=\"rt-holder\"><div class='overlay'><a data-id='1551' class=' tpg-single-popup' href='https:\/\/meeplendice.net\/?page_id=1551'><img loading=\"lazy\" decoding=\"async\" width=\"350\" height=\"350\" src=\"https:\/\/meeplendice.net\/wp-content\/uploads\/2016\/09\/Mysterium_hiddensigns.png\" class=\"rt-img-responsive \" alt=\"\" \/><\/a><\/div><div class='post-info'><h2 class=\"entry-title\"><a data-id=\"1551\" class=\" tpg-single-popup\" href=\"https:\/\/meeplendice.net\/?page_id=1551\">Hidden Signs<\/a><\/h2><div class='post-meta-user '><\/div><\/div><\/div><\/div><div class=\"rt-col-md-4 rt-col-sm-6 rt-col-xs-12 even-grid-item rt-grid-item img_zoom_in\" data-id=\"3557\"><div class=\"rt-holder\"><div class='overlay'><a data-id='3557' class=' tpg-single-popup' href='https:\/\/meeplendice.net\/?page_id=3557'><img loading=\"lazy\" decoding=\"async\" width=\"350\" height=\"350\" src=\"https:\/\/meeplendice.net\/wp-content\/uploads\/2017\/11\/Mysterium_secretlies.png\" class=\"rt-img-responsive \" alt=\"\" \/><\/a><\/div><div class='post-info'><h2 class=\"entry-title\"><a data-id=\"3557\" class=\" tpg-single-popup\" href=\"https:\/\/meeplendice.net\/?page_id=3557\">Secret &#038; Lies<\/a><\/h2><div class='post-meta-user '><\/div><\/div><\/div><\/div><\/div><div class='rt-pagination-wrap' data-total-pages='1' data-posts-per-page='3' data-type='pagination_ajax'  ><div class='rt-page-numbers'><\/div><\/div><\/div><br \/>\n<\/strong><\/p>\n<\/div>\n<\/div><\/div><\/div><\/div><div id=\"pg-376-4\"  class=\"panel-grid panel-no-style\" ><div id=\"pgc-376-4-0\"  class=\"panel-grid-cell\" ><div id=\"panel-376-4-0-0\" class=\"so-panel widget widget_sow-editor panel-first-child panel-last-child\" data-index=\"10\" ><div\n\t\t\t\n\t\t\tclass=\"so-widget-sow-editor so-widget-sow-editor-base\"\n\t\t\t\n\t\t>\n<div class=\"siteorigin-widget-tinymce textwidget\">\n\t<hr \/>\n<p style=\"text-align: center;\"><strong>Pour aller plus loin<br \/><\/strong><\/p>\n<p>\u00a0<\/p>\n<\/div>\n<\/div><\/div><\/div><\/div><\/div>","protected":false},"excerpt":{"rendered":"<p>Nombre de joueurs : 2 &#8211; 7 Dur\u00e9e moyenne : 42 min Age : 10 ans et plus Auteur(s) : Oleg Sidorenko Oleksandr Nevskiy Illustrations : Igor Burlakov Xavier Collette \u00c9dition : Libellud 2015 Version : Fran\u00e7aise<\/p>\n","protected":false},"author":2,"featured_media":936,"parent":0,"menu_order":0,"comment_status":"closed","ping_status":"closed","template":"","meta":{"footnotes":""},"class_list":["post-376","page","type-page","status-publish","has-post-thumbnail","hentry"],"acf":[],"rttpg_featured_image_url":{"full":["https:\/\/meeplendice.net\/wp-content\/uploads\/2016\/08\/Mysterium.png",350,350,false],"landscape":["https:\/\/meeplendice.net\/wp-content\/uploads\/2016\/08\/Mysterium.png",350,350,false],"portraits":["https:\/\/meeplendice.net\/wp-content\/uploads\/2016\/08\/Mysterium.png",350,350,false],"thumbnail":["https:\/\/meeplendice.net\/wp-content\/uploads\/2016\/08\/Mysterium-150x150.png",150,150,true],"medium":["https:\/\/meeplendice.net\/wp-content\/uploads\/2016\/08\/Mysterium-300x300.png",300,300,true],"large":["https:\/\/meeplendice.net\/wp-content\/uploads\/2016\/08\/Mysterium.png",350,350,false],"ug_big":["https:\/\/meeplendice.net\/wp-content\/uploads\/2016\/08\/Mysterium.png",350,350,false],"1536x1536":["https:\/\/meeplendice.net\/wp-content\/uploads\/2016\/08\/Mysterium.png",350,350,false],"2048x2048":["https:\/\/meeplendice.net\/wp-content\/uploads\/2016\/08\/Mysterium.png",350,350,false],"ashe-slider-grid-thumbnail":["https:\/\/meeplendice.net\/wp-content\/uploads\/2016\/08\/Mysterium.png",350,350,false],"ashe-full-thumbnail":["https:\/\/meeplendice.net\/wp-content\/uploads\/2016\/08\/Mysterium.png",350,350,false],"ashe-grid-thumbnail":["https:\/\/meeplendice.net\/wp-content\/uploads\/2016\/08\/Mysterium-350x330.png",350,330,true],"ashe-list-thumbnail":["https:\/\/meeplendice.net\/wp-content\/uploads\/2016\/08\/Mysterium-300x300.png",300,300,true],"ashe-single-navigation":["https:\/\/meeplendice.net\/wp-content\/uploads\/2016\/08\/Mysterium-75x75.png",75,75,true],"mailpoet_newsletter_max":["https:\/\/meeplendice.net\/wp-content\/uploads\/2016\/08\/Mysterium.png",350,350,false],"rpwe-thumbnail":["https:\/\/meeplendice.net\/wp-content\/uploads\/2016\/08\/Mysterium-45x45.png",45,45,true],"sow-carousel-default":["https:\/\/meeplendice.net\/wp-content\/uploads\/2016\/08\/Mysterium-272x182.png",272,182,true],"rt_custom":["https:\/\/meeplendice.net\/wp-content\/uploads\/2016\/08\/Mysterium.png",350,350,false]},"rttpg_author":{"display_name":"Karnby","author_link":"https:\/\/meeplendice.net\/?author=2"},"rttpg_comment":0,"rttpg_category":null,"rttpg_excerpt":"Nombre de joueurs : 2 - 7 Dur\u00e9e moyenne : 42 min Age : 10 ans et plus Auteur(s) : Oleg Sidorenko Oleksandr Nevskiy Illustrations : Igor Burlakov Xavier Collette \u00c9dition : Libellud 2015 Version : Fran\u00e7aise","_links":{"self":[{"href":"https:\/\/meeplendice.net\/index.php?rest_route=\/wp\/v2\/pages\/376","targetHints":{"allow":["GET"]}}],"collection":[{"href":"https:\/\/meeplendice.net\/index.php?rest_route=\/wp\/v2\/pages"}],"about":[{"href":"https:\/\/meeplendice.net\/index.php?rest_route=\/wp\/v2\/types\/page"}],"author":[{"embeddable":true,"href":"https:\/\/meeplendice.net\/index.php?rest_route=\/wp\/v2\/users\/2"}],"replies":[{"embeddable":true,"href":"https:\/\/meeplendice.net\/index.php?rest_route=%2Fwp%2Fv2%2Fcomments&post=376"}],"version-history":[{"count":10,"href":"https:\/\/meeplendice.net\/index.php?rest_route=\/wp\/v2\/pages\/376\/revisions"}],"predecessor-version":[{"id":7322,"href":"https:\/\/meeplendice.net\/index.php?rest_route=\/wp\/v2\/pages\/376\/revisions\/7322"}],"wp:featuredmedia":[{"embeddable":true,"href":"https:\/\/meeplendice.net\/index.php?rest_route=\/wp\/v2\/media\/936"}],"wp:attachment":[{"href":"https:\/\/meeplendice.net\/index.php?rest_route=%2Fwp%2Fv2%2Fmedia&parent=376"}],"curies":[{"name":"wp","href":"https:\/\/api.w.org\/{rel}","templated":true}]}}