{"id":378,"date":"2016-08-30T20:41:17","date_gmt":"2016-08-30T19:41:17","guid":{"rendered":"http:\/\/meeplendice.net\/?page_id=378"},"modified":"2020-11-13T16:55:45","modified_gmt":"2020-11-13T15:55:45","slug":"neuroshima-hex-3-0","status":"publish","type":"page","link":"https:\/\/meeplendice.net\/?page_id=378","title":{"rendered":"Neuroshima Hex 3.0"},"content":{"rendered":"<div id=\"pl-378\"  class=\"panel-layout\" ><div id=\"pg-378-0\"  class=\"panel-grid panel-no-style\" ><div id=\"pgc-378-0-0\"  class=\"panel-grid-cell\" ><div id=\"panel-378-0-0-0\" class=\"so-panel widget widget_sow-editor panel-first-child panel-last-child\" data-index=\"0\" ><div\n\t\t\t\n\t\t\tclass=\"so-widget-sow-editor so-widget-sow-editor-base\"\n\t\t\t\n\t\t>\n<div class=\"siteorigin-widget-tinymce textwidget\">\n\t<p style=\"text-align: center;\"><strong>Nombre de joueurs :<\/strong><br \/>\n1 - 4<\/p>\n<\/div>\n<\/div><\/div><\/div><div id=\"pgc-378-0-1\"  class=\"panel-grid-cell\" ><div id=\"panel-378-0-1-0\" class=\"so-panel widget widget_sow-editor panel-first-child panel-last-child\" data-index=\"1\" ><div\n\t\t\t\n\t\t\tclass=\"so-widget-sow-editor so-widget-sow-editor-base\"\n\t\t\t\n\t\t>\n<div class=\"siteorigin-widget-tinymce textwidget\">\n\t<p style=\"text-align: center;\"><strong>Dur\u00e9e moyenne :<\/strong><br \/>\n30 min<\/p>\n<\/div>\n<\/div><\/div><\/div><div id=\"pgc-378-0-2\"  class=\"panel-grid-cell\" ><div id=\"panel-378-0-2-0\" class=\"so-panel widget widget_sow-editor panel-first-child panel-last-child\" data-index=\"2\" ><div\n\t\t\t\n\t\t\tclass=\"so-widget-sow-editor so-widget-sow-editor-base\"\n\t\t\t\n\t\t>\n<div class=\"siteorigin-widget-tinymce textwidget\">\n\t<p style=\"text-align: center;\"><strong>Age :<\/strong><br \/>\n13 ans et plus<\/p>\n<\/div>\n<\/div><\/div><\/div><\/div><div id=\"pg-378-1\"  class=\"panel-grid panel-no-style\" ><div id=\"pgc-378-1-0\"  class=\"panel-grid-cell\" ><div id=\"panel-378-1-0-0\" class=\"so-panel widget widget_sow-editor panel-first-child panel-last-child\" data-index=\"3\" ><div\n\t\t\t\n\t\t\tclass=\"so-widget-sow-editor so-widget-sow-editor-base\"\n\t\t\t\n\t\t>\n<div class=\"siteorigin-widget-tinymce textwidget\">\n\t<p style=\"text-align: center;\"><strong>Auteur(s) :<br \/>\n<\/strong>Michal Oracz<\/p>\n<\/div>\n<\/div><\/div><\/div><div id=\"pgc-378-1-1\"  class=\"panel-grid-cell\" ><div id=\"panel-378-1-1-0\" class=\"so-panel widget widget_sow-editor panel-first-child panel-last-child\" data-index=\"4\" ><div\n\t\t\t\n\t\t\tclass=\"so-widget-sow-editor so-widget-sow-editor-base\"\n\t\t\t\n\t\t>\n<div class=\"siteorigin-widget-tinymce textwidget\">\n\t<p style=\"text-align: center;\"><strong>Illustrations :<\/strong><br \/>\nPiotr Cieslinski<br \/>\nPiotr Foksowics<br \/>\nLukasz Lalko<br \/>\nMateusz Bielski<\/p>\n<\/div>\n<\/div><\/div><\/div><div id=\"pgc-378-1-2\"  class=\"panel-grid-cell\" ><div id=\"panel-378-1-2-0\" class=\"so-panel widget widget_sow-editor panel-first-child panel-last-child\" data-index=\"5\" ><div\n\t\t\t\n\t\t\tclass=\"so-widget-sow-editor so-widget-sow-editor-base\"\n\t\t\t\n\t\t>\n<div class=\"siteorigin-widget-tinymce textwidget\">\n\t<p style=\"text-align: center;\"><strong>\u00c9dition :<\/strong><br \/>\nIello<br \/>\nPortal Publishing<br \/>\n2013<\/p>\n<\/div>\n<\/div><\/div><\/div><div id=\"pgc-378-1-3\"  class=\"panel-grid-cell\" ><div id=\"panel-378-1-3-0\" class=\"so-panel widget widget_sow-editor panel-first-child panel-last-child\" data-index=\"6\" ><div\n\t\t\t\n\t\t\tclass=\"so-widget-sow-editor so-widget-sow-editor-base\"\n\t\t\t\n\t\t>\n<div class=\"siteorigin-widget-tinymce textwidget\">\n\t<p style=\"text-align: center;\"><strong>Version :<\/strong><br \/>\nFran\u00e7aise<\/p>\n<\/div>\n<\/div><\/div><\/div><\/div><div id=\"pg-378-2\"  class=\"panel-grid panel-no-style\" ><div id=\"pgc-378-2-0\"  class=\"panel-grid-cell\" ><div id=\"panel-378-2-0-0\" class=\"so-panel widget widget_sow-editor panel-first-child panel-last-child\" data-index=\"7\" ><div\n\t\t\t\n\t\t\tclass=\"so-widget-sow-editor so-widget-sow-editor-base\"\n\t\t\t\n\t\t>\n<div class=\"siteorigin-widget-tinymce textwidget\">\n\t<hr \/>\n<p>Un peu de brutalit\u00e9 n\u2019a jamais fait de mal.<\/p>\n<p>La guerre fait rage sur les ruines d\u2019un monde post-apocalyptique : quatre arm\u00e9es exp\u00e9riment\u00e9es, puissantes et d\u00e9termin\u00e9es se font face, pr\u00eates \u00e0 en d\u00e9coudre.<\/p>\n<p>Neuroshima Hex! est un jeu de combats tactiques aux parties courtes et intenses. Prenez la t\u00eate de l\u2019une des factions en lutte pour la domination dans ce futur sombre et violent :<br \/>\nMoloch est une intelligence artificielle terrifiante contr\u00f4lant une horde de robots implacables. L\u2019Outpost est un groupe paramilitaire humain extr\u00eamement mobile qui met tout en \u0153uvre pour arr\u00eater la progression des robots.Borgo est un puissant leader charismatique qui a r\u00e9ussi \u00e0 rassembler les mutants sous sa terrible banni\u00e8re. L\u2019Hegemony est le territoire de gangs sans foi ni loi, pr\u00eats \u00e0 tout pour prendre leur part du butin de la guerre.<\/p>\n<p>D\u00e9couvrez ou red\u00e9couvrez Neuroshima Hex!, une r\u00e9f\u00e9rence du jeu de plateau tactique, dans cette nouvelle \u00e9dition compl\u00e8tement revue graphiquement. D\u00e9couvrez \u00e9galement un mode de jeu solo compos\u00e9 de 55 puzzles \u00e0 r\u00e9soudre.<\/p>\n<\/div>\n<\/div><\/div><\/div><\/div><div id=\"pg-378-3\"  class=\"panel-grid panel-no-style\" ><div id=\"pgc-378-3-0\"  class=\"panel-grid-cell\" ><div id=\"panel-378-3-0-0\" class=\"so-panel widget widget_sow-editor panel-first-child panel-last-child\" data-index=\"8\" ><div\n\t\t\t\n\t\t\tclass=\"so-widget-sow-editor so-widget-sow-editor-base\"\n\t\t\t\n\t\t>\n<div class=\"siteorigin-widget-tinymce textwidget\">\n\t<hr \/>\n<p style=\"text-align: center;\"><strong>En vid\u00e9o<\/strong><\/p>\n<p style=\"text-align: left;\">De l'explication des r\u00e8gles :<\/p>\n<ul>\n<li style=\"text-align: left;\">Tric Trac<\/li>\n<\/ul>\n<p style=\"text-align: left;\"><a href=\"https:\/\/www.trictrac.net\/videos\/Neuroshima_Hex_3_0_de_l_explication\" target=\"_blank\" rel=\"noopener noreferrer\"><img loading=\"lazy\" decoding=\"async\" class=\"alignnone size-full wp-image-107\" src=\"http:\/\/meeplendice.net\/wp-content\/uploads\/2016\/08\/TT_explication.png\" alt=\"TT_explication\" width=\"200\" height=\"170\" \/><\/a><\/p>\n<p style=\"text-align: left;\">\u00a0De la partie :<\/p>\n<ul>\n<li style=\"text-align: left;\">Tric Trac<\/li>\n<\/ul>\n<p><a href=\"https:\/\/www.trictrac.net\/videos\/Neuroshima_Hex_3_0_de_la_partie\" target=\"_blank\" rel=\"noopener noreferrer\"><img loading=\"lazy\" decoding=\"async\" class=\"alignnone size-full wp-image-117\" src=\"http:\/\/meeplendice.net\/wp-content\/uploads\/2016\/08\/TT_partie_1.png\" alt=\"TT_partie_1\" width=\"200\" height=\"170\" \/><\/a><\/p>\n<\/div>\n<\/div><\/div><\/div><\/div><div id=\"pg-378-4\"  class=\"panel-grid panel-no-style\" ><div id=\"pgc-378-4-0\"  class=\"panel-grid-cell\" ><div id=\"panel-378-4-0-0\" class=\"so-panel widget widget_sow-editor panel-first-child panel-last-child\" data-index=\"9\" ><div\n\t\t\t\n\t\t\tclass=\"so-widget-sow-editor so-widget-sow-editor-base\"\n\t\t\t\n\t\t>\n<div class=\"siteorigin-widget-tinymce textwidget\">\n\t<hr \/>\n<p style=\"text-align: center;\"><strong>Pour aller plus loin<\/strong><\/p>\n<\/div>\n<\/div><\/div><\/div><\/div><\/div>","protected":false},"excerpt":{"rendered":"<p>Nombre de joueurs : 1 &#8211; 4 Dur\u00e9e moyenne : 30 min Age : 13 ans et plus Auteur(s) : Michal Oracz Illustrations : Piotr Cieslinski Piotr Foksowics Lukasz Lalko Mateusz Bielski \u00c9dition : Iello Portal Publishing 2013 Version : Fran\u00e7aise<\/p>\n","protected":false},"author":2,"featured_media":939,"parent":0,"menu_order":0,"comment_status":"closed","ping_status":"closed","template":"","meta":{"footnotes":""},"class_list":["post-378","page","type-page","status-publish","has-post-thumbnail","hentry"],"acf":[],"rttpg_featured_image_url":{"full":["https:\/\/meeplendice.net\/wp-content\/uploads\/2016\/08\/Neuroshimahex30.png",350,350,false],"landscape":["https:\/\/meeplendice.net\/wp-content\/uploads\/2016\/08\/Neuroshimahex30.png",350,350,false],"portraits":["https:\/\/meeplendice.net\/wp-content\/uploads\/2016\/08\/Neuroshimahex30.png",350,350,false],"thumbnail":["https:\/\/meeplendice.net\/wp-content\/uploads\/2016\/08\/Neuroshimahex30-150x150.png",150,150,true],"medium":["https:\/\/meeplendice.net\/wp-content\/uploads\/2016\/08\/Neuroshimahex30-300x300.png",300,300,true],"large":["https:\/\/meeplendice.net\/wp-content\/uploads\/2016\/08\/Neuroshimahex30.png",350,350,false],"ug_big":["https:\/\/meeplendice.net\/wp-content\/uploads\/2016\/08\/Neuroshimahex30.png",350,350,false],"1536x1536":["https:\/\/meeplendice.net\/wp-content\/uploads\/2016\/08\/Neuroshimahex30.png",350,350,false],"2048x2048":["https:\/\/meeplendice.net\/wp-content\/uploads\/2016\/08\/Neuroshimahex30.png",350,350,false],"ashe-slider-grid-thumbnail":["https:\/\/meeplendice.net\/wp-content\/uploads\/2016\/08\/Neuroshimahex30.png",350,350,false],"ashe-full-thumbnail":["https:\/\/meeplendice.net\/wp-content\/uploads\/2016\/08\/Neuroshimahex30.png",350,350,false],"ashe-grid-thumbnail":["https:\/\/meeplendice.net\/wp-content\/uploads\/2016\/08\/Neuroshimahex30-350x330.png",350,330,true],"ashe-list-thumbnail":["https:\/\/meeplendice.net\/wp-content\/uploads\/2016\/08\/Neuroshimahex30-300x300.png",300,300,true],"ashe-single-navigation":["https:\/\/meeplendice.net\/wp-content\/uploads\/2016\/08\/Neuroshimahex30-75x75.png",75,75,true],"mailpoet_newsletter_max":["https:\/\/meeplendice.net\/wp-content\/uploads\/2016\/08\/Neuroshimahex30.png",350,350,false],"rpwe-thumbnail":["https:\/\/meeplendice.net\/wp-content\/uploads\/2016\/08\/Neuroshimahex30-45x45.png",45,45,true],"sow-carousel-default":["https:\/\/meeplendice.net\/wp-content\/uploads\/2016\/08\/Neuroshimahex30-272x182.png",272,182,true],"rt_custom":["https:\/\/meeplendice.net\/wp-content\/uploads\/2016\/08\/Neuroshimahex30.png",350,350,false]},"rttpg_author":{"display_name":"Karnby","author_link":"https:\/\/meeplendice.net\/?author=2"},"rttpg_comment":0,"rttpg_category":null,"rttpg_excerpt":"Nombre de joueurs : 1 - 4 Dur\u00e9e moyenne : 30 min Age : 13 ans et plus Auteur(s) : Michal Oracz Illustrations : Piotr Cieslinski Piotr Foksowics Lukasz Lalko Mateusz Bielski \u00c9dition : Iello Portal Publishing 2013 Version : Fran\u00e7aise","_links":{"self":[{"href":"https:\/\/meeplendice.net\/index.php?rest_route=\/wp\/v2\/pages\/378","targetHints":{"allow":["GET"]}}],"collection":[{"href":"https:\/\/meeplendice.net\/index.php?rest_route=\/wp\/v2\/pages"}],"about":[{"href":"https:\/\/meeplendice.net\/index.php?rest_route=\/wp\/v2\/types\/page"}],"author":[{"embeddable":true,"href":"https:\/\/meeplendice.net\/index.php?rest_route=\/wp\/v2\/users\/2"}],"replies":[{"embeddable":true,"href":"https:\/\/meeplendice.net\/index.php?rest_route=%2Fwp%2Fv2%2Fcomments&post=378"}],"version-history":[{"count":8,"href":"https:\/\/meeplendice.net\/index.php?rest_route=\/wp\/v2\/pages\/378\/revisions"}],"predecessor-version":[{"id":7330,"href":"https:\/\/meeplendice.net\/index.php?rest_route=\/wp\/v2\/pages\/378\/revisions\/7330"}],"wp:featuredmedia":[{"embeddable":true,"href":"https:\/\/meeplendice.net\/index.php?rest_route=\/wp\/v2\/media\/939"}],"wp:attachment":[{"href":"https:\/\/meeplendice.net\/index.php?rest_route=%2Fwp%2Fv2%2Fmedia&parent=378"}],"curies":[{"name":"wp","href":"https:\/\/api.w.org\/{rel}","templated":true}]}}