{"id":388,"date":"2016-08-30T20:42:15","date_gmt":"2016-08-30T19:42:15","guid":{"rendered":"http:\/\/meeplendice.net\/?page_id=388"},"modified":"2020-11-13T17:08:34","modified_gmt":"2020-11-13T16:08:34","slug":"planet-steam","status":"publish","type":"page","link":"https:\/\/meeplendice.net\/?page_id=388","title":{"rendered":"Planet Steam"},"content":{"rendered":"<div id=\"pl-388\"  class=\"panel-layout\" ><div id=\"pg-388-0\"  class=\"panel-grid panel-no-style\" ><div id=\"pgc-388-0-0\"  class=\"panel-grid-cell\" ><div id=\"panel-388-0-0-0\" class=\"so-panel widget widget_sow-editor panel-first-child panel-last-child\" data-index=\"0\" ><div\n\t\t\t\n\t\t\tclass=\"so-widget-sow-editor so-widget-sow-editor-base\"\n\t\t\t\n\t\t>\n<div class=\"siteorigin-widget-tinymce textwidget\">\n\t<p style=\"text-align: center;\"><strong>Nombre de joueurs :<\/strong><br \/>\n2 - 5<\/p>\n<\/div>\n<\/div><\/div><\/div><div id=\"pgc-388-0-1\"  class=\"panel-grid-cell\" ><div id=\"panel-388-0-1-0\" class=\"so-panel widget widget_sow-editor panel-first-child panel-last-child\" data-index=\"1\" ><div\n\t\t\t\n\t\t\tclass=\"so-widget-sow-editor so-widget-sow-editor-base\"\n\t\t\t\n\t\t>\n<div class=\"siteorigin-widget-tinymce textwidget\">\n\t<p style=\"text-align: center;\"><strong>Dur\u00e9e moyenne :<\/strong><br \/>\n180 min<\/p>\n<\/div>\n<\/div><\/div><\/div><div id=\"pgc-388-0-2\"  class=\"panel-grid-cell\" ><div id=\"panel-388-0-2-0\" class=\"so-panel widget widget_sow-editor panel-first-child panel-last-child\" data-index=\"2\" ><div\n\t\t\t\n\t\t\tclass=\"so-widget-sow-editor so-widget-sow-editor-base\"\n\t\t\t\n\t\t>\n<div class=\"siteorigin-widget-tinymce textwidget\">\n\t<p style=\"text-align: center;\"><strong>Age :<\/strong><br \/>\n14 ans et plus<\/p>\n<\/div>\n<\/div><\/div><\/div><\/div><div id=\"pg-388-1\"  class=\"panel-grid panel-no-style\" ><div id=\"pgc-388-1-0\"  class=\"panel-grid-cell\" ><div id=\"panel-388-1-0-0\" class=\"so-panel widget widget_sow-editor panel-first-child panel-last-child\" data-index=\"3\" ><div\n\t\t\t\n\t\t\tclass=\"so-widget-sow-editor so-widget-sow-editor-base\"\n\t\t\t\n\t\t>\n<div class=\"siteorigin-widget-tinymce textwidget\">\n\t<p style=\"text-align: center;\"><strong>Auteur(s) :<br \/>\n<\/strong>Heinz-Georg Thiemann<\/p>\n<\/div>\n<\/div><\/div><\/div><div id=\"pgc-388-1-1\"  class=\"panel-grid-cell\" ><div id=\"panel-388-1-1-0\" class=\"so-panel widget widget_sow-editor panel-first-child panel-last-child\" data-index=\"4\" ><div\n\t\t\t\n\t\t\tclass=\"so-widget-sow-editor so-widget-sow-editor-base\"\n\t\t\t\n\t\t>\n<div class=\"siteorigin-widget-tinymce textwidget\">\n\t<p style=\"text-align: center;\"><strong>Illustrations :<\/strong><br \/>\nDavid Ardila<br \/>\nChris Beck<br \/>\nBrian Schomburg<br \/>\nIan McQue<\/p>\n<\/div>\n<\/div><\/div><\/div><div id=\"pgc-388-1-2\"  class=\"panel-grid-cell\" ><div id=\"panel-388-1-2-0\" class=\"so-panel widget widget_sow-editor panel-first-child panel-last-child\" data-index=\"5\" ><div\n\t\t\t\n\t\t\tclass=\"so-widget-sow-editor so-widget-sow-editor-base\"\n\t\t\t\n\t\t>\n<div class=\"siteorigin-widget-tinymce textwidget\">\n\t<p style=\"text-align: center;\"><strong>\u00c9dition :<\/strong><br \/>\nFantasy Flight Games<br \/>\nEdge Entertainement<br \/>\n2014<\/p>\n<\/div>\n<\/div><\/div><\/div><div id=\"pgc-388-1-3\"  class=\"panel-grid-cell\" ><div id=\"panel-388-1-3-0\" class=\"so-panel widget widget_sow-editor panel-first-child panel-last-child\" data-index=\"6\" ><div\n\t\t\t\n\t\t\tclass=\"so-widget-sow-editor so-widget-sow-editor-base\"\n\t\t\t\n\t\t>\n<div class=\"siteorigin-widget-tinymce textwidget\">\n\t<p style=\"text-align: center;\"><strong>Version :<\/strong><br \/>\nFran\u00e7aise<\/p>\n<\/div>\n<\/div><\/div><\/div><\/div><div id=\"pg-388-2\"  class=\"panel-grid panel-no-style\" ><div id=\"pgc-388-2-0\"  class=\"panel-grid-cell\" ><div id=\"panel-388-2-0-0\" class=\"so-panel widget widget_sow-editor panel-first-child panel-last-child\" data-index=\"7\" ><div\n\t\t\t\n\t\t\tclass=\"so-widget-sow-editor so-widget-sow-editor-base\"\n\t\t\t\n\t\t>\n<div class=\"siteorigin-widget-tinymce textwidget\">\n\t<hr \/>\n<p>Production et Commerce dans un Monde R\u00e9trofuturiste.<\/p>\n<p>Mesdames et messieurs, bienvenue dans Planet Steam ! Nous avons des roches chaudes et de l\u2019eau \u00e0 profusion ! Nous avons tout un tas de minerais ! Nous avons du quartz ! Nous avons de l\u2019\u00e9nergie en abondance ! Alors, saisissez votre chance de prosp\u00e9rer, de devenir immens\u00e9ment riches !<\/p>\n<p>Revendiquez vos concessions, pr\u00e9parez vos citernes et extrayez les ressources plus vite que vos concurrents. Apportez vos bien sur le march\u00e9 et engrangez les b\u00e9n\u00e9fices. Accomplissez vos r\u00eaves. Qui sait ? Peut-\u00eatre qu\u2019ils donneront votre nom \u00e0 une ville !<\/p>\n<p>Planet Steam est un impitoyable jeu de guerre \u00e9conomique pour 2 \u00e0 5 joueurs dans un monde r\u00e9tro futuriste. Les joueurs extraient et vendent des ressources pour accumuler le plus de richesses possible avant la fin de la partie. Cr\u00e9ez des p\u00e9nuries ou inondez le march\u00e9 de ressources pour contrarier les plans de vos rivaux. Serez-vous assez rus\u00e9 pour transformer une poign\u00e9e de cr\u00e9dits en une v\u00e9ritable fortune ?<\/p>\n<\/div>\n<\/div><\/div><\/div><\/div><div id=\"pg-388-3\"  class=\"panel-grid panel-no-style\" ><div id=\"pgc-388-3-0\"  class=\"panel-grid-cell\" ><div id=\"panel-388-3-0-0\" class=\"so-panel widget widget_sow-editor panel-first-child panel-last-child\" data-index=\"8\" ><div\n\t\t\t\n\t\t\tclass=\"so-widget-sow-editor so-widget-sow-editor-base\"\n\t\t\t\n\t\t>\n<div class=\"siteorigin-widget-tinymce textwidget\">\n\t<hr \/>\n<p style=\"text-align: center;\"><strong>En vid\u00e9o<\/strong><\/p>\n<p style=\"text-align: left;\">De l'explication des r\u00e8gles :<\/p>\n<ul>\n<li style=\"text-align: left;\">Tric Trac<\/li>\n<\/ul>\n<p style=\"text-align: left;\"><a href=\"https:\/\/www.trictrac.net\/videos\/Planet_Steam_de_l_explication\" target=\"_blank\" rel=\"noopener noreferrer\"><img loading=\"lazy\" decoding=\"async\" class=\"alignnone size-full wp-image-107\" src=\"http:\/\/meeplendice.net\/wp-content\/uploads\/2016\/08\/TT_explication.png\" alt=\"TT_explication\" width=\"200\" height=\"170\" \/><\/a><\/p>\n<p style=\"text-align: left;\">\u00a0De la partie :<\/p>\n<ul>\n<li style=\"text-align: left;\">Tric Trac<\/li>\n<\/ul>\n<p><a href=\"https:\/\/www.trictrac.net\/videos\/Planet_Steam_de_la_partie\" target=\"_blank\" rel=\"noopener noreferrer\"><img loading=\"lazy\" decoding=\"async\" class=\"alignnone size-full wp-image-117\" src=\"http:\/\/meeplendice.net\/wp-content\/uploads\/2016\/08\/TT_partie_1.png\" alt=\"TT_partie_1\" width=\"200\" height=\"170\" \/><\/a><\/p>\n<\/div>\n<\/div><\/div><\/div><\/div><div id=\"pg-388-4\"  class=\"panel-grid panel-no-style\" ><div id=\"pgc-388-4-0\"  class=\"panel-grid-cell\" ><div id=\"panel-388-4-0-0\" class=\"so-panel widget widget_sow-editor panel-first-child panel-last-child\" data-index=\"9\" ><div\n\t\t\t\n\t\t\tclass=\"so-widget-sow-editor so-widget-sow-editor-base\"\n\t\t\t\n\t\t>\n<div class=\"siteorigin-widget-tinymce textwidget\">\n\t<hr \/>\n<p style=\"text-align: center;\"><strong>Pour aller plus loin<\/strong><\/p>\n<\/div>\n<\/div><\/div><\/div><\/div><\/div>","protected":false},"excerpt":{"rendered":"<p>Nombre de joueurs : 2 &#8211; 5 Dur\u00e9e moyenne : 180 min Age : 14 ans et plus Auteur(s) : Heinz-Georg Thiemann Illustrations : David Ardila Chris Beck Brian Schomburg Ian McQue \u00c9dition : Fantasy Flight Games Edge Entertainement 2014 Version : Fran\u00e7aise<\/p>\n","protected":false},"author":2,"featured_media":951,"parent":0,"menu_order":0,"comment_status":"closed","ping_status":"closed","template":"","meta":{"footnotes":""},"class_list":["post-388","page","type-page","status-publish","has-post-thumbnail","hentry"],"acf":[],"rttpg_featured_image_url":{"full":["https:\/\/meeplendice.net\/wp-content\/uploads\/2016\/08\/Planetsteam.png",350,350,false],"landscape":["https:\/\/meeplendice.net\/wp-content\/uploads\/2016\/08\/Planetsteam.png",350,350,false],"portraits":["https:\/\/meeplendice.net\/wp-content\/uploads\/2016\/08\/Planetsteam.png",350,350,false],"thumbnail":["https:\/\/meeplendice.net\/wp-content\/uploads\/2016\/08\/Planetsteam-150x150.png",150,150,true],"medium":["https:\/\/meeplendice.net\/wp-content\/uploads\/2016\/08\/Planetsteam-300x300.png",300,300,true],"large":["https:\/\/meeplendice.net\/wp-content\/uploads\/2016\/08\/Planetsteam.png",350,350,false],"ug_big":["https:\/\/meeplendice.net\/wp-content\/uploads\/2016\/08\/Planetsteam.png",350,350,false],"1536x1536":["https:\/\/meeplendice.net\/wp-content\/uploads\/2016\/08\/Planetsteam.png",350,350,false],"2048x2048":["https:\/\/meeplendice.net\/wp-content\/uploads\/2016\/08\/Planetsteam.png",350,350,false],"ashe-slider-grid-thumbnail":["https:\/\/meeplendice.net\/wp-content\/uploads\/2016\/08\/Planetsteam.png",350,350,false],"ashe-full-thumbnail":["https:\/\/meeplendice.net\/wp-content\/uploads\/2016\/08\/Planetsteam.png",350,350,false],"ashe-grid-thumbnail":["https:\/\/meeplendice.net\/wp-content\/uploads\/2016\/08\/Planetsteam-350x330.png",350,330,true],"ashe-list-thumbnail":["https:\/\/meeplendice.net\/wp-content\/uploads\/2016\/08\/Planetsteam-300x300.png",300,300,true],"ashe-single-navigation":["https:\/\/meeplendice.net\/wp-content\/uploads\/2016\/08\/Planetsteam-75x75.png",75,75,true],"mailpoet_newsletter_max":["https:\/\/meeplendice.net\/wp-content\/uploads\/2016\/08\/Planetsteam.png",350,350,false],"rpwe-thumbnail":["https:\/\/meeplendice.net\/wp-content\/uploads\/2016\/08\/Planetsteam-45x45.png",45,45,true],"sow-carousel-default":["https:\/\/meeplendice.net\/wp-content\/uploads\/2016\/08\/Planetsteam-272x182.png",272,182,true],"rt_custom":["https:\/\/meeplendice.net\/wp-content\/uploads\/2016\/08\/Planetsteam.png",350,350,false]},"rttpg_author":{"display_name":"Karnby","author_link":"https:\/\/meeplendice.net\/?author=2"},"rttpg_comment":0,"rttpg_category":null,"rttpg_excerpt":"Nombre de joueurs : 2 - 5 Dur\u00e9e moyenne : 180 min Age : 14 ans et plus Auteur(s) : Heinz-Georg Thiemann Illustrations : David Ardila Chris Beck Brian Schomburg Ian McQue \u00c9dition : Fantasy Flight Games Edge Entertainement 2014 Version : Fran\u00e7aise","_links":{"self":[{"href":"https:\/\/meeplendice.net\/index.php?rest_route=\/wp\/v2\/pages\/388","targetHints":{"allow":["GET"]}}],"collection":[{"href":"https:\/\/meeplendice.net\/index.php?rest_route=\/wp\/v2\/pages"}],"about":[{"href":"https:\/\/meeplendice.net\/index.php?rest_route=\/wp\/v2\/types\/page"}],"author":[{"embeddable":true,"href":"https:\/\/meeplendice.net\/index.php?rest_route=\/wp\/v2\/users\/2"}],"replies":[{"embeddable":true,"href":"https:\/\/meeplendice.net\/index.php?rest_route=%2Fwp%2Fv2%2Fcomments&post=388"}],"version-history":[{"count":8,"href":"https:\/\/meeplendice.net\/index.php?rest_route=\/wp\/v2\/pages\/388\/revisions"}],"predecessor-version":[{"id":7346,"href":"https:\/\/meeplendice.net\/index.php?rest_route=\/wp\/v2\/pages\/388\/revisions\/7346"}],"wp:featuredmedia":[{"embeddable":true,"href":"https:\/\/meeplendice.net\/index.php?rest_route=\/wp\/v2\/media\/951"}],"wp:attachment":[{"href":"https:\/\/meeplendice.net\/index.php?rest_route=%2Fwp%2Fv2%2Fmedia&parent=388"}],"curies":[{"name":"wp","href":"https:\/\/api.w.org\/{rel}","templated":true}]}}