{"id":3888,"date":"2018-01-09T11:20:18","date_gmt":"2018-01-09T10:20:18","guid":{"rendered":"http:\/\/meeplendice.net\/?page_id=3888"},"modified":"2024-11-21T16:48:22","modified_gmt":"2024-11-21T14:48:22","slug":"venus-next","status":"publish","type":"page","link":"https:\/\/meeplendice.net\/?page_id=3888","title":{"rendered":"Venus Next"},"content":{"rendered":"<p style=\"text-align: justify;\"><em>V\u00e9nus, l\u2019\u00e9tincelante, doit \u00eatre une des plan\u00e8tes les plus meurtri\u00e8res du syst\u00e8me solaire&#8230; mais elle dispose d\u2019un tel potentiel !<\/em><\/p>\n<p style=\"text-align: justify;\"><em>Perch\u00e9s dans les nuages corrosifs, loin de la surface br\u00fblante, les humains ont commenc\u00e9 \u00e0 coloniser et \u00e0 terraformer la plan\u00e8te. Voici une excellente occasion pour votre corporation de se faire un nom, de b\u00e2tir des villes volantes, de masquer le soleil afin d\u2019att\u00e9nuer l\u2019effet de serre et d\u2019introduire la vie sur ce nouveau monde ! Et puis, V\u00e9nus devrait pouvoir vous aider \u00e0 terraformer Mars !<\/em><\/p>\n<p style=\"text-align: justify;\"><em>Venus Next<\/em> vous permettra de terraformer V\u00e9nus et de fonder de nouvelles cit\u00e9s au sein du syst\u00e8me solaire int\u00e9rieur. Cette extension contient de nouvelles cartes, des corporations, un nouvel Objectif et une R\u00e9compense li\u00e9s \u00e0 V\u00e9nus.<\/p>\n<p style=\"text-align: justify;\"><em>Venus Next<\/em> n\u00e9cessite le jeu de base pour jouer et elle peut \u00eatre combin\u00e9e avec n\u2019importe quelle autre extension ou variante.<\/p>\n","protected":false},"excerpt":{"rendered":"<p>V\u00e9nus, l\u2019\u00e9tincelante, doit \u00eatre une des plan\u00e8tes les plus meurtri\u00e8res du syst\u00e8me solaire&#8230; mais elle dispose d\u2019un tel potentiel ! Perch\u00e9s dans les nuages corrosifs, loin de la surface br\u00fblante, les humains ont commenc\u00e9 \u00e0 coloniser et \u00e0 terraformer la plan\u00e8te. Voici une excellente occasion pour votre corporation de se faire un nom, de b\u00e2tir des villes volantes, de masquer le soleil afin d\u2019att\u00e9nuer l\u2019effet de serre et d\u2019introduire la vie sur ce nouveau monde ! Et puis, V\u00e9nus devrait pouvoir vous aider \u00e0 terraformer Mars ! Venus Next vous permettra de terraformer V\u00e9nus et de fonder de nouvelles cit\u00e9s au sein du syst\u00e8me solaire int\u00e9rieur. Cette extension contient de nouvelles cartes, des corporations, un nouvel Objectif et une R\u00e9compense li\u00e9s \u00e0 V\u00e9nus. Venus Next n\u00e9cessite le jeu de base pour jouer et elle peut \u00eatre combin\u00e9e avec n\u2019importe quelle autre extension ou variante.<\/p>\n","protected":false},"author":2,"featured_media":5396,"parent":3120,"menu_order":3,"comment_status":"closed","ping_status":"closed","template":"","meta":{"footnotes":""},"class_list":["post-3888","page","type-page","status-publish","has-post-thumbnail","hentry"],"acf":[],"rttpg_featured_image_url":{"full":["https:\/\/meeplendice.net\/wp-content\/uploads\/2019\/12\/Terraformingmars_VN.png",350,350,false],"landscape":["https:\/\/meeplendice.net\/wp-content\/uploads\/2019\/12\/Terraformingmars_VN.png",350,350,false],"portraits":["https:\/\/meeplendice.net\/wp-content\/uploads\/2019\/12\/Terraformingmars_VN.png",350,350,false],"thumbnail":["https:\/\/meeplendice.net\/wp-content\/uploads\/2019\/12\/Terraformingmars_VN-150x150.png",150,150,true],"medium":["https:\/\/meeplendice.net\/wp-content\/uploads\/2019\/12\/Terraformingmars_VN-300x300.png",300,300,true],"large":["https:\/\/meeplendice.net\/wp-content\/uploads\/2019\/12\/Terraformingmars_VN.png",350,350,false],"ug_big":["https:\/\/meeplendice.net\/wp-content\/uploads\/2019\/12\/Terraformingmars_VN.png",350,350,false],"1536x1536":["https:\/\/meeplendice.net\/wp-content\/uploads\/2019\/12\/Terraformingmars_VN.png",350,350,false],"2048x2048":["https:\/\/meeplendice.net\/wp-content\/uploads\/2019\/12\/Terraformingmars_VN.png",350,350,false],"ashe-slider-grid-thumbnail":["https:\/\/meeplendice.net\/wp-content\/uploads\/2019\/12\/Terraformingmars_VN.png",350,350,false],"ashe-full-thumbnail":["https:\/\/meeplendice.net\/wp-content\/uploads\/2019\/12\/Terraformingmars_VN.png",350,350,false],"ashe-grid-thumbnail":["https:\/\/meeplendice.net\/wp-content\/uploads\/2019\/12\/Terraformingmars_VN-350x330.png",350,330,true],"ashe-list-thumbnail":["https:\/\/meeplendice.net\/wp-content\/uploads\/2019\/12\/Terraformingmars_VN-300x300.png",300,300,true],"ashe-single-navigation":["https:\/\/meeplendice.net\/wp-content\/uploads\/2019\/12\/Terraformingmars_VN-75x75.png",75,75,true],"mailpoet_newsletter_max":["https:\/\/meeplendice.net\/wp-content\/uploads\/2019\/12\/Terraformingmars_VN.png",350,350,false],"rpwe-thumbnail":["https:\/\/meeplendice.net\/wp-content\/uploads\/2019\/12\/Terraformingmars_VN-45x45.png",45,45,true],"sow-carousel-default":["https:\/\/meeplendice.net\/wp-content\/uploads\/2019\/12\/Terraformingmars_VN-272x182.png",272,182,true],"rt_custom":["https:\/\/meeplendice.net\/wp-content\/uploads\/2019\/12\/Terraformingmars_VN.png",350,350,false]},"rttpg_author":{"display_name":"Karnby","author_link":"https:\/\/meeplendice.net\/?author=2"},"rttpg_comment":0,"rttpg_category":null,"rttpg_excerpt":"V\u00e9nus, l\u2019\u00e9tincelante, doit \u00eatre une des plan\u00e8tes les plus meurtri\u00e8res du syst\u00e8me solaire&#8230; mais elle dispose d\u2019un tel potentiel ! Perch\u00e9s dans les nuages corrosifs, loin de la surface br\u00fblante, les humains ont commenc\u00e9 \u00e0 coloniser et \u00e0 terraformer la plan\u00e8te. Voici une excellente occasion pour votre corporation de se faire un nom, de b\u00e2tir\u2026","_links":{"self":[{"href":"https:\/\/meeplendice.net\/index.php?rest_route=\/wp\/v2\/pages\/3888","targetHints":{"allow":["GET"]}}],"collection":[{"href":"https:\/\/meeplendice.net\/index.php?rest_route=\/wp\/v2\/pages"}],"about":[{"href":"https:\/\/meeplendice.net\/index.php?rest_route=\/wp\/v2\/types\/page"}],"author":[{"embeddable":true,"href":"https:\/\/meeplendice.net\/index.php?rest_route=\/wp\/v2\/users\/2"}],"replies":[{"embeddable":true,"href":"https:\/\/meeplendice.net\/index.php?rest_route=%2Fwp%2Fv2%2Fcomments&post=3888"}],"version-history":[{"count":6,"href":"https:\/\/meeplendice.net\/index.php?rest_route=\/wp\/v2\/pages\/3888\/revisions"}],"predecessor-version":[{"id":12945,"href":"https:\/\/meeplendice.net\/index.php?rest_route=\/wp\/v2\/pages\/3888\/revisions\/12945"}],"up":[{"embeddable":true,"href":"https:\/\/meeplendice.net\/index.php?rest_route=\/wp\/v2\/pages\/3120"}],"wp:featuredmedia":[{"embeddable":true,"href":"https:\/\/meeplendice.net\/index.php?rest_route=\/wp\/v2\/media\/5396"}],"wp:attachment":[{"href":"https:\/\/meeplendice.net\/index.php?rest_route=%2Fwp%2Fv2%2Fmedia&parent=3888"}],"curies":[{"name":"wp","href":"https:\/\/api.w.org\/{rel}","templated":true}]}}