{"id":3894,"date":"2018-01-09T14:45:46","date_gmt":"2018-01-09T13:45:46","guid":{"rendered":"http:\/\/meeplendice.net\/?page_id=3894"},"modified":"2025-12-15T16:35:07","modified_gmt":"2025-12-15T14:35:07","slug":"unlock-secret-adventures","status":"publish","type":"page","link":"https:\/\/meeplendice.net\/?page_id=3894","title":{"rendered":"Secret Adventures"},"content":{"rendered":"<div id=\"pl-3894\"  class=\"panel-layout\" ><div id=\"pg-3894-0\"  class=\"panel-grid panel-no-style\" ><div id=\"pgc-3894-0-0\"  class=\"panel-grid-cell\" ><div id=\"panel-3894-0-0-0\" class=\"so-panel widget widget_sow-editor panel-first-child panel-last-child\" data-index=\"0\" ><div\n\t\t\t\n\t\t\tclass=\"so-widget-sow-editor so-widget-sow-editor-base\"\n\t\t\t\n\t\t>\n<div class=\"siteorigin-widget-tinymce textwidget\">\n\t<p style=\"text-align: center;\"><strong>Auteur(s) :<br \/>\n<\/strong>Cyril Demaegd<br \/>\nThomas Cau\u00ebt<br \/>\nLewis Cheshire<br \/>\nArch Stanton<\/p>\n<\/div>\n<\/div><\/div><\/div><div id=\"pgc-3894-0-1\"  class=\"panel-grid-cell\" ><div id=\"panel-3894-0-1-0\" class=\"so-panel widget widget_sow-editor panel-first-child panel-last-child\" data-index=\"1\" ><div\n\t\t\t\n\t\t\tclass=\"so-widget-sow-editor so-widget-sow-editor-base\"\n\t\t\t\n\t\t>\n<div class=\"siteorigin-widget-tinymce textwidget\">\n\t<p style=\"text-align: center;\"><strong>Illustrations :<\/strong><br \/>\nArnaud Demaegd<br \/>\nMahulda Jelly<br \/>\nLegruth<\/p>\n<\/div>\n<\/div><\/div><\/div><div id=\"pgc-3894-0-2\"  class=\"panel-grid-cell\" ><div id=\"panel-3894-0-2-0\" class=\"so-panel widget widget_sow-editor panel-first-child panel-last-child\" data-index=\"2\" ><div\n\t\t\t\n\t\t\tclass=\"so-widget-sow-editor so-widget-sow-editor-base\"\n\t\t\t\n\t\t>\n<div class=\"siteorigin-widget-tinymce textwidget\">\n\t<p style=\"text-align: center;\"><strong>\u00c9dition :<\/strong><br \/>\nSpace Cowboys<br \/>\n2017<\/p>\n<\/div>\n<\/div><\/div><\/div><div id=\"pgc-3894-0-3\"  class=\"panel-grid-cell\" ><div id=\"panel-3894-0-3-0\" class=\"so-panel widget widget_sow-editor panel-first-child panel-last-child\" data-index=\"3\" ><div\n\t\t\t\n\t\t\tclass=\"so-widget-sow-editor so-widget-sow-editor-base\"\n\t\t\t\n\t\t>\n<div class=\"siteorigin-widget-tinymce textwidget\">\n\t<p style=\"text-align: center;\"><strong>Version :<\/strong><br \/>\nFran\u00e7aise<\/p>\n<\/div>\n<\/div><\/div><\/div><\/div><div id=\"pg-3894-1\"  class=\"panel-grid panel-no-style\" ><div id=\"pgc-3894-1-0\"  class=\"panel-grid-cell\" ><div id=\"panel-3894-1-0-0\" class=\"so-panel widget widget_sow-editor panel-first-child panel-last-child\" data-index=\"4\" ><div\n\t\t\t\n\t\t\tclass=\"so-widget-sow-editor so-widget-sow-editor-base\"\n\t\t\t\n\t\t>\n<div class=\"siteorigin-widget-tinymce textwidget\">\n\t<p>La bo\u00eete <em>Unlock! Secret Adventures<\/em> contient trois aventures :<\/p>\n<p><em><strong>A Noside story<\/strong><\/em><br \/>\nUne \u00e9paisse fum\u00e9e a envahi la r\u00e9gion. Encore un mauvais coup de Noside ? Arr\u00eatez-le avant qu'il ne soit trop tard.<\/p>\n<p><em><strong>Tombstone Express<\/strong><\/em><br \/>\nCe train contient une pr\u00e9cieuse cargaison et quelque chose vous dit que votre voyage ne sera pas de tout repos.<\/p>\n<p><em><strong>Les aventuriers du Pays d'Oz<\/strong><\/em><br \/>\nD\u00e9couvrez le merveilleux Pays d'Oz ! Rendez visite \u00e0 son magicien et d\u00e9fiez la m\u00e9chante sorci\u00e8re de l'Ouest !<\/p>\n<\/div>\n<\/div><\/div><\/div><\/div><\/div>","protected":false},"excerpt":{"rendered":"<p>Auteur(s) : Cyril Demaegd Thomas Cau\u00ebt Lewis Cheshire Arch Stanton Illustrations : Arnaud Demaegd Mahulda Jelly Legruth \u00c9dition : Space Cowboys 2017 Version : Fran\u00e7aise La bo\u00eete Unlock! Secret Adventures contient trois aventures : A Noside story Une \u00e9paisse fum\u00e9e a envahi la r\u00e9gion. Encore un mauvais coup de Noside ? Arr\u00eatez-le avant qu&rsquo;il ne soit trop tard. Tombstone Express Ce train contient une pr\u00e9cieuse cargaison et quelque chose vous dit que votre voyage ne sera pas de tout repos. Les aventuriers du Pays d&rsquo;Oz D\u00e9couvrez le merveilleux Pays d&rsquo;Oz ! Rendez visite \u00e0 son magicien et d\u00e9fiez la m\u00e9chante sorci\u00e8re de l&rsquo;Ouest !<\/p>\n","protected":false},"author":2,"featured_media":13785,"parent":2446,"menu_order":3,"comment_status":"closed","ping_status":"closed","template":"","meta":{"footnotes":""},"class_list":["post-3894","page","type-page","status-publish","has-post-thumbnail","hentry"],"acf":[],"rttpg_featured_image_url":{"full":["https:\/\/meeplendice.net\/wp-content\/uploads\/2025\/12\/Unlock_Secret.png",350,350,false],"landscape":["https:\/\/meeplendice.net\/wp-content\/uploads\/2025\/12\/Unlock_Secret.png",350,350,false],"portraits":["https:\/\/meeplendice.net\/wp-content\/uploads\/2025\/12\/Unlock_Secret.png",350,350,false],"thumbnail":["https:\/\/meeplendice.net\/wp-content\/uploads\/2025\/12\/Unlock_Secret-150x150.png",150,150,true],"medium":["https:\/\/meeplendice.net\/wp-content\/uploads\/2025\/12\/Unlock_Secret-300x300.png",300,300,true],"large":["https:\/\/meeplendice.net\/wp-content\/uploads\/2025\/12\/Unlock_Secret.png",350,350,false],"ug_big":["https:\/\/meeplendice.net\/wp-content\/uploads\/2025\/12\/Unlock_Secret.png",350,350,false],"1536x1536":["https:\/\/meeplendice.net\/wp-content\/uploads\/2025\/12\/Unlock_Secret.png",350,350,false],"2048x2048":["https:\/\/meeplendice.net\/wp-content\/uploads\/2025\/12\/Unlock_Secret.png",350,350,false],"ashe-slider-grid-thumbnail":["https:\/\/meeplendice.net\/wp-content\/uploads\/2025\/12\/Unlock_Secret.png",350,350,false],"ashe-full-thumbnail":["https:\/\/meeplendice.net\/wp-content\/uploads\/2025\/12\/Unlock_Secret.png",350,350,false],"ashe-grid-thumbnail":["https:\/\/meeplendice.net\/wp-content\/uploads\/2025\/12\/Unlock_Secret-350x330.png",350,330,true],"ashe-list-thumbnail":["https:\/\/meeplendice.net\/wp-content\/uploads\/2025\/12\/Unlock_Secret-300x300.png",300,300,true],"ashe-single-navigation":["https:\/\/meeplendice.net\/wp-content\/uploads\/2025\/12\/Unlock_Secret-75x75.png",75,75,true],"mailpoet_newsletter_max":["https:\/\/meeplendice.net\/wp-content\/uploads\/2025\/12\/Unlock_Secret.png",350,350,false],"rpwe-thumbnail":["https:\/\/meeplendice.net\/wp-content\/uploads\/2025\/12\/Unlock_Secret-45x45.png",45,45,true],"sow-carousel-default":["https:\/\/meeplendice.net\/wp-content\/uploads\/2025\/12\/Unlock_Secret-272x182.png",272,182,true],"rt_custom":["https:\/\/meeplendice.net\/wp-content\/uploads\/2025\/12\/Unlock_Secret.png",350,350,false]},"rttpg_author":{"display_name":"Karnby","author_link":"https:\/\/meeplendice.net\/?author=2"},"rttpg_comment":0,"rttpg_category":null,"rttpg_excerpt":"Auteur(s) : Cyril Demaegd Thomas Cau\u00ebt Lewis Cheshire Arch Stanton Illustrations : Arnaud Demaegd Mahulda Jelly Legruth \u00c9dition : Space Cowboys 2017 Version : Fran\u00e7aise La bo\u00eete Unlock! Secret Adventures contient trois aventures : A Noside story Une \u00e9paisse fum\u00e9e a envahi la r\u00e9gion. Encore un mauvais coup de Noside ? Arr\u00eatez-le avant qu'il ne\u2026","_links":{"self":[{"href":"https:\/\/meeplendice.net\/index.php?rest_route=\/wp\/v2\/pages\/3894","targetHints":{"allow":["GET"]}}],"collection":[{"href":"https:\/\/meeplendice.net\/index.php?rest_route=\/wp\/v2\/pages"}],"about":[{"href":"https:\/\/meeplendice.net\/index.php?rest_route=\/wp\/v2\/types\/page"}],"author":[{"embeddable":true,"href":"https:\/\/meeplendice.net\/index.php?rest_route=\/wp\/v2\/users\/2"}],"replies":[{"embeddable":true,"href":"https:\/\/meeplendice.net\/index.php?rest_route=%2Fwp%2Fv2%2Fcomments&post=3894"}],"version-history":[{"count":9,"href":"https:\/\/meeplendice.net\/index.php?rest_route=\/wp\/v2\/pages\/3894\/revisions"}],"predecessor-version":[{"id":13800,"href":"https:\/\/meeplendice.net\/index.php?rest_route=\/wp\/v2\/pages\/3894\/revisions\/13800"}],"up":[{"embeddable":true,"href":"https:\/\/meeplendice.net\/index.php?rest_route=\/wp\/v2\/pages\/2446"}],"wp:featuredmedia":[{"embeddable":true,"href":"https:\/\/meeplendice.net\/index.php?rest_route=\/wp\/v2\/media\/13785"}],"wp:attachment":[{"href":"https:\/\/meeplendice.net\/index.php?rest_route=%2Fwp%2Fv2%2Fmedia&parent=3894"}],"curies":[{"name":"wp","href":"https:\/\/api.w.org\/{rel}","templated":true}]}}