{"id":390,"date":"2016-08-30T20:42:53","date_gmt":"2016-08-30T19:42:53","guid":{"rendered":"http:\/\/meeplendice.net\/?page_id=390"},"modified":"2020-11-13T17:08:42","modified_gmt":"2020-11-13T16:08:42","slug":"potion-explosion","status":"publish","type":"page","link":"https:\/\/meeplendice.net\/?page_id=390","title":{"rendered":"Potion Explosion"},"content":{"rendered":"<div id=\"pl-390\"  class=\"panel-layout\" ><div id=\"pg-390-0\"  class=\"panel-grid panel-no-style\" ><div id=\"pgc-390-0-0\"  class=\"panel-grid-cell\" ><div id=\"panel-390-0-0-0\" class=\"so-panel widget widget_sow-editor panel-first-child panel-last-child\" data-index=\"0\" ><div\n\t\t\t\n\t\t\tclass=\"so-widget-sow-editor so-widget-sow-editor-base\"\n\t\t\t\n\t\t>\n<div class=\"siteorigin-widget-tinymce textwidget\">\n\t<p style=\"text-align: center;\"><strong>Nombre de joueurs :<\/strong><br \/>\n2 - 4 (6 avec extension)<\/p>\n<\/div>\n<\/div><\/div><\/div><div id=\"pgc-390-0-1\"  class=\"panel-grid-cell\" ><div id=\"panel-390-0-1-0\" class=\"so-panel widget widget_sow-editor panel-first-child panel-last-child\" data-index=\"1\" ><div\n\t\t\t\n\t\t\tclass=\"so-widget-sow-editor so-widget-sow-editor-base\"\n\t\t\t\n\t\t>\n<div class=\"siteorigin-widget-tinymce textwidget\">\n\t<p style=\"text-align: center;\"><strong>Dur\u00e9e moyenne :<\/strong><br \/>\n45 min<\/p>\n<\/div>\n<\/div><\/div><\/div><div id=\"pgc-390-0-2\"  class=\"panel-grid-cell\" ><div id=\"panel-390-0-2-0\" class=\"so-panel widget widget_sow-editor panel-first-child panel-last-child\" data-index=\"2\" ><div\n\t\t\t\n\t\t\tclass=\"so-widget-sow-editor so-widget-sow-editor-base\"\n\t\t\t\n\t\t>\n<div class=\"siteorigin-widget-tinymce textwidget\">\n\t<p style=\"text-align: center;\"><strong>Age :<\/strong><br \/>\n8 ans et plus<\/p>\n<\/div>\n<\/div><\/div><\/div><\/div><div id=\"pg-390-1\"  class=\"panel-grid panel-no-style\" ><div id=\"pgc-390-1-0\"  class=\"panel-grid-cell\" ><div id=\"panel-390-1-0-0\" class=\"so-panel widget widget_sow-editor panel-first-child panel-last-child\" data-index=\"3\" ><div\n\t\t\t\n\t\t\tclass=\"so-widget-sow-editor so-widget-sow-editor-base\"\n\t\t\t\n\t\t>\n<div class=\"siteorigin-widget-tinymce textwidget\">\n\t<p style=\"text-align: center;\"><strong>Auteur(s) : <\/strong><br \/>\nStefano Castelli<br \/>\nAndrea Crespi<br \/>\nLorenzo Silva<\/p>\n<\/div>\n<\/div><\/div><\/div><div id=\"pgc-390-1-1\"  class=\"panel-grid-cell\" ><div id=\"panel-390-1-1-0\" class=\"so-panel widget widget_sow-editor panel-first-child panel-last-child\" data-index=\"4\" ><div\n\t\t\t\n\t\t\tclass=\"so-widget-sow-editor so-widget-sow-editor-base\"\n\t\t\t\n\t\t>\n<div class=\"siteorigin-widget-tinymce textwidget\">\n\t<p style=\"text-align: center;\"><strong>Illustrations :<br \/>\n<\/strong>Giulia Ghigini<br \/>\nHeiko G\u00fcnter<br \/>\nLorenzo Silva<\/p>\n<\/div>\n<\/div><\/div><\/div><div id=\"pgc-390-1-2\"  class=\"panel-grid-cell\" ><div id=\"panel-390-1-2-0\" class=\"so-panel widget widget_sow-editor panel-first-child panel-last-child\" data-index=\"5\" ><div\n\t\t\t\n\t\t\tclass=\"so-widget-sow-editor so-widget-sow-editor-base\"\n\t\t\t\n\t\t>\n<div class=\"siteorigin-widget-tinymce textwidget\">\n\t<p style=\"text-align: center;\"><strong>\u00c9dition :<\/strong><br \/>\nHorrible Games<br \/>\nEdge Entertainement<br \/>\n2016<\/p>\n<\/div>\n<\/div><\/div><\/div><div id=\"pgc-390-1-3\"  class=\"panel-grid-cell\" ><div id=\"panel-390-1-3-0\" class=\"so-panel widget widget_sow-editor panel-first-child panel-last-child\" data-index=\"6\" ><div\n\t\t\t\n\t\t\tclass=\"so-widget-sow-editor so-widget-sow-editor-base\"\n\t\t\t\n\t\t>\n<div class=\"siteorigin-widget-tinymce textwidget\">\n\t<p style=\"text-align: center;\"><strong>Version :<\/strong><br \/>\nFran\u00e7aise<\/p>\n<\/div>\n<\/div><\/div><\/div><\/div><div id=\"pg-390-2\"  class=\"panel-grid panel-no-style\" ><div id=\"pgc-390-2-0\"  class=\"panel-grid-cell\" ><div id=\"panel-390-2-0-0\" class=\"so-panel widget widget_sow-editor panel-first-child panel-last-child\" data-index=\"7\" ><div\n\t\t\t\n\t\t\tclass=\"so-widget-sow-editor so-widget-sow-editor-base\"\n\t\t\t\n\t\t>\n<div class=\"siteorigin-widget-tinymce textwidget\">\n\t<hr \/>\n<p>L'heure est venue de passer \u00e0 l'examen final du cours de Potions ! Les r\u00e8gles n'ont pas chang\u00e9 d'un poil : prenez une bille Ingr\u00e9dient du Distributeur et assistez \u00e0 la chute des suivantes. Si vous reliez des billes de la m\u00eame couleur, elles explosent... et vous pourrez les prendre elles aussi ! Terminez vos Potions en utilisant les billes que vous collectez, et buvez-les pour d\u00e9clencher leurs pouvoirs magiques. Cependant, n'oubliez pas que pour gagner le Pris de l'Apprenti de l'Ann\u00e9e, la c\u00e9l\u00e9rit\u00e9 ne suffira pas. Vous devrez aussi pr\u00e9parer les Potions les plus pr\u00e9cieuses !<\/p>\n<p>Bonne chance !<\/p>\n<p style=\"text-align: right;\">Alb\u00e9dos Humblescore<br \/>\nDirecteur de l'Acad\u00e9mie de Sorcellerie Horribilorum pour Sorciers et Magiciens Spirituels<\/p>\n<\/div>\n<\/div><\/div><\/div><\/div><div id=\"pg-390-3\"  class=\"panel-grid panel-no-style\" ><div id=\"pgc-390-3-0\"  class=\"panel-grid-cell\" ><div id=\"panel-390-3-0-0\" class=\"so-panel widget widget_sow-editor panel-first-child panel-last-child\" data-index=\"8\" ><div\n\t\t\t\n\t\t\tclass=\"so-widget-sow-editor so-widget-sow-editor-base\"\n\t\t\t\n\t\t>\n<div class=\"siteorigin-widget-tinymce textwidget\">\n\t<hr \/>\n<p style=\"text-align: center;\"><strong>En vid\u00e9o<\/strong><\/p>\n<p style=\"text-align: left;\">De l'explication des r\u00e8gles :<\/p>\n<ul>\n<li style=\"text-align: left;\">Tric Trac<\/li>\n<\/ul>\n<p style=\"text-align: left;\"><a href=\"https:\/\/www.trictrac.net\/videos\/Potion_Explosion_le_comment_ca_marche\" target=\"_blank\" rel=\"noopener noreferrer\"><img loading=\"lazy\" decoding=\"async\" class=\"alignnone size-full wp-image-107\" src=\"http:\/\/meeplendice.net\/wp-content\/uploads\/2016\/08\/TT_explication.png\" alt=\"TT_explication\" width=\"200\" height=\"170\" \/><\/a><\/p>\n<p style=\"text-align: left;\">\u00a0De la partie :<\/p>\n<ul>\n<li style=\"text-align: left;\">Tric Trac<\/li>\n<\/ul>\n<p><a href=\"https:\/\/www.trictrac.net\/videos\/Potion_Explosion_la_partie\" target=\"_blank\" rel=\"noopener noreferrer\"><img loading=\"lazy\" decoding=\"async\" class=\"alignnone size-full wp-image-117\" src=\"http:\/\/meeplendice.net\/wp-content\/uploads\/2016\/08\/TT_partie_1.png\" alt=\"TT_partie_1\" width=\"200\" height=\"170\" \/><\/a><\/p>\n<\/div>\n<\/div><\/div><\/div><div id=\"pgc-390-3-1\"  class=\"panel-grid-cell\" ><div id=\"panel-390-3-1-0\" class=\"so-panel widget widget_sow-editor panel-first-child panel-last-child\" data-index=\"9\" ><div\n\t\t\t\n\t\t\tclass=\"so-widget-sow-editor so-widget-sow-editor-base\"\n\t\t\t\n\t\t>\n<div class=\"siteorigin-widget-tinymce textwidget\">\n\t<hr \/>\n<p style=\"text-align: center;\"><strong>Extension(s)<\/strong><\/p>\n<p style=\"text-align: center;\"><style type='text\/css' media='all'>#rt-tpg-container-2526265844 .read-more a{border-radius:px;}#rt-tpg-container-2526265844 .rt-img-holder img.rt-img-responsive,#rt-tpg-container-2526265844 .rt-img-holder,\n\t\t\t\t\t#rt-tpg-container-2526265844 .rt-post-overlay .post-img,\n\t\t\t\t\t#rt-tpg-container-2526265844 .post-sm .post-img,\n\t\t\t\t\t#rt-tpg-container-2526265844 .rt-post-grid .post-img,\n\t\t\t\t\t#rt-tpg-container-2526265844 .post-img img {border-radius:px;}#rt-tpg-container-2526265844 .layout9 .rt-holder h2.entry-title,\n\t\t\t\t\t#rt-tpg-container-2526265844 .layout9 .rt-holder h3.entry-title,\n\t\t\t\t\t#rt-tpg-container-2526265844 .layout9 .rt-holder h4.entry-title,\n\t\t\t\t\t#rt-tpg-container-2526265844 .layout9 .rt-holder h2.entry-title a,\n\t\t\t\t\t#rt-tpg-container-2526265844 .layout9 .rt-holder h3.entry-title a,\n\t\t\t\t\t#rt-tpg-container-2526265844 .layout9 .rt-holder h4.entry-title a,\n\t\t\t\t\t#rt-tpg-container-2526265844 .rt-holder .rt-woo-info h2 a,\n\t\t\t\t\t#rt-tpg-container-2526265844 .rt-holder .rt-woo-info h3 a,\n\t\t\t\t\t#rt-tpg-container-2526265844 .rt-holder .rt-woo-info h4 a,\n\t\t\t\t\t#rt-tpg-container-2526265844 .post-content .post-title,\n\t\t\t\t\t#rt-tpg-container-2526265844 .rt-post-grid .post-title,\n\t\t\t\t\t#rt-tpg-container-2526265844 .rt-post-grid .post-title a,\n\t\t\t\t\t#rt-tpg-container-2526265844 .post-content .post-title a,\n\t\t\t\t\t#rt-tpg-container-2526265844 .rt-holder .rt-woo-info h2,\n\t\t\t\t\t#rt-tpg-container-2526265844 .rt-holder .rt-woo-info h3,\n\t\t\t\t\t#rt-tpg-container-2526265844 .rt-holder .rt-woo-info h4{font-size:16px;line-height:26px;font-weight:normal;text-align:center;}#rt-tpg-container-2526265844 .post-grid-lg-style-1 .post-title,\n\t\t\t\t\t\t#rt-tpg-container-2526265844 .post-grid-lg-style-1 .post-title a,\n\t\t\t\t\t\t#rt-tpg-container-2526265844 .big-layout .post-title,\n\t\t\t\t\t\t#rt-tpg-container-2526265844 .big-layout .post-title a,\n\t\t\t\t\t\t#rt-tpg-container-2526265844 .post-grid-lg-style-1 .post-title,\n\t\t\t\t\t\t#rt-tpg-container-2526265844 .post-grid-lg-style-1 .post-title a {font-size:24px;line-height:34px;}<\/style><div class='rt-container-fluid rt-tpg-container tpg-shortcode-main-wrapper ' id='rt-tpg-container-2526265844'   data-layout='layout9' data-grid-style='even' data-desktop-col='3'  data-tab-col='2'  data-mobile-col='1' data-sc-id='3437'><div data-title='Loading ...' class='rt-row rt-content-loader   layout9 tpg-even '><div class=\"rt-col-md-4 rt-col-sm-6 rt-col-xs-12 even-grid-item rt-grid-item img_zoom_in\" data-id=\"3432\"><div class=\"rt-holder\"><div class='overlay'><a data-id='3432' class=' tpg-single-popup' href='https:\/\/meeplendice.net\/?page_id=3432'><img loading=\"lazy\" decoding=\"async\" width=\"350\" height=\"350\" src=\"https:\/\/meeplendice.net\/wp-content\/uploads\/2017\/09\/PE_5emeingredient.png\" class=\"rt-img-responsive \" alt=\"\" \/><\/a><\/div><div class='post-info'><h2 class=\"entry-title\"><a data-id=\"3432\" class=\" tpg-single-popup\" href=\"https:\/\/meeplendice.net\/?page_id=3432\">Le Cinqui\u00e8me Ingr\u00e9dient<\/a><\/h2><div class='post-meta-user '><\/div><\/div><\/div><\/div><div class=\"rt-col-md-4 rt-col-sm-6 rt-col-xs-12 even-grid-item rt-grid-item img_zoom_in\" data-id=\"4987\"><div class=\"rt-holder\"><div class='overlay'><a data-id='4987' class=' tpg-single-popup' href='https:\/\/meeplendice.net\/?page_id=4987'><img loading=\"lazy\" decoding=\"async\" width=\"350\" height=\"350\" src=\"https:\/\/meeplendice.net\/wp-content\/uploads\/2019\/04\/PE_6emeapprenti.png\" class=\"rt-img-responsive \" alt=\"\" \/><\/a><\/div><div class='post-info'><h2 class=\"entry-title\"><a data-id=\"4987\" class=\" tpg-single-popup\" href=\"https:\/\/meeplendice.net\/?page_id=4987\">Le 6eme Apprenti<\/a><\/h2><div class='post-meta-user '><\/div><\/div><\/div><\/div><\/div><div class='rt-pagination-wrap' data-total-pages='1' data-posts-per-page='3' data-type='pagination_ajax'  ><div class='rt-page-numbers'><\/div><\/div><\/div><\/p>\n<\/div>\n<\/div><\/div><\/div><\/div><div id=\"pg-390-4\"  class=\"panel-grid panel-no-style\" ><div id=\"pgc-390-4-0\"  class=\"panel-grid-cell\" ><div id=\"panel-390-4-0-0\" class=\"so-panel widget widget_sow-editor panel-first-child panel-last-child\" data-index=\"10\" ><div\n\t\t\t\n\t\t\tclass=\"so-widget-sow-editor so-widget-sow-editor-base\"\n\t\t\t\n\t\t>\n<div class=\"siteorigin-widget-tinymce textwidget\">\n\t<hr \/>\n<p style=\"text-align: center;\"><strong>Pour aller plus loin<\/strong><\/p>\n<\/div>\n<\/div><\/div><\/div><\/div><\/div>","protected":false},"excerpt":{"rendered":"<p>Nombre de joueurs : 2 &#8211; 4 (6 avec extension) Dur\u00e9e moyenne : 45 min Age : 8 ans et plus Auteur(s) : Stefano Castelli Andrea Crespi Lorenzo Silva Illustrations : Giulia Ghigini Heiko G\u00fcnter Lorenzo Silva \u00c9dition : Horrible Games Edge Entertainement 2016 Version : Fran\u00e7aise<\/p>\n","protected":false},"author":2,"featured_media":954,"parent":0,"menu_order":0,"comment_status":"closed","ping_status":"closed","template":"","meta":{"footnotes":""},"class_list":["post-390","page","type-page","status-publish","has-post-thumbnail","hentry"],"acf":[],"rttpg_featured_image_url":{"full":["https:\/\/meeplendice.net\/wp-content\/uploads\/2016\/08\/Potionexplosion.png",350,350,false],"landscape":["https:\/\/meeplendice.net\/wp-content\/uploads\/2016\/08\/Potionexplosion.png",350,350,false],"portraits":["https:\/\/meeplendice.net\/wp-content\/uploads\/2016\/08\/Potionexplosion.png",350,350,false],"thumbnail":["https:\/\/meeplendice.net\/wp-content\/uploads\/2016\/08\/Potionexplosion-150x150.png",150,150,true],"medium":["https:\/\/meeplendice.net\/wp-content\/uploads\/2016\/08\/Potionexplosion-300x300.png",300,300,true],"large":["https:\/\/meeplendice.net\/wp-content\/uploads\/2016\/08\/Potionexplosion.png",350,350,false],"ug_big":["https:\/\/meeplendice.net\/wp-content\/uploads\/2016\/08\/Potionexplosion.png",350,350,false],"1536x1536":["https:\/\/meeplendice.net\/wp-content\/uploads\/2016\/08\/Potionexplosion.png",350,350,false],"2048x2048":["https:\/\/meeplendice.net\/wp-content\/uploads\/2016\/08\/Potionexplosion.png",350,350,false],"ashe-slider-grid-thumbnail":["https:\/\/meeplendice.net\/wp-content\/uploads\/2016\/08\/Potionexplosion.png",350,350,false],"ashe-full-thumbnail":["https:\/\/meeplendice.net\/wp-content\/uploads\/2016\/08\/Potionexplosion.png",350,350,false],"ashe-grid-thumbnail":["https:\/\/meeplendice.net\/wp-content\/uploads\/2016\/08\/Potionexplosion-350x330.png",350,330,true],"ashe-list-thumbnail":["https:\/\/meeplendice.net\/wp-content\/uploads\/2016\/08\/Potionexplosion-300x300.png",300,300,true],"ashe-single-navigation":["https:\/\/meeplendice.net\/wp-content\/uploads\/2016\/08\/Potionexplosion-75x75.png",75,75,true],"mailpoet_newsletter_max":["https:\/\/meeplendice.net\/wp-content\/uploads\/2016\/08\/Potionexplosion.png",350,350,false],"rpwe-thumbnail":["https:\/\/meeplendice.net\/wp-content\/uploads\/2016\/08\/Potionexplosion-45x45.png",45,45,true],"sow-carousel-default":["https:\/\/meeplendice.net\/wp-content\/uploads\/2016\/08\/Potionexplosion-272x182.png",272,182,true],"rt_custom":["https:\/\/meeplendice.net\/wp-content\/uploads\/2016\/08\/Potionexplosion.png",350,350,false]},"rttpg_author":{"display_name":"Karnby","author_link":"https:\/\/meeplendice.net\/?author=2"},"rttpg_comment":0,"rttpg_category":null,"rttpg_excerpt":"Nombre de joueurs : 2 - 4 (6 avec extension) Dur\u00e9e moyenne : 45 min Age : 8 ans et plus Auteur(s) : Stefano Castelli Andrea Crespi Lorenzo Silva Illustrations : Giulia Ghigini Heiko G\u00fcnter Lorenzo Silva \u00c9dition : Horrible Games Edge Entertainement 2016 Version : Fran\u00e7aise","_links":{"self":[{"href":"https:\/\/meeplendice.net\/index.php?rest_route=\/wp\/v2\/pages\/390","targetHints":{"allow":["GET"]}}],"collection":[{"href":"https:\/\/meeplendice.net\/index.php?rest_route=\/wp\/v2\/pages"}],"about":[{"href":"https:\/\/meeplendice.net\/index.php?rest_route=\/wp\/v2\/types\/page"}],"author":[{"embeddable":true,"href":"https:\/\/meeplendice.net\/index.php?rest_route=\/wp\/v2\/users\/2"}],"replies":[{"embeddable":true,"href":"https:\/\/meeplendice.net\/index.php?rest_route=%2Fwp%2Fv2%2Fcomments&post=390"}],"version-history":[{"count":20,"href":"https:\/\/meeplendice.net\/index.php?rest_route=\/wp\/v2\/pages\/390\/revisions"}],"predecessor-version":[{"id":7347,"href":"https:\/\/meeplendice.net\/index.php?rest_route=\/wp\/v2\/pages\/390\/revisions\/7347"}],"wp:featuredmedia":[{"embeddable":true,"href":"https:\/\/meeplendice.net\/index.php?rest_route=\/wp\/v2\/media\/954"}],"wp:attachment":[{"href":"https:\/\/meeplendice.net\/index.php?rest_route=%2Fwp%2Fv2%2Fmedia&parent=390"}],"curies":[{"name":"wp","href":"https:\/\/api.w.org\/{rel}","templated":true}]}}