{"id":3904,"date":"2018-01-09T15:09:35","date_gmt":"2018-01-09T14:09:35","guid":{"rendered":"http:\/\/meeplendice.net\/?page_id=3904"},"modified":"2020-11-13T17:14:54","modified_gmt":"2020-11-13T16:14:54","slug":"risk-star-wars","status":"publish","type":"page","link":"https:\/\/meeplendice.net\/?page_id=3904","title":{"rendered":"Risk Star Wars"},"content":{"rendered":"<div id=\"pl-3904\"  class=\"panel-layout\" ><div id=\"pg-3904-0\"  class=\"panel-grid panel-no-style\" ><div id=\"pgc-3904-0-0\"  class=\"panel-grid-cell\" ><div id=\"panel-3904-0-0-0\" class=\"so-panel widget widget_sow-editor panel-first-child panel-last-child\" data-index=\"0\" ><div\n\t\t\t\n\t\t\tclass=\"so-widget-sow-editor so-widget-sow-editor-base\"\n\t\t\t\n\t\t>\n<div class=\"siteorigin-widget-tinymce textwidget\">\n\t<p style=\"text-align: center;\"><strong>Nombre de joueurs :<\/strong><br \/>\n2 - 4<\/p>\n<\/div>\n<\/div><\/div><\/div><div id=\"pgc-3904-0-1\"  class=\"panel-grid-cell\" ><div id=\"panel-3904-0-1-0\" class=\"so-panel widget widget_sow-editor panel-first-child panel-last-child\" data-index=\"1\" ><div\n\t\t\t\n\t\t\tclass=\"so-widget-sow-editor so-widget-sow-editor-base\"\n\t\t\t\n\t\t>\n<div class=\"siteorigin-widget-tinymce textwidget\">\n\t<p style=\"text-align: center;\"><strong>Dur\u00e9e moyenne :<\/strong><br \/>\n60 min<\/p>\n<\/div>\n<\/div><\/div><\/div><div id=\"pgc-3904-0-2\"  class=\"panel-grid-cell\" ><div id=\"panel-3904-0-2-0\" class=\"so-panel widget widget_sow-editor panel-first-child panel-last-child\" data-index=\"2\" ><div\n\t\t\t\n\t\t\tclass=\"so-widget-sow-editor so-widget-sow-editor-base\"\n\t\t\t\n\t\t>\n<div class=\"siteorigin-widget-tinymce textwidget\">\n\t<p style=\"text-align: center;\"><strong>Age :<\/strong><br \/>\n10 ans et plus<\/p>\n<\/div>\n<\/div><\/div><\/div><\/div><div id=\"pg-3904-1\"  class=\"panel-grid panel-no-style\" ><div id=\"pgc-3904-1-0\"  class=\"panel-grid-cell\" ><div id=\"panel-3904-1-0-0\" class=\"so-panel widget widget_sow-editor panel-first-child panel-last-child\" data-index=\"3\" ><div\n\t\t\t\n\t\t\tclass=\"so-widget-sow-editor so-widget-sow-editor-base\"\n\t\t\t\n\t\t>\n<div class=\"siteorigin-widget-tinymce textwidget\">\n\t<p style=\"text-align: center;\"><strong>Auteur(s) :<br \/>\n<\/strong>Reiner Knizia<\/p>\n<\/div>\n<\/div><\/div><\/div><div id=\"pgc-3904-1-1\"  class=\"panel-grid-cell\" ><div id=\"panel-3904-1-1-0\" class=\"so-panel widget widget_sow-editor panel-first-child panel-last-child\" data-index=\"4\" ><div\n\t\t\t\n\t\t\tclass=\"so-widget-sow-editor so-widget-sow-editor-base\"\n\t\t\t\n\t\t>\n<div class=\"siteorigin-widget-tinymce textwidget\">\n\t<p style=\"text-align: center;\"><strong>Illustrations :<\/strong><br \/>\nGa\u00ebl Lannurien<\/p>\n<\/div>\n<\/div><\/div><\/div><div id=\"pgc-3904-1-2\"  class=\"panel-grid-cell\" ><div id=\"panel-3904-1-2-0\" class=\"so-panel widget widget_sow-editor panel-first-child panel-last-child\" data-index=\"5\" ><div\n\t\t\t\n\t\t\tclass=\"so-widget-sow-editor so-widget-sow-editor-base\"\n\t\t\t\n\t\t>\n<div class=\"siteorigin-widget-tinymce textwidget\">\n\t<p style=\"text-align: center;\"><strong>\u00c9dition :<\/strong><br \/>\nSuper Meeple<br \/>\n2017<\/p>\n<\/div>\n<\/div><\/div><\/div><div id=\"pgc-3904-1-3\"  class=\"panel-grid-cell\" ><div id=\"panel-3904-1-3-0\" class=\"so-panel widget widget_sow-editor panel-first-child panel-last-child\" data-index=\"6\" ><div\n\t\t\t\n\t\t\tclass=\"so-widget-sow-editor so-widget-sow-editor-base\"\n\t\t\t\n\t\t>\n<div class=\"siteorigin-widget-tinymce textwidget\">\n\t<p style=\"text-align: center;\"><strong>Version :<\/strong><br \/>\nFran\u00e7aise<\/p>\n<\/div>\n<\/div><\/div><\/div><\/div><div id=\"pg-3904-2\"  class=\"panel-grid panel-no-style\" ><div id=\"pgc-3904-2-0\"  class=\"panel-grid-cell\" ><div id=\"panel-3904-2-0-0\" class=\"so-panel widget widget_sow-editor panel-first-child panel-last-child\" data-index=\"7\" ><div\n\t\t\t\n\t\t\tclass=\"so-widget-sow-editor so-widget-sow-editor-base\"\n\t\t\t\n\t\t>\n<div class=\"siteorigin-widget-tinymce textwidget\">\n\t<hr \/>\n<p>Vous contr\u00f4lez le destin de l'Empire !<\/p>\n<p>Affrontez-vous dans l'espace ! Risk Star Wars vous permet de recr\u00e9er le grand final du film Le Retour du Jedi. Mais qui l'emportera ? L'empire Galactique ou l'Alliance Rebelle.<\/p>\n<\/div>\n<\/div><\/div><\/div><\/div><div id=\"pg-3904-3\"  class=\"panel-grid panel-no-style\" ><div id=\"pgc-3904-3-0\"  class=\"panel-grid-cell\" ><div id=\"panel-3904-3-0-0\" class=\"so-panel widget widget_sow-editor panel-first-child panel-last-child\" data-index=\"8\" ><div\n\t\t\t\n\t\t\tclass=\"so-widget-sow-editor so-widget-sow-editor-base\"\n\t\t\t\n\t\t>\n<div class=\"siteorigin-widget-tinymce textwidget\">\n\t<hr \/>\n<p style=\"text-align: center;\"><strong>En vid\u00e9o<\/strong><\/p>\n<\/div>\n<\/div><\/div><\/div><\/div><div id=\"pg-3904-4\"  class=\"panel-grid panel-no-style\" ><div id=\"pgc-3904-4-0\"  class=\"panel-grid-cell\" ><div id=\"panel-3904-4-0-0\" class=\"so-panel widget widget_sow-editor panel-first-child panel-last-child\" data-index=\"9\" ><div\n\t\t\t\n\t\t\tclass=\"so-widget-sow-editor so-widget-sow-editor-base\"\n\t\t\t\n\t\t>\n<div class=\"siteorigin-widget-tinymce textwidget\">\n\t<hr \/>\n<p style=\"text-align: center;\"><strong>Pour aller plus loin<\/strong><\/p>\n<\/div>\n<\/div><\/div><\/div><\/div><\/div>","protected":false},"excerpt":{"rendered":"<p>Nombre de joueurs : 2 &#8211; 4 Dur\u00e9e moyenne : 60 min Age : 10 ans et plus Auteur(s) : Reiner Knizia Illustrations : Ga\u00ebl Lannurien \u00c9dition : Super Meeple 2017 Version : Fran\u00e7aise<\/p>\n","protected":false},"author":2,"featured_media":3880,"parent":0,"menu_order":0,"comment_status":"closed","ping_status":"closed","template":"","meta":{"footnotes":""},"class_list":["post-3904","page","type-page","status-publish","has-post-thumbnail","hentry"],"acf":[],"rttpg_featured_image_url":{"full":["https:\/\/meeplendice.net\/wp-content\/uploads\/2018\/01\/SWRisk.png",350,350,false],"landscape":["https:\/\/meeplendice.net\/wp-content\/uploads\/2018\/01\/SWRisk.png",350,350,false],"portraits":["https:\/\/meeplendice.net\/wp-content\/uploads\/2018\/01\/SWRisk.png",350,350,false],"thumbnail":["https:\/\/meeplendice.net\/wp-content\/uploads\/2018\/01\/SWRisk-150x150.png",150,150,true],"medium":["https:\/\/meeplendice.net\/wp-content\/uploads\/2018\/01\/SWRisk-300x300.png",300,300,true],"large":["https:\/\/meeplendice.net\/wp-content\/uploads\/2018\/01\/SWRisk.png",350,350,false],"ug_big":["https:\/\/meeplendice.net\/wp-content\/uploads\/2018\/01\/SWRisk.png",350,350,false],"1536x1536":["https:\/\/meeplendice.net\/wp-content\/uploads\/2018\/01\/SWRisk.png",350,350,false],"2048x2048":["https:\/\/meeplendice.net\/wp-content\/uploads\/2018\/01\/SWRisk.png",350,350,false],"ashe-slider-grid-thumbnail":["https:\/\/meeplendice.net\/wp-content\/uploads\/2018\/01\/SWRisk.png",350,350,false],"ashe-full-thumbnail":["https:\/\/meeplendice.net\/wp-content\/uploads\/2018\/01\/SWRisk.png",350,350,false],"ashe-grid-thumbnail":["https:\/\/meeplendice.net\/wp-content\/uploads\/2018\/01\/SWRisk-350x330.png",350,330,true],"ashe-list-thumbnail":["https:\/\/meeplendice.net\/wp-content\/uploads\/2018\/01\/SWRisk-300x300.png",300,300,true],"ashe-single-navigation":["https:\/\/meeplendice.net\/wp-content\/uploads\/2018\/01\/SWRisk-75x75.png",75,75,true],"mailpoet_newsletter_max":["https:\/\/meeplendice.net\/wp-content\/uploads\/2018\/01\/SWRisk.png",350,350,false],"rpwe-thumbnail":["https:\/\/meeplendice.net\/wp-content\/uploads\/2018\/01\/SWRisk-45x45.png",45,45,true],"sow-carousel-default":["https:\/\/meeplendice.net\/wp-content\/uploads\/2018\/01\/SWRisk-272x182.png",272,182,true],"rt_custom":["https:\/\/meeplendice.net\/wp-content\/uploads\/2018\/01\/SWRisk.png",350,350,false]},"rttpg_author":{"display_name":"Karnby","author_link":"https:\/\/meeplendice.net\/?author=2"},"rttpg_comment":0,"rttpg_category":null,"rttpg_excerpt":"Nombre de joueurs : 2 - 4 Dur\u00e9e moyenne : 60 min Age : 10 ans et plus Auteur(s) : Reiner Knizia Illustrations : Ga\u00ebl Lannurien \u00c9dition : Super Meeple 2017 Version : Fran\u00e7aise","_links":{"self":[{"href":"https:\/\/meeplendice.net\/index.php?rest_route=\/wp\/v2\/pages\/3904","targetHints":{"allow":["GET"]}}],"collection":[{"href":"https:\/\/meeplendice.net\/index.php?rest_route=\/wp\/v2\/pages"}],"about":[{"href":"https:\/\/meeplendice.net\/index.php?rest_route=\/wp\/v2\/types\/page"}],"author":[{"embeddable":true,"href":"https:\/\/meeplendice.net\/index.php?rest_route=\/wp\/v2\/users\/2"}],"replies":[{"embeddable":true,"href":"https:\/\/meeplendice.net\/index.php?rest_route=%2Fwp%2Fv2%2Fcomments&post=3904"}],"version-history":[{"count":6,"href":"https:\/\/meeplendice.net\/index.php?rest_route=\/wp\/v2\/pages\/3904\/revisions"}],"predecessor-version":[{"id":7370,"href":"https:\/\/meeplendice.net\/index.php?rest_route=\/wp\/v2\/pages\/3904\/revisions\/7370"}],"wp:featuredmedia":[{"embeddable":true,"href":"https:\/\/meeplendice.net\/index.php?rest_route=\/wp\/v2\/media\/3880"}],"wp:attachment":[{"href":"https:\/\/meeplendice.net\/index.php?rest_route=%2Fwp%2Fv2%2Fmedia&parent=3904"}],"curies":[{"name":"wp","href":"https:\/\/api.w.org\/{rel}","templated":true}]}}