{"id":3962,"date":"2018-01-30T16:27:06","date_gmt":"2018-01-30T15:27:06","guid":{"rendered":"http:\/\/meeplendice.net\/?page_id=3962"},"modified":"2018-01-30T16:27:06","modified_gmt":"2018-01-30T15:27:06","slug":"horreur-a-arkham-le-jeu-de-cartes","status":"publish","type":"page","link":"https:\/\/meeplendice.net\/?page_id=3962","title":{"rendered":"Horreur \u00e0 Arkham : Le jeu de cartes"},"content":{"rendered":"<p><img loading=\"lazy\" decoding=\"async\" class=\"alignleft wp-image-3963 size-full\" src=\"https:\/\/meeplendice.net\/wp-content\/uploads\/2018\/01\/HaA_jce.png\" alt=\"\" width=\"350\" height=\"350\" srcset=\"https:\/\/meeplendice.net\/wp-content\/uploads\/2018\/01\/HaA_jce.png 350w, https:\/\/meeplendice.net\/wp-content\/uploads\/2018\/01\/HaA_jce-300x300.png 300w, https:\/\/meeplendice.net\/wp-content\/uploads\/2018\/01\/HaA_jce-150x150.png 150w, https:\/\/meeplendice.net\/wp-content\/uploads\/2018\/01\/HaA_jce-75x75.png 75w, https:\/\/meeplendice.net\/wp-content\/uploads\/2018\/01\/HaA_jce-45x45.png 45w, https:\/\/meeplendice.net\/wp-content\/uploads\/2018\/01\/HaA_jce-80x80.png 80w, https:\/\/meeplendice.net\/wp-content\/uploads\/2018\/01\/HaA_jce-118x118.png 118w, https:\/\/meeplendice.net\/wp-content\/uploads\/2018\/01\/HaA_jce-239x239.png 239w\" sizes=\"auto, (max-width: 350px) 100vw, 350px\" \/><br \/>\n<strong>Nombre de joueurs :<\/strong> 1 &#8211; 2 (4 avec 2 boites) \u00a0 \u00a0\u00a0\u00a0 <strong>Dur\u00e9e moyenne :<\/strong> 90 min\u00a0\u00a0\u00a0\u00a0\u00a0\u00a0\u00a0\u00a0\u00a0 <strong>Age :<\/strong> 14 ans et plus<\/p>\n<p><strong>Auteur(s) : <\/strong>Nate French &amp; Matthew Newman<br \/>\n<strong>Illustrations :<\/strong> &#8230;<br \/>\n<strong>\u00c9dition :<\/strong>\u00a0 Fantasy Flight Games &#8211; 2016<br \/>\n<strong>Distribution :<\/strong> Asmodee<\/p>\n<p><em>\u00ab L\u2019\u00e9motion la plus intense et la plus ancienne de l\u2019humanit\u00e9 est la peur, et la peur la plus intense et la plus ancienne est la peur de l\u2019inconnu. \u00bb<br \/>\n\u2013 H. P. Lovecraft<\/em><\/p>\n<p>Dans la ville assoupie d\u2019Arkham, Massachusetts, un petit groupe d\u2019intr\u00e9pides investigateurs m\u00e8ne l\u2019enqu\u00eate afin de d\u00e9couvrir la v\u00e9ritable nature d\u2019une terrible menace qui met en p\u00e9ril toute l\u2019humanit\u00e9. Mais attention ! Le royaume des arcanes rec\u00e8le bien des horreurs, et les investigateurs doivent veiller \u00e0 maintenir une emprise t\u00e9nue sur leur sant\u00e9 mentale pour survivre.<\/p>\n<p><em>Horreur \u00e0 Arkham : le Jeu de Cartes<\/em> est un jeu coop\u00e9ratif pour un ou deux joueurs, et jusqu\u2019\u00e0 quatre avec un deuxi\u00e8me exemplaire de cette bo\u00eete de base. Chacun d\u2019eux incarne un investigateur qui tente d\u2019\u00e9lucider des myst\u00e8res surnaturels au cours d\u2019une campagne haletante. Chaque partie met en sc\u00e8ne un de ses chapitres o\u00f9 chaque d\u00e9cision a des implications profondes et des cons\u00e9quences insoup\u00e7onn\u00e9es pour la suite.<\/p>\n<p>Les Grands Anciens attendent. Qui parmi nous sera capable de d\u00e9couvrir leurs secrets et survivra pour en t\u00e9moigner ?<\/p>\n<hr \/>\n<p style=\"text-align: center;\"><strong>En vid\u00e9o<\/strong><\/p>\n<p>De l&rsquo;explication des r\u00e8gles :<\/p>\n<ul>\n<li>Tric Trac<\/li>\n<\/ul>\n<p><a href=\"https:\/\/www.trictrac.net\/actus\/horreur-a-arkham-le-jeu-de-cartes-de-l-explication\" target=\"_blank\" rel=\"noopener\"><img loading=\"lazy\" decoding=\"async\" class=\"alignnone size-full wp-image-107\" src=\"https:\/\/meeplendice.net\/wp-content\/uploads\/2016\/08\/TT_explication.png\" alt=\"TT_explication\" width=\"200\" height=\"170\" \/><\/a><\/p>\n<p>De la partie :<\/p>\n<ul>\n<li>Tric Trac<\/li>\n<\/ul>\n<p><a href=\"https:\/\/www.trictrac.net\/actus\/horreur-a-arkham-le-jeu-de-cartes-de-la-partie\" target=\"_blank\" rel=\"noopener\"><img loading=\"lazy\" decoding=\"async\" class=\"alignnone size-full wp-image-117\" src=\"https:\/\/meeplendice.net\/wp-content\/uploads\/2016\/08\/TT_partie_1.png\" alt=\"TT_partie_1\" width=\"200\" height=\"170\" \/><\/a><\/p>\n<hr \/>\n<p style=\"text-align: center;\"><strong>Pour aller plus loin&#8230;<\/strong><\/p>\n","protected":false},"excerpt":{"rendered":"<p>Nombre de joueurs : 1 &#8211; 2 (4 avec 2 boites) \u00a0 \u00a0\u00a0\u00a0 Dur\u00e9e moyenne : 90 min\u00a0\u00a0\u00a0\u00a0\u00a0\u00a0\u00a0\u00a0\u00a0 Age : 14 ans et plus Auteur(s) : Nate French &amp; Matthew Newman Illustrations : &#8230; \u00c9dition :\u00a0 Fantasy Flight Games &#8211; 2016 Distribution : Asmodee \u00ab L\u2019\u00e9motion la plus intense et la plus ancienne de l\u2019humanit\u00e9 est la peur, et la peur la plus intense et la plus ancienne est la peur de l\u2019inconnu. \u00bb \u2013 H. P. Lovecraft Dans la ville assoupie d\u2019Arkham, Massachusetts, un petit groupe d\u2019intr\u00e9pides investigateurs m\u00e8ne l\u2019enqu\u00eate afin de d\u00e9couvrir la v\u00e9ritable nature d\u2019une terrible menace qui met en p\u00e9ril toute l\u2019humanit\u00e9. Mais attention ! Le royaume des arcanes rec\u00e8le bien des horreurs, et les investigateurs doivent veiller \u00e0 maintenir une emprise t\u00e9nue sur leur sant\u00e9 mentale pour survivre. Horreur \u00e0 Arkham : le Jeu de Cartes est un jeu coop\u00e9ratif pour un ou deux joueurs, et jusqu\u2019\u00e0 quatre avec un deuxi\u00e8me exemplaire de cette bo\u00eete de base. Chacun d\u2019eux incarne un investigateur qui tente d\u2019\u00e9lucider des myst\u00e8res surnaturels au cours d\u2019une campagne haletante. Chaque partie met en sc\u00e8ne un de ses chapitres o\u00f9 chaque d\u00e9cision a des implications profondes et des cons\u00e9quences insoup\u00e7onn\u00e9es pour la suite. Les Grands Anciens attendent. Qui parmi nous sera capable de d\u00e9couvrir leurs secrets et survivra pour en t\u00e9moigner ? En vid\u00e9o De l&rsquo;explication des r\u00e8gles : Tric Trac De la partie : Tric Trac Pour aller plus loin&#8230;<\/p>\n","protected":false},"author":2,"featured_media":3963,"parent":0,"menu_order":0,"comment_status":"closed","ping_status":"closed","template":"","meta":{"footnotes":""},"class_list":["post-3962","page","type-page","status-publish","has-post-thumbnail","hentry"],"acf":[],"rttpg_featured_image_url":{"full":["https:\/\/meeplendice.net\/wp-content\/uploads\/2018\/01\/HaA_jce.png",350,350,false],"landscape":["https:\/\/meeplendice.net\/wp-content\/uploads\/2018\/01\/HaA_jce.png",350,350,false],"portraits":["https:\/\/meeplendice.net\/wp-content\/uploads\/2018\/01\/HaA_jce.png",350,350,false],"thumbnail":["https:\/\/meeplendice.net\/wp-content\/uploads\/2018\/01\/HaA_jce-150x150.png",150,150,true],"medium":["https:\/\/meeplendice.net\/wp-content\/uploads\/2018\/01\/HaA_jce-300x300.png",300,300,true],"large":["https:\/\/meeplendice.net\/wp-content\/uploads\/2018\/01\/HaA_jce.png",350,350,false],"ug_big":["https:\/\/meeplendice.net\/wp-content\/uploads\/2018\/01\/HaA_jce.png",350,350,false],"1536x1536":["https:\/\/meeplendice.net\/wp-content\/uploads\/2018\/01\/HaA_jce.png",350,350,false],"2048x2048":["https:\/\/meeplendice.net\/wp-content\/uploads\/2018\/01\/HaA_jce.png",350,350,false],"ashe-slider-grid-thumbnail":["https:\/\/meeplendice.net\/wp-content\/uploads\/2018\/01\/HaA_jce.png",350,350,false],"ashe-full-thumbnail":["https:\/\/meeplendice.net\/wp-content\/uploads\/2018\/01\/HaA_jce.png",350,350,false],"ashe-grid-thumbnail":["https:\/\/meeplendice.net\/wp-content\/uploads\/2018\/01\/HaA_jce-350x330.png",350,330,true],"ashe-list-thumbnail":["https:\/\/meeplendice.net\/wp-content\/uploads\/2018\/01\/HaA_jce-300x300.png",300,300,true],"ashe-single-navigation":["https:\/\/meeplendice.net\/wp-content\/uploads\/2018\/01\/HaA_jce-75x75.png",75,75,true],"mailpoet_newsletter_max":["https:\/\/meeplendice.net\/wp-content\/uploads\/2018\/01\/HaA_jce.png",350,350,false],"rpwe-thumbnail":["https:\/\/meeplendice.net\/wp-content\/uploads\/2018\/01\/HaA_jce-45x45.png",45,45,true],"sow-carousel-default":["https:\/\/meeplendice.net\/wp-content\/uploads\/2018\/01\/HaA_jce-272x182.png",272,182,true],"rt_custom":["https:\/\/meeplendice.net\/wp-content\/uploads\/2018\/01\/HaA_jce.png",350,350,false]},"rttpg_author":{"display_name":"Karnby","author_link":"https:\/\/meeplendice.net\/?author=2"},"rttpg_comment":0,"rttpg_category":null,"rttpg_excerpt":"Nombre de joueurs : 1 &#8211; 2 (4 avec 2 boites) \u00a0 \u00a0\u00a0\u00a0 Dur\u00e9e moyenne : 90 min\u00a0\u00a0\u00a0\u00a0\u00a0\u00a0\u00a0\u00a0\u00a0 Age : 14 ans et plus Auteur(s) : Nate French &amp; Matthew Newman Illustrations : &#8230; \u00c9dition :\u00a0 Fantasy Flight Games &#8211; 2016 Distribution : Asmodee \u00ab L\u2019\u00e9motion la plus intense et la plus ancienne de l\u2019humanit\u00e9\u2026","_links":{"self":[{"href":"https:\/\/meeplendice.net\/index.php?rest_route=\/wp\/v2\/pages\/3962","targetHints":{"allow":["GET"]}}],"collection":[{"href":"https:\/\/meeplendice.net\/index.php?rest_route=\/wp\/v2\/pages"}],"about":[{"href":"https:\/\/meeplendice.net\/index.php?rest_route=\/wp\/v2\/types\/page"}],"author":[{"embeddable":true,"href":"https:\/\/meeplendice.net\/index.php?rest_route=\/wp\/v2\/users\/2"}],"replies":[{"embeddable":true,"href":"https:\/\/meeplendice.net\/index.php?rest_route=%2Fwp%2Fv2%2Fcomments&post=3962"}],"version-history":[{"count":1,"href":"https:\/\/meeplendice.net\/index.php?rest_route=\/wp\/v2\/pages\/3962\/revisions"}],"predecessor-version":[{"id":3964,"href":"https:\/\/meeplendice.net\/index.php?rest_route=\/wp\/v2\/pages\/3962\/revisions\/3964"}],"wp:featuredmedia":[{"embeddable":true,"href":"https:\/\/meeplendice.net\/index.php?rest_route=\/wp\/v2\/media\/3963"}],"wp:attachment":[{"href":"https:\/\/meeplendice.net\/index.php?rest_route=%2Fwp%2Fv2%2Fmedia&parent=3962"}],"curies":[{"name":"wp","href":"https:\/\/api.w.org\/{rel}","templated":true}]}}