{"id":398,"date":"2016-08-30T20:43:37","date_gmt":"2016-08-30T19:43:37","guid":{"rendered":"http:\/\/meeplendice.net\/?page_id=398"},"modified":"2020-11-13T17:11:38","modified_gmt":"2020-11-13T16:11:38","slug":"raptor","status":"publish","type":"page","link":"https:\/\/meeplendice.net\/?page_id=398","title":{"rendered":"Raptor"},"content":{"rendered":"<div id=\"pl-398\"  class=\"panel-layout\" ><div id=\"pg-398-0\"  class=\"panel-grid panel-no-style\" ><div id=\"pgc-398-0-0\"  class=\"panel-grid-cell\" ><div id=\"panel-398-0-0-0\" class=\"so-panel widget widget_sow-editor panel-first-child panel-last-child\" data-index=\"0\" ><div\n\t\t\t\n\t\t\tclass=\"so-widget-sow-editor so-widget-sow-editor-base\"\n\t\t\t\n\t\t>\n<div class=\"siteorigin-widget-tinymce textwidget\">\n\t<p style=\"text-align: center;\"><strong>Nombre de joueurs :<\/strong><br \/>\n2 \u2013 2<\/p>\n<\/div>\n<\/div><\/div><\/div><div id=\"pgc-398-0-1\"  class=\"panel-grid-cell\" ><div id=\"panel-398-0-1-0\" class=\"so-panel widget widget_sow-editor panel-first-child panel-last-child\" data-index=\"1\" ><div\n\t\t\t\n\t\t\tclass=\"so-widget-sow-editor so-widget-sow-editor-base\"\n\t\t\t\n\t\t>\n<div class=\"siteorigin-widget-tinymce textwidget\">\n\t<p style=\"text-align: center;\"><strong>Dur\u00e9e moyenne :<\/strong><br \/>\n25 min<\/p>\n<\/div>\n<\/div><\/div><\/div><div id=\"pgc-398-0-2\"  class=\"panel-grid-cell\" ><div id=\"panel-398-0-2-0\" class=\"so-panel widget widget_sow-editor panel-first-child panel-last-child\" data-index=\"2\" ><div\n\t\t\t\n\t\t\tclass=\"so-widget-sow-editor so-widget-sow-editor-base\"\n\t\t\t\n\t\t>\n<div class=\"siteorigin-widget-tinymce textwidget\">\n\t<p style=\"text-align: center;\"><strong>Age :<\/strong><br \/>\n9 ans et plus<\/p>\n<\/div>\n<\/div><\/div><\/div><\/div><div id=\"pg-398-1\"  class=\"panel-grid panel-no-style\" ><div id=\"pgc-398-1-0\"  class=\"panel-grid-cell\" ><div id=\"panel-398-1-0-0\" class=\"so-panel widget widget_sow-editor panel-first-child panel-last-child\" data-index=\"3\" ><div\n\t\t\t\n\t\t\tclass=\"so-widget-sow-editor so-widget-sow-editor-base\"\n\t\t\t\n\t\t>\n<div class=\"siteorigin-widget-tinymce textwidget\">\n\t<p style=\"text-align: center;\"><strong>Auteur(s) :<br \/>\n<\/strong>Bruno Cathala<br \/>\nBruno Faidutti<\/p>\n<\/div>\n<\/div><\/div><\/div><div id=\"pgc-398-1-1\"  class=\"panel-grid-cell\" ><div id=\"panel-398-1-1-0\" class=\"so-panel widget widget_sow-editor panel-first-child panel-last-child\" data-index=\"4\" ><div\n\t\t\t\n\t\t\tclass=\"so-widget-sow-editor so-widget-sow-editor-base\"\n\t\t\t\n\t\t>\n<div class=\"siteorigin-widget-tinymce textwidget\">\n\t<p style=\"text-align: center;\"><strong>Illustrations :<\/strong><br \/>\nVincent Dutrait<\/p>\n<\/div>\n<\/div><\/div><\/div><div id=\"pgc-398-1-2\"  class=\"panel-grid-cell\" ><div id=\"panel-398-1-2-0\" class=\"so-panel widget widget_sow-editor panel-first-child panel-last-child\" data-index=\"5\" ><div\n\t\t\t\n\t\t\tclass=\"so-widget-sow-editor so-widget-sow-editor-base\"\n\t\t\t\n\t\t>\n<div class=\"siteorigin-widget-tinymce textwidget\">\n\t<p style=\"text-align: center;\"><strong>\u00c9dition :<\/strong><br \/>\nMatagot<br \/>\n2015<\/p>\n<\/div>\n<\/div><\/div><\/div><div id=\"pgc-398-1-3\"  class=\"panel-grid-cell\" ><div id=\"panel-398-1-3-0\" class=\"so-panel widget widget_sow-editor panel-first-child panel-last-child\" data-index=\"6\" ><div\n\t\t\t\n\t\t\tclass=\"so-widget-sow-editor so-widget-sow-editor-base\"\n\t\t\t\n\t\t>\n<div class=\"siteorigin-widget-tinymce textwidget\">\n\t<p style=\"text-align: center;\"><strong>Version :<\/strong><br \/>\nFran\u00e7aise<\/p>\n<\/div>\n<\/div><\/div><\/div><\/div><div id=\"pg-398-2\"  class=\"panel-grid panel-no-style\" ><div id=\"pgc-398-2-0\"  class=\"panel-grid-cell\" ><div id=\"panel-398-2-0-0\" class=\"so-panel widget widget_sow-editor panel-first-child panel-last-child\" data-index=\"7\" ><div\n\t\t\t\n\t\t\tclass=\"so-widget-sow-editor so-widget-sow-editor-base\"\n\t\t\t\n\t\t>\n<div class=\"siteorigin-widget-tinymce textwidget\">\n\t<hr \/>\n<p><em>\u00ab\u00a0Tous les dinosaures n\u2019ont pas disparu\u00a0! Sur une ile du Pacifique, nous avons rep\u00e9r\u00e9 uen femelle v\u00e9lociraptor et ses petits. Notre mission\u00a0: les capturer vivants, ou neutraliser la m\u00e8re. Mais elle est rapide et puissante\u2026 le face-\u00e0-face sera \u00e9pique\u00a0!\"<\/em><\/p>\n<p>Dans raptor, chaque camp dispose d\u2019actions et de capacit\u00e9s bien diff\u00e9rentes. Le plateau modulable rend unique chaque partie.<\/p>\n<\/div>\n<\/div><\/div><\/div><\/div><div id=\"pg-398-3\"  class=\"panel-grid panel-no-style\" ><div id=\"pgc-398-3-0\"  class=\"panel-grid-cell\" ><div id=\"panel-398-3-0-0\" class=\"so-panel widget widget_sow-editor panel-first-child panel-last-child\" data-index=\"8\" ><div\n\t\t\t\n\t\t\tclass=\"so-widget-sow-editor so-widget-sow-editor-base\"\n\t\t\t\n\t\t>\n<div class=\"siteorigin-widget-tinymce textwidget\">\n\t<hr \/>\n<p style=\"text-align: center;\"><strong>En vid\u00e9o<\/strong><\/p>\n<p style=\"text-align: left;\">De l'explication des r\u00e8gles :<\/p>\n<ul>\n<li style=\"text-align: left;\">Tric Trac<\/li>\n<\/ul>\n<p style=\"text-align: left;\"><a href=\"https:\/\/www.trictrac.net\/videos\/Raptor_de_le_comment_ca_marche\" target=\"_blank\" rel=\"noopener noreferrer\"><img loading=\"lazy\" decoding=\"async\" class=\"alignnone size-full wp-image-107\" src=\"http:\/\/meeplendice.net\/wp-content\/uploads\/2016\/08\/TT_explication.png\" alt=\"TT_explication\" width=\"200\" height=\"170\" \/><\/a><\/p>\n<p style=\"text-align: left;\">\u00a0De la partie :<\/p>\n<ul>\n<li style=\"text-align: left;\">Tric Trac<\/li>\n<\/ul>\n<p><a href=\"https:\/\/www.trictrac.net\/videos\/Raptor_de_la_Partie\" target=\"_blank\" rel=\"noopener noreferrer\"><img loading=\"lazy\" decoding=\"async\" class=\"alignnone size-full wp-image-117\" src=\"http:\/\/meeplendice.net\/wp-content\/uploads\/2016\/08\/TT_partie_1.png\" alt=\"TT_partie_1\" width=\"200\" height=\"170\" \/><\/a><\/p>\n<\/div>\n<\/div><\/div><\/div><\/div><div id=\"pg-398-4\"  class=\"panel-grid panel-no-style\" ><div id=\"pgc-398-4-0\"  class=\"panel-grid-cell\" ><div id=\"panel-398-4-0-0\" class=\"so-panel widget widget_sow-editor panel-first-child panel-last-child\" data-index=\"9\" ><div\n\t\t\t\n\t\t\tclass=\"so-widget-sow-editor so-widget-sow-editor-base\"\n\t\t\t\n\t\t>\n<div class=\"siteorigin-widget-tinymce textwidget\">\n\t<hr \/>\n<p style=\"text-align: center;\"><strong>Pour aller plus loin<\/strong><\/p>\n<\/div>\n<\/div><\/div><\/div><\/div><\/div>","protected":false},"excerpt":{"rendered":"<p>Nombre de joueurs : 2 \u2013 2 Dur\u00e9e moyenne : 25 min Age : 9 ans et plus Auteur(s) : Bruno Cathala Bruno Faidutti Illustrations : Vincent Dutrait \u00c9dition : Matagot 2015 Version : Fran\u00e7aise<\/p>\n","protected":false},"author":2,"featured_media":993,"parent":0,"menu_order":0,"comment_status":"closed","ping_status":"closed","template":"","meta":{"footnotes":""},"class_list":["post-398","page","type-page","status-publish","has-post-thumbnail","hentry"],"acf":[],"rttpg_featured_image_url":{"full":["https:\/\/meeplendice.net\/wp-content\/uploads\/2016\/08\/Raptor.png",350,350,false],"landscape":["https:\/\/meeplendice.net\/wp-content\/uploads\/2016\/08\/Raptor.png",350,350,false],"portraits":["https:\/\/meeplendice.net\/wp-content\/uploads\/2016\/08\/Raptor.png",350,350,false],"thumbnail":["https:\/\/meeplendice.net\/wp-content\/uploads\/2016\/08\/Raptor-150x150.png",150,150,true],"medium":["https:\/\/meeplendice.net\/wp-content\/uploads\/2016\/08\/Raptor-300x300.png",300,300,true],"large":["https:\/\/meeplendice.net\/wp-content\/uploads\/2016\/08\/Raptor.png",350,350,false],"ug_big":["https:\/\/meeplendice.net\/wp-content\/uploads\/2016\/08\/Raptor.png",350,350,false],"1536x1536":["https:\/\/meeplendice.net\/wp-content\/uploads\/2016\/08\/Raptor.png",350,350,false],"2048x2048":["https:\/\/meeplendice.net\/wp-content\/uploads\/2016\/08\/Raptor.png",350,350,false],"ashe-slider-grid-thumbnail":["https:\/\/meeplendice.net\/wp-content\/uploads\/2016\/08\/Raptor.png",350,350,false],"ashe-full-thumbnail":["https:\/\/meeplendice.net\/wp-content\/uploads\/2016\/08\/Raptor.png",350,350,false],"ashe-grid-thumbnail":["https:\/\/meeplendice.net\/wp-content\/uploads\/2016\/08\/Raptor-350x330.png",350,330,true],"ashe-list-thumbnail":["https:\/\/meeplendice.net\/wp-content\/uploads\/2016\/08\/Raptor-300x300.png",300,300,true],"ashe-single-navigation":["https:\/\/meeplendice.net\/wp-content\/uploads\/2016\/08\/Raptor-75x75.png",75,75,true],"mailpoet_newsletter_max":["https:\/\/meeplendice.net\/wp-content\/uploads\/2016\/08\/Raptor.png",350,350,false],"rpwe-thumbnail":["https:\/\/meeplendice.net\/wp-content\/uploads\/2016\/08\/Raptor-45x45.png",45,45,true],"sow-carousel-default":["https:\/\/meeplendice.net\/wp-content\/uploads\/2016\/08\/Raptor-272x182.png",272,182,true],"rt_custom":["https:\/\/meeplendice.net\/wp-content\/uploads\/2016\/08\/Raptor.png",350,350,false]},"rttpg_author":{"display_name":"Karnby","author_link":"https:\/\/meeplendice.net\/?author=2"},"rttpg_comment":0,"rttpg_category":null,"rttpg_excerpt":"Nombre de joueurs : 2 \u2013 2 Dur\u00e9e moyenne : 25 min Age : 9 ans et plus Auteur(s) : Bruno Cathala Bruno Faidutti Illustrations : Vincent Dutrait \u00c9dition : Matagot 2015 Version : Fran\u00e7aise","_links":{"self":[{"href":"https:\/\/meeplendice.net\/index.php?rest_route=\/wp\/v2\/pages\/398","targetHints":{"allow":["GET"]}}],"collection":[{"href":"https:\/\/meeplendice.net\/index.php?rest_route=\/wp\/v2\/pages"}],"about":[{"href":"https:\/\/meeplendice.net\/index.php?rest_route=\/wp\/v2\/types\/page"}],"author":[{"embeddable":true,"href":"https:\/\/meeplendice.net\/index.php?rest_route=\/wp\/v2\/users\/2"}],"replies":[{"embeddable":true,"href":"https:\/\/meeplendice.net\/index.php?rest_route=%2Fwp%2Fv2%2Fcomments&post=398"}],"version-history":[{"count":9,"href":"https:\/\/meeplendice.net\/index.php?rest_route=\/wp\/v2\/pages\/398\/revisions"}],"predecessor-version":[{"id":7360,"href":"https:\/\/meeplendice.net\/index.php?rest_route=\/wp\/v2\/pages\/398\/revisions\/7360"}],"wp:featuredmedia":[{"embeddable":true,"href":"https:\/\/meeplendice.net\/index.php?rest_route=\/wp\/v2\/media\/993"}],"wp:attachment":[{"href":"https:\/\/meeplendice.net\/index.php?rest_route=%2Fwp%2Fv2%2Fmedia&parent=398"}],"curies":[{"name":"wp","href":"https:\/\/api.w.org\/{rel}","templated":true}]}}