{"id":400,"date":"2016-08-30T20:43:46","date_gmt":"2016-08-30T19:43:46","guid":{"rendered":"http:\/\/meeplendice.net\/?page_id=400"},"modified":"2020-11-13T17:11:53","modified_gmt":"2020-11-13T16:11:53","slug":"relic","status":"publish","type":"page","link":"https:\/\/meeplendice.net\/?page_id=400","title":{"rendered":"Relic"},"content":{"rendered":"<div id=\"pl-400\"  class=\"panel-layout\" ><div id=\"pg-400-0\"  class=\"panel-grid panel-no-style\" ><div id=\"pgc-400-0-0\"  class=\"panel-grid-cell\" ><div id=\"panel-400-0-0-0\" class=\"so-panel widget widget_sow-editor panel-first-child panel-last-child\" data-index=\"0\" ><div\n\t\t\t\n\t\t\tclass=\"so-widget-sow-editor so-widget-sow-editor-base\"\n\t\t\t\n\t\t>\n<div class=\"siteorigin-widget-tinymce textwidget\">\n\t<p style=\"text-align: center;\"><strong>Nombre de joueurs :<\/strong><br \/>\n2 - 4 (6 avec extension)<\/p>\n<\/div>\n<\/div><\/div><\/div><div id=\"pgc-400-0-1\"  class=\"panel-grid-cell\" ><div id=\"panel-400-0-1-0\" class=\"so-panel widget widget_sow-editor panel-first-child panel-last-child\" data-index=\"1\" ><div\n\t\t\t\n\t\t\tclass=\"so-widget-sow-editor so-widget-sow-editor-base\"\n\t\t\t\n\t\t>\n<div class=\"siteorigin-widget-tinymce textwidget\">\n\t<p style=\"text-align: center;\"><strong>Dur\u00e9e moyenne :<\/strong><br \/>\n180 min<\/p>\n<\/div>\n<\/div><\/div><\/div><div id=\"pgc-400-0-2\"  class=\"panel-grid-cell\" ><div id=\"panel-400-0-2-0\" class=\"so-panel widget widget_sow-editor panel-first-child panel-last-child\" data-index=\"2\" ><div\n\t\t\t\n\t\t\tclass=\"so-widget-sow-editor so-widget-sow-editor-base\"\n\t\t\t\n\t\t>\n<div class=\"siteorigin-widget-tinymce textwidget\">\n\t<p style=\"text-align: center;\"><strong>Age :<\/strong><br \/>\n14 ans et plus<\/p>\n<\/div>\n<\/div><\/div><\/div><\/div><div id=\"pg-400-1\"  class=\"panel-grid panel-no-style\" ><div id=\"pgc-400-1-0\"  class=\"panel-grid-cell\" ><div id=\"panel-400-1-0-0\" class=\"so-panel widget widget_sow-editor panel-first-child panel-last-child\" data-index=\"3\" ><div\n\t\t\t\n\t\t\tclass=\"so-widget-sow-editor so-widget-sow-editor-base\"\n\t\t\t\n\t\t>\n<div class=\"siteorigin-widget-tinymce textwidget\">\n\t<p style=\"text-align: center;\"><strong>Auteur(s) :<br \/>\n<\/strong>John Goodenough<\/p>\n<\/div>\n<\/div><\/div><\/div><div id=\"pgc-400-1-1\"  class=\"panel-grid-cell\" ><div id=\"panel-400-1-1-0\" class=\"so-panel widget widget_sow-editor panel-first-child panel-last-child\" data-index=\"4\" ><div\n\t\t\t\n\t\t\tclass=\"so-widget-sow-editor so-widget-sow-editor-base\"\n\t\t\t\n\t\t>\n<div class=\"siteorigin-widget-tinymce textwidget\">\n\t<p style=\"text-align: center;\"><strong>Illustrations :<\/strong><br \/>\nBen Zweifel<br \/>\nMathias Kollros<br \/>\nRyan Barger...<\/p>\n<\/div>\n<\/div><\/div><\/div><div id=\"pgc-400-1-2\"  class=\"panel-grid-cell\" ><div id=\"panel-400-1-2-0\" class=\"so-panel widget widget_sow-editor panel-first-child panel-last-child\" data-index=\"5\" ><div\n\t\t\t\n\t\t\tclass=\"so-widget-sow-editor so-widget-sow-editor-base\"\n\t\t\t\n\t\t>\n<div class=\"siteorigin-widget-tinymce textwidget\">\n\t<p style=\"text-align: center;\"><strong>\u00c9dition :<\/strong><br \/>\nCoolMiniOrNot<br \/>\nEdge Entertainement<br \/>\n2013<\/p>\n<\/div>\n<\/div><\/div><\/div><div id=\"pgc-400-1-3\"  class=\"panel-grid-cell\" ><div id=\"panel-400-1-3-0\" class=\"so-panel widget widget_sow-editor panel-first-child panel-last-child\" data-index=\"6\" ><div\n\t\t\t\n\t\t\tclass=\"so-widget-sow-editor so-widget-sow-editor-base\"\n\t\t\t\n\t\t>\n<div class=\"siteorigin-widget-tinymce textwidget\">\n\t<p style=\"text-align: center;\"><strong>Version :<\/strong><br \/>\nFran\u00e7aise<\/p>\n<\/div>\n<\/div><\/div><\/div><\/div><div id=\"pg-400-2\"  class=\"panel-grid panel-no-style\" ><div id=\"pgc-400-2-0\"  class=\"panel-grid-cell\" ><div id=\"panel-400-2-0-0\" class=\"so-panel widget widget_sow-editor panel-first-child panel-last-child\" data-index=\"7\" ><div\n\t\t\t\n\t\t\tclass=\"so-widget-sow-editor so-widget-sow-editor-base\"\n\t\t\t\n\t\t>\n<div class=\"siteorigin-widget-tinymce textwidget\">\n\t<hr \/>\n<p><em>Explorez le sombre futur du 41\u00e8me Mill\u00e9naire.<\/em><\/p>\n<p><em> L\u2019Imp\u00e9rium de l\u2019Humanit\u00e9 s\u2019\u00e9tend \u00e0 travers toutes les galaxies connues, englobant des millions de mondes. Et pourtant, il est au bord de l\u2019annihilation.<\/em><br \/>\n<em> De l\u2019int\u00e9rieur et de l\u2019ext\u00e9rieur, les forces malveillantes du Chaos entendent bien corrompre l\u2019humanit\u00e9, tandis que les incessantes incursions de mortelles races extraterrestres d\u00e9chirent ses fragiles fronti\u00e8res. Les forces assi\u00e9g\u00e9es et les nobles ordres de l\u2019Imp\u00e9rium font courageusement face \u00e0 la nuit \u00e9ternelle, guid\u00e9s par la volont\u00e9 implacable de l\u2019Empereur immortel.<\/em><br \/>\n<em> Le lointain secteur Antian a connu sa part d\u2019horreurs et de conflits, mais une p\u00e9riode encore plus sombre semble s\u2019annoncer. Une Faille Warp vient d\u2019apparaitre \u00e0 proximit\u00e9 et, sous sa sinistre influence, des infestations du Chaos et d\u2019autres ph\u00e9nom\u00e8nes aberrants se produisent \u00e0 travers tout le secteur.<\/em><br \/>\n<em> Pour affronter cette menace, des agents de l\u2019Imp\u00e9rium ont \u00e9t\u00e9 d\u00e9p\u00each\u00e9s : Space Marine, Inquisiteur, Commissaire, Libre Marchand et bien d\u2019autres encore. Pour r\u00e9ussir, ces h\u00e9ros auront besoin de talents et d\u2019armes, de courage et de foi, et m\u00eame de l\u2019aide de puissantes et anciennes reliques.<\/em><\/p>\n<p>Dans Relic, de deux \u00e0 quatre joueurs endossent les r\u00f4les de puissants personnages de l\u2019univers de Warhammer 40 000 qui se lancent \u00e0 l\u2019aventure pour prot\u00e9ger le secteur Antian de son sinistre destin. En accomplissant des missions et en remportant des victoires contre les ennemis de l\u2019Imp\u00e9rium, les personnages gagnent r\u00e9compenses et exp\u00e9rience, augmentant ainsi leurs chances de vaincre le mal qui les attend au-del\u00e0 de la Faille Warp, quelle que soit sa nature. Sauverez-vous l\u2019humanit\u00e9, ou succomberez-vous aux pouvoirs du Chaos ?<\/p>\n<\/div>\n<\/div><\/div><\/div><\/div><div id=\"pg-400-3\"  class=\"panel-grid panel-no-style\" ><div id=\"pgc-400-3-0\"  class=\"panel-grid-cell\" ><div id=\"panel-400-3-0-0\" class=\"so-panel widget widget_sow-editor panel-first-child panel-last-child\" data-index=\"8\" ><div\n\t\t\t\n\t\t\tclass=\"so-widget-sow-editor so-widget-sow-editor-base\"\n\t\t\t\n\t\t>\n<div class=\"siteorigin-widget-tinymce textwidget\">\n\t<hr \/>\n<p style=\"text-align: center;\"><strong>En vid\u00e9o<\/strong><\/p>\n<p style=\"text-align: left;\">De l'explication des r\u00e8gles :<\/p>\n<ul>\n<li style=\"text-align: left;\">Tric Trac<\/li>\n<\/ul>\n<p style=\"text-align: left;\"><a href=\"https:\/\/www.trictrac.net\/videos\/Relic_de_l_explication\" target=\"_blank\" rel=\"noopener noreferrer\"><img loading=\"lazy\" decoding=\"async\" class=\"alignnone size-full wp-image-107\" src=\"http:\/\/meeplendice.net\/wp-content\/uploads\/2016\/08\/TT_explication.png\" alt=\"TT_explication\" width=\"200\" height=\"170\" \/><\/a><\/p>\n<p style=\"text-align: left;\">\u00a0De la partie :<\/p>\n<ul>\n<li style=\"text-align: left;\">Tric Trac<\/li>\n<\/ul>\n<p><a href=\"https:\/\/www.trictrac.net\/videos\/Relic_de_la_partie\" target=\"_blank\" rel=\"noopener noreferrer\"><img loading=\"lazy\" decoding=\"async\" class=\"alignnone size-full wp-image-117\" src=\"http:\/\/meeplendice.net\/wp-content\/uploads\/2016\/08\/TT_partie_1.png\" alt=\"TT_partie_1\" width=\"200\" height=\"170\" \/><\/a><\/p>\n<\/div>\n<\/div><\/div><\/div><div id=\"pgc-400-3-1\"  class=\"panel-grid-cell\" ><div id=\"panel-400-3-1-0\" class=\"so-panel widget widget_sow-editor panel-first-child panel-last-child\" data-index=\"9\" ><div\n\t\t\t\n\t\t\tclass=\"so-widget-sow-editor so-widget-sow-editor-base\"\n\t\t\t\n\t\t>\n<div class=\"siteorigin-widget-tinymce textwidget\">\n\t<hr \/>\n<p style=\"text-align: center;\"><strong>Extension(s)<br \/>\n<style type='text\/css' media='all'>#rt-tpg-container-1388969081 .read-more a{border-radius:px;}#rt-tpg-container-1388969081 .rt-img-holder img.rt-img-responsive,#rt-tpg-container-1388969081 .rt-img-holder,\n\t\t\t\t\t#rt-tpg-container-1388969081 .rt-post-overlay .post-img,\n\t\t\t\t\t#rt-tpg-container-1388969081 .post-sm .post-img,\n\t\t\t\t\t#rt-tpg-container-1388969081 .rt-post-grid .post-img,\n\t\t\t\t\t#rt-tpg-container-1388969081 .post-img img {border-radius:px;}#rt-tpg-container-1388969081 .layout9 .rt-holder h2.entry-title,\n\t\t\t\t\t#rt-tpg-container-1388969081 .layout9 .rt-holder h3.entry-title,\n\t\t\t\t\t#rt-tpg-container-1388969081 .layout9 .rt-holder h4.entry-title,\n\t\t\t\t\t#rt-tpg-container-1388969081 .layout9 .rt-holder h2.entry-title a,\n\t\t\t\t\t#rt-tpg-container-1388969081 .layout9 .rt-holder h3.entry-title a,\n\t\t\t\t\t#rt-tpg-container-1388969081 .layout9 .rt-holder h4.entry-title a,\n\t\t\t\t\t#rt-tpg-container-1388969081 .rt-holder .rt-woo-info h2 a,\n\t\t\t\t\t#rt-tpg-container-1388969081 .rt-holder .rt-woo-info h3 a,\n\t\t\t\t\t#rt-tpg-container-1388969081 .rt-holder .rt-woo-info h4 a,\n\t\t\t\t\t#rt-tpg-container-1388969081 .post-content .post-title,\n\t\t\t\t\t#rt-tpg-container-1388969081 .rt-post-grid .post-title,\n\t\t\t\t\t#rt-tpg-container-1388969081 .rt-post-grid .post-title a,\n\t\t\t\t\t#rt-tpg-container-1388969081 .post-content .post-title a,\n\t\t\t\t\t#rt-tpg-container-1388969081 .rt-holder .rt-woo-info h2,\n\t\t\t\t\t#rt-tpg-container-1388969081 .rt-holder .rt-woo-info h3,\n\t\t\t\t\t#rt-tpg-container-1388969081 .rt-holder .rt-woo-info h4{font-size:16px;line-height:26px;font-weight:normal;text-align:center;}#rt-tpg-container-1388969081 .post-grid-lg-style-1 .post-title,\n\t\t\t\t\t\t#rt-tpg-container-1388969081 .post-grid-lg-style-1 .post-title a,\n\t\t\t\t\t\t#rt-tpg-container-1388969081 .big-layout .post-title,\n\t\t\t\t\t\t#rt-tpg-container-1388969081 .big-layout .post-title a,\n\t\t\t\t\t\t#rt-tpg-container-1388969081 .post-grid-lg-style-1 .post-title,\n\t\t\t\t\t\t#rt-tpg-container-1388969081 .post-grid-lg-style-1 .post-title a {font-size:24px;line-height:34px;}<\/style><div class='rt-container-fluid rt-tpg-container tpg-shortcode-main-wrapper ' id='rt-tpg-container-1388969081'   data-layout='layout9' data-grid-style='even' data-desktop-col='3'  data-tab-col='2'  data-mobile-col='1' data-sc-id='1575'><div data-title='Loading ...' class='rt-row rt-content-loader   layout9 tpg-even '><div class=\"rt-col-md-4 rt-col-sm-6 rt-col-xs-12 even-grid-item rt-grid-item img_zoom_in\" data-id=\"1567\"><div class=\"rt-holder\"><div class='overlay'><a data-id='1567' class=' tpg-single-popup' href='https:\/\/meeplendice.net\/?page_id=1567'><img loading=\"lazy\" decoding=\"async\" width=\"350\" height=\"350\" src=\"https:\/\/meeplendice.net\/wp-content\/uploads\/2016\/09\/Relic_Nemesis.png\" class=\"rt-img-responsive \" alt=\"\" \/><\/a><\/div><div class='post-info'><h2 class=\"entry-title\"><a data-id=\"1567\" class=\" tpg-single-popup\" href=\"https:\/\/meeplendice.net\/?page_id=1567\">N\u00e9m\u00e9sis<\/a><\/h2><div class='post-meta-user '><\/div><\/div><\/div><\/div><div class=\"rt-col-md-4 rt-col-sm-6 rt-col-xs-12 even-grid-item rt-grid-item img_zoom_in\" data-id=\"1570\"><div class=\"rt-holder\"><div class='overlay'><a data-id='1570' class=' tpg-single-popup' href='https:\/\/meeplendice.net\/?page_id=1570'><img loading=\"lazy\" decoding=\"async\" width=\"350\" height=\"350\" src=\"https:\/\/meeplendice.net\/wp-content\/uploads\/2016\/09\/Relic_Leshallsdeterra.png\" class=\"rt-img-responsive \" alt=\"\" \/><\/a><\/div><div class='post-info'><h2 class=\"entry-title\"><a data-id=\"1570\" class=\" tpg-single-popup\" href=\"https:\/\/meeplendice.net\/?page_id=1570\">Les Halls de Terra<\/a><\/h2><div class='post-meta-user '><\/div><\/div><\/div><\/div><\/div><div class='rt-pagination-wrap' data-total-pages='1' data-posts-per-page='3' data-type='pagination_ajax'  ><div class='rt-page-numbers'><\/div><\/div><\/div><br \/>\n<\/strong><\/p>\n<\/div>\n<\/div><\/div><\/div><\/div><div id=\"pg-400-4\"  class=\"panel-grid panel-no-style\" ><div id=\"pgc-400-4-0\"  class=\"panel-grid-cell\" ><div id=\"panel-400-4-0-0\" class=\"so-panel widget widget_sow-editor panel-first-child panel-last-child\" data-index=\"10\" ><div\n\t\t\t\n\t\t\tclass=\"so-widget-sow-editor so-widget-sow-editor-base\"\n\t\t\t\n\t\t>\n<div class=\"siteorigin-widget-tinymce textwidget\">\n\t<hr \/>\n<p style=\"text-align: center;\"><strong>Pour aller plus loin<br \/><\/strong><\/p>\n<\/div>\n<\/div><\/div><\/div><\/div><\/div>","protected":false},"excerpt":{"rendered":"<p>Nombre de joueurs : 2 &#8211; 4 (6 avec extension) Dur\u00e9e moyenne : 180 min Age : 14 ans et plus Auteur(s) : John Goodenough Illustrations : Ben Zweifel Mathias Kollros Ryan Barger&#8230; \u00c9dition : CoolMiniOrNot Edge Entertainement 2013 Version : Fran\u00e7aise<\/p>\n","protected":false},"author":2,"featured_media":997,"parent":0,"menu_order":0,"comment_status":"closed","ping_status":"closed","template":"","meta":{"footnotes":""},"class_list":["post-400","page","type-page","status-publish","has-post-thumbnail","hentry"],"acf":[],"rttpg_featured_image_url":{"full":["https:\/\/meeplendice.net\/wp-content\/uploads\/2016\/08\/Relic.png",350,350,false],"landscape":["https:\/\/meeplendice.net\/wp-content\/uploads\/2016\/08\/Relic.png",350,350,false],"portraits":["https:\/\/meeplendice.net\/wp-content\/uploads\/2016\/08\/Relic.png",350,350,false],"thumbnail":["https:\/\/meeplendice.net\/wp-content\/uploads\/2016\/08\/Relic-150x150.png",150,150,true],"medium":["https:\/\/meeplendice.net\/wp-content\/uploads\/2016\/08\/Relic-300x300.png",300,300,true],"large":["https:\/\/meeplendice.net\/wp-content\/uploads\/2016\/08\/Relic.png",350,350,false],"ug_big":["https:\/\/meeplendice.net\/wp-content\/uploads\/2016\/08\/Relic.png",350,350,false],"1536x1536":["https:\/\/meeplendice.net\/wp-content\/uploads\/2016\/08\/Relic.png",350,350,false],"2048x2048":["https:\/\/meeplendice.net\/wp-content\/uploads\/2016\/08\/Relic.png",350,350,false],"ashe-slider-grid-thumbnail":["https:\/\/meeplendice.net\/wp-content\/uploads\/2016\/08\/Relic.png",350,350,false],"ashe-full-thumbnail":["https:\/\/meeplendice.net\/wp-content\/uploads\/2016\/08\/Relic.png",350,350,false],"ashe-grid-thumbnail":["https:\/\/meeplendice.net\/wp-content\/uploads\/2016\/08\/Relic-350x330.png",350,330,true],"ashe-list-thumbnail":["https:\/\/meeplendice.net\/wp-content\/uploads\/2016\/08\/Relic-300x300.png",300,300,true],"ashe-single-navigation":["https:\/\/meeplendice.net\/wp-content\/uploads\/2016\/08\/Relic-75x75.png",75,75,true],"mailpoet_newsletter_max":["https:\/\/meeplendice.net\/wp-content\/uploads\/2016\/08\/Relic.png",350,350,false],"rpwe-thumbnail":["https:\/\/meeplendice.net\/wp-content\/uploads\/2016\/08\/Relic-45x45.png",45,45,true],"sow-carousel-default":["https:\/\/meeplendice.net\/wp-content\/uploads\/2016\/08\/Relic-272x182.png",272,182,true],"rt_custom":["https:\/\/meeplendice.net\/wp-content\/uploads\/2016\/08\/Relic.png",350,350,false]},"rttpg_author":{"display_name":"Karnby","author_link":"https:\/\/meeplendice.net\/?author=2"},"rttpg_comment":0,"rttpg_category":null,"rttpg_excerpt":"Nombre de joueurs : 2 - 4 (6 avec extension) Dur\u00e9e moyenne : 180 min Age : 14 ans et plus Auteur(s) : John Goodenough Illustrations : Ben Zweifel Mathias Kollros Ryan Barger... \u00c9dition : CoolMiniOrNot Edge Entertainement 2013 Version : Fran\u00e7aise","_links":{"self":[{"href":"https:\/\/meeplendice.net\/index.php?rest_route=\/wp\/v2\/pages\/400","targetHints":{"allow":["GET"]}}],"collection":[{"href":"https:\/\/meeplendice.net\/index.php?rest_route=\/wp\/v2\/pages"}],"about":[{"href":"https:\/\/meeplendice.net\/index.php?rest_route=\/wp\/v2\/types\/page"}],"author":[{"embeddable":true,"href":"https:\/\/meeplendice.net\/index.php?rest_route=\/wp\/v2\/users\/2"}],"replies":[{"embeddable":true,"href":"https:\/\/meeplendice.net\/index.php?rest_route=%2Fwp%2Fv2%2Fcomments&post=400"}],"version-history":[{"count":11,"href":"https:\/\/meeplendice.net\/index.php?rest_route=\/wp\/v2\/pages\/400\/revisions"}],"predecessor-version":[{"id":7362,"href":"https:\/\/meeplendice.net\/index.php?rest_route=\/wp\/v2\/pages\/400\/revisions\/7362"}],"wp:featuredmedia":[{"embeddable":true,"href":"https:\/\/meeplendice.net\/index.php?rest_route=\/wp\/v2\/media\/997"}],"wp:attachment":[{"href":"https:\/\/meeplendice.net\/index.php?rest_route=%2Fwp%2Fv2%2Fmedia&parent=400"}],"curies":[{"name":"wp","href":"https:\/\/api.w.org\/{rel}","templated":true}]}}