{"id":4000,"date":"2018-02-03T23:10:10","date_gmt":"2018-02-03T22:10:10","guid":{"rendered":"http:\/\/meeplendice.net\/?page_id=4000"},"modified":"2020-11-13T16:31:38","modified_gmt":"2020-11-13T15:31:38","slug":"euphoria","status":"publish","type":"page","link":"https:\/\/meeplendice.net\/?page_id=4000","title":{"rendered":"Euphoria"},"content":{"rendered":"<div id=\"pl-4000\"  class=\"panel-layout\" ><div id=\"pg-4000-0\"  class=\"panel-grid panel-no-style\" ><div id=\"pgc-4000-0-0\"  class=\"panel-grid-cell\" ><div id=\"panel-4000-0-0-0\" class=\"so-panel widget widget_sow-editor panel-first-child panel-last-child\" data-index=\"0\" ><div\n\t\t\t\n\t\t\tclass=\"so-widget-sow-editor so-widget-sow-editor-base\"\n\t\t\t\n\t\t>\n<div class=\"siteorigin-widget-tinymce textwidget\">\n\t<p style=\"text-align: center;\"><strong>Nombre de joueurs :<\/strong><br \/>\n2 - 6<\/p>\n<\/div>\n<\/div><\/div><\/div><div id=\"pgc-4000-0-1\"  class=\"panel-grid-cell\" ><div id=\"panel-4000-0-1-0\" class=\"so-panel widget widget_sow-editor panel-first-child panel-last-child\" data-index=\"1\" ><div\n\t\t\t\n\t\t\tclass=\"so-widget-sow-editor so-widget-sow-editor-base\"\n\t\t\t\n\t\t>\n<div class=\"siteorigin-widget-tinymce textwidget\">\n\t<p style=\"text-align: center;\"><strong>Dur\u00e9e moyenne :<\/strong><br \/>\n60 min<\/p>\n<\/div>\n<\/div><\/div><\/div><div id=\"pgc-4000-0-2\"  class=\"panel-grid-cell\" ><div id=\"panel-4000-0-2-0\" class=\"so-panel widget widget_sow-editor panel-first-child panel-last-child\" data-index=\"2\" ><div\n\t\t\t\n\t\t\tclass=\"so-widget-sow-editor so-widget-sow-editor-base\"\n\t\t\t\n\t\t>\n<div class=\"siteorigin-widget-tinymce textwidget\">\n\t<p style=\"text-align: center;\"><strong>Age :<\/strong><br \/>\n13 ans et plus<\/p>\n<\/div>\n<\/div><\/div><\/div><\/div><div id=\"pg-4000-1\"  class=\"panel-grid panel-no-style\" ><div id=\"pgc-4000-1-0\"  class=\"panel-grid-cell\" ><div id=\"panel-4000-1-0-0\" class=\"so-panel widget widget_sow-editor panel-first-child panel-last-child\" data-index=\"3\" ><div\n\t\t\t\n\t\t\tclass=\"so-widget-sow-editor so-widget-sow-editor-base\"\n\t\t\t\n\t\t>\n<div class=\"siteorigin-widget-tinymce textwidget\">\n\t<p style=\"text-align: center;\"><strong>Auteur(s) :<br \/>\n<\/strong>Jamey Stegmaier<br \/>\nAlan Stone<\/p>\n<\/div>\n<\/div><\/div><\/div><div id=\"pgc-4000-1-1\"  class=\"panel-grid-cell\" ><div id=\"panel-4000-1-1-0\" class=\"so-panel widget widget_sow-editor panel-first-child panel-last-child\" data-index=\"4\" ><div\n\t\t\t\n\t\t\tclass=\"so-widget-sow-editor so-widget-sow-editor-base\"\n\t\t\t\n\t\t>\n<div class=\"siteorigin-widget-tinymce textwidget\">\n\t<p style=\"text-align: center;\"><strong>Illustrations :<\/strong><br \/>\nJacqui Davis<\/p>\n<\/div>\n<\/div><\/div><\/div><div id=\"pgc-4000-1-2\"  class=\"panel-grid-cell\" ><div id=\"panel-4000-1-2-0\" class=\"so-panel widget widget_sow-editor panel-first-child panel-last-child\" data-index=\"5\" ><div\n\t\t\t\n\t\t\tclass=\"so-widget-sow-editor so-widget-sow-editor-base\"\n\t\t\t\n\t\t>\n<div class=\"siteorigin-widget-tinymce textwidget\">\n\t<p style=\"text-align: center;\"><strong>\u00c9dition :<\/strong><br \/>\nMorning &amp; Stonemaier<br \/>\n2014<\/p>\n<\/div>\n<\/div><\/div><\/div><div id=\"pgc-4000-1-3\"  class=\"panel-grid-cell\" ><div id=\"panel-4000-1-3-0\" class=\"so-panel widget widget_sow-editor panel-first-child panel-last-child\" data-index=\"6\" ><div\n\t\t\t\n\t\t\tclass=\"so-widget-sow-editor so-widget-sow-editor-base\"\n\t\t\t\n\t\t>\n<div class=\"siteorigin-widget-tinymce textwidget\">\n\t<p style=\"text-align: center;\"><strong>Version :<\/strong><br \/>\nFran\u00e7aise<\/p>\n<\/div>\n<\/div><\/div><\/div><\/div><div id=\"pg-4000-2\"  class=\"panel-grid panel-no-style\" ><div id=\"pgc-4000-2-0\"  class=\"panel-grid-cell\" ><div id=\"panel-4000-2-0-0\" class=\"so-panel widget widget_sow-editor panel-first-child panel-last-child\" data-index=\"7\" ><div\n\t\t\t\n\t\t\tclass=\"so-widget-sow-editor so-widget-sow-editor-base\"\n\t\t\t\n\t\t>\n<div class=\"siteorigin-widget-tinymce textwidget\">\n\t<hr \/>\n<p>Euphoria est un jeu de placement d\u2019ouvriers repr\u00e9sent\u00e9s par des d\u00e9s. Le nombre donn\u00e9 par chaque d\u00e9 repr\u00e9sente leur lucidit\u00e9 individuelle. Elle sera compar\u00e9e \u00e0 celle des ouvriers des autres joueurs tout au long de la partie. Plus vous envoyez vos ouvriers \u00e0 travers la ville, plus vous en recrutez et plus ils en apprennent sur leur soci\u00e9t\u00e9 pervertie. S\u2019ils en apprennent trop, ils seront certes plus efficaces, mais pourraient \u00e9galement d\u00e9serter votre cause.<\/p>\n<p>Vous disposez \u00e9galement de sp\u00e9cialistes d'exception : un qui vous a d\u00e9j\u00e0 pr\u00eat\u00e9 all\u00e9geance, et un qui h\u00e9site encore \u00e0 rejoindre votre cause. Vous pouvez inspirer ce sp\u00e9cialiste et vaincre ses r\u00e9ticences en atteignant certains points cl\u00e9s dans le jeu... ou laisser les autres joueurs les atteindre pour vous.<\/p>\n<p>Votre chemin vers la victoire dans cette soci\u00e9t\u00e9 utilitariste se fera \u00e0 la sueur de vos ouvriers et d\u00e9pendra de la solidit\u00e9 de vos all\u00e9geances. Vous aurez la possibilit\u00e9 de construire des march\u00e9s, seul ou avec l'aide d'autres joueurs, pour assoir votre autorit\u00e9 et imposer de s\u00e9v\u00e8res restrictions personnelles \u00e0 ceux n'ayant pas particip\u00e9.<\/p>\n<p>Vous pourrez \u00e9galement creuser des tunnels pour infiltrer les autres r\u00e9gions et vous concentrer sur l'obtention d'artefacts de l'Ancien Monde, des objets de divertissement devenu extr\u00eamement rares. L'\u00e9lite dystopienne, particuli\u00e8rement friande de ces antiquit\u00e9s, sera donc pr\u00eate \u00e0 vous octroyer de larges concessions si vous \u00eates en mesure de leur en apporter suffisamment...<\/p>\n<p>Qu'\u00eates-vous pr\u00eat \u00e0 sacrifier pour rendre le futur meilleur que le pass\u00e9 ?<\/p>\n<\/div>\n<\/div><\/div><\/div><\/div><div id=\"pg-4000-3\"  class=\"panel-grid panel-no-style\" ><div id=\"pgc-4000-3-0\"  class=\"panel-grid-cell\" ><div id=\"panel-4000-3-0-0\" class=\"so-panel widget widget_sow-editor panel-first-child panel-last-child\" data-index=\"8\" ><div\n\t\t\t\n\t\t\tclass=\"so-widget-sow-editor so-widget-sow-editor-base\"\n\t\t\t\n\t\t>\n<div class=\"siteorigin-widget-tinymce textwidget\">\n\t<hr \/>\n<p style=\"text-align: center;\"><strong>En vid\u00e9o<\/strong><\/p>\n<p>De l'explication des r\u00e8gles :<\/p>\n<ul>\n<li>Tric Trac<\/li>\n<\/ul>\n<p><a href=\"https:\/\/www.trictrac.net\/actus\/euphoria-le-comment-ca-marche\" target=\"_blank\" rel=\"noopener noreferrer\"><img loading=\"lazy\" decoding=\"async\" class=\"alignnone size-full wp-image-107\" src=\"http:\/\/meeplendice.net\/wp-content\/uploads\/2016\/08\/TT_explication.png\" alt=\"TT_explication\" width=\"200\" height=\"170\" \/><\/a><\/p>\n<p>De la partie :<\/p>\n<ul>\n<li>Tric Trac<\/li>\n<\/ul>\n<p><a href=\"https:\/\/www.trictrac.net\/actus\/euphoria-de-la-partie\" target=\"_blank\" rel=\"noopener noreferrer\"><img loading=\"lazy\" decoding=\"async\" class=\"alignnone size-full wp-image-117\" src=\"http:\/\/meeplendice.net\/wp-content\/uploads\/2016\/08\/TT_partie_1.png\" alt=\"TT_partie_1\" width=\"200\" height=\"170\" \/><\/a><\/p>\n<\/div>\n<\/div><\/div><\/div><\/div><div id=\"pg-4000-4\"  class=\"panel-grid panel-no-style\" ><div id=\"pgc-4000-4-0\"  class=\"panel-grid-cell\" ><div id=\"panel-4000-4-0-0\" class=\"so-panel widget widget_sow-editor panel-first-child panel-last-child\" data-index=\"9\" ><div\n\t\t\t\n\t\t\tclass=\"so-widget-sow-editor so-widget-sow-editor-base\"\n\t\t\t\n\t\t>\n<div class=\"siteorigin-widget-tinymce textwidget\">\n\t<hr \/>\n<p style=\"text-align: center;\"><strong>Pour aller plus loin<\/strong><\/p>\n<\/div>\n<\/div><\/div><\/div><\/div><\/div>","protected":false},"excerpt":{"rendered":"<p>Nombre de joueurs : 2 &#8211; 6 Dur\u00e9e moyenne : 60 min Age : 13 ans et plus Auteur(s) : Jamey Stegmaier Alan Stone Illustrations : Jacqui Davis \u00c9dition : Morning &amp; Stonemaier 2014 Version : Fran\u00e7aise<\/p>\n","protected":false},"author":2,"featured_media":4019,"parent":0,"menu_order":0,"comment_status":"closed","ping_status":"closed","template":"","meta":{"footnotes":""},"class_list":["post-4000","page","type-page","status-publish","has-post-thumbnail","hentry"],"acf":[],"rttpg_featured_image_url":{"full":["https:\/\/meeplendice.net\/wp-content\/uploads\/2018\/02\/Euphoria.png",350,350,false],"landscape":["https:\/\/meeplendice.net\/wp-content\/uploads\/2018\/02\/Euphoria.png",350,350,false],"portraits":["https:\/\/meeplendice.net\/wp-content\/uploads\/2018\/02\/Euphoria.png",350,350,false],"thumbnail":["https:\/\/meeplendice.net\/wp-content\/uploads\/2018\/02\/Euphoria-150x150.png",150,150,true],"medium":["https:\/\/meeplendice.net\/wp-content\/uploads\/2018\/02\/Euphoria-300x300.png",300,300,true],"large":["https:\/\/meeplendice.net\/wp-content\/uploads\/2018\/02\/Euphoria.png",350,350,false],"ug_big":["https:\/\/meeplendice.net\/wp-content\/uploads\/2018\/02\/Euphoria.png",350,350,false],"1536x1536":["https:\/\/meeplendice.net\/wp-content\/uploads\/2018\/02\/Euphoria.png",350,350,false],"2048x2048":["https:\/\/meeplendice.net\/wp-content\/uploads\/2018\/02\/Euphoria.png",350,350,false],"ashe-slider-grid-thumbnail":["https:\/\/meeplendice.net\/wp-content\/uploads\/2018\/02\/Euphoria.png",350,350,false],"ashe-full-thumbnail":["https:\/\/meeplendice.net\/wp-content\/uploads\/2018\/02\/Euphoria.png",350,350,false],"ashe-grid-thumbnail":["https:\/\/meeplendice.net\/wp-content\/uploads\/2018\/02\/Euphoria-350x330.png",350,330,true],"ashe-list-thumbnail":["https:\/\/meeplendice.net\/wp-content\/uploads\/2018\/02\/Euphoria-300x300.png",300,300,true],"ashe-single-navigation":["https:\/\/meeplendice.net\/wp-content\/uploads\/2018\/02\/Euphoria-75x75.png",75,75,true],"mailpoet_newsletter_max":["https:\/\/meeplendice.net\/wp-content\/uploads\/2018\/02\/Euphoria.png",350,350,false],"rpwe-thumbnail":["https:\/\/meeplendice.net\/wp-content\/uploads\/2018\/02\/Euphoria-45x45.png",45,45,true],"sow-carousel-default":["https:\/\/meeplendice.net\/wp-content\/uploads\/2018\/02\/Euphoria-272x182.png",272,182,true],"rt_custom":["https:\/\/meeplendice.net\/wp-content\/uploads\/2018\/02\/Euphoria.png",350,350,false]},"rttpg_author":{"display_name":"Karnby","author_link":"https:\/\/meeplendice.net\/?author=2"},"rttpg_comment":0,"rttpg_category":null,"rttpg_excerpt":"Nombre de joueurs : 2 - 6 Dur\u00e9e moyenne : 60 min Age : 13 ans et plus Auteur(s) : Jamey Stegmaier Alan Stone Illustrations : Jacqui Davis \u00c9dition : Morning &amp; Stonemaier 2014 Version : Fran\u00e7aise","_links":{"self":[{"href":"https:\/\/meeplendice.net\/index.php?rest_route=\/wp\/v2\/pages\/4000","targetHints":{"allow":["GET"]}}],"collection":[{"href":"https:\/\/meeplendice.net\/index.php?rest_route=\/wp\/v2\/pages"}],"about":[{"href":"https:\/\/meeplendice.net\/index.php?rest_route=\/wp\/v2\/types\/page"}],"author":[{"embeddable":true,"href":"https:\/\/meeplendice.net\/index.php?rest_route=\/wp\/v2\/users\/2"}],"replies":[{"embeddable":true,"href":"https:\/\/meeplendice.net\/index.php?rest_route=%2Fwp%2Fv2%2Fcomments&post=4000"}],"version-history":[{"count":8,"href":"https:\/\/meeplendice.net\/index.php?rest_route=\/wp\/v2\/pages\/4000\/revisions"}],"predecessor-version":[{"id":7242,"href":"https:\/\/meeplendice.net\/index.php?rest_route=\/wp\/v2\/pages\/4000\/revisions\/7242"}],"wp:featuredmedia":[{"embeddable":true,"href":"https:\/\/meeplendice.net\/index.php?rest_route=\/wp\/v2\/media\/4019"}],"wp:attachment":[{"href":"https:\/\/meeplendice.net\/index.php?rest_route=%2Fwp%2Fv2%2Fmedia&parent=4000"}],"curies":[{"name":"wp","href":"https:\/\/api.w.org\/{rel}","templated":true}]}}