{"id":4008,"date":"2018-02-03T23:26:18","date_gmt":"2018-02-03T22:26:18","guid":{"rendered":"http:\/\/meeplendice.net\/?page_id=4008"},"modified":"2020-11-22T15:54:52","modified_gmt":"2020-11-22T14:54:52","slug":"this-war-of-mine","status":"publish","type":"page","link":"https:\/\/meeplendice.net\/?page_id=4008","title":{"rendered":"This War of Mine"},"content":{"rendered":"<div id=\"pl-4008\"  class=\"panel-layout\" ><div id=\"pg-4008-0\"  class=\"panel-grid panel-no-style\" ><div id=\"pgc-4008-0-0\"  class=\"panel-grid-cell\" ><div id=\"panel-4008-0-0-0\" class=\"so-panel widget widget_sow-editor panel-first-child panel-last-child\" data-index=\"0\" ><div\n\t\t\t\n\t\t\tclass=\"so-widget-sow-editor so-widget-sow-editor-base\"\n\t\t\t\n\t\t>\n<div class=\"siteorigin-widget-tinymce textwidget\">\n\t<p style=\"text-align: center;\"><strong>Nombre de joueurs :<br \/>\n<\/strong> 1 - 6<\/p>\n<\/div>\n<\/div><\/div><\/div><div id=\"pgc-4008-0-1\"  class=\"panel-grid-cell\" ><div id=\"panel-4008-0-1-0\" class=\"so-panel widget widget_sow-editor panel-first-child panel-last-child\" data-index=\"1\" ><div\n\t\t\t\n\t\t\tclass=\"so-widget-sow-editor so-widget-sow-editor-base\"\n\t\t\t\n\t\t>\n<div class=\"siteorigin-widget-tinymce textwidget\">\n\t<p style=\"text-align: center;\"><strong>Dur\u00e9e moyenne :<\/strong><br \/>\n120 min<\/p>\n<\/div>\n<\/div><\/div><\/div><div id=\"pgc-4008-0-2\"  class=\"panel-grid-cell\" ><div id=\"panel-4008-0-2-0\" class=\"so-panel widget widget_sow-editor panel-first-child panel-last-child\" data-index=\"2\" ><div\n\t\t\t\n\t\t\tclass=\"so-widget-sow-editor so-widget-sow-editor-base\"\n\t\t\t\n\t\t>\n<div class=\"siteorigin-widget-tinymce textwidget\">\n\t<p style=\"text-align: center;\"><strong>Age :<\/strong><br \/>\n18 ans et plus<\/p>\n<\/div>\n<\/div><\/div><\/div><\/div><div id=\"pg-4008-1\"  class=\"panel-grid panel-no-style\" ><div id=\"pgc-4008-1-0\"  class=\"panel-grid-cell\" ><div id=\"panel-4008-1-0-0\" class=\"so-panel widget widget_sow-editor panel-first-child panel-last-child\" data-index=\"3\" ><div\n\t\t\t\n\t\t\tclass=\"so-widget-sow-editor so-widget-sow-editor-base\"\n\t\t\t\n\t\t>\n<div class=\"siteorigin-widget-tinymce textwidget\">\n\t<p style=\"text-align: center;\"><strong>Auteur(s) :<br \/>\n<\/strong>Michal Oracz<\/p>\n<\/div>\n<\/div><\/div><\/div><div id=\"pgc-4008-1-1\"  class=\"panel-grid-cell\" ><div id=\"panel-4008-1-1-0\" class=\"so-panel widget widget_sow-editor panel-first-child panel-last-child\" data-index=\"4\" ><div\n\t\t\t\n\t\t\tclass=\"so-widget-sow-editor so-widget-sow-editor-base\"\n\t\t\t\n\t\t>\n<div class=\"siteorigin-widget-tinymce textwidget\">\n\t<p style=\"text-align: center;\"><strong>Illustrations :<\/strong><br \/>\nMichal Oracz<br \/>\nPawel Niziolek<\/p>\n<\/div>\n<\/div><\/div><\/div><div id=\"pgc-4008-1-2\"  class=\"panel-grid-cell\" ><div id=\"panel-4008-1-2-0\" class=\"so-panel widget widget_sow-editor panel-first-child panel-last-child\" data-index=\"5\" ><div\n\t\t\t\n\t\t\tclass=\"so-widget-sow-editor so-widget-sow-editor-base\"\n\t\t\t\n\t\t>\n<div class=\"siteorigin-widget-tinymce textwidget\">\n\t<p style=\"text-align: center;\"><strong>\u00c9dition :<\/strong><br \/>\nEdge Entertainment<br \/>\n2018<\/p>\n<\/div>\n<\/div><\/div><\/div><div id=\"pgc-4008-1-3\"  class=\"panel-grid-cell\" ><div id=\"panel-4008-1-3-0\" class=\"so-panel widget widget_sow-editor panel-first-child panel-last-child\" data-index=\"6\" ><div\n\t\t\t\n\t\t\tclass=\"so-widget-sow-editor so-widget-sow-editor-base\"\n\t\t\t\n\t\t>\n<div class=\"siteorigin-widget-tinymce textwidget\">\n\t<p style=\"text-align: center;\"><strong>Version :<\/strong><br \/>\nFran\u00e7aise<\/p>\n<\/div>\n<\/div><\/div><\/div><\/div><div id=\"pg-4008-2\"  class=\"panel-grid panel-no-style\" ><div id=\"pgc-4008-2-0\"  class=\"panel-grid-cell\" ><div id=\"panel-4008-2-0-0\" class=\"so-panel widget widget_sow-editor panel-first-child panel-last-child\" data-index=\"7\" ><div\n\t\t\t\n\t\t\tclass=\"so-widget-sow-editor so-widget-sow-editor-base\"\n\t\t\t\n\t\t>\n<div class=\"siteorigin-widget-tinymce textwidget\">\n\t<hr \/>\n<p>Bienvenue \u00e0 Pogoren, une ville assi\u00e9g\u00e9e o\u00f9 un groupe de citoyens tente de survivre aux horreurs d\u2019une guerre interminable. Vous devrez faire des choix difficiles et affronter de multiples dangers. Vous allez vivre une histoire profonde et inoubliable. Partagez cette exp\u00e9rience unique avec vos amis.<\/p>\n<p>Ici, pas de points, pas de comp\u00e9tition. Il faut survivre jusqu\u2019au cessez-le-feu. C\u2019est un chemin sem\u00e9 d\u2019emb\u00fbches puisque vous vous trouvez au beau milieu d\u2019un conflit arm\u00e9, o\u00f9 l\u2019\u00e9thique et la morale ne signifient plus rien.<\/p>\n<p>Avec vos amis, am\u00e9nagez votre refuge, fabriquez les outils n\u00e9cessaires \u00e0 votre survie et \u00e0 votre d\u00e9fense, explorez les ruines de la vaste ville et risquez votre vie pour collecter des ressources.<\/p>\n<\/div>\n<\/div><\/div><\/div><\/div><div id=\"pg-4008-3\"  class=\"panel-grid panel-no-style\" ><div id=\"pgc-4008-3-0\"  class=\"panel-grid-cell\" ><div id=\"panel-4008-3-0-0\" class=\"so-panel widget widget_sow-editor panel-first-child panel-last-child\" data-index=\"8\" ><div\n\t\t\t\n\t\t\tclass=\"so-widget-sow-editor so-widget-sow-editor-base\"\n\t\t\t\n\t\t>\n<div class=\"siteorigin-widget-tinymce textwidget\">\n\t<hr \/>\n<p style=\"text-align: center;\"><strong>En vid\u00e9o<\/strong><\/p>\n<\/div>\n<\/div><\/div><\/div><div id=\"pgc-4008-3-1\"  class=\"panel-grid-cell\" ><div id=\"panel-4008-3-1-0\" class=\"so-panel widget widget_sow-editor panel-first-child panel-last-child\" data-index=\"9\" ><div\n\t\t\t\n\t\t\tclass=\"so-widget-sow-editor so-widget-sow-editor-base\"\n\t\t\t\n\t\t>\n<div class=\"siteorigin-widget-tinymce textwidget\">\n\t<hr \/>\n<p style=\"text-align: center;\"><strong>Extension(s)<\/strong><\/p>\n<p>&nbsp;<\/p>\n<style type='text\/css' media='all'>#rt-tpg-container-1820585920 .read-more a{border-radius:px;}#rt-tpg-container-1820585920 .rt-img-holder img.rt-img-responsive,#rt-tpg-container-1820585920 .rt-img-holder,\n\t\t\t\t\t#rt-tpg-container-1820585920 .rt-post-overlay .post-img,\n\t\t\t\t\t#rt-tpg-container-1820585920 .post-sm .post-img,\n\t\t\t\t\t#rt-tpg-container-1820585920 .rt-post-grid .post-img,\n\t\t\t\t\t#rt-tpg-container-1820585920 .post-img img {border-radius:px;}#rt-tpg-container-1820585920 .layout9 .rt-holder h2.entry-title,\n\t\t\t\t\t#rt-tpg-container-1820585920 .layout9 .rt-holder h3.entry-title,\n\t\t\t\t\t#rt-tpg-container-1820585920 .layout9 .rt-holder h4.entry-title,\n\t\t\t\t\t#rt-tpg-container-1820585920 .layout9 .rt-holder h2.entry-title a,\n\t\t\t\t\t#rt-tpg-container-1820585920 .layout9 .rt-holder h3.entry-title a,\n\t\t\t\t\t#rt-tpg-container-1820585920 .layout9 .rt-holder h4.entry-title a,\n\t\t\t\t\t#rt-tpg-container-1820585920 .rt-holder .rt-woo-info h2 a,\n\t\t\t\t\t#rt-tpg-container-1820585920 .rt-holder .rt-woo-info h3 a,\n\t\t\t\t\t#rt-tpg-container-1820585920 .rt-holder .rt-woo-info h4 a,\n\t\t\t\t\t#rt-tpg-container-1820585920 .post-content .post-title,\n\t\t\t\t\t#rt-tpg-container-1820585920 .rt-post-grid .post-title,\n\t\t\t\t\t#rt-tpg-container-1820585920 .rt-post-grid .post-title a,\n\t\t\t\t\t#rt-tpg-container-1820585920 .post-content .post-title a,\n\t\t\t\t\t#rt-tpg-container-1820585920 .rt-holder .rt-woo-info h2,\n\t\t\t\t\t#rt-tpg-container-1820585920 .rt-holder .rt-woo-info h3,\n\t\t\t\t\t#rt-tpg-container-1820585920 .rt-holder .rt-woo-info h4{font-size:16px;line-height:26px;font-weight:normal;text-align:center;}#rt-tpg-container-1820585920 .post-grid-lg-style-1 .post-title,\n\t\t\t\t\t\t#rt-tpg-container-1820585920 .post-grid-lg-style-1 .post-title a,\n\t\t\t\t\t\t#rt-tpg-container-1820585920 .big-layout .post-title,\n\t\t\t\t\t\t#rt-tpg-container-1820585920 .big-layout .post-title a,\n\t\t\t\t\t\t#rt-tpg-container-1820585920 .post-grid-lg-style-1 .post-title,\n\t\t\t\t\t\t#rt-tpg-container-1820585920 .post-grid-lg-style-1 .post-title a {font-size:24px;line-height:34px;}<\/style><div class='rt-container-fluid rt-tpg-container tpg-shortcode-main-wrapper ' id='rt-tpg-container-1820585920'   data-layout='layout9' data-grid-style='even' data-desktop-col='3'  data-tab-col='2'  data-mobile-col='1' data-sc-id='4886'><div data-title='Loading ...' class='rt-row rt-content-loader   layout9 tpg-even '><div class=\"rt-col-md-4 rt-col-sm-6 rt-col-xs-12 even-grid-item rt-grid-item img_zoom_in\" data-id=\"4871\"><div class=\"rt-holder\"><div class='overlay'><a data-id='4871' class=' tpg-single-popup' href='https:\/\/meeplendice.net\/?page_id=4871'><img loading=\"lazy\" decoding=\"async\" width=\"350\" height=\"350\" src=\"https:\/\/meeplendice.net\/wp-content\/uploads\/2019\/04\/TWOM_Memoires.png\" class=\"rt-img-responsive \" alt=\"\" \/><\/a><\/div><div class='post-info'><h2 class=\"entry-title\"><a data-id=\"4871\" class=\" tpg-single-popup\" href=\"https:\/\/meeplendice.net\/?page_id=4871\">Journaux de Guerre : M\u00e9moires de la Cit\u00e9 en Ruine<\/a><\/h2><div class='post-meta-user '><\/div><\/div><\/div><\/div><div class=\"rt-col-md-4 rt-col-sm-6 rt-col-xs-12 even-grid-item rt-grid-item img_zoom_in\" data-id=\"6951\"><div class=\"rt-holder\"><div class='overlay'><a data-id='6951' class=' tpg-single-popup' href='https:\/\/meeplendice.net\/?page_id=6951'><img loading=\"lazy\" decoding=\"async\" width=\"350\" height=\"350\" src=\"https:\/\/meeplendice.net\/wp-content\/uploads\/2020\/09\/TWOM_Etatsiege.png\" class=\"rt-img-responsive \" alt=\"\" \/><\/a><\/div><div class='post-info'><h2 class=\"entry-title\"><a data-id=\"6951\" class=\" tpg-single-popup\" href=\"https:\/\/meeplendice.net\/?page_id=6951\">Journaux de Guerre : En Etat de Si\u00e8ge<\/a><\/h2><div class='post-meta-user '><\/div><\/div><\/div><\/div><\/div><div class='rt-pagination-wrap' data-total-pages='1' data-posts-per-page='3' data-type='pagination_ajax'  ><div class='rt-page-numbers'><\/div><\/div><\/div>\n<\/div>\n<\/div><\/div><\/div><\/div><div id=\"pg-4008-4\"  class=\"panel-grid panel-no-style\" ><div id=\"pgc-4008-4-0\"  class=\"panel-grid-cell\" ><div id=\"panel-4008-4-0-0\" class=\"so-panel widget widget_sow-editor panel-first-child panel-last-child\" data-index=\"10\" ><div\n\t\t\t\n\t\t\tclass=\"so-widget-sow-editor so-widget-sow-editor-base\"\n\t\t\t\n\t\t>\n<div class=\"siteorigin-widget-tinymce textwidget\">\n\t<hr \/>\n<p style=\"text-align: center;\"><strong>Pour aller plus loin<\/strong><\/p>\n<\/div>\n<\/div><\/div><\/div><\/div><\/div>","protected":false},"excerpt":{"rendered":"<p>Nombre de joueurs : 1 &#8211; 6 Dur\u00e9e moyenne : 120 min Age : 18 ans et plus Auteur(s) : Michal Oracz Illustrations : Michal Oracz Pawel Niziolek \u00c9dition : Edge Entertainment 2018 Version : Fran\u00e7aise<\/p>\n","protected":false},"author":2,"featured_media":4020,"parent":0,"menu_order":0,"comment_status":"closed","ping_status":"closed","template":"","meta":{"footnotes":""},"class_list":["post-4008","page","type-page","status-publish","has-post-thumbnail","hentry"],"acf":[],"rttpg_featured_image_url":{"full":["https:\/\/meeplendice.net\/wp-content\/uploads\/2018\/02\/Thiswarofmine.png",350,350,false],"landscape":["https:\/\/meeplendice.net\/wp-content\/uploads\/2018\/02\/Thiswarofmine.png",350,350,false],"portraits":["https:\/\/meeplendice.net\/wp-content\/uploads\/2018\/02\/Thiswarofmine.png",350,350,false],"thumbnail":["https:\/\/meeplendice.net\/wp-content\/uploads\/2018\/02\/Thiswarofmine-150x150.png",150,150,true],"medium":["https:\/\/meeplendice.net\/wp-content\/uploads\/2018\/02\/Thiswarofmine-300x300.png",300,300,true],"large":["https:\/\/meeplendice.net\/wp-content\/uploads\/2018\/02\/Thiswarofmine.png",350,350,false],"ug_big":["https:\/\/meeplendice.net\/wp-content\/uploads\/2018\/02\/Thiswarofmine.png",350,350,false],"1536x1536":["https:\/\/meeplendice.net\/wp-content\/uploads\/2018\/02\/Thiswarofmine.png",350,350,false],"2048x2048":["https:\/\/meeplendice.net\/wp-content\/uploads\/2018\/02\/Thiswarofmine.png",350,350,false],"ashe-slider-grid-thumbnail":["https:\/\/meeplendice.net\/wp-content\/uploads\/2018\/02\/Thiswarofmine.png",350,350,false],"ashe-full-thumbnail":["https:\/\/meeplendice.net\/wp-content\/uploads\/2018\/02\/Thiswarofmine.png",350,350,false],"ashe-grid-thumbnail":["https:\/\/meeplendice.net\/wp-content\/uploads\/2018\/02\/Thiswarofmine-350x330.png",350,330,true],"ashe-list-thumbnail":["https:\/\/meeplendice.net\/wp-content\/uploads\/2018\/02\/Thiswarofmine-300x300.png",300,300,true],"ashe-single-navigation":["https:\/\/meeplendice.net\/wp-content\/uploads\/2018\/02\/Thiswarofmine-75x75.png",75,75,true],"mailpoet_newsletter_max":["https:\/\/meeplendice.net\/wp-content\/uploads\/2018\/02\/Thiswarofmine.png",350,350,false],"rpwe-thumbnail":["https:\/\/meeplendice.net\/wp-content\/uploads\/2018\/02\/Thiswarofmine-45x45.png",45,45,true],"sow-carousel-default":["https:\/\/meeplendice.net\/wp-content\/uploads\/2018\/02\/Thiswarofmine-272x182.png",272,182,true],"rt_custom":["https:\/\/meeplendice.net\/wp-content\/uploads\/2018\/02\/Thiswarofmine.png",350,350,false]},"rttpg_author":{"display_name":"Karnby","author_link":"https:\/\/meeplendice.net\/?author=2"},"rttpg_comment":0,"rttpg_category":null,"rttpg_excerpt":"Nombre de joueurs : 1 - 6 Dur\u00e9e moyenne : 120 min Age : 18 ans et plus Auteur(s) : Michal Oracz Illustrations : Michal Oracz Pawel Niziolek \u00c9dition : Edge Entertainment 2018 Version : Fran\u00e7aise","_links":{"self":[{"href":"https:\/\/meeplendice.net\/index.php?rest_route=\/wp\/v2\/pages\/4008","targetHints":{"allow":["GET"]}}],"collection":[{"href":"https:\/\/meeplendice.net\/index.php?rest_route=\/wp\/v2\/pages"}],"about":[{"href":"https:\/\/meeplendice.net\/index.php?rest_route=\/wp\/v2\/types\/page"}],"author":[{"embeddable":true,"href":"https:\/\/meeplendice.net\/index.php?rest_route=\/wp\/v2\/users\/2"}],"replies":[{"embeddable":true,"href":"https:\/\/meeplendice.net\/index.php?rest_route=%2Fwp%2Fv2%2Fcomments&post=4008"}],"version-history":[{"count":8,"href":"https:\/\/meeplendice.net\/index.php?rest_route=\/wp\/v2\/pages\/4008\/revisions"}],"predecessor-version":[{"id":7587,"href":"https:\/\/meeplendice.net\/index.php?rest_route=\/wp\/v2\/pages\/4008\/revisions\/7587"}],"wp:featuredmedia":[{"embeddable":true,"href":"https:\/\/meeplendice.net\/index.php?rest_route=\/wp\/v2\/media\/4020"}],"wp:attachment":[{"href":"https:\/\/meeplendice.net\/index.php?rest_route=%2Fwp%2Fv2%2Fmedia&parent=4008"}],"curies":[{"name":"wp","href":"https:\/\/api.w.org\/{rel}","templated":true}]}}