{"id":4026,"date":"2018-02-05T15:22:34","date_gmt":"2018-02-05T14:22:34","guid":{"rendered":"http:\/\/meeplendice.net\/?page_id=4026"},"modified":"2020-08-31T15:39:20","modified_gmt":"2020-08-31T14:39:20","slug":"compedium-maleficarum","status":"publish","type":"page","link":"https:\/\/meeplendice.net\/?page_id=4026","title":{"rendered":"Compedium Maleficarum"},"content":{"rendered":"<p style=\"text-align: justify;\">Le Compendium Maleficarum est un recueil, en tirage limit\u00e9, pour le jeu Claustrophobia de CROC. Il regroupe les sc\u00e9narios de la boite de base, de ses deux extensions, ceux publi\u00e9s sur le blog officiel, dans la presse sp\u00e9cialis\u00e9&#8230; soit 56 sc\u00e9narios, pour des heures de jeu dans les entrailles dela Nouvelle-J\u00e9rusalem. Vous y trouverez \u00e9galement la campagne \u00ab D\u00e9livrez-nous du Mal \u00bb (4 sc\u00e9narios), une synth\u00e8se des r\u00e8gles limpide et quasi exhaustive, le r\u00e9capitulatif du mat\u00e9riel et des cartes de chaque boite de jeu, des bonus&#8230; bref tout Claustrophobia servi dans un magnifique ouvrage hard-back de 164 pages.<\/p>\n","protected":false},"excerpt":{"rendered":"<p>Le Compendium Maleficarum est un recueil, en tirage limit\u00e9, pour le jeu Claustrophobia de CROC. Il regroupe les sc\u00e9narios de la boite de base, de ses deux extensions, ceux publi\u00e9s sur le blog officiel, dans la presse sp\u00e9cialis\u00e9&#8230; soit 56 sc\u00e9narios, pour des heures de jeu dans les entrailles dela Nouvelle-J\u00e9rusalem. Vous y trouverez \u00e9galement la campagne \u00ab D\u00e9livrez-nous du Mal \u00bb (4 sc\u00e9narios), une synth\u00e8se des r\u00e8gles limpide et quasi exhaustive, le r\u00e9capitulatif du mat\u00e9riel et des cartes de chaque boite de jeu, des bonus&#8230; bref tout Claustrophobia servi dans un magnifique ouvrage hard-back de 164 pages.<\/p>\n","protected":false},"author":2,"featured_media":4018,"parent":206,"menu_order":3,"comment_status":"closed","ping_status":"closed","template":"","meta":{"footnotes":""},"class_list":["post-4026","page","type-page","status-publish","has-post-thumbnail","hentry"],"acf":[],"rttpg_featured_image_url":{"full":["https:\/\/meeplendice.net\/wp-content\/uploads\/2018\/02\/Claustrophobia_compedium.png",350,350,false],"landscape":["https:\/\/meeplendice.net\/wp-content\/uploads\/2018\/02\/Claustrophobia_compedium.png",350,350,false],"portraits":["https:\/\/meeplendice.net\/wp-content\/uploads\/2018\/02\/Claustrophobia_compedium.png",350,350,false],"thumbnail":["https:\/\/meeplendice.net\/wp-content\/uploads\/2018\/02\/Claustrophobia_compedium-150x150.png",150,150,true],"medium":["https:\/\/meeplendice.net\/wp-content\/uploads\/2018\/02\/Claustrophobia_compedium-300x300.png",300,300,true],"large":["https:\/\/meeplendice.net\/wp-content\/uploads\/2018\/02\/Claustrophobia_compedium.png",350,350,false],"ug_big":["https:\/\/meeplendice.net\/wp-content\/uploads\/2018\/02\/Claustrophobia_compedium.png",350,350,false],"1536x1536":["https:\/\/meeplendice.net\/wp-content\/uploads\/2018\/02\/Claustrophobia_compedium.png",350,350,false],"2048x2048":["https:\/\/meeplendice.net\/wp-content\/uploads\/2018\/02\/Claustrophobia_compedium.png",350,350,false],"ashe-slider-grid-thumbnail":["https:\/\/meeplendice.net\/wp-content\/uploads\/2018\/02\/Claustrophobia_compedium.png",350,350,false],"ashe-full-thumbnail":["https:\/\/meeplendice.net\/wp-content\/uploads\/2018\/02\/Claustrophobia_compedium.png",350,350,false],"ashe-grid-thumbnail":["https:\/\/meeplendice.net\/wp-content\/uploads\/2018\/02\/Claustrophobia_compedium-350x330.png",350,330,true],"ashe-list-thumbnail":["https:\/\/meeplendice.net\/wp-content\/uploads\/2018\/02\/Claustrophobia_compedium-300x300.png",300,300,true],"ashe-single-navigation":["https:\/\/meeplendice.net\/wp-content\/uploads\/2018\/02\/Claustrophobia_compedium-75x75.png",75,75,true],"mailpoet_newsletter_max":["https:\/\/meeplendice.net\/wp-content\/uploads\/2018\/02\/Claustrophobia_compedium.png",350,350,false],"rpwe-thumbnail":["https:\/\/meeplendice.net\/wp-content\/uploads\/2018\/02\/Claustrophobia_compedium-45x45.png",45,45,true],"sow-carousel-default":["https:\/\/meeplendice.net\/wp-content\/uploads\/2018\/02\/Claustrophobia_compedium-272x182.png",272,182,true],"rt_custom":["https:\/\/meeplendice.net\/wp-content\/uploads\/2018\/02\/Claustrophobia_compedium.png",350,350,false]},"rttpg_author":{"display_name":"Karnby","author_link":"https:\/\/meeplendice.net\/?author=2"},"rttpg_comment":0,"rttpg_category":null,"rttpg_excerpt":"Le Compendium Maleficarum est un recueil, en tirage limit\u00e9, pour le jeu Claustrophobia de CROC. Il regroupe les sc\u00e9narios de la boite de base, de ses deux extensions, ceux publi\u00e9s sur le blog officiel, dans la presse sp\u00e9cialis\u00e9&#8230; soit 56 sc\u00e9narios, pour des heures de jeu dans les entrailles dela Nouvelle-J\u00e9rusalem. Vous y trouverez \u00e9galement\u2026","_links":{"self":[{"href":"https:\/\/meeplendice.net\/index.php?rest_route=\/wp\/v2\/pages\/4026","targetHints":{"allow":["GET"]}}],"collection":[{"href":"https:\/\/meeplendice.net\/index.php?rest_route=\/wp\/v2\/pages"}],"about":[{"href":"https:\/\/meeplendice.net\/index.php?rest_route=\/wp\/v2\/types\/page"}],"author":[{"embeddable":true,"href":"https:\/\/meeplendice.net\/index.php?rest_route=\/wp\/v2\/users\/2"}],"replies":[{"embeddable":true,"href":"https:\/\/meeplendice.net\/index.php?rest_route=%2Fwp%2Fv2%2Fcomments&post=4026"}],"version-history":[{"count":2,"href":"https:\/\/meeplendice.net\/index.php?rest_route=\/wp\/v2\/pages\/4026\/revisions"}],"predecessor-version":[{"id":6320,"href":"https:\/\/meeplendice.net\/index.php?rest_route=\/wp\/v2\/pages\/4026\/revisions\/6320"}],"up":[{"embeddable":true,"href":"https:\/\/meeplendice.net\/index.php?rest_route=\/wp\/v2\/pages\/206"}],"wp:featuredmedia":[{"embeddable":true,"href":"https:\/\/meeplendice.net\/index.php?rest_route=\/wp\/v2\/media\/4018"}],"wp:attachment":[{"href":"https:\/\/meeplendice.net\/index.php?rest_route=%2Fwp%2Fv2%2Fmedia&parent=4026"}],"curies":[{"name":"wp","href":"https:\/\/api.w.org\/{rel}","templated":true}]}}