{"id":4058,"date":"2018-02-16T09:33:57","date_gmt":"2018-02-16T08:33:57","guid":{"rendered":"http:\/\/meeplendice.net\/?page_id=4058"},"modified":"2020-11-13T16:57:59","modified_gmt":"2020-11-13T15:57:59","slug":"ninja-taisen","status":"publish","type":"page","link":"https:\/\/meeplendice.net\/?page_id=4058","title":{"rendered":"Ninja Taisen"},"content":{"rendered":"<div id=\"pl-4058\"  class=\"panel-layout\" ><div id=\"pg-4058-0\"  class=\"panel-grid panel-no-style\" ><div id=\"pgc-4058-0-0\"  class=\"panel-grid-cell\" ><div id=\"panel-4058-0-0-0\" class=\"so-panel widget widget_sow-editor panel-first-child panel-last-child\" data-index=\"0\" ><div\n\t\t\t\n\t\t\tclass=\"so-widget-sow-editor so-widget-sow-editor-base\"\n\t\t\t\n\t\t>\n<div class=\"siteorigin-widget-tinymce textwidget\">\n\t<p style=\"text-align: center;\"><strong>Nombre de joueurs :<\/strong><br \/>\n2 - 2<\/p>\n<\/div>\n<\/div><\/div><\/div><div id=\"pgc-4058-0-1\"  class=\"panel-grid-cell\" ><div id=\"panel-4058-0-1-0\" class=\"so-panel widget widget_sow-editor panel-first-child panel-last-child\" data-index=\"1\" ><div\n\t\t\t\n\t\t\tclass=\"so-widget-sow-editor so-widget-sow-editor-base\"\n\t\t\t\n\t\t>\n<div class=\"siteorigin-widget-tinymce textwidget\">\n\t<p style=\"text-align: center;\"><strong>Dur\u00e9e moyenne :<br \/>\n<\/strong> 20 min<\/p>\n<\/div>\n<\/div><\/div><\/div><div id=\"pgc-4058-0-2\"  class=\"panel-grid-cell\" ><div id=\"panel-4058-0-2-0\" class=\"so-panel widget widget_sow-editor panel-first-child panel-last-child\" data-index=\"2\" ><div\n\t\t\t\n\t\t\tclass=\"so-widget-sow-editor so-widget-sow-editor-base\"\n\t\t\t\n\t\t>\n<div class=\"siteorigin-widget-tinymce textwidget\">\n\t<p style=\"text-align: center;\"><strong>Age :<\/strong><br \/>\n8 ans et plus<\/p>\n<\/div>\n<\/div><\/div><\/div><\/div><div id=\"pg-4058-1\"  class=\"panel-grid panel-no-style\" ><div id=\"pgc-4058-1-0\"  class=\"panel-grid-cell\" ><div id=\"panel-4058-1-0-0\" class=\"so-panel widget widget_sow-editor panel-first-child panel-last-child\" data-index=\"3\" ><div\n\t\t\t\n\t\t\tclass=\"so-widget-sow-editor so-widget-sow-editor-base\"\n\t\t\t\n\t\t>\n<div class=\"siteorigin-widget-tinymce textwidget\">\n\t<p style=\"text-align: center;\"><strong>Auteur(s) :<br \/>\n<\/strong>Katasumasa Tomioka<\/p>\n<\/div>\n<\/div><\/div><\/div><div id=\"pgc-4058-1-1\"  class=\"panel-grid-cell\" ><div id=\"panel-4058-1-1-0\" class=\"so-panel widget widget_sow-editor panel-first-child panel-last-child\" data-index=\"4\" ><div\n\t\t\t\n\t\t\tclass=\"so-widget-sow-editor so-widget-sow-editor-base\"\n\t\t\t\n\t\t>\n<div class=\"siteorigin-widget-tinymce textwidget\">\n\t<p style=\"text-align: center;\"><strong>Illustration :<br \/>\n<\/strong>Shigeto Murata<br \/>\nFlorent Maudoux<\/p>\n<\/div>\n<\/div><\/div><\/div><div id=\"pgc-4058-1-2\"  class=\"panel-grid-cell\" ><div id=\"panel-4058-1-2-0\" class=\"so-panel widget widget_sow-editor panel-first-child panel-last-child\" data-index=\"5\" ><div\n\t\t\t\n\t\t\tclass=\"so-widget-sow-editor so-widget-sow-editor-base\"\n\t\t\t\n\t\t>\n<div class=\"siteorigin-widget-tinymce textwidget\">\n\t<p style=\"text-align: center;\"><strong>\u00c9dition :<br \/>\n<\/strong>Table Cross<br \/>\nIello<br \/>\n2017<\/p>\n<\/div>\n<\/div><\/div><\/div><div id=\"pgc-4058-1-3\"  class=\"panel-grid-cell\" ><div id=\"panel-4058-1-3-0\" class=\"so-panel widget widget_sow-editor panel-first-child panel-last-child\" data-index=\"6\" ><div\n\t\t\t\n\t\t\tclass=\"so-widget-sow-editor so-widget-sow-editor-base\"\n\t\t\t\n\t\t>\n<div class=\"siteorigin-widget-tinymce textwidget\">\n\t<p style=\"text-align: center;\"><strong>Version :<\/strong><br \/>\nFran\u00e7aise<\/p>\n<\/div>\n<\/div><\/div><\/div><\/div><div id=\"pg-4058-2\"  class=\"panel-grid panel-no-style\" ><div id=\"pgc-4058-2-0\"  class=\"panel-grid-cell\" ><div id=\"panel-4058-2-0-0\" class=\"so-panel widget widget_sow-editor panel-first-child panel-last-child\" data-index=\"7\" ><div\n\t\t\t\n\t\t\tclass=\"so-widget-sow-editor so-widget-sow-editor-base\"\n\t\t\t\n\t\t>\n<div class=\"siteorigin-widget-tinymce textwidget\">\n\t<hr \/>\n<p>\"Pierre, Feuille... Ciseaux !\"<\/p>\n<p>La s\u00e9r\u00e9nit\u00e9 berce les villages Shinobi depuis une centaine d'ann\u00e9e, mais le trait\u00e9 de paix entre ceux-ci touche \u00e0 sa fin. Guid\u00e9s par leur d\u00e9sir de vengeance, les chefs de village se pr\u00e9parent au combat<\/p>\n<p>Menez votre arm\u00e9e de Ninja jusqu'au village ennemi pour en prendre le contr\u00f4le ou \u00e9liminez tous les Ninjas adverses de votre chemin. Le tout sans oublier de d\u00e9fendre votre propre village.<\/p>\n<\/div>\n<\/div><\/div><\/div><\/div><div id=\"pg-4058-3\"  class=\"panel-grid panel-no-style\" ><div id=\"pgc-4058-3-0\"  class=\"panel-grid-cell\" ><div id=\"panel-4058-3-0-0\" class=\"so-panel widget widget_sow-editor panel-first-child panel-last-child\" data-index=\"8\" ><div\n\t\t\t\n\t\t\tclass=\"so-widget-sow-editor so-widget-sow-editor-base\"\n\t\t\t\n\t\t>\n<div class=\"siteorigin-widget-tinymce textwidget\">\n\t<hr \/>\n<p style=\"text-align: center;\"><strong>En vid\u00e9o<\/strong><\/p>\n<p>De l'explication des r\u00e8gles &amp; de la partie :<\/p>\n<ul>\n<li>Tric Trac<\/li>\n<\/ul>\n<p style=\"text-align: center;\"><a href=\"https:\/\/www.trictrac.net\/actus\/ninja-taisen-de-l-explipartie\" target=\"_blank\" rel=\"noopener noreferrer\"><img loading=\"lazy\" decoding=\"async\" class=\"wp-image-513 size-full alignleft\" src=\"http:\/\/meeplendice.net\/wp-content\/uploads\/2016\/08\/TT_explipartie_1.png\" alt=\"TT_explipartie_1\" width=\"200\" height=\"170\" \/><\/a><\/p>\n<\/div>\n<\/div><\/div><\/div><\/div><div id=\"pg-4058-4\"  class=\"panel-grid panel-no-style\" ><div id=\"pgc-4058-4-0\"  class=\"panel-grid-cell\" ><div id=\"panel-4058-4-0-0\" class=\"so-panel widget widget_sow-editor panel-first-child panel-last-child\" data-index=\"9\" ><div\n\t\t\t\n\t\t\tclass=\"so-widget-sow-editor so-widget-sow-editor-base\"\n\t\t\t\n\t\t>\n<div class=\"siteorigin-widget-tinymce textwidget\">\n\t<hr \/>\n<p style=\"text-align: center;\"><strong>Pour aller plus loin<\/strong><\/p>\n<\/div>\n<\/div><\/div><\/div><\/div><\/div>","protected":false},"excerpt":{"rendered":"<p>Nombre de joueurs : 2 &#8211; 2 Dur\u00e9e moyenne : 20 min Age : 8 ans et plus Auteur(s) : Katasumasa Tomioka Illustration : Shigeto Murata Florent Maudoux \u00c9dition : Table Cross Iello 2017 Version : Fran\u00e7aise<\/p>\n","protected":false},"author":2,"featured_media":4081,"parent":0,"menu_order":0,"comment_status":"closed","ping_status":"closed","template":"","meta":{"footnotes":""},"class_list":["post-4058","page","type-page","status-publish","has-post-thumbnail","hentry"],"acf":[],"rttpg_featured_image_url":{"full":["https:\/\/meeplendice.net\/wp-content\/uploads\/2018\/03\/Ninjataisen.png",350,350,false],"landscape":["https:\/\/meeplendice.net\/wp-content\/uploads\/2018\/03\/Ninjataisen.png",350,350,false],"portraits":["https:\/\/meeplendice.net\/wp-content\/uploads\/2018\/03\/Ninjataisen.png",350,350,false],"thumbnail":["https:\/\/meeplendice.net\/wp-content\/uploads\/2018\/03\/Ninjataisen-150x150.png",150,150,true],"medium":["https:\/\/meeplendice.net\/wp-content\/uploads\/2018\/03\/Ninjataisen-300x300.png",300,300,true],"large":["https:\/\/meeplendice.net\/wp-content\/uploads\/2018\/03\/Ninjataisen.png",350,350,false],"ug_big":["https:\/\/meeplendice.net\/wp-content\/uploads\/2018\/03\/Ninjataisen.png",350,350,false],"1536x1536":["https:\/\/meeplendice.net\/wp-content\/uploads\/2018\/03\/Ninjataisen.png",350,350,false],"2048x2048":["https:\/\/meeplendice.net\/wp-content\/uploads\/2018\/03\/Ninjataisen.png",350,350,false],"ashe-slider-grid-thumbnail":["https:\/\/meeplendice.net\/wp-content\/uploads\/2018\/03\/Ninjataisen.png",350,350,false],"ashe-full-thumbnail":["https:\/\/meeplendice.net\/wp-content\/uploads\/2018\/03\/Ninjataisen.png",350,350,false],"ashe-grid-thumbnail":["https:\/\/meeplendice.net\/wp-content\/uploads\/2018\/03\/Ninjataisen-350x330.png",350,330,true],"ashe-list-thumbnail":["https:\/\/meeplendice.net\/wp-content\/uploads\/2018\/03\/Ninjataisen-300x300.png",300,300,true],"ashe-single-navigation":["https:\/\/meeplendice.net\/wp-content\/uploads\/2018\/03\/Ninjataisen-75x75.png",75,75,true],"mailpoet_newsletter_max":["https:\/\/meeplendice.net\/wp-content\/uploads\/2018\/03\/Ninjataisen.png",350,350,false],"rpwe-thumbnail":["https:\/\/meeplendice.net\/wp-content\/uploads\/2018\/03\/Ninjataisen-45x45.png",45,45,true],"sow-carousel-default":["https:\/\/meeplendice.net\/wp-content\/uploads\/2018\/03\/Ninjataisen-272x182.png",272,182,true],"rt_custom":["https:\/\/meeplendice.net\/wp-content\/uploads\/2018\/03\/Ninjataisen.png",350,350,false]},"rttpg_author":{"display_name":"Karnby","author_link":"https:\/\/meeplendice.net\/?author=2"},"rttpg_comment":0,"rttpg_category":null,"rttpg_excerpt":"Nombre de joueurs : 2 - 2 Dur\u00e9e moyenne : 20 min Age : 8 ans et plus Auteur(s) : Katasumasa Tomioka Illustration : Shigeto Murata Florent Maudoux \u00c9dition : Table Cross Iello 2017 Version : Fran\u00e7aise","_links":{"self":[{"href":"https:\/\/meeplendice.net\/index.php?rest_route=\/wp\/v2\/pages\/4058","targetHints":{"allow":["GET"]}}],"collection":[{"href":"https:\/\/meeplendice.net\/index.php?rest_route=\/wp\/v2\/pages"}],"about":[{"href":"https:\/\/meeplendice.net\/index.php?rest_route=\/wp\/v2\/types\/page"}],"author":[{"embeddable":true,"href":"https:\/\/meeplendice.net\/index.php?rest_route=\/wp\/v2\/users\/2"}],"replies":[{"embeddable":true,"href":"https:\/\/meeplendice.net\/index.php?rest_route=%2Fwp%2Fv2%2Fcomments&post=4058"}],"version-history":[{"count":7,"href":"https:\/\/meeplendice.net\/index.php?rest_route=\/wp\/v2\/pages\/4058\/revisions"}],"predecessor-version":[{"id":7336,"href":"https:\/\/meeplendice.net\/index.php?rest_route=\/wp\/v2\/pages\/4058\/revisions\/7336"}],"wp:featuredmedia":[{"embeddable":true,"href":"https:\/\/meeplendice.net\/index.php?rest_route=\/wp\/v2\/media\/4081"}],"wp:attachment":[{"href":"https:\/\/meeplendice.net\/index.php?rest_route=%2Fwp%2Fv2%2Fmedia&parent=4058"}],"curies":[{"name":"wp","href":"https:\/\/api.w.org\/{rel}","templated":true}]}}