{"id":4062,"date":"2018-02-16T10:07:57","date_gmt":"2018-02-16T09:07:57","guid":{"rendered":"http:\/\/meeplendice.net\/?page_id=4062"},"modified":"2020-11-13T17:29:10","modified_gmt":"2020-11-13T16:29:10","slug":"welcome","status":"publish","type":"page","link":"https:\/\/meeplendice.net\/?page_id=4062","title":{"rendered":"Welcome"},"content":{"rendered":"<div id=\"pl-4062\"  class=\"panel-layout\" ><div id=\"pg-4062-0\"  class=\"panel-grid panel-no-style\" ><div id=\"pgc-4062-0-0\"  class=\"panel-grid-cell\" ><div id=\"panel-4062-0-0-0\" class=\"so-panel widget widget_sow-editor panel-first-child panel-last-child\" data-index=\"0\" ><div\n\t\t\t\n\t\t\tclass=\"so-widget-sow-editor so-widget-sow-editor-base\"\n\t\t\t\n\t\t>\n<div class=\"siteorigin-widget-tinymce textwidget\">\n\t<p style=\"text-align: center;\"><strong>Nombre de joueurs :<\/strong><br \/>\n1 - 100<\/p>\n<\/div>\n<\/div><\/div><\/div><div id=\"pgc-4062-0-1\"  class=\"panel-grid-cell\" ><div id=\"panel-4062-0-1-0\" class=\"so-panel widget widget_sow-editor panel-first-child panel-last-child\" data-index=\"1\" ><div\n\t\t\t\n\t\t\tclass=\"so-widget-sow-editor so-widget-sow-editor-base\"\n\t\t\t\n\t\t>\n<div class=\"siteorigin-widget-tinymce textwidget\">\n\t<p style=\"text-align: center;\"><strong>Dur\u00e9e moyenne :<\/strong><br \/>\n25 min<\/p>\n<\/div>\n<\/div><\/div><\/div><div id=\"pgc-4062-0-2\"  class=\"panel-grid-cell\" ><div id=\"panel-4062-0-2-0\" class=\"so-panel widget widget_sow-editor panel-first-child panel-last-child\" data-index=\"2\" ><div\n\t\t\t\n\t\t\tclass=\"so-widget-sow-editor so-widget-sow-editor-base\"\n\t\t\t\n\t\t>\n<div class=\"siteorigin-widget-tinymce textwidget\">\n\t<p style=\"text-align: center;\"><strong>Age :<\/strong><br \/>\n10 ans et plus<\/p>\n<\/div>\n<\/div><\/div><\/div><\/div><div id=\"pg-4062-1\"  class=\"panel-grid panel-no-style\" ><div id=\"pgc-4062-1-0\"  class=\"panel-grid-cell\" ><div id=\"panel-4062-1-0-0\" class=\"so-panel widget widget_sow-editor panel-first-child panel-last-child\" data-index=\"3\" ><div\n\t\t\t\n\t\t\tclass=\"so-widget-sow-editor so-widget-sow-editor-base\"\n\t\t\t\n\t\t>\n<div class=\"siteorigin-widget-tinymce textwidget\">\n\t<p style=\"text-align: center;\"><strong>Auteur(s) :<br \/>\n<\/strong>Benoit Turpin<\/p>\n<\/div>\n<\/div><\/div><\/div><div id=\"pgc-4062-1-1\"  class=\"panel-grid-cell\" ><div id=\"panel-4062-1-1-0\" class=\"so-panel widget widget_sow-editor panel-first-child panel-last-child\" data-index=\"4\" ><div\n\t\t\t\n\t\t\tclass=\"so-widget-sow-editor so-widget-sow-editor-base\"\n\t\t\t\n\t\t>\n<div class=\"siteorigin-widget-tinymce textwidget\">\n\t<p style=\"text-align: center;\"><strong>Illustrations :<\/strong><br \/>\nAnne Heidsieck<\/p>\n<\/div>\n<\/div><\/div><\/div><div id=\"pgc-4062-1-2\"  class=\"panel-grid-cell\" ><div id=\"panel-4062-1-2-0\" class=\"so-panel widget widget_sow-editor panel-first-child panel-last-child\" data-index=\"5\" ><div\n\t\t\t\n\t\t\tclass=\"so-widget-sow-editor so-widget-sow-editor-base\"\n\t\t\t\n\t\t>\n<div class=\"siteorigin-widget-tinymce textwidget\">\n\t<p style=\"text-align: center;\"><strong>\u00c9dition :<\/strong><br \/>\nBlue Cocker<br \/>\n2018<\/p>\n<\/div>\n<\/div><\/div><\/div><div id=\"pgc-4062-1-3\"  class=\"panel-grid-cell\" ><div id=\"panel-4062-1-3-0\" class=\"so-panel widget widget_sow-editor panel-first-child panel-last-child\" data-index=\"6\" ><div\n\t\t\t\n\t\t\tclass=\"so-widget-sow-editor so-widget-sow-editor-base\"\n\t\t\t\n\t\t>\n<div class=\"siteorigin-widget-tinymce textwidget\">\n\t<p style=\"text-align: center;\"><strong>Version :<\/strong><br \/>\nFran\u00e7aise<\/p>\n<\/div>\n<\/div><\/div><\/div><\/div><div id=\"pg-4062-2\"  class=\"panel-grid panel-no-style\" ><div id=\"pgc-4062-2-0\"  class=\"panel-grid-cell\" ><div id=\"panel-4062-2-0-0\" class=\"so-panel widget widget_sow-editor panel-first-child panel-last-child\" data-index=\"7\" ><div\n\t\t\t\n\t\t\tclass=\"so-widget-sow-editor so-widget-sow-editor-base\"\n\t\t\t\n\t\t>\n<div class=\"siteorigin-widget-tinymce textwidget\">\n\t<hr \/>\n<p>Dans Welcome, vous incarnez des architectes dans les ann\u00e9es 1950 aux Etats-Unis, en plein boom d\u00e9mographique.<\/p>\n<p>Mais la concurrence est rude !<br \/>\nQui respectera au mieux les Plans projet\u00e9s par la ville en cr\u00e9ant dans les trois rues qui lui sont confi\u00e9es le plus beaux lotissements, avec de luxueux parcs et des piscines de r\u00eave ?<\/p>\n<p>Dans Welcome, tout le monde joue en m\u00eame temps avec le m\u00eame tirage de cartes. Il s'agit alors pour chaque architecte de combiner astucieusement les num\u00e9ros de maison apparus et les actions qui s'y trouvent associ\u00e9es afin de devenir le ou la plus grande architecte de demain !<\/p>\n<\/div>\n<\/div><\/div><\/div><\/div><div id=\"pg-4062-3\"  class=\"panel-grid panel-no-style\" ><div id=\"pgc-4062-3-0\"  class=\"panel-grid-cell\" ><div id=\"panel-4062-3-0-0\" class=\"so-panel widget widget_sow-editor panel-first-child panel-last-child\" data-index=\"8\" ><div\n\t\t\t\n\t\t\tclass=\"so-widget-sow-editor so-widget-sow-editor-base\"\n\t\t\t\n\t\t>\n<div class=\"siteorigin-widget-tinymce textwidget\">\n\t<hr \/>\n<p style=\"text-align: center;\"><strong>En vid\u00e9o<\/strong><\/p>\n<p>De l'explication des r\u00e8gles :<\/p>\n<ul>\n<li>Tric Trac<\/li>\n<\/ul>\n<p><a href=\"https:\/\/www.trictrac.net\/actus\/welcome-de-lexplication\" target=\"_blank\" rel=\"noopener noreferrer\"><img loading=\"lazy\" decoding=\"async\" class=\"alignnone size-full wp-image-107\" src=\"http:\/\/meeplendice.net\/wp-content\/uploads\/2016\/08\/TT_explication.png\" alt=\"TT_explication\" width=\"200\" height=\"170\" \/><\/a><\/p>\n<p>De la partie :<\/p>\n<ul>\n<li>Tric Trac<\/li>\n<\/ul>\n<p><a href=\"https:\/\/www.trictrac.net\/actus\/welcome-de-la-partie\" target=\"_blank\" rel=\"noopener noreferrer\"><img loading=\"lazy\" decoding=\"async\" class=\"alignnone size-full wp-image-117\" src=\"http:\/\/meeplendice.net\/wp-content\/uploads\/2016\/08\/TT_partie_1.png\" alt=\"TT_partie_1\" width=\"200\" height=\"170\" \/><\/a><\/p>\n<\/div>\n<\/div><\/div><\/div><div id=\"pgc-4062-3-1\"  class=\"panel-grid-cell\" ><div id=\"panel-4062-3-1-0\" class=\"so-panel widget widget_sow-editor panel-first-child panel-last-child\" data-index=\"9\" ><div\n\t\t\t\n\t\t\tclass=\"so-widget-sow-editor so-widget-sow-editor-base\"\n\t\t\t\n\t\t>\n<div class=\"siteorigin-widget-tinymce textwidget\">\n\t<hr \/>\n<p style=\"text-align: center;\"><strong>Extension(s)<\/strong><\/p>\n<p style=\"text-align: center;\"><style type='text\/css' media='all'>#rt-tpg-container-232028523 .read-more a{border-radius:px;}#rt-tpg-container-232028523 .rt-img-holder img.rt-img-responsive,#rt-tpg-container-232028523 .rt-img-holder,\n\t\t\t\t\t#rt-tpg-container-232028523 .rt-post-overlay .post-img,\n\t\t\t\t\t#rt-tpg-container-232028523 .post-sm .post-img,\n\t\t\t\t\t#rt-tpg-container-232028523 .rt-post-grid .post-img,\n\t\t\t\t\t#rt-tpg-container-232028523 .post-img img {border-radius:px;}#rt-tpg-container-232028523 .layout9 .rt-holder h2.entry-title,\n\t\t\t\t\t#rt-tpg-container-232028523 .layout9 .rt-holder h3.entry-title,\n\t\t\t\t\t#rt-tpg-container-232028523 .layout9 .rt-holder h4.entry-title,\n\t\t\t\t\t#rt-tpg-container-232028523 .layout9 .rt-holder h2.entry-title a,\n\t\t\t\t\t#rt-tpg-container-232028523 .layout9 .rt-holder h3.entry-title a,\n\t\t\t\t\t#rt-tpg-container-232028523 .layout9 .rt-holder h4.entry-title a,\n\t\t\t\t\t#rt-tpg-container-232028523 .rt-holder .rt-woo-info h2 a,\n\t\t\t\t\t#rt-tpg-container-232028523 .rt-holder .rt-woo-info h3 a,\n\t\t\t\t\t#rt-tpg-container-232028523 .rt-holder .rt-woo-info h4 a,\n\t\t\t\t\t#rt-tpg-container-232028523 .post-content .post-title,\n\t\t\t\t\t#rt-tpg-container-232028523 .rt-post-grid .post-title,\n\t\t\t\t\t#rt-tpg-container-232028523 .rt-post-grid .post-title a,\n\t\t\t\t\t#rt-tpg-container-232028523 .post-content .post-title a,\n\t\t\t\t\t#rt-tpg-container-232028523 .rt-holder .rt-woo-info h2,\n\t\t\t\t\t#rt-tpg-container-232028523 .rt-holder .rt-woo-info h3,\n\t\t\t\t\t#rt-tpg-container-232028523 .rt-holder .rt-woo-info h4{font-size:16px;line-height:26px;font-weight:normal;text-align:center;}#rt-tpg-container-232028523 .post-grid-lg-style-1 .post-title,\n\t\t\t\t\t\t#rt-tpg-container-232028523 .post-grid-lg-style-1 .post-title a,\n\t\t\t\t\t\t#rt-tpg-container-232028523 .big-layout .post-title,\n\t\t\t\t\t\t#rt-tpg-container-232028523 .big-layout .post-title a,\n\t\t\t\t\t\t#rt-tpg-container-232028523 .post-grid-lg-style-1 .post-title,\n\t\t\t\t\t\t#rt-tpg-container-232028523 .post-grid-lg-style-1 .post-title a {font-size:24px;line-height:34px;}<\/style><div class='rt-container-fluid rt-tpg-container tpg-shortcode-main-wrapper ' id='rt-tpg-container-232028523'   data-layout='layout9' data-grid-style='even' data-desktop-col='3'  data-tab-col='2'  data-mobile-col='1' data-sc-id='5301'><div data-title='Loading ...' class='rt-row rt-content-loader   layout9 tpg-even '><div class=\"rt-col-md-4 rt-col-sm-6 rt-col-xs-12 even-grid-item rt-grid-item img_zoom_in\" data-id=\"5305\"><div class=\"rt-holder\"><div class='overlay'><a data-id='5305' class=' tpg-single-popup' href='https:\/\/meeplendice.net\/?page_id=5305'><img loading=\"lazy\" decoding=\"async\" width=\"350\" height=\"350\" src=\"https:\/\/meeplendice.net\/wp-content\/uploads\/2019\/11\/Welcome_OeufGuerre.png\" class=\"rt-img-responsive \" alt=\"\" \/><\/a><\/div><div class='post-info'><h2 class=\"entry-title\"><a data-id=\"5305\" class=\" tpg-single-popup\" href=\"https:\/\/meeplendice.net\/?page_id=5305\">Chasse aux Oeufs &#038; Guerre Atomique<\/a><\/h2><div class='post-meta-user '><\/div><\/div><\/div><\/div><div class=\"rt-col-md-4 rt-col-sm-6 rt-col-xs-12 even-grid-item rt-grid-item img_zoom_in\" data-id=\"5303\"><div class=\"rt-holder\"><div class='overlay'><a data-id='5303' class=' tpg-single-popup' href='https:\/\/meeplendice.net\/?page_id=5303'><img loading=\"lazy\" decoding=\"async\" width=\"350\" height=\"350\" src=\"https:\/\/meeplendice.net\/wp-content\/uploads\/2019\/11\/Welcome_ZombiesGlace.png\" class=\"rt-img-responsive \" alt=\"\" \/><\/a><\/div><div class='post-info'><h2 class=\"entry-title\"><a data-id=\"5303\" class=\" tpg-single-popup\" href=\"https:\/\/meeplendice.net\/?page_id=5303\">Camion de Glaces &#038; Zombies<\/a><\/h2><div class='post-meta-user '><\/div><\/div><\/div><\/div><div class=\"rt-col-md-4 rt-col-sm-6 rt-col-xs-12 even-grid-item rt-grid-item img_zoom_in\" data-id=\"5415\"><div class=\"rt-holder\"><div class='overlay'><a data-id='5415' class=' tpg-single-popup' href='https:\/\/meeplendice.net\/?page_id=5415'><img loading=\"lazy\" decoding=\"async\" width=\"350\" height=\"350\" src=\"https:\/\/meeplendice.net\/wp-content\/uploads\/2019\/11\/Welcome_HalloweenNoel.png\" class=\"rt-img-responsive \" alt=\"\" \/><\/a><\/div><div class='post-info'><h2 class=\"entry-title\"><a data-id=\"5415\" class=\" tpg-single-popup\" href=\"https:\/\/meeplendice.net\/?page_id=5415\">Halloween &#038; Lumi\u00e8res de No\u00ebl<\/a><\/h2><div class='post-meta-user '><\/div><\/div><\/div><\/div><\/div><div class='rt-pagination-wrap' data-total-pages='1' data-posts-per-page='3' data-type='pagination_ajax'  ><div class='rt-page-numbers'><\/div><\/div><\/div><\/p>\n<\/div>\n<\/div><\/div><\/div><\/div><div id=\"pg-4062-4\"  class=\"panel-grid panel-no-style\" ><div id=\"pgc-4062-4-0\"  class=\"panel-grid-cell\" ><div id=\"panel-4062-4-0-0\" class=\"so-panel widget widget_sow-editor panel-first-child panel-last-child\" data-index=\"10\" ><div\n\t\t\t\n\t\t\tclass=\"so-widget-sow-editor so-widget-sow-editor-base\"\n\t\t\t\n\t\t>\n<div class=\"siteorigin-widget-tinymce textwidget\">\n\t<hr \/>\n<p style=\"text-align: center;\"><strong>Pour aller plus loin<\/strong><\/p>\n<\/div>\n<\/div><\/div><\/div><\/div><\/div>","protected":false},"excerpt":{"rendered":"<p>Nombre de joueurs : 1 &#8211; 100 Dur\u00e9e moyenne : 25 min Age : 10 ans et plus Auteur(s) : Benoit Turpin Illustrations : Anne Heidsieck \u00c9dition : Blue Cocker 2018 Version : Fran\u00e7aise<\/p>\n","protected":false},"author":2,"featured_media":4083,"parent":0,"menu_order":0,"comment_status":"closed","ping_status":"closed","template":"","meta":{"footnotes":""},"class_list":["post-4062","page","type-page","status-publish","has-post-thumbnail","hentry"],"acf":[],"rttpg_featured_image_url":{"full":["https:\/\/meeplendice.net\/wp-content\/uploads\/2018\/03\/Welcome.png",350,350,false],"landscape":["https:\/\/meeplendice.net\/wp-content\/uploads\/2018\/03\/Welcome.png",350,350,false],"portraits":["https:\/\/meeplendice.net\/wp-content\/uploads\/2018\/03\/Welcome.png",350,350,false],"thumbnail":["https:\/\/meeplendice.net\/wp-content\/uploads\/2018\/03\/Welcome-150x150.png",150,150,true],"medium":["https:\/\/meeplendice.net\/wp-content\/uploads\/2018\/03\/Welcome-300x300.png",300,300,true],"large":["https:\/\/meeplendice.net\/wp-content\/uploads\/2018\/03\/Welcome.png",350,350,false],"ug_big":["https:\/\/meeplendice.net\/wp-content\/uploads\/2018\/03\/Welcome.png",350,350,false],"1536x1536":["https:\/\/meeplendice.net\/wp-content\/uploads\/2018\/03\/Welcome.png",350,350,false],"2048x2048":["https:\/\/meeplendice.net\/wp-content\/uploads\/2018\/03\/Welcome.png",350,350,false],"ashe-slider-grid-thumbnail":["https:\/\/meeplendice.net\/wp-content\/uploads\/2018\/03\/Welcome.png",350,350,false],"ashe-full-thumbnail":["https:\/\/meeplendice.net\/wp-content\/uploads\/2018\/03\/Welcome.png",350,350,false],"ashe-grid-thumbnail":["https:\/\/meeplendice.net\/wp-content\/uploads\/2018\/03\/Welcome-350x330.png",350,330,true],"ashe-list-thumbnail":["https:\/\/meeplendice.net\/wp-content\/uploads\/2018\/03\/Welcome-300x300.png",300,300,true],"ashe-single-navigation":["https:\/\/meeplendice.net\/wp-content\/uploads\/2018\/03\/Welcome-75x75.png",75,75,true],"mailpoet_newsletter_max":["https:\/\/meeplendice.net\/wp-content\/uploads\/2018\/03\/Welcome.png",350,350,false],"rpwe-thumbnail":["https:\/\/meeplendice.net\/wp-content\/uploads\/2018\/03\/Welcome-45x45.png",45,45,true],"sow-carousel-default":["https:\/\/meeplendice.net\/wp-content\/uploads\/2018\/03\/Welcome-272x182.png",272,182,true],"rt_custom":["https:\/\/meeplendice.net\/wp-content\/uploads\/2018\/03\/Welcome.png",350,350,false]},"rttpg_author":{"display_name":"Karnby","author_link":"https:\/\/meeplendice.net\/?author=2"},"rttpg_comment":0,"rttpg_category":null,"rttpg_excerpt":"Nombre de joueurs : 1 - 100 Dur\u00e9e moyenne : 25 min Age : 10 ans et plus Auteur(s) : Benoit Turpin Illustrations : Anne Heidsieck \u00c9dition : Blue Cocker 2018 Version : Fran\u00e7aise","_links":{"self":[{"href":"https:\/\/meeplendice.net\/index.php?rest_route=\/wp\/v2\/pages\/4062","targetHints":{"allow":["GET"]}}],"collection":[{"href":"https:\/\/meeplendice.net\/index.php?rest_route=\/wp\/v2\/pages"}],"about":[{"href":"https:\/\/meeplendice.net\/index.php?rest_route=\/wp\/v2\/types\/page"}],"author":[{"embeddable":true,"href":"https:\/\/meeplendice.net\/index.php?rest_route=\/wp\/v2\/users\/2"}],"replies":[{"embeddable":true,"href":"https:\/\/meeplendice.net\/index.php?rest_route=%2Fwp%2Fv2%2Fcomments&post=4062"}],"version-history":[{"count":8,"href":"https:\/\/meeplendice.net\/index.php?rest_route=\/wp\/v2\/pages\/4062\/revisions"}],"predecessor-version":[{"id":7396,"href":"https:\/\/meeplendice.net\/index.php?rest_route=\/wp\/v2\/pages\/4062\/revisions\/7396"}],"wp:featuredmedia":[{"embeddable":true,"href":"https:\/\/meeplendice.net\/index.php?rest_route=\/wp\/v2\/media\/4083"}],"wp:attachment":[{"href":"https:\/\/meeplendice.net\/index.php?rest_route=%2Fwp%2Fv2%2Fmedia&parent=4062"}],"curies":[{"name":"wp","href":"https:\/\/api.w.org\/{rel}","templated":true}]}}