{"id":4064,"date":"2018-02-16T10:23:37","date_gmt":"2018-02-16T09:23:37","guid":{"rendered":"http:\/\/meeplendice.net\/?page_id=4064"},"modified":"2020-11-13T16:31:49","modified_gmt":"2020-11-13T15:31:49","slug":"eko","status":"publish","type":"page","link":"https:\/\/meeplendice.net\/?page_id=4064","title":{"rendered":"Ek\u00f6"},"content":{"rendered":"<div id=\"pl-4064\"  class=\"panel-layout\" ><div id=\"pg-4064-0\"  class=\"panel-grid panel-no-style\" ><div id=\"pgc-4064-0-0\"  class=\"panel-grid-cell\" ><div id=\"panel-4064-0-0-0\" class=\"so-panel widget widget_sow-editor panel-first-child panel-last-child\" data-index=\"0\" ><div\n\t\t\t\n\t\t\tclass=\"so-widget-sow-editor so-widget-sow-editor-base\"\n\t\t\t\n\t\t>\n<div class=\"siteorigin-widget-tinymce textwidget\">\n\t<p style=\"text-align: center;\"><strong>Nombre de joueurs :<\/strong><br \/>\n2 - 4<\/p>\n<\/div>\n<\/div><\/div><\/div><div id=\"pgc-4064-0-1\"  class=\"panel-grid-cell\" ><div id=\"panel-4064-0-1-0\" class=\"so-panel widget widget_sow-editor panel-first-child panel-last-child\" data-index=\"1\" ><div\n\t\t\t\n\t\t\tclass=\"so-widget-sow-editor so-widget-sow-editor-base\"\n\t\t\t\n\t\t>\n<div class=\"siteorigin-widget-tinymce textwidget\">\n\t<p style=\"text-align: center;\"><strong>Dur\u00e9e moyenne :<\/strong><br \/>\n45 min<\/p>\n<\/div>\n<\/div><\/div><\/div><div id=\"pgc-4064-0-2\"  class=\"panel-grid-cell\" ><div id=\"panel-4064-0-2-0\" class=\"so-panel widget widget_sow-editor panel-first-child panel-last-child\" data-index=\"2\" ><div\n\t\t\t\n\t\t\tclass=\"so-widget-sow-editor so-widget-sow-editor-base\"\n\t\t\t\n\t\t>\n<div class=\"siteorigin-widget-tinymce textwidget\">\n\t<p style=\"text-align: center;\"><strong>Age :<\/strong><br \/>\n10 ans et plus<\/p>\n<\/div>\n<\/div><\/div><\/div><\/div><div id=\"pg-4064-1\"  class=\"panel-grid panel-no-style\" ><div id=\"pgc-4064-1-0\"  class=\"panel-grid-cell\" ><div id=\"panel-4064-1-0-0\" class=\"so-panel widget widget_sow-editor panel-first-child panel-last-child\" data-index=\"3\" ><div\n\t\t\t\n\t\t\tclass=\"so-widget-sow-editor so-widget-sow-editor-base\"\n\t\t\t\n\t\t>\n<div class=\"siteorigin-widget-tinymce textwidget\">\n\t<p style=\"text-align: center;\"><strong>Auteur(s) :<br \/>\n<\/strong>Henri Kermarrec<\/p>\n<\/div>\n<\/div><\/div><\/div><div id=\"pgc-4064-1-1\"  class=\"panel-grid-cell\" ><div id=\"panel-4064-1-1-0\" class=\"so-panel widget widget_sow-editor panel-first-child panel-last-child\" data-index=\"4\" ><div\n\t\t\t\n\t\t\tclass=\"so-widget-sow-editor so-widget-sow-editor-base\"\n\t\t\t\n\t\t>\n<div class=\"siteorigin-widget-tinymce textwidget\">\n\t<p style=\"text-align: center;\"><strong>Illustrations :<br \/>\n<\/strong> Luky<\/p>\n<\/div>\n<\/div><\/div><\/div><div id=\"pgc-4064-1-2\"  class=\"panel-grid-cell\" ><div id=\"panel-4064-1-2-0\" class=\"so-panel widget widget_sow-editor panel-first-child panel-last-child\" data-index=\"5\" ><div\n\t\t\t\n\t\t\tclass=\"so-widget-sow-editor so-widget-sow-editor-base\"\n\t\t\t\n\t\t>\n<div class=\"siteorigin-widget-tinymce textwidget\">\n\t<p style=\"text-align: center;\"><strong>\u00c9dition :<\/strong><br \/>\nSit Down !<br \/>\n2015<\/p>\n<\/div>\n<\/div><\/div><\/div><div id=\"pgc-4064-1-3\"  class=\"panel-grid-cell\" ><div id=\"panel-4064-1-3-0\" class=\"so-panel widget widget_sow-editor panel-first-child panel-last-child\" data-index=\"6\" ><div\n\t\t\t\n\t\t\tclass=\"so-widget-sow-editor so-widget-sow-editor-base\"\n\t\t\t\n\t\t>\n<div class=\"siteorigin-widget-tinymce textwidget\">\n\t<p style=\"text-align: center;\"><strong>Version :<\/strong><br \/>\nFran\u00e7aise<\/p>\n<\/div>\n<\/div><\/div><\/div><\/div><div id=\"pg-4064-2\"  class=\"panel-grid panel-no-style\" ><div id=\"pgc-4064-2-0\"  class=\"panel-grid-cell\" ><div id=\"panel-4064-2-0-0\" class=\"so-panel widget widget_sow-editor panel-first-child panel-last-child\" data-index=\"7\" ><div\n\t\t\t\n\t\t\tclass=\"so-widget-sow-editor so-widget-sow-editor-base\"\n\t\t\t\n\t\t>\n<div class=\"siteorigin-widget-tinymce textwidget\">\n\t<hr \/>\n<p>Dans le d\u00e9sert d'Ek\u00f6, les roches, le sable et le vent prennent vie pour donner corps \u00e0 des arm\u00e9es \u00e9ph\u00e9m\u00e8res. \u00c9difiez votre empire et \u00e9tendez votre emprise pour clamer votre victoire... dans cet univers o\u00f9 personne ne vous entendra jamais...<\/p>\n<\/div>\n<\/div><\/div><\/div><\/div><div id=\"pg-4064-3\"  class=\"panel-grid panel-no-style\" ><div id=\"pgc-4064-3-0\"  class=\"panel-grid-cell\" ><div id=\"panel-4064-3-0-0\" class=\"so-panel widget widget_sow-editor panel-first-child panel-last-child\" data-index=\"8\" ><div\n\t\t\t\n\t\t\tclass=\"so-widget-sow-editor so-widget-sow-editor-base\"\n\t\t\t\n\t\t>\n<div class=\"siteorigin-widget-tinymce textwidget\">\n\t<hr \/>\n<p style=\"text-align: center;\"><strong>En vid\u00e9o<\/strong><\/p>\n<p>De l'explication des r\u00e8gles :<\/p>\n<ul>\n<li>Tric Trac<\/li>\n<\/ul>\n<p><a href=\"https:\/\/www.trictrac.net\/actus\/eko-de-le-comment-ca-marche\" target=\"_blank\" rel=\"noopener noreferrer\"><img loading=\"lazy\" decoding=\"async\" class=\"alignnone size-full wp-image-107\" src=\"http:\/\/meeplendice.net\/wp-content\/uploads\/2016\/08\/TT_explication.png\" alt=\"TT_explication\" width=\"200\" height=\"170\" \/><\/a><\/p>\n<p>De la partie :<\/p>\n<ul>\n<li>Tric Trac<\/li>\n<\/ul>\n<p><a href=\"https:\/\/www.trictrac.net\/actus\/eko-de-la-partie\" target=\"_blank\" rel=\"noopener noreferrer\"><img loading=\"lazy\" decoding=\"async\" class=\"alignnone size-full wp-image-117\" src=\"http:\/\/meeplendice.net\/wp-content\/uploads\/2016\/08\/TT_partie_1.png\" alt=\"TT_partie_1\" width=\"200\" height=\"170\" \/><\/a><\/p>\n<\/div>\n<\/div><\/div><\/div><\/div><div id=\"pg-4064-4\"  class=\"panel-grid panel-no-style\" ><div id=\"pgc-4064-4-0\"  class=\"panel-grid-cell\" ><div id=\"panel-4064-4-0-0\" class=\"so-panel widget widget_sow-editor panel-first-child panel-last-child\" data-index=\"9\" ><div\n\t\t\t\n\t\t\tclass=\"so-widget-sow-editor so-widget-sow-editor-base\"\n\t\t\t\n\t\t>\n<div class=\"siteorigin-widget-tinymce textwidget\">\n\t<hr \/>\n<p style=\"text-align: center;\"><strong>Pour aller plus loin<\/strong><\/p>\n<\/div>\n<\/div><\/div><\/div><\/div><\/div>","protected":false},"excerpt":{"rendered":"<p>Nombre de joueurs : 2 &#8211; 4 Dur\u00e9e moyenne : 45 min Age : 10 ans et plus Auteur(s) : Henri Kermarrec Illustrations : Luky \u00c9dition : Sit Down ! 2015 Version : Fran\u00e7aise<\/p>\n","protected":false},"author":2,"featured_media":4084,"parent":0,"menu_order":0,"comment_status":"closed","ping_status":"closed","template":"","meta":{"footnotes":""},"class_list":["post-4064","page","type-page","status-publish","has-post-thumbnail","hentry"],"acf":[],"rttpg_featured_image_url":{"full":["https:\/\/meeplendice.net\/wp-content\/uploads\/2018\/03\/Eko.png",350,350,false],"landscape":["https:\/\/meeplendice.net\/wp-content\/uploads\/2018\/03\/Eko.png",350,350,false],"portraits":["https:\/\/meeplendice.net\/wp-content\/uploads\/2018\/03\/Eko.png",350,350,false],"thumbnail":["https:\/\/meeplendice.net\/wp-content\/uploads\/2018\/03\/Eko-150x150.png",150,150,true],"medium":["https:\/\/meeplendice.net\/wp-content\/uploads\/2018\/03\/Eko-300x300.png",300,300,true],"large":["https:\/\/meeplendice.net\/wp-content\/uploads\/2018\/03\/Eko.png",350,350,false],"ug_big":["https:\/\/meeplendice.net\/wp-content\/uploads\/2018\/03\/Eko.png",350,350,false],"1536x1536":["https:\/\/meeplendice.net\/wp-content\/uploads\/2018\/03\/Eko.png",350,350,false],"2048x2048":["https:\/\/meeplendice.net\/wp-content\/uploads\/2018\/03\/Eko.png",350,350,false],"ashe-slider-grid-thumbnail":["https:\/\/meeplendice.net\/wp-content\/uploads\/2018\/03\/Eko.png",350,350,false],"ashe-full-thumbnail":["https:\/\/meeplendice.net\/wp-content\/uploads\/2018\/03\/Eko.png",350,350,false],"ashe-grid-thumbnail":["https:\/\/meeplendice.net\/wp-content\/uploads\/2018\/03\/Eko-350x330.png",350,330,true],"ashe-list-thumbnail":["https:\/\/meeplendice.net\/wp-content\/uploads\/2018\/03\/Eko-300x300.png",300,300,true],"ashe-single-navigation":["https:\/\/meeplendice.net\/wp-content\/uploads\/2018\/03\/Eko-75x75.png",75,75,true],"mailpoet_newsletter_max":["https:\/\/meeplendice.net\/wp-content\/uploads\/2018\/03\/Eko.png",350,350,false],"rpwe-thumbnail":["https:\/\/meeplendice.net\/wp-content\/uploads\/2018\/03\/Eko-45x45.png",45,45,true],"sow-carousel-default":["https:\/\/meeplendice.net\/wp-content\/uploads\/2018\/03\/Eko-272x182.png",272,182,true],"rt_custom":["https:\/\/meeplendice.net\/wp-content\/uploads\/2018\/03\/Eko.png",350,350,false]},"rttpg_author":{"display_name":"Karnby","author_link":"https:\/\/meeplendice.net\/?author=2"},"rttpg_comment":0,"rttpg_category":null,"rttpg_excerpt":"Nombre de joueurs : 2 - 4 Dur\u00e9e moyenne : 45 min Age : 10 ans et plus Auteur(s) : Henri Kermarrec Illustrations : Luky \u00c9dition : Sit Down ! 2015 Version : Fran\u00e7aise","_links":{"self":[{"href":"https:\/\/meeplendice.net\/index.php?rest_route=\/wp\/v2\/pages\/4064","targetHints":{"allow":["GET"]}}],"collection":[{"href":"https:\/\/meeplendice.net\/index.php?rest_route=\/wp\/v2\/pages"}],"about":[{"href":"https:\/\/meeplendice.net\/index.php?rest_route=\/wp\/v2\/types\/page"}],"author":[{"embeddable":true,"href":"https:\/\/meeplendice.net\/index.php?rest_route=\/wp\/v2\/users\/2"}],"replies":[{"embeddable":true,"href":"https:\/\/meeplendice.net\/index.php?rest_route=%2Fwp%2Fv2%2Fcomments&post=4064"}],"version-history":[{"count":6,"href":"https:\/\/meeplendice.net\/index.php?rest_route=\/wp\/v2\/pages\/4064\/revisions"}],"predecessor-version":[{"id":7243,"href":"https:\/\/meeplendice.net\/index.php?rest_route=\/wp\/v2\/pages\/4064\/revisions\/7243"}],"wp:featuredmedia":[{"embeddable":true,"href":"https:\/\/meeplendice.net\/index.php?rest_route=\/wp\/v2\/media\/4084"}],"wp:attachment":[{"href":"https:\/\/meeplendice.net\/index.php?rest_route=%2Fwp%2Fv2%2Fmedia&parent=4064"}],"curies":[{"name":"wp","href":"https:\/\/api.w.org\/{rel}","templated":true}]}}