{"id":4071,"date":"2018-02-20T20:57:23","date_gmt":"2018-02-20T19:57:23","guid":{"rendered":"http:\/\/meeplendice.net\/?page_id=4071"},"modified":"2024-07-02T11:22:45","modified_gmt":"2024-07-02T10:22:45","slug":"traders-of-osaka","status":"publish","type":"page","link":"https:\/\/meeplendice.net\/?page_id=4071","title":{"rendered":"Traders of Osaka"},"content":{"rendered":"<div id=\"pl-4071\"  class=\"panel-layout\" ><div id=\"pg-4071-0\"  class=\"panel-grid panel-no-style\" ><div id=\"pgc-4071-0-0\"  class=\"panel-grid-cell\" ><div id=\"panel-4071-0-0-0\" class=\"so-panel widget widget_sow-editor panel-first-child panel-last-child\" data-index=\"0\" ><div\n\t\t\t\n\t\t\tclass=\"so-widget-sow-editor so-widget-sow-editor-base\"\n\t\t\t\n\t\t>\n<div class=\"siteorigin-widget-tinymce textwidget\">\n\t<p style=\"text-align: center;\"><strong>Nombre de joueurs :<\/strong><br \/>\n2 - 4<\/p>\n<\/div>\n<\/div><\/div><\/div><div id=\"pgc-4071-0-1\"  class=\"panel-grid-cell\" ><div id=\"panel-4071-0-1-0\" class=\"so-panel widget widget_sow-editor panel-first-child panel-last-child\" data-index=\"1\" ><div\n\t\t\t\n\t\t\tclass=\"so-widget-sow-editor so-widget-sow-editor-base\"\n\t\t\t\n\t\t>\n<div class=\"siteorigin-widget-tinymce textwidget\">\n\t<p style=\"text-align: center;\"><strong>Dur\u00e9e moyenne :<\/strong><br \/>\n30 min<\/p>\n<\/div>\n<\/div><\/div><\/div><div id=\"pgc-4071-0-2\"  class=\"panel-grid-cell\" ><div id=\"panel-4071-0-2-0\" class=\"so-panel widget widget_sow-editor panel-first-child panel-last-child\" data-index=\"2\" ><div\n\t\t\t\n\t\t\tclass=\"so-widget-sow-editor so-widget-sow-editor-base\"\n\t\t\t\n\t\t>\n<div class=\"siteorigin-widget-tinymce textwidget\">\n\t<p style=\"text-align: center;\"><strong>Age :<\/strong><br \/>\n14 ans et plus<\/p>\n<\/div>\n<\/div><\/div><\/div><\/div><div id=\"pg-4071-1\"  class=\"panel-grid panel-no-style\" ><div id=\"pgc-4071-1-0\"  class=\"panel-grid-cell\" ><div id=\"panel-4071-1-0-0\" class=\"so-panel widget widget_sow-editor panel-first-child panel-last-child\" data-index=\"3\" ><div\n\t\t\t\n\t\t\tclass=\"so-widget-sow-editor so-widget-sow-editor-base\"\n\t\t\t\n\t\t>\n<div class=\"siteorigin-widget-tinymce textwidget\">\n\t<p style=\"text-align: center;\"><strong>Auteur(s) :<br \/>\n<\/strong>Susumu Kawasaki<\/p>\n<\/div>\n<\/div><\/div><\/div><div id=\"pgc-4071-1-1\"  class=\"panel-grid-cell\" ><div id=\"panel-4071-1-1-0\" class=\"so-panel widget widget_sow-editor panel-first-child panel-last-child\" data-index=\"4\" ><div\n\t\t\t\n\t\t\tclass=\"so-widget-sow-editor so-widget-sow-editor-base\"\n\t\t\t\n\t\t>\n<div class=\"siteorigin-widget-tinymce textwidget\">\n\t<p style=\"text-align: center;\"><strong>Illustrations :<\/strong><br \/>\nAtha Kanaani<\/p>\n<\/div>\n<\/div><\/div><\/div><div id=\"pgc-4071-1-2\"  class=\"panel-grid-cell\" ><div id=\"panel-4071-1-2-0\" class=\"so-panel widget widget_sow-editor panel-first-child panel-last-child\" data-index=\"5\" ><div\n\t\t\t\n\t\t\tclass=\"so-widget-sow-editor so-widget-sow-editor-base\"\n\t\t\t\n\t\t>\n<div class=\"siteorigin-widget-tinymce textwidget\">\n\t<p style=\"text-align: center;\"><strong>\u00c9dition :<\/strong><br \/>\nFilosofia<br \/>\n2015<\/p>\n<\/div>\n<\/div><\/div><\/div><div id=\"pgc-4071-1-3\"  class=\"panel-grid-cell\" ><div id=\"panel-4071-1-3-0\" class=\"so-panel widget widget_sow-editor panel-first-child panel-last-child\" data-index=\"6\" ><div\n\t\t\t\n\t\t\tclass=\"so-widget-sow-editor so-widget-sow-editor-base\"\n\t\t\t\n\t\t>\n<div class=\"siteorigin-widget-tinymce textwidget\">\n\t<p style=\"text-align: center;\"><strong>Version :<\/strong><br \/>\nFran\u00e7aise<\/p>\n<\/div>\n<\/div><\/div><\/div><\/div><div id=\"pg-4071-2\"  class=\"panel-grid panel-no-style\" ><div id=\"pgc-4071-2-0\"  class=\"panel-grid-cell\" ><div id=\"panel-4071-2-0-0\" class=\"so-panel widget widget_sow-editor panel-first-child panel-last-child\" data-index=\"7\" ><div\n\t\t\t\n\t\t\tclass=\"so-widget-sow-editor so-widget-sow-editor-base\"\n\t\t\t\n\t\t>\n<div class=\"siteorigin-widget-tinymce textwidget\">\n\t<hr \/>\n<p>Pendant la pe\u0301riode d\u2019Edo, les higaki kaisen, ou \u00ab navires marchands \u00bb, servaient au transport de marchandises en direction d\u2019Edo (l\u2019actuelle Tokyo), alors centre du pouvoir politique au Japon.<\/p>\n<p>C\u2019est la\u0300 que les Fudasashi (ou \u00ab courtiers en riz \u00bb) attendaient les cargaisons de diverses marchandises venues d\u2019Osaka, le c\u0153ur marchand du Japon.<\/p>\n<p>Vous incarnez de fiers marchands, charge\u0301s d\u2019amener a\u0300 bon port les marchandises de prix destine\u0301es a\u0300 faire du Japon le puissant pays qu\u2019il est devenu aujourd\u2019hui. Leurs navires partent d\u2019Osaka pour un dangereux pe\u0301riple vers Edo.<\/p>\n<p>Si votre navire est pris dans le Kuroshio, vous perdrez toutes vos marchandises. Les marchands avise\u0301s assureront leurs marchandises pour re\u0301duire leurs pertes...<\/p>\n<p>Pour chaque marchandise livre\u0301e a\u0300 Edo, vous serez paye\u0301 en monnaie sonnante et tre\u0301buchante. Qui parmi vous tirera le meilleur profit de ce travail acharn\u00e9 ?<\/p>\n<\/div>\n<\/div><\/div><\/div><\/div><div id=\"pg-4071-3\"  class=\"panel-grid panel-no-style\" ><div id=\"pgc-4071-3-0\"  class=\"panel-grid-cell\" ><div id=\"panel-4071-3-0-0\" class=\"so-panel widget widget_sow-editor panel-first-child panel-last-child\" data-index=\"8\" ><div\n\t\t\t\n\t\t\tclass=\"so-widget-sow-editor so-widget-sow-editor-base\"\n\t\t\t\n\t\t>\n<div class=\"siteorigin-widget-tinymce textwidget\">\n\t<hr \/>\n<p style=\"text-align: center;\"><strong>En vid\u00e9o<\/strong><\/p>\n<p>De l'explication des r\u00e8gles &amp; de la partie :<\/p>\n<ul>\n<li>Tric Trac<\/li>\n<\/ul>\n<p><a href=\"https:\/\/www.trictrac.net\/actus\/traders-of-osaka-de-l-explipartie\" target=\"_blank\" rel=\"noopener noreferrer\"><img loading=\"lazy\" decoding=\"async\" class=\"alignnone wp-image-513 size-full\" src=\"http:\/\/meeplendice.net\/wp-content\/uploads\/2016\/08\/TT_explipartie_1.png\" alt=\"TT_explipartie_1\" width=\"200\" height=\"170\" \/><\/a><\/p>\n<\/div>\n<\/div><\/div><\/div><\/div><div id=\"pg-4071-4\"  class=\"panel-grid panel-no-style\" ><div id=\"pgc-4071-4-0\"  class=\"panel-grid-cell\" ><div id=\"panel-4071-4-0-0\" class=\"so-panel widget widget_sow-editor panel-first-child panel-last-child\" data-index=\"9\" ><div\n\t\t\t\n\t\t\tclass=\"so-widget-sow-editor so-widget-sow-editor-base\"\n\t\t\t\n\t\t>\n<div class=\"siteorigin-widget-tinymce textwidget\">\n\t<hr \/>\n<p style=\"text-align: center;\"><strong>Pour aller plus loin<\/strong><\/p>\n<\/div>\n<\/div><\/div><\/div><\/div><\/div>","protected":false},"excerpt":{"rendered":"<p>Nombre de joueurs : 2 &#8211; 4 Dur\u00e9e moyenne : 30 min Age : 14 ans et plus Auteur(s) : Susumu Kawasaki Illustrations : Atha Kanaani \u00c9dition : Filosofia 2015 Version : Fran\u00e7aise<\/p>\n","protected":false},"author":2,"featured_media":12168,"parent":0,"menu_order":0,"comment_status":"closed","ping_status":"closed","template":"","meta":{"footnotes":""},"class_list":["post-4071","page","type-page","status-publish","has-post-thumbnail","hentry"],"acf":[],"rttpg_featured_image_url":{"full":["https:\/\/meeplendice.net\/wp-content\/uploads\/2024\/07\/TradersofOsaka.png",350,350,false],"landscape":["https:\/\/meeplendice.net\/wp-content\/uploads\/2024\/07\/TradersofOsaka.png",350,350,false],"portraits":["https:\/\/meeplendice.net\/wp-content\/uploads\/2024\/07\/TradersofOsaka.png",350,350,false],"thumbnail":["https:\/\/meeplendice.net\/wp-content\/uploads\/2024\/07\/TradersofOsaka-150x150.png",150,150,true],"medium":["https:\/\/meeplendice.net\/wp-content\/uploads\/2024\/07\/TradersofOsaka-300x300.png",300,300,true],"large":["https:\/\/meeplendice.net\/wp-content\/uploads\/2024\/07\/TradersofOsaka.png",350,350,false],"ug_big":["https:\/\/meeplendice.net\/wp-content\/uploads\/2024\/07\/TradersofOsaka.png",350,350,false],"1536x1536":["https:\/\/meeplendice.net\/wp-content\/uploads\/2024\/07\/TradersofOsaka.png",350,350,false],"2048x2048":["https:\/\/meeplendice.net\/wp-content\/uploads\/2024\/07\/TradersofOsaka.png",350,350,false],"ashe-slider-grid-thumbnail":["https:\/\/meeplendice.net\/wp-content\/uploads\/2024\/07\/TradersofOsaka.png",350,350,false],"ashe-full-thumbnail":["https:\/\/meeplendice.net\/wp-content\/uploads\/2024\/07\/TradersofOsaka.png",350,350,false],"ashe-grid-thumbnail":["https:\/\/meeplendice.net\/wp-content\/uploads\/2024\/07\/TradersofOsaka-350x330.png",350,330,true],"ashe-list-thumbnail":["https:\/\/meeplendice.net\/wp-content\/uploads\/2024\/07\/TradersofOsaka-300x300.png",300,300,true],"ashe-single-navigation":["https:\/\/meeplendice.net\/wp-content\/uploads\/2024\/07\/TradersofOsaka-75x75.png",75,75,true],"mailpoet_newsletter_max":["https:\/\/meeplendice.net\/wp-content\/uploads\/2024\/07\/TradersofOsaka.png",350,350,false],"rpwe-thumbnail":["https:\/\/meeplendice.net\/wp-content\/uploads\/2024\/07\/TradersofOsaka-45x45.png",45,45,true],"sow-carousel-default":["https:\/\/meeplendice.net\/wp-content\/uploads\/2024\/07\/TradersofOsaka-272x182.png",272,182,true],"rt_custom":["https:\/\/meeplendice.net\/wp-content\/uploads\/2024\/07\/TradersofOsaka.png",350,350,false]},"rttpg_author":{"display_name":"Karnby","author_link":"https:\/\/meeplendice.net\/?author=2"},"rttpg_comment":0,"rttpg_category":null,"rttpg_excerpt":"Nombre de joueurs : 2 - 4 Dur\u00e9e moyenne : 30 min Age : 14 ans et plus Auteur(s) : Susumu Kawasaki Illustrations : Atha Kanaani \u00c9dition : Filosofia 2015 Version : Fran\u00e7aise","_links":{"self":[{"href":"https:\/\/meeplendice.net\/index.php?rest_route=\/wp\/v2\/pages\/4071","targetHints":{"allow":["GET"]}}],"collection":[{"href":"https:\/\/meeplendice.net\/index.php?rest_route=\/wp\/v2\/pages"}],"about":[{"href":"https:\/\/meeplendice.net\/index.php?rest_route=\/wp\/v2\/types\/page"}],"author":[{"embeddable":true,"href":"https:\/\/meeplendice.net\/index.php?rest_route=\/wp\/v2\/users\/2"}],"replies":[{"embeddable":true,"href":"https:\/\/meeplendice.net\/index.php?rest_route=%2Fwp%2Fv2%2Fcomments&post=4071"}],"version-history":[{"count":6,"href":"https:\/\/meeplendice.net\/index.php?rest_route=\/wp\/v2\/pages\/4071\/revisions"}],"predecessor-version":[{"id":12178,"href":"https:\/\/meeplendice.net\/index.php?rest_route=\/wp\/v2\/pages\/4071\/revisions\/12178"}],"wp:featuredmedia":[{"embeddable":true,"href":"https:\/\/meeplendice.net\/index.php?rest_route=\/wp\/v2\/media\/12168"}],"wp:attachment":[{"href":"https:\/\/meeplendice.net\/index.php?rest_route=%2Fwp%2Fv2%2Fmedia&parent=4071"}],"curies":[{"name":"wp","href":"https:\/\/api.w.org\/{rel}","templated":true}]}}