{"id":4197,"date":"2018-05-06T18:21:24","date_gmt":"2018-05-06T17:21:24","guid":{"rendered":"http:\/\/meeplendice.net\/?page_id=4197"},"modified":"2024-11-24T23:17:01","modified_gmt":"2024-11-24T21:17:01","slug":"leviathan","status":"publish","type":"page","link":"https:\/\/meeplendice.net\/?page_id=4197","title":{"rendered":"Leviathan"},"content":{"rendered":"<p>\u00c0 l\u2019heure o\u00f9 les L\u00e9viathans se rassemblent \u00e0 la fronti\u00e8re, les forces du Royaume d\u2019Abyss se mobilisent. Chaque Guilde mandate deux conscrits, sp\u00e9cialis\u00e9s dans le combat contre ces monstres prot\u00e9iformes. Les Peuples Alli\u00e9s s\u2019entra\u00eenent sans rel\u00e2che et d\u00e9veloppent des comp\u00e9tences qui pourront s\u2019av\u00e9rer utiles lors des affrontements.<br \/>\nFace aux L\u00e9viathans, certains de vos choix \u2013 tenter de fuir ou combattre \u2013 peuvent \u00eatre lourds de cons\u00e9quence.<\/p>\n<p>Cette extension, qui permet maintenant de jouer jusqu\u2019\u00e0 cinq joueurs, n\u00e9cessite le jeu de base Abyss et peut se combiner \u00e0 l\u2019extension Kraken.<\/p>\n<p>&nbsp;<\/p>\n<p><span id=\"result_box\" class=\"\" lang=\"fr\"><span class=\"\">\u00a0<\/span><\/span><\/p>\n","protected":false},"excerpt":{"rendered":"<p>\u00c0 l\u2019heure o\u00f9 les L\u00e9viathans se rassemblent \u00e0 la fronti\u00e8re, les forces du Royaume d\u2019Abyss se mobilisent. Chaque Guilde mandate deux conscrits, sp\u00e9cialis\u00e9s dans le combat contre ces monstres prot\u00e9iformes. Les Peuples Alli\u00e9s s\u2019entra\u00eenent sans rel\u00e2che et d\u00e9veloppent des comp\u00e9tences qui pourront s\u2019av\u00e9rer utiles lors des affrontements. Face aux L\u00e9viathans, certains de vos choix \u2013 tenter de fuir ou combattre \u2013 peuvent \u00eatre lourds de cons\u00e9quence. Cette extension, qui permet maintenant de jouer jusqu\u2019\u00e0 cinq joueurs, n\u00e9cessite le jeu de base Abyss et peut se combiner \u00e0 l\u2019extension Kraken. &nbsp; \u00a0<\/p>\n","protected":false},"author":2,"featured_media":4199,"parent":55,"menu_order":2,"comment_status":"closed","ping_status":"closed","template":"","meta":{"footnotes":""},"class_list":["post-4197","page","type-page","status-publish","has-post-thumbnail","hentry"],"acf":[],"rttpg_featured_image_url":{"full":["https:\/\/meeplendice.net\/wp-content\/uploads\/2018\/05\/Abyss_Leviathan.png",350,350,false],"landscape":["https:\/\/meeplendice.net\/wp-content\/uploads\/2018\/05\/Abyss_Leviathan.png",350,350,false],"portraits":["https:\/\/meeplendice.net\/wp-content\/uploads\/2018\/05\/Abyss_Leviathan.png",350,350,false],"thumbnail":["https:\/\/meeplendice.net\/wp-content\/uploads\/2018\/05\/Abyss_Leviathan-150x150.png",150,150,true],"medium":["https:\/\/meeplendice.net\/wp-content\/uploads\/2018\/05\/Abyss_Leviathan-300x300.png",300,300,true],"large":["https:\/\/meeplendice.net\/wp-content\/uploads\/2018\/05\/Abyss_Leviathan.png",350,350,false],"ug_big":["https:\/\/meeplendice.net\/wp-content\/uploads\/2018\/05\/Abyss_Leviathan.png",350,350,false],"1536x1536":["https:\/\/meeplendice.net\/wp-content\/uploads\/2018\/05\/Abyss_Leviathan.png",350,350,false],"2048x2048":["https:\/\/meeplendice.net\/wp-content\/uploads\/2018\/05\/Abyss_Leviathan.png",350,350,false],"ashe-slider-grid-thumbnail":["https:\/\/meeplendice.net\/wp-content\/uploads\/2018\/05\/Abyss_Leviathan.png",350,350,false],"ashe-full-thumbnail":["https:\/\/meeplendice.net\/wp-content\/uploads\/2018\/05\/Abyss_Leviathan.png",350,350,false],"ashe-grid-thumbnail":["https:\/\/meeplendice.net\/wp-content\/uploads\/2018\/05\/Abyss_Leviathan-350x330.png",350,330,true],"ashe-list-thumbnail":["https:\/\/meeplendice.net\/wp-content\/uploads\/2018\/05\/Abyss_Leviathan-300x300.png",300,300,true],"ashe-single-navigation":["https:\/\/meeplendice.net\/wp-content\/uploads\/2018\/05\/Abyss_Leviathan-75x75.png",75,75,true],"mailpoet_newsletter_max":["https:\/\/meeplendice.net\/wp-content\/uploads\/2018\/05\/Abyss_Leviathan.png",350,350,false],"rpwe-thumbnail":["https:\/\/meeplendice.net\/wp-content\/uploads\/2018\/05\/Abyss_Leviathan-45x45.png",45,45,true],"sow-carousel-default":["https:\/\/meeplendice.net\/wp-content\/uploads\/2018\/05\/Abyss_Leviathan-272x182.png",272,182,true],"rt_custom":["https:\/\/meeplendice.net\/wp-content\/uploads\/2018\/05\/Abyss_Leviathan.png",350,350,false]},"rttpg_author":{"display_name":"Karnby","author_link":"https:\/\/meeplendice.net\/?author=2"},"rttpg_comment":0,"rttpg_category":null,"rttpg_excerpt":"\u00c0 l\u2019heure o\u00f9 les L\u00e9viathans se rassemblent \u00e0 la fronti\u00e8re, les forces du Royaume d\u2019Abyss se mobilisent. Chaque Guilde mandate deux conscrits, sp\u00e9cialis\u00e9s dans le combat contre ces monstres prot\u00e9iformes. Les Peuples Alli\u00e9s s\u2019entra\u00eenent sans rel\u00e2che et d\u00e9veloppent des comp\u00e9tences qui pourront s\u2019av\u00e9rer utiles lors des affrontements. Face aux L\u00e9viathans, certains de vos choix \u2013\u2026","_links":{"self":[{"href":"https:\/\/meeplendice.net\/index.php?rest_route=\/wp\/v2\/pages\/4197","targetHints":{"allow":["GET"]}}],"collection":[{"href":"https:\/\/meeplendice.net\/index.php?rest_route=\/wp\/v2\/pages"}],"about":[{"href":"https:\/\/meeplendice.net\/index.php?rest_route=\/wp\/v2\/types\/page"}],"author":[{"embeddable":true,"href":"https:\/\/meeplendice.net\/index.php?rest_route=\/wp\/v2\/users\/2"}],"replies":[{"embeddable":true,"href":"https:\/\/meeplendice.net\/index.php?rest_route=%2Fwp%2Fv2%2Fcomments&post=4197"}],"version-history":[{"count":3,"href":"https:\/\/meeplendice.net\/index.php?rest_route=\/wp\/v2\/pages\/4197\/revisions"}],"predecessor-version":[{"id":12977,"href":"https:\/\/meeplendice.net\/index.php?rest_route=\/wp\/v2\/pages\/4197\/revisions\/12977"}],"up":[{"embeddable":true,"href":"https:\/\/meeplendice.net\/index.php?rest_route=\/wp\/v2\/pages\/55"}],"wp:featuredmedia":[{"embeddable":true,"href":"https:\/\/meeplendice.net\/index.php?rest_route=\/wp\/v2\/media\/4199"}],"wp:attachment":[{"href":"https:\/\/meeplendice.net\/index.php?rest_route=%2Fwp%2Fv2%2Fmedia&parent=4197"}],"curies":[{"name":"wp","href":"https:\/\/api.w.org\/{rel}","templated":true}]}}