{"id":4201,"date":"2018-05-06T18:23:41","date_gmt":"2018-05-06T17:23:41","guid":{"rendered":"http:\/\/meeplendice.net\/?page_id=4201"},"modified":"2020-09-01T09:36:01","modified_gmt":"2020-09-01T08:36:01","slug":"la-petite-sirene","status":"publish","type":"page","link":"https:\/\/meeplendice.net\/?page_id=4201","title":{"rendered":"La Petite Sir\u00e8ne"},"content":{"rendered":"<p><em>Lorsqu\u2019elle eut quinze ans, la jeune sir\u00e8ne re\u00e7ut la permission de quitter le royaume. Elle nagea vers le ciel, qu\u2019elle apercevait loin au-dessus de sa t\u00eate. Elle creva la surface dans une gerbe d\u2019\u00e9claboussures et aper\u00e7ut un jeune et beau prince, debout sur le pont d\u2019une magnifique caravelle\u2026<\/em><\/p>\n<p>Revivez l\u2019un des plus c\u00e9l\u00e8bres contes de f\u00e9es avec <em>Dark Tales \u2013 La\u00a0Petite Sir\u00e8ne<\/em>\u00a0!<\/p>\n<p>Du vieux Roi Triton au gracieux Prince, des s\u0153urs aimantes \u00e0 la perfide Sorci\u00e8re des Mers et \u00e0 ses Contrats\u00a0: de nouveaux personnages et Objets sp\u00e9ciaux apparaissent dans le monde de Dark Tales et donnent lieu \u00e0 de nouvelles combinaisons inattendues !<\/p>\n<p>La Petite Sir\u00e8ne parviendra-t-elle \u00e0 convaincre le Prince de la sauver, ou la Sorci\u00e8re des Mers aura-t-elle le dernier mot\u00a0?<\/p>\n<p>Quand l\u2019histoire s\u2019ach\u00e8ve, il est temps d\u2019en jouer une autre : la fin peut toujours changer !<\/p>\n<p>&nbsp;<\/p>\n<p>&nbsp;<\/p>\n","protected":false},"excerpt":{"rendered":"<p>Lorsqu\u2019elle eut quinze ans, la jeune sir\u00e8ne re\u00e7ut la permission de quitter le royaume. Elle nagea vers le ciel, qu\u2019elle apercevait loin au-dessus de sa t\u00eate. Elle creva la surface dans une gerbe d\u2019\u00e9claboussures et aper\u00e7ut un jeune et beau prince, debout sur le pont d\u2019une magnifique caravelle\u2026 Revivez l\u2019un des plus c\u00e9l\u00e8bres contes de f\u00e9es avec Dark Tales \u2013 La\u00a0Petite Sir\u00e8ne\u00a0! Du vieux Roi Triton au gracieux Prince, des s\u0153urs aimantes \u00e0 la perfide Sorci\u00e8re des Mers et \u00e0 ses Contrats\u00a0: de nouveaux personnages et Objets sp\u00e9ciaux apparaissent dans le monde de Dark Tales et donnent lieu \u00e0 de nouvelles combinaisons inattendues ! La Petite Sir\u00e8ne parviendra-t-elle \u00e0 convaincre le Prince de la sauver, ou la Sorci\u00e8re des Mers aura-t-elle le dernier mot\u00a0? Quand l\u2019histoire s\u2019ach\u00e8ve, il est temps d\u2019en jouer une autre : la fin peut toujours changer ! &nbsp; &nbsp;<\/p>\n","protected":false},"author":2,"featured_media":4198,"parent":280,"menu_order":4,"comment_status":"closed","ping_status":"closed","template":"","meta":{"footnotes":""},"class_list":["post-4201","page","type-page","status-publish","has-post-thumbnail","hentry"],"acf":[],"rttpg_featured_image_url":{"full":["https:\/\/meeplendice.net\/wp-content\/uploads\/2018\/05\/DT_Petitesirene.png",350,350,false],"landscape":["https:\/\/meeplendice.net\/wp-content\/uploads\/2018\/05\/DT_Petitesirene.png",350,350,false],"portraits":["https:\/\/meeplendice.net\/wp-content\/uploads\/2018\/05\/DT_Petitesirene.png",350,350,false],"thumbnail":["https:\/\/meeplendice.net\/wp-content\/uploads\/2018\/05\/DT_Petitesirene-150x150.png",150,150,true],"medium":["https:\/\/meeplendice.net\/wp-content\/uploads\/2018\/05\/DT_Petitesirene-300x300.png",300,300,true],"large":["https:\/\/meeplendice.net\/wp-content\/uploads\/2018\/05\/DT_Petitesirene.png",350,350,false],"ug_big":["https:\/\/meeplendice.net\/wp-content\/uploads\/2018\/05\/DT_Petitesirene.png",350,350,false],"1536x1536":["https:\/\/meeplendice.net\/wp-content\/uploads\/2018\/05\/DT_Petitesirene.png",350,350,false],"2048x2048":["https:\/\/meeplendice.net\/wp-content\/uploads\/2018\/05\/DT_Petitesirene.png",350,350,false],"ashe-slider-grid-thumbnail":["https:\/\/meeplendice.net\/wp-content\/uploads\/2018\/05\/DT_Petitesirene.png",350,350,false],"ashe-full-thumbnail":["https:\/\/meeplendice.net\/wp-content\/uploads\/2018\/05\/DT_Petitesirene.png",350,350,false],"ashe-grid-thumbnail":["https:\/\/meeplendice.net\/wp-content\/uploads\/2018\/05\/DT_Petitesirene-350x330.png",350,330,true],"ashe-list-thumbnail":["https:\/\/meeplendice.net\/wp-content\/uploads\/2018\/05\/DT_Petitesirene-300x300.png",300,300,true],"ashe-single-navigation":["https:\/\/meeplendice.net\/wp-content\/uploads\/2018\/05\/DT_Petitesirene-75x75.png",75,75,true],"mailpoet_newsletter_max":["https:\/\/meeplendice.net\/wp-content\/uploads\/2018\/05\/DT_Petitesirene.png",350,350,false],"rpwe-thumbnail":["https:\/\/meeplendice.net\/wp-content\/uploads\/2018\/05\/DT_Petitesirene-45x45.png",45,45,true],"sow-carousel-default":["https:\/\/meeplendice.net\/wp-content\/uploads\/2018\/05\/DT_Petitesirene-272x182.png",272,182,true],"rt_custom":["https:\/\/meeplendice.net\/wp-content\/uploads\/2018\/05\/DT_Petitesirene.png",350,350,false]},"rttpg_author":{"display_name":"Karnby","author_link":"https:\/\/meeplendice.net\/?author=2"},"rttpg_comment":0,"rttpg_category":null,"rttpg_excerpt":"Lorsqu\u2019elle eut quinze ans, la jeune sir\u00e8ne re\u00e7ut la permission de quitter le royaume. Elle nagea vers le ciel, qu\u2019elle apercevait loin au-dessus de sa t\u00eate. Elle creva la surface dans une gerbe d\u2019\u00e9claboussures et aper\u00e7ut un jeune et beau prince, debout sur le pont d\u2019une magnifique caravelle\u2026 Revivez l\u2019un des plus c\u00e9l\u00e8bres contes de\u2026","_links":{"self":[{"href":"https:\/\/meeplendice.net\/index.php?rest_route=\/wp\/v2\/pages\/4201","targetHints":{"allow":["GET"]}}],"collection":[{"href":"https:\/\/meeplendice.net\/index.php?rest_route=\/wp\/v2\/pages"}],"about":[{"href":"https:\/\/meeplendice.net\/index.php?rest_route=\/wp\/v2\/types\/page"}],"author":[{"embeddable":true,"href":"https:\/\/meeplendice.net\/index.php?rest_route=\/wp\/v2\/users\/2"}],"replies":[{"embeddable":true,"href":"https:\/\/meeplendice.net\/index.php?rest_route=%2Fwp%2Fv2%2Fcomments&post=4201"}],"version-history":[{"count":2,"href":"https:\/\/meeplendice.net\/index.php?rest_route=\/wp\/v2\/pages\/4201\/revisions"}],"predecessor-version":[{"id":6423,"href":"https:\/\/meeplendice.net\/index.php?rest_route=\/wp\/v2\/pages\/4201\/revisions\/6423"}],"up":[{"embeddable":true,"href":"https:\/\/meeplendice.net\/index.php?rest_route=\/wp\/v2\/pages\/280"}],"wp:featuredmedia":[{"embeddable":true,"href":"https:\/\/meeplendice.net\/index.php?rest_route=\/wp\/v2\/media\/4198"}],"wp:attachment":[{"href":"https:\/\/meeplendice.net\/index.php?rest_route=%2Fwp%2Fv2%2Fmedia&parent=4201"}],"curies":[{"name":"wp","href":"https:\/\/api.w.org\/{rel}","templated":true}]}}