{"id":422,"date":"2016-08-30T20:46:20","date_gmt":"2016-08-30T19:46:20","guid":{"rendered":"http:\/\/meeplendice.net\/?page_id=422"},"modified":"2020-11-20T16:46:03","modified_gmt":"2020-11-20T15:46:03","slug":"shadow-hunters","status":"publish","type":"page","link":"https:\/\/meeplendice.net\/?page_id=422","title":{"rendered":"Shadow Hunters"},"content":{"rendered":"<div id=\"pl-422\"  class=\"panel-layout\" ><div id=\"pg-422-0\"  class=\"panel-grid panel-no-style\" ><div id=\"pgc-422-0-0\"  class=\"panel-grid-cell\" ><div id=\"panel-422-0-0-0\" class=\"so-panel widget widget_sow-editor panel-first-child panel-last-child\" data-index=\"0\" ><div\n\t\t\t\n\t\t\tclass=\"so-widget-sow-editor so-widget-sow-editor-base\"\n\t\t\t\n\t\t>\n<div class=\"siteorigin-widget-tinymce textwidget\">\n\t<p style=\"text-align: center;\"><strong>Nombre de joueurs :<\/strong><br \/>\n4 - 8<\/p>\n<\/div>\n<\/div><\/div><\/div><div id=\"pgc-422-0-1\"  class=\"panel-grid-cell\" ><div id=\"panel-422-0-1-0\" class=\"so-panel widget widget_sow-editor panel-first-child panel-last-child\" data-index=\"1\" ><div\n\t\t\t\n\t\t\tclass=\"so-widget-sow-editor so-widget-sow-editor-base\"\n\t\t\t\n\t\t>\n<div class=\"siteorigin-widget-tinymce textwidget\">\n\t<p style=\"text-align: center;\"><strong>Dur\u00e9e moyenne :<\/strong><br \/>\n30 min<\/p>\n<\/div>\n<\/div><\/div><\/div><div id=\"pgc-422-0-2\"  class=\"panel-grid-cell\" ><div id=\"panel-422-0-2-0\" class=\"so-panel widget widget_sow-editor panel-first-child panel-last-child\" data-index=\"2\" ><div\n\t\t\t\n\t\t\tclass=\"so-widget-sow-editor so-widget-sow-editor-base\"\n\t\t\t\n\t\t>\n<div class=\"siteorigin-widget-tinymce textwidget\">\n\t<p style=\"text-align: center;\"><strong>Age :<\/strong><br \/>\n9 ans et plus<\/p>\n<\/div>\n<\/div><\/div><\/div><\/div><div id=\"pg-422-1\"  class=\"panel-grid panel-no-style\" ><div id=\"pgc-422-1-0\"  class=\"panel-grid-cell\" ><div id=\"panel-422-1-0-0\" class=\"so-panel widget widget_sow-editor panel-first-child panel-last-child\" data-index=\"3\" ><div\n\t\t\t\n\t\t\tclass=\"so-widget-sow-editor so-widget-sow-editor-base\"\n\t\t\t\n\t\t>\n<div class=\"siteorigin-widget-tinymce textwidget\">\n\t<p style=\"text-align: center;\"><strong>Auteur(s) :<br \/>\n<\/strong>Yasutaka Ikeda<\/p>\n<\/div>\n<\/div><\/div><\/div><div id=\"pgc-422-1-1\"  class=\"panel-grid-cell\" ><div id=\"panel-422-1-1-0\" class=\"so-panel widget widget_sow-editor panel-first-child panel-last-child\" data-index=\"4\" ><div\n\t\t\t\n\t\t\tclass=\"so-widget-sow-editor so-widget-sow-editor-base\"\n\t\t\t\n\t\t>\n<div class=\"siteorigin-widget-tinymce textwidget\">\n\t<p style=\"text-align: center;\"><strong>Illustrations :<\/strong><br \/>\nGou Ikeda<br \/>\nHitoshi Nishio<br \/>\nHisashi Sawada<br \/>\nHiroyuki Imahori<br \/>\nKei Kurosaki<br \/>\nNaoki Fukuda<br \/>\nYosuke Yamaguchi<\/p>\n<\/div>\n<\/div><\/div><\/div><div id=\"pgc-422-1-2\"  class=\"panel-grid-cell\" ><div id=\"panel-422-1-2-0\" class=\"so-panel widget widget_sow-editor panel-first-child panel-last-child\" data-index=\"5\" ><div\n\t\t\t\n\t\t\tclass=\"so-widget-sow-editor so-widget-sow-editor-base\"\n\t\t\t\n\t\t>\n<div class=\"siteorigin-widget-tinymce textwidget\">\n\t<p style=\"text-align: center;\"><strong>\u00c9dition :<\/strong><br \/>\nMatagot<br \/>\nRepublic of Games<br \/>\n2009<\/p>\n<\/div>\n<\/div><\/div><\/div><div id=\"pgc-422-1-3\"  class=\"panel-grid-cell\" ><div id=\"panel-422-1-3-0\" class=\"so-panel widget widget_sow-editor panel-first-child panel-last-child\" data-index=\"6\" ><div\n\t\t\t\n\t\t\tclass=\"so-widget-sow-editor so-widget-sow-editor-base\"\n\t\t\t\n\t\t>\n<div class=\"siteorigin-widget-tinymce textwidget\">\n\t<p style=\"text-align: center;\"><strong>Version :<\/strong><br \/>\nFran\u00e7aise<\/p>\n<\/div>\n<\/div><\/div><\/div><\/div><div id=\"pg-422-2\"  class=\"panel-grid panel-no-style\" ><div id=\"pgc-422-2-0\"  class=\"panel-grid-cell\" ><div id=\"panel-422-2-0-0\" class=\"so-panel widget widget_sow-editor panel-first-child panel-last-child\" data-index=\"7\" ><div\n\t\t\t\n\t\t\tclass=\"so-widget-sow-editor so-widget-sow-editor-base\"\n\t\t\t\n\t\t>\n<div class=\"siteorigin-widget-tinymce textwidget\">\n\t<hr \/>\n<p>\u00cates-vous une cr\u00e9ature des t\u00e9n\u00e8bres, un Shadow ? Ou plut\u00f4t un chasseur de d\u00e9mons, un Hunter ? A moins que vous ne soyez qu'un simple civil, happ\u00e9 malgr\u00e9 lui au c\u0153ur de la lutte \u00e9ternelle entre le bien et le mal ?<\/p>\n<p>Gardez votre nature secr\u00e8te... Vous la d\u00e9voilerez bien assez t\u00f4t en d\u00e9ployant vos pouvoirs personnels ! En attendant, restez sur vos gardes et \u00e9vitez que les visions de l'ermite ou vos propres actions ne trahissent votre camp...<\/p>\n<p>Voyagez de continent en continent, identifiez vos alli\u00e9s , collectez les puissants artefacts puis d\u00e9masquez vos adversaires... et \u00e9liminez les !<\/p>\n<\/div>\n<\/div><\/div><\/div><\/div><div id=\"pg-422-3\"  class=\"panel-grid panel-no-style\" ><div id=\"pgc-422-3-0\"  class=\"panel-grid-cell\" ><div id=\"panel-422-3-0-0\" class=\"so-panel widget widget_sow-editor panel-first-child panel-last-child\" data-index=\"8\" ><div\n\t\t\t\n\t\t\tclass=\"so-widget-sow-editor so-widget-sow-editor-base\"\n\t\t\t\n\t\t>\n<div class=\"siteorigin-widget-tinymce textwidget\">\n\t<hr \/>\n<p style=\"text-align: center;\"><strong>En vid\u00e9o<\/strong><\/p>\n<p>\u00a0<\/p>\n<\/div>\n<\/div><\/div><\/div><div id=\"pgc-422-3-1\"  class=\"panel-grid-cell\" ><div id=\"panel-422-3-1-0\" class=\"so-panel widget widget_sow-editor panel-first-child panel-last-child\" data-index=\"9\" ><div\n\t\t\t\n\t\t\tclass=\"so-widget-sow-editor so-widget-sow-editor-base\"\n\t\t\t\n\t\t>\n<div class=\"siteorigin-widget-tinymce textwidget\">\n\t<hr \/>\n<p style=\"text-align: center;\"><strong>Extension(s)<\/strong><\/p>\n<p style=\"text-align: center;\"><style type='text\/css' media='all'>#rt-tpg-container-2583260291 .read-more a{border-radius:px;}#rt-tpg-container-2583260291 .rt-img-holder img.rt-img-responsive,#rt-tpg-container-2583260291 .rt-img-holder,\n\t\t\t\t\t#rt-tpg-container-2583260291 .rt-post-overlay .post-img,\n\t\t\t\t\t#rt-tpg-container-2583260291 .post-sm .post-img,\n\t\t\t\t\t#rt-tpg-container-2583260291 .rt-post-grid .post-img,\n\t\t\t\t\t#rt-tpg-container-2583260291 .post-img img {border-radius:px;}#rt-tpg-container-2583260291 .layout9 .rt-holder h2.entry-title,\n\t\t\t\t\t#rt-tpg-container-2583260291 .layout9 .rt-holder h3.entry-title,\n\t\t\t\t\t#rt-tpg-container-2583260291 .layout9 .rt-holder h4.entry-title,\n\t\t\t\t\t#rt-tpg-container-2583260291 .layout9 .rt-holder h2.entry-title a,\n\t\t\t\t\t#rt-tpg-container-2583260291 .layout9 .rt-holder h3.entry-title a,\n\t\t\t\t\t#rt-tpg-container-2583260291 .layout9 .rt-holder h4.entry-title a,\n\t\t\t\t\t#rt-tpg-container-2583260291 .rt-holder .rt-woo-info h2 a,\n\t\t\t\t\t#rt-tpg-container-2583260291 .rt-holder .rt-woo-info h3 a,\n\t\t\t\t\t#rt-tpg-container-2583260291 .rt-holder .rt-woo-info h4 a,\n\t\t\t\t\t#rt-tpg-container-2583260291 .post-content .post-title,\n\t\t\t\t\t#rt-tpg-container-2583260291 .rt-post-grid .post-title,\n\t\t\t\t\t#rt-tpg-container-2583260291 .rt-post-grid .post-title a,\n\t\t\t\t\t#rt-tpg-container-2583260291 .post-content .post-title a,\n\t\t\t\t\t#rt-tpg-container-2583260291 .rt-holder .rt-woo-info h2,\n\t\t\t\t\t#rt-tpg-container-2583260291 .rt-holder .rt-woo-info h3,\n\t\t\t\t\t#rt-tpg-container-2583260291 .rt-holder .rt-woo-info h4{font-size:16px;line-height:26px;font-weight:normal;text-align:center;}#rt-tpg-container-2583260291 .post-grid-lg-style-1 .post-title,\n\t\t\t\t\t\t#rt-tpg-container-2583260291 .post-grid-lg-style-1 .post-title a,\n\t\t\t\t\t\t#rt-tpg-container-2583260291 .big-layout .post-title,\n\t\t\t\t\t\t#rt-tpg-container-2583260291 .big-layout .post-title a,\n\t\t\t\t\t\t#rt-tpg-container-2583260291 .post-grid-lg-style-1 .post-title,\n\t\t\t\t\t\t#rt-tpg-container-2583260291 .post-grid-lg-style-1 .post-title a {font-size:24px;line-height:34px;}<\/style><div class='rt-container-fluid rt-tpg-container tpg-shortcode-main-wrapper ' id='rt-tpg-container-2583260291'   data-layout='layout9' data-grid-style='even' data-desktop-col='3'  data-tab-col='2'  data-mobile-col='1' data-sc-id='2190'><div data-title='Loading ...' class='rt-row rt-content-loader   layout9 tpg-even '><div class=\"rt-col-md-4 rt-col-sm-6 rt-col-xs-12 even-grid-item rt-grid-item img_zoom_in\" data-id=\"2187\"><div class=\"rt-holder\"><div class='overlay'><a data-id='2187' class=' tpg-single-popup' href='https:\/\/meeplendice.net\/?page_id=2187'><img loading=\"lazy\" decoding=\"async\" width=\"350\" height=\"350\" src=\"https:\/\/meeplendice.net\/wp-content\/uploads\/2016\/11\/SH_Personnages.png\" class=\"rt-img-responsive \" alt=\"\" \/><\/a><\/div><div class='post-info'><h2 class=\"entry-title\"><a data-id=\"2187\" class=\" tpg-single-popup\" href=\"https:\/\/meeplendice.net\/?page_id=2187\">Personnages<\/a><\/h2><div class='post-meta-user '><\/div><\/div><\/div><\/div><\/div><div class='rt-pagination-wrap' data-total-pages='1' data-posts-per-page='3' data-type='pagination_ajax'  ><div class='rt-page-numbers'><\/div><\/div><\/div><\/p>\n<\/div>\n<\/div><\/div><\/div><\/div><div id=\"pg-422-4\"  class=\"panel-grid panel-no-style\" ><div id=\"pgc-422-4-0\"  class=\"panel-grid-cell\" ><div id=\"panel-422-4-0-0\" class=\"so-panel widget widget_sow-editor panel-first-child panel-last-child\" data-index=\"10\" ><div\n\t\t\t\n\t\t\tclass=\"so-widget-sow-editor so-widget-sow-editor-base\"\n\t\t\t\n\t\t>\n<div class=\"siteorigin-widget-tinymce textwidget\">\n\t<hr \/>\n<p style=\"text-align: center;\"><strong>Pour aller plus loin<\/strong><\/p>\n<\/div>\n<\/div><\/div><\/div><\/div><\/div>","protected":false},"excerpt":{"rendered":"<p>Nombre de joueurs : 4 &#8211; 8 Dur\u00e9e moyenne : 30 min Age : 9 ans et plus Auteur(s) : Yasutaka Ikeda Illustrations : Gou Ikeda Hitoshi Nishio Hisashi Sawada Hiroyuki Imahori Kei Kurosaki Naoki Fukuda Yosuke Yamaguchi \u00c9dition : Matagot Republic of Games 2009 Version : Fran\u00e7aise<\/p>\n","protected":false},"author":2,"featured_media":1063,"parent":0,"menu_order":0,"comment_status":"closed","ping_status":"closed","template":"","meta":{"footnotes":""},"class_list":["post-422","page","type-page","status-publish","has-post-thumbnail","hentry"],"acf":[],"rttpg_featured_image_url":{"full":["https:\/\/meeplendice.net\/wp-content\/uploads\/2016\/08\/Shadowhunter.png",350,350,false],"landscape":["https:\/\/meeplendice.net\/wp-content\/uploads\/2016\/08\/Shadowhunter.png",350,350,false],"portraits":["https:\/\/meeplendice.net\/wp-content\/uploads\/2016\/08\/Shadowhunter.png",350,350,false],"thumbnail":["https:\/\/meeplendice.net\/wp-content\/uploads\/2016\/08\/Shadowhunter-150x150.png",150,150,true],"medium":["https:\/\/meeplendice.net\/wp-content\/uploads\/2016\/08\/Shadowhunter-300x300.png",300,300,true],"large":["https:\/\/meeplendice.net\/wp-content\/uploads\/2016\/08\/Shadowhunter.png",350,350,false],"ug_big":["https:\/\/meeplendice.net\/wp-content\/uploads\/2016\/08\/Shadowhunter.png",350,350,false],"1536x1536":["https:\/\/meeplendice.net\/wp-content\/uploads\/2016\/08\/Shadowhunter.png",350,350,false],"2048x2048":["https:\/\/meeplendice.net\/wp-content\/uploads\/2016\/08\/Shadowhunter.png",350,350,false],"ashe-slider-grid-thumbnail":["https:\/\/meeplendice.net\/wp-content\/uploads\/2016\/08\/Shadowhunter.png",350,350,false],"ashe-full-thumbnail":["https:\/\/meeplendice.net\/wp-content\/uploads\/2016\/08\/Shadowhunter.png",350,350,false],"ashe-grid-thumbnail":["https:\/\/meeplendice.net\/wp-content\/uploads\/2016\/08\/Shadowhunter-350x330.png",350,330,true],"ashe-list-thumbnail":["https:\/\/meeplendice.net\/wp-content\/uploads\/2016\/08\/Shadowhunter-300x300.png",300,300,true],"ashe-single-navigation":["https:\/\/meeplendice.net\/wp-content\/uploads\/2016\/08\/Shadowhunter-75x75.png",75,75,true],"mailpoet_newsletter_max":["https:\/\/meeplendice.net\/wp-content\/uploads\/2016\/08\/Shadowhunter.png",350,350,false],"rpwe-thumbnail":["https:\/\/meeplendice.net\/wp-content\/uploads\/2016\/08\/Shadowhunter-45x45.png",45,45,true],"sow-carousel-default":["https:\/\/meeplendice.net\/wp-content\/uploads\/2016\/08\/Shadowhunter-272x182.png",272,182,true],"rt_custom":["https:\/\/meeplendice.net\/wp-content\/uploads\/2016\/08\/Shadowhunter.png",350,350,false]},"rttpg_author":{"display_name":"Karnby","author_link":"https:\/\/meeplendice.net\/?author=2"},"rttpg_comment":0,"rttpg_category":null,"rttpg_excerpt":"Nombre de joueurs : 4 - 8 Dur\u00e9e moyenne : 30 min Age : 9 ans et plus Auteur(s) : Yasutaka Ikeda Illustrations : Gou Ikeda Hitoshi Nishio Hisashi Sawada Hiroyuki Imahori Kei Kurosaki Naoki Fukuda Yosuke Yamaguchi \u00c9dition : Matagot Republic of Games 2009 Version : Fran\u00e7aise","_links":{"self":[{"href":"https:\/\/meeplendice.net\/index.php?rest_route=\/wp\/v2\/pages\/422","targetHints":{"allow":["GET"]}}],"collection":[{"href":"https:\/\/meeplendice.net\/index.php?rest_route=\/wp\/v2\/pages"}],"about":[{"href":"https:\/\/meeplendice.net\/index.php?rest_route=\/wp\/v2\/types\/page"}],"author":[{"embeddable":true,"href":"https:\/\/meeplendice.net\/index.php?rest_route=\/wp\/v2\/users\/2"}],"replies":[{"embeddable":true,"href":"https:\/\/meeplendice.net\/index.php?rest_route=%2Fwp%2Fv2%2Fcomments&post=422"}],"version-history":[{"count":8,"href":"https:\/\/meeplendice.net\/index.php?rest_route=\/wp\/v2\/pages\/422\/revisions"}],"predecessor-version":[{"id":7452,"href":"https:\/\/meeplendice.net\/index.php?rest_route=\/wp\/v2\/pages\/422\/revisions\/7452"}],"wp:featuredmedia":[{"embeddable":true,"href":"https:\/\/meeplendice.net\/index.php?rest_route=\/wp\/v2\/media\/1063"}],"wp:attachment":[{"href":"https:\/\/meeplendice.net\/index.php?rest_route=%2Fwp%2Fv2%2Fmedia&parent=422"}],"curies":[{"name":"wp","href":"https:\/\/api.w.org\/{rel}","templated":true}]}}