{"id":424,"date":"2016-08-30T20:46:42","date_gmt":"2016-08-30T19:46:42","guid":{"rendered":"http:\/\/meeplendice.net\/?page_id=424"},"modified":"2020-11-13T18:53:47","modified_gmt":"2020-11-13T17:53:47","slug":"shakespeare","status":"publish","type":"page","link":"https:\/\/meeplendice.net\/?page_id=424","title":{"rendered":"Shakespeare"},"content":{"rendered":"<div id=\"pl-424\"  class=\"panel-layout\" ><div id=\"pg-424-0\"  class=\"panel-grid panel-no-style\" ><div id=\"pgc-424-0-0\"  class=\"panel-grid-cell\" ><div id=\"panel-424-0-0-0\" class=\"so-panel widget widget_sow-editor panel-first-child panel-last-child\" data-index=\"0\" ><div\n\t\t\t\n\t\t\tclass=\"so-widget-sow-editor so-widget-sow-editor-base\"\n\t\t\t\n\t\t>\n<div class=\"siteorigin-widget-tinymce textwidget\">\n\t<p style=\"text-align: center;\"><strong>Nombre de joueurs :<\/strong><br \/>\n1 - 4<\/p>\n<\/div>\n<\/div><\/div><\/div><div id=\"pgc-424-0-1\"  class=\"panel-grid-cell\" ><div id=\"panel-424-0-1-0\" class=\"so-panel widget widget_sow-editor panel-first-child panel-last-child\" data-index=\"1\" ><div\n\t\t\t\n\t\t\tclass=\"so-widget-sow-editor so-widget-sow-editor-base\"\n\t\t\t\n\t\t>\n<div class=\"siteorigin-widget-tinymce textwidget\">\n\t<p style=\"text-align: center;\"><strong>Dur\u00e9e moyenne :<\/strong><br \/>\n90 min<\/p>\n<\/div>\n<\/div><\/div><\/div><div id=\"pgc-424-0-2\"  class=\"panel-grid-cell\" ><div id=\"panel-424-0-2-0\" class=\"so-panel widget widget_sow-editor panel-first-child panel-last-child\" data-index=\"2\" ><div\n\t\t\t\n\t\t\tclass=\"so-widget-sow-editor so-widget-sow-editor-base\"\n\t\t\t\n\t\t>\n<div class=\"siteorigin-widget-tinymce textwidget\">\n\t<p style=\"text-align: center;\"><strong>Age :<\/strong><br \/>\n13 ans et plus<\/p>\n<\/div>\n<\/div><\/div><\/div><\/div><div id=\"pg-424-1\"  class=\"panel-grid panel-no-style\" ><div id=\"pgc-424-1-0\"  class=\"panel-grid-cell\" ><div id=\"panel-424-1-0-0\" class=\"so-panel widget widget_sow-editor panel-first-child panel-last-child\" data-index=\"3\" ><div\n\t\t\t\n\t\t\tclass=\"so-widget-sow-editor so-widget-sow-editor-base\"\n\t\t\t\n\t\t>\n<div class=\"siteorigin-widget-tinymce textwidget\">\n\t<p style=\"text-align: center;\"><strong>Auteur(s) :<br \/>\n<\/strong>RV Rigal<\/p>\n<\/div>\n<\/div><\/div><\/div><div id=\"pgc-424-1-1\"  class=\"panel-grid-cell\" ><div id=\"panel-424-1-1-0\" class=\"so-panel widget widget_sow-editor panel-first-child panel-last-child\" data-index=\"4\" ><div\n\t\t\t\n\t\t\tclass=\"so-widget-sow-editor so-widget-sow-editor-base\"\n\t\t\t\n\t\t>\n<div class=\"siteorigin-widget-tinymce textwidget\">\n\t<p style=\"text-align: center;\"><strong>Illustrations :<\/strong><br \/>\nA. Demaegd<br \/>\nN\u00e9riac<\/p>\n<\/div>\n<\/div><\/div><\/div><div id=\"pgc-424-1-2\"  class=\"panel-grid-cell\" ><div id=\"panel-424-1-2-0\" class=\"so-panel widget widget_sow-editor panel-first-child panel-last-child\" data-index=\"5\" ><div\n\t\t\t\n\t\t\tclass=\"so-widget-sow-editor so-widget-sow-editor-base\"\n\t\t\t\n\t\t>\n<div class=\"siteorigin-widget-tinymce textwidget\">\n\t<p style=\"text-align: center;\"><strong>\u00c9dition :<\/strong><br \/>\nYstari Games<br \/>\n2015<\/p>\n<\/div>\n<\/div><\/div><\/div><div id=\"pgc-424-1-3\"  class=\"panel-grid-cell\" ><div id=\"panel-424-1-3-0\" class=\"so-panel widget widget_sow-editor panel-first-child panel-last-child\" data-index=\"6\" ><div\n\t\t\t\n\t\t\tclass=\"so-widget-sow-editor so-widget-sow-editor-base\"\n\t\t\t\n\t\t>\n<div class=\"siteorigin-widget-tinymce textwidget\">\n\t<p style=\"text-align: center;\"><strong>Version :<\/strong><br \/>\nFran\u00e7aise<\/p>\n<\/div>\n<\/div><\/div><\/div><\/div><div id=\"pg-424-2\"  class=\"panel-grid panel-no-style\" ><div id=\"pgc-424-2-0\"  class=\"panel-grid-cell\" ><div id=\"panel-424-2-0-0\" class=\"so-panel widget widget_sow-editor panel-first-child panel-last-child\" data-index=\"7\" ><div\n\t\t\t\n\t\t\tclass=\"so-widget-sow-editor so-widget-sow-editor-base\"\n\t\t\t\n\t\t>\n<div class=\"siteorigin-widget-tinymce textwidget\">\n\t<hr \/>\n<p>Les th\u00e9\u00e2tres de Londres sont en \u00e9moi. Dans une semaine, Sa Majest\u00e9 la Reine assistera \u00e0 leurs nouveaux spectacles et accordera son soutien \u00e0 l'une des troupes. C'est l'occasion d'une vie pour les jeunes auteurs qui enflamment la populace avec des pi\u00e8ces toujours plus audacieuses et bigarr\u00e9es. Mais comment cr\u00e9er un chef-d\u2019\u0153uvre en si peu de temps ? Celui qui poss\u00e8de la r\u00e9ponse \u00e0 cette \u00e9pineuse question entrera probablement dans la l\u00e9gende des si\u00e8cles !<\/p>\n<\/div>\n<\/div><\/div><\/div><\/div><div id=\"pg-424-3\"  class=\"panel-grid panel-no-style\" ><div id=\"pgc-424-3-0\"  class=\"panel-grid-cell\" ><div id=\"panel-424-3-0-0\" class=\"so-panel widget widget_sow-editor panel-first-child panel-last-child\" data-index=\"8\" ><div\n\t\t\t\n\t\t\tclass=\"so-widget-sow-editor so-widget-sow-editor-base\"\n\t\t\t\n\t\t>\n<div class=\"siteorigin-widget-tinymce textwidget\">\n\t<hr \/>\n<p style=\"text-align: center;\"><strong>En vid\u00e9o<\/strong><\/p>\n<p style=\"text-align: left;\">De l'explication des r\u00e8gles :<\/p>\n<ul>\n<li style=\"text-align: left;\">Tric Trac<\/li>\n<\/ul>\n<p style=\"text-align: left;\"><a href=\"https:\/\/www.trictrac.net\/videos\/Shakespeare_de_le_comment_ca_marche\" target=\"_blank\"><img loading=\"lazy\" decoding=\"async\" class=\"alignnone size-full wp-image-107\" src=\"http:\/\/meeplendice.net\/wp-content\/uploads\/2016\/08\/TT_explication.png\" alt=\"TT_explication\" width=\"200\" height=\"170\" \/><\/a><\/p>\n<p style=\"text-align: left;\">\u00a0De la partie :<\/p>\n<ul>\n<li style=\"text-align: left;\">Tric Trac<\/li>\n<\/ul>\n<p><a href=\"https:\/\/www.trictrac.net\/videos\/Shakespeare_de_la_partie\" target=\"_blank\"><img loading=\"lazy\" decoding=\"async\" class=\"alignnone size-full wp-image-117\" src=\"http:\/\/meeplendice.net\/wp-content\/uploads\/2016\/08\/TT_partie_1.png\" alt=\"TT_partie_1\" width=\"200\" height=\"170\" \/><\/a><\/p>\n<\/div>\n<\/div><\/div><\/div><div id=\"pgc-424-3-1\"  class=\"panel-grid-cell\" ><div id=\"panel-424-3-1-0\" class=\"so-panel widget widget_sow-editor panel-first-child panel-last-child\" data-index=\"9\" ><div\n\t\t\t\n\t\t\tclass=\"so-widget-sow-editor so-widget-sow-editor-base\"\n\t\t\t\n\t\t>\n<div class=\"siteorigin-widget-tinymce textwidget\">\n\t<hr \/>\n<p style=\"text-align: center;\"><strong>Extension(s)<\/strong><\/p>\n<p style=\"text-align: center;\"><style type='text\/css' media='all'>#rt-tpg-container-3379943152 .read-more a{border-radius:px;}#rt-tpg-container-3379943152 .rt-img-holder img.rt-img-responsive,#rt-tpg-container-3379943152 .rt-img-holder,\n\t\t\t\t\t#rt-tpg-container-3379943152 .rt-post-overlay .post-img,\n\t\t\t\t\t#rt-tpg-container-3379943152 .post-sm .post-img,\n\t\t\t\t\t#rt-tpg-container-3379943152 .rt-post-grid .post-img,\n\t\t\t\t\t#rt-tpg-container-3379943152 .post-img img {border-radius:px;}#rt-tpg-container-3379943152 .layout9 .rt-holder h2.entry-title,\n\t\t\t\t\t#rt-tpg-container-3379943152 .layout9 .rt-holder h3.entry-title,\n\t\t\t\t\t#rt-tpg-container-3379943152 .layout9 .rt-holder h4.entry-title,\n\t\t\t\t\t#rt-tpg-container-3379943152 .layout9 .rt-holder h2.entry-title a,\n\t\t\t\t\t#rt-tpg-container-3379943152 .layout9 .rt-holder h3.entry-title a,\n\t\t\t\t\t#rt-tpg-container-3379943152 .layout9 .rt-holder h4.entry-title a,\n\t\t\t\t\t#rt-tpg-container-3379943152 .rt-holder .rt-woo-info h2 a,\n\t\t\t\t\t#rt-tpg-container-3379943152 .rt-holder .rt-woo-info h3 a,\n\t\t\t\t\t#rt-tpg-container-3379943152 .rt-holder .rt-woo-info h4 a,\n\t\t\t\t\t#rt-tpg-container-3379943152 .post-content .post-title,\n\t\t\t\t\t#rt-tpg-container-3379943152 .rt-post-grid .post-title,\n\t\t\t\t\t#rt-tpg-container-3379943152 .rt-post-grid .post-title a,\n\t\t\t\t\t#rt-tpg-container-3379943152 .post-content .post-title a,\n\t\t\t\t\t#rt-tpg-container-3379943152 .rt-holder .rt-woo-info h2,\n\t\t\t\t\t#rt-tpg-container-3379943152 .rt-holder .rt-woo-info h3,\n\t\t\t\t\t#rt-tpg-container-3379943152 .rt-holder .rt-woo-info h4{font-size:16px;line-height:26px;font-weight:normal;text-align:center;}#rt-tpg-container-3379943152 .post-grid-lg-style-1 .post-title,\n\t\t\t\t\t\t#rt-tpg-container-3379943152 .post-grid-lg-style-1 .post-title a,\n\t\t\t\t\t\t#rt-tpg-container-3379943152 .big-layout .post-title,\n\t\t\t\t\t\t#rt-tpg-container-3379943152 .big-layout .post-title a,\n\t\t\t\t\t\t#rt-tpg-container-3379943152 .post-grid-lg-style-1 .post-title,\n\t\t\t\t\t\t#rt-tpg-container-3379943152 .post-grid-lg-style-1 .post-title a {font-size:24px;line-height:34px;}<\/style><div class='rt-container-fluid rt-tpg-container tpg-shortcode-main-wrapper ' id='rt-tpg-container-3379943152'   data-layout='layout9' data-grid-style='even' data-desktop-col='3'  data-tab-col='2'  data-mobile-col='1' data-sc-id='2129'><div data-title='Loading ...' class='rt-row rt-content-loader   layout9 tpg-even '><div class=\"rt-col-md-4 rt-col-sm-6 rt-col-xs-12 even-grid-item rt-grid-item img_zoom_in\" data-id=\"2126\"><div class=\"rt-holder\"><div class='overlay'><a data-id='2126' class=' tpg-single-popup' href='https:\/\/meeplendice.net\/?page_id=2126'><img loading=\"lazy\" decoding=\"async\" width=\"350\" height=\"350\" src=\"https:\/\/meeplendice.net\/wp-content\/uploads\/2016\/11\/Shakespear_Backstage.png\" class=\"rt-img-responsive \" alt=\"\" \/><\/a><\/div><div class='post-info'><h2 class=\"entry-title\"><a data-id=\"2126\" class=\" tpg-single-popup\" href=\"https:\/\/meeplendice.net\/?page_id=2126\">Backstage<\/a><\/h2><div class='post-meta-user '><\/div><\/div><\/div><\/div><\/div><div class='rt-pagination-wrap' data-total-pages='1' data-posts-per-page='3' data-type='pagination_ajax'  ><div class='rt-page-numbers'><\/div><\/div><\/div><\/p>\n<\/div>\n<\/div><\/div><\/div><\/div><div id=\"pg-424-4\"  class=\"panel-grid panel-no-style\" ><div id=\"pgc-424-4-0\"  class=\"panel-grid-cell\" ><div id=\"panel-424-4-0-0\" class=\"so-panel widget widget_sow-editor panel-first-child panel-last-child\" data-index=\"10\" ><div\n\t\t\t\n\t\t\tclass=\"so-widget-sow-editor so-widget-sow-editor-base\"\n\t\t\t\n\t\t>\n<div class=\"siteorigin-widget-tinymce textwidget\">\n\t<hr \/>\n<p style=\"text-align: center;\"><strong>Pour aller plus loin<\/strong><\/p>\n<\/div>\n<\/div><\/div><\/div><\/div><\/div>","protected":false},"excerpt":{"rendered":"<p>Nombre de joueurs : 1 &#8211; 4 Dur\u00e9e moyenne : 90 min Age : 13 ans et plus Auteur(s) : RV Rigal Illustrations : A. Demaegd N\u00e9riac \u00c9dition : Ystari Games 2015 Version : Fran\u00e7aise<\/p>\n","protected":false},"author":2,"featured_media":1066,"parent":0,"menu_order":0,"comment_status":"closed","ping_status":"closed","template":"","meta":{"footnotes":""},"class_list":["post-424","page","type-page","status-publish","has-post-thumbnail","hentry"],"acf":[],"rttpg_featured_image_url":{"full":["https:\/\/meeplendice.net\/wp-content\/uploads\/2016\/08\/Shakespeare.png",350,350,false],"landscape":["https:\/\/meeplendice.net\/wp-content\/uploads\/2016\/08\/Shakespeare.png",350,350,false],"portraits":["https:\/\/meeplendice.net\/wp-content\/uploads\/2016\/08\/Shakespeare.png",350,350,false],"thumbnail":["https:\/\/meeplendice.net\/wp-content\/uploads\/2016\/08\/Shakespeare-150x150.png",150,150,true],"medium":["https:\/\/meeplendice.net\/wp-content\/uploads\/2016\/08\/Shakespeare-300x300.png",300,300,true],"large":["https:\/\/meeplendice.net\/wp-content\/uploads\/2016\/08\/Shakespeare.png",350,350,false],"ug_big":["https:\/\/meeplendice.net\/wp-content\/uploads\/2016\/08\/Shakespeare.png",350,350,false],"1536x1536":["https:\/\/meeplendice.net\/wp-content\/uploads\/2016\/08\/Shakespeare.png",350,350,false],"2048x2048":["https:\/\/meeplendice.net\/wp-content\/uploads\/2016\/08\/Shakespeare.png",350,350,false],"ashe-slider-grid-thumbnail":["https:\/\/meeplendice.net\/wp-content\/uploads\/2016\/08\/Shakespeare.png",350,350,false],"ashe-full-thumbnail":["https:\/\/meeplendice.net\/wp-content\/uploads\/2016\/08\/Shakespeare.png",350,350,false],"ashe-grid-thumbnail":["https:\/\/meeplendice.net\/wp-content\/uploads\/2016\/08\/Shakespeare-350x330.png",350,330,true],"ashe-list-thumbnail":["https:\/\/meeplendice.net\/wp-content\/uploads\/2016\/08\/Shakespeare-300x300.png",300,300,true],"ashe-single-navigation":["https:\/\/meeplendice.net\/wp-content\/uploads\/2016\/08\/Shakespeare-75x75.png",75,75,true],"mailpoet_newsletter_max":["https:\/\/meeplendice.net\/wp-content\/uploads\/2016\/08\/Shakespeare.png",350,350,false],"rpwe-thumbnail":["https:\/\/meeplendice.net\/wp-content\/uploads\/2016\/08\/Shakespeare-45x45.png",45,45,true],"sow-carousel-default":["https:\/\/meeplendice.net\/wp-content\/uploads\/2016\/08\/Shakespeare-272x182.png",272,182,true],"rt_custom":["https:\/\/meeplendice.net\/wp-content\/uploads\/2016\/08\/Shakespeare.png",350,350,false]},"rttpg_author":{"display_name":"Karnby","author_link":"https:\/\/meeplendice.net\/?author=2"},"rttpg_comment":0,"rttpg_category":null,"rttpg_excerpt":"Nombre de joueurs : 1 - 4 Dur\u00e9e moyenne : 90 min Age : 13 ans et plus Auteur(s) : RV Rigal Illustrations : A. Demaegd N\u00e9riac \u00c9dition : Ystari Games 2015 Version : Fran\u00e7aise","_links":{"self":[{"href":"https:\/\/meeplendice.net\/index.php?rest_route=\/wp\/v2\/pages\/424","targetHints":{"allow":["GET"]}}],"collection":[{"href":"https:\/\/meeplendice.net\/index.php?rest_route=\/wp\/v2\/pages"}],"about":[{"href":"https:\/\/meeplendice.net\/index.php?rest_route=\/wp\/v2\/types\/page"}],"author":[{"embeddable":true,"href":"https:\/\/meeplendice.net\/index.php?rest_route=\/wp\/v2\/users\/2"}],"replies":[{"embeddable":true,"href":"https:\/\/meeplendice.net\/index.php?rest_route=%2Fwp%2Fv2%2Fcomments&post=424"}],"version-history":[{"count":11,"href":"https:\/\/meeplendice.net\/index.php?rest_route=\/wp\/v2\/pages\/424\/revisions"}],"predecessor-version":[{"id":7431,"href":"https:\/\/meeplendice.net\/index.php?rest_route=\/wp\/v2\/pages\/424\/revisions\/7431"}],"wp:featuredmedia":[{"embeddable":true,"href":"https:\/\/meeplendice.net\/index.php?rest_route=\/wp\/v2\/media\/1066"}],"wp:attachment":[{"href":"https:\/\/meeplendice.net\/index.php?rest_route=%2Fwp%2Fv2%2Fmedia&parent=424"}],"curies":[{"name":"wp","href":"https:\/\/api.w.org\/{rel}","templated":true}]}}