{"id":4354,"date":"2018-07-10T13:15:37","date_gmt":"2018-07-10T12:15:37","guid":{"rendered":"http:\/\/meeplendice.net\/?page_id=4354"},"modified":"2020-09-07T14:25:30","modified_gmt":"2020-09-07T13:25:30","slug":"cites-en-ruines","status":"publish","type":"page","link":"https:\/\/meeplendice.net\/?page_id=4354","title":{"rendered":"Cit\u00e9s en Ruines"},"content":{"rendered":"<p><em>L\u2019\u00c2ge des Hommes Touche \u00e0 sa Fin !<\/em><\/p>\n<p>De violents s\u00e9ismes ravagent la plan\u00e8te, et la nature elle-m\u00eame semble d\u00e9termin\u00e9e \u00e0 d\u00e9truire la civilisation humaine. Quelque chose s\u2019agite au plus profond de l\u2019Afrique.<\/p>\n<p>Cette extension met en sc\u00e8ne Shudde M\u2019ell, un nouveau Grand Ancien terriblement destructeur. Annonciatrices de cette menace, de nouvelles cartes Mythe particuli\u00e8rement n\u00e9fastes arrivent en compagnie de rencontres D\u00e9sastre et D\u00e9vastation. Quatre investigateurs \u00e9reint\u00e9s rejoignent la lutte, \u00e9quip\u00e9s d\u2019Artefacts, de Sorts et de Talents qui les aideront \u00e0 emp\u00eacher le cr\u00e9puscule des hommes.<\/p>\n<p>&nbsp;<\/p>\n<p><span id=\"result_box\" class=\"\" lang=\"fr\"><span class=\"\">\u00a0<\/span><\/span><\/p>\n","protected":false},"excerpt":{"rendered":"<p>L\u2019\u00c2ge des Hommes Touche \u00e0 sa Fin ! De violents s\u00e9ismes ravagent la plan\u00e8te, et la nature elle-m\u00eame semble d\u00e9termin\u00e9e \u00e0 d\u00e9truire la civilisation humaine. Quelque chose s\u2019agite au plus profond de l\u2019Afrique. Cette extension met en sc\u00e8ne Shudde M\u2019ell, un nouveau Grand Ancien terriblement destructeur. Annonciatrices de cette menace, de nouvelles cartes Mythe particuli\u00e8rement n\u00e9fastes arrivent en compagnie de rencontres D\u00e9sastre et D\u00e9vastation. Quatre investigateurs \u00e9reint\u00e9s rejoignent la lutte, \u00e9quip\u00e9s d\u2019Artefacts, de Sorts et de Talents qui les aideront \u00e0 emp\u00eacher le cr\u00e9puscule des hommes. &nbsp; \u00a0<\/p>\n","protected":false},"author":2,"featured_media":4346,"parent":344,"menu_order":0,"comment_status":"closed","ping_status":"closed","template":"","meta":{"footnotes":""},"class_list":["post-4354","page","type-page","status-publish","has-post-thumbnail","hentry"],"acf":[],"rttpg_featured_image_url":{"full":["https:\/\/meeplendice.net\/wp-content\/uploads\/2018\/07\/LcdL_Cit\u00e9sRuines.png",350,350,false],"landscape":["https:\/\/meeplendice.net\/wp-content\/uploads\/2018\/07\/LcdL_Cit\u00e9sRuines.png",350,350,false],"portraits":["https:\/\/meeplendice.net\/wp-content\/uploads\/2018\/07\/LcdL_Cit\u00e9sRuines.png",350,350,false],"thumbnail":["https:\/\/meeplendice.net\/wp-content\/uploads\/2018\/07\/LcdL_Cit\u00e9sRuines-150x150.png",150,150,true],"medium":["https:\/\/meeplendice.net\/wp-content\/uploads\/2018\/07\/LcdL_Cit\u00e9sRuines-300x300.png",300,300,true],"large":["https:\/\/meeplendice.net\/wp-content\/uploads\/2018\/07\/LcdL_Cit\u00e9sRuines.png",350,350,false],"ug_big":["https:\/\/meeplendice.net\/wp-content\/uploads\/2018\/07\/LcdL_Cit\u00e9sRuines.png",350,350,false],"1536x1536":["https:\/\/meeplendice.net\/wp-content\/uploads\/2018\/07\/LcdL_Cit\u00e9sRuines.png",350,350,false],"2048x2048":["https:\/\/meeplendice.net\/wp-content\/uploads\/2018\/07\/LcdL_Cit\u00e9sRuines.png",350,350,false],"ashe-slider-grid-thumbnail":["https:\/\/meeplendice.net\/wp-content\/uploads\/2018\/07\/LcdL_Cit\u00e9sRuines.png",350,350,false],"ashe-full-thumbnail":["https:\/\/meeplendice.net\/wp-content\/uploads\/2018\/07\/LcdL_Cit\u00e9sRuines.png",350,350,false],"ashe-grid-thumbnail":["https:\/\/meeplendice.net\/wp-content\/uploads\/2018\/07\/LcdL_Cit\u00e9sRuines-350x330.png",350,330,true],"ashe-list-thumbnail":["https:\/\/meeplendice.net\/wp-content\/uploads\/2018\/07\/LcdL_Cit\u00e9sRuines-300x300.png",300,300,true],"ashe-single-navigation":["https:\/\/meeplendice.net\/wp-content\/uploads\/2018\/07\/LcdL_Cit\u00e9sRuines-75x75.png",75,75,true],"mailpoet_newsletter_max":["https:\/\/meeplendice.net\/wp-content\/uploads\/2018\/07\/LcdL_Cit\u00e9sRuines.png",350,350,false],"rpwe-thumbnail":["https:\/\/meeplendice.net\/wp-content\/uploads\/2018\/07\/LcdL_Cit\u00e9sRuines-45x45.png",45,45,true],"sow-carousel-default":["https:\/\/meeplendice.net\/wp-content\/uploads\/2018\/07\/LcdL_Cit\u00e9sRuines-272x182.png",272,182,true],"rt_custom":["https:\/\/meeplendice.net\/wp-content\/uploads\/2018\/07\/LcdL_Cit\u00e9sRuines.png",350,350,false]},"rttpg_author":{"display_name":"Karnby","author_link":"https:\/\/meeplendice.net\/?author=2"},"rttpg_comment":0,"rttpg_category":null,"rttpg_excerpt":"L\u2019\u00c2ge des Hommes Touche \u00e0 sa Fin ! De violents s\u00e9ismes ravagent la plan\u00e8te, et la nature elle-m\u00eame semble d\u00e9termin\u00e9e \u00e0 d\u00e9truire la civilisation humaine. Quelque chose s\u2019agite au plus profond de l\u2019Afrique. Cette extension met en sc\u00e8ne Shudde M\u2019ell, un nouveau Grand Ancien terriblement destructeur. Annonciatrices de cette menace, de nouvelles cartes Mythe particuli\u00e8rement\u2026","_links":{"self":[{"href":"https:\/\/meeplendice.net\/index.php?rest_route=\/wp\/v2\/pages\/4354","targetHints":{"allow":["GET"]}}],"collection":[{"href":"https:\/\/meeplendice.net\/index.php?rest_route=\/wp\/v2\/pages"}],"about":[{"href":"https:\/\/meeplendice.net\/index.php?rest_route=\/wp\/v2\/types\/page"}],"author":[{"embeddable":true,"href":"https:\/\/meeplendice.net\/index.php?rest_route=\/wp\/v2\/users\/2"}],"replies":[{"embeddable":true,"href":"https:\/\/meeplendice.net\/index.php?rest_route=%2Fwp%2Fv2%2Fcomments&post=4354"}],"version-history":[{"count":2,"href":"https:\/\/meeplendice.net\/index.php?rest_route=\/wp\/v2\/pages\/4354\/revisions"}],"predecessor-version":[{"id":6819,"href":"https:\/\/meeplendice.net\/index.php?rest_route=\/wp\/v2\/pages\/4354\/revisions\/6819"}],"up":[{"embeddable":true,"href":"https:\/\/meeplendice.net\/index.php?rest_route=\/wp\/v2\/pages\/344"}],"wp:featuredmedia":[{"embeddable":true,"href":"https:\/\/meeplendice.net\/index.php?rest_route=\/wp\/v2\/media\/4346"}],"wp:attachment":[{"href":"https:\/\/meeplendice.net\/index.php?rest_route=%2Fwp%2Fv2%2Fmedia&parent=4354"}],"curies":[{"name":"wp","href":"https:\/\/api.w.org\/{rel}","templated":true}]}}