{"id":4368,"date":"2018-07-10T13:59:00","date_gmt":"2018-07-10T12:59:00","guid":{"rendered":"http:\/\/meeplendice.net\/?page_id=4368"},"modified":"2020-09-07T14:30:13","modified_gmt":"2020-09-07T13:30:13","slug":"pod-le-laboratoire","status":"publish","type":"page","link":"https:\/\/meeplendice.net\/?page_id=4368","title":{"rendered":"POD &#8211; Le Laboratoire"},"content":{"rendered":"<p>l y a maintenant deux mois que votre bon ami, le Dr. Crawford Tillinghast, s\u2019est mis en col\u00e8re contre vous, vous a trait\u00e9 d\u2019imb\u00e9cile et mis \u00e0 la porte de sa maison et de son laboratoire dans un acc\u00e8s de rage fanatique. Sa crise vous a d\u2019autant plus surpris qu\u2019il n\u2019\u00e9tait pas homme \u00e0 se mettre facilement en col\u00e8re, surtout pas \u00e0 cause de vos questions inqui\u00e8tes sur l\u2019\u00e9trange machine qu\u2019il avait imagin\u00e9e au cours de ses recherches m\u00e9taphysiques. Le docteur a pris vos questions pour des critiques, qui ont fait exploser son temp\u00e9rament.<\/p>\n<p>Vous ne lui avez pas reparl\u00e9 depuis ce jour. Mais r\u00e9cemment, Gregory, le serviteur fid\u00e8le de Tillinghast, vous a contact\u00e9 \u00e0 propos de son employeur. Il semblerait que le docteur se soit exil\u00e9 dans le laboratoire de son grenier, d\u00e9laissant la nourriture et tout contact humain. Gregory vous a suppli\u00e9 de faire une derni\u00e8re tentative pour rendre ses esprits \u00e0 votre vieil ami. Malgr\u00e9 le souvenir amer de votre derni\u00e8re rencontre avec Tillinghast, vous acceptez de lui rendre une derni\u00e8re visite.<\/p>\n<p>Apr\u00e8s des semaines d\u2019absence, vous revenez \u00e0 la vieille maison isol\u00e9e pr\u00e8s de Benevolent Street. Gregory vous accueille \u00e0 la porte, un chandelier \u00e0 la main, et le soulagement est visible sur son visage creus\u00e9 de fatigue. \u00ab Merci d\u2019\u00eatre venu. Le docteur n\u2019est pas descendu de son laboratoire depuis des jours et je m\u2019inqui\u00e8te pour lui. Tous les autres serviteurs sont partis, la plupart sans m\u00eame me dire au revoir. Parfois, je l\u2019entends hurler dans le grenier, m\u00eame si je ne m\u2019\u00e9loigne pas trop de la porte d\u2019entr\u00e9e, ces derniers temps. Laissez-moi vous accompagner jusqu\u2019au laboratoire, et esp\u00e9rons que Crawford vous \u00e9coutera, cette fois. \u00bb<\/p>\n<p>Vous suivez la chandelle vacillante en silence \u00e0 travers la t\u00e9n\u00e9breuse maison vide, en \u00e9coutant le bourdonnement lointain de la machine de Tillinghast qui r\u00e9sonne \u00e0 travers les \u00e9tages, les murs et les plafonds. Comme vous approchez de l\u2019escalier du grenier, vous ressentez un frisson qui agite l\u2019air, comme un picotement, et apercevez une silhouette sombre \u00e0 la limite de la lueur de la bougie. Gregory s\u2019arr\u00eate brutalement et l\u00e8ve la chandelle au-dessus de sa t\u00eate pour vous donner une meilleure vision\u2026<\/p>\n<p>&nbsp;<\/p>\n<p>&nbsp;<\/p>\n","protected":false},"excerpt":{"rendered":"<p>l y a maintenant deux mois que votre bon ami, le Dr. Crawford Tillinghast, s\u2019est mis en col\u00e8re contre vous, vous a trait\u00e9 d\u2019imb\u00e9cile et mis \u00e0 la porte de sa maison et de son laboratoire dans un acc\u00e8s de rage fanatique. Sa crise vous a d\u2019autant plus surpris qu\u2019il n\u2019\u00e9tait pas homme \u00e0 se mettre facilement en col\u00e8re, surtout pas \u00e0 cause de vos questions inqui\u00e8tes sur l\u2019\u00e9trange machine qu\u2019il avait imagin\u00e9e au cours de ses recherches m\u00e9taphysiques. Le docteur a pris vos questions pour des critiques, qui ont fait exploser son temp\u00e9rament. Vous ne lui avez pas reparl\u00e9 depuis ce jour. Mais r\u00e9cemment, Gregory, le serviteur fid\u00e8le de Tillinghast, vous a contact\u00e9 \u00e0 propos de son employeur. Il semblerait que le docteur se soit exil\u00e9 dans le laboratoire de son grenier, d\u00e9laissant la nourriture et tout contact humain. Gregory vous a suppli\u00e9 de faire une derni\u00e8re tentative pour rendre ses esprits \u00e0 votre vieil ami. Malgr\u00e9 le souvenir amer de votre derni\u00e8re rencontre avec Tillinghast, vous acceptez de lui rendre une derni\u00e8re visite. Apr\u00e8s des semaines d\u2019absence, vous revenez \u00e0 la vieille maison isol\u00e9e pr\u00e8s de Benevolent Street. Gregory vous accueille \u00e0 la porte, un chandelier \u00e0 la main, et le soulagement est visible sur son visage creus\u00e9 de fatigue. \u00ab Merci d\u2019\u00eatre venu. Le docteur n\u2019est pas descendu de son laboratoire depuis des jours et je m\u2019inqui\u00e8te pour lui. Tous les autres serviteurs sont partis, la plupart sans m\u00eame me dire au revoir. Parfois, je l\u2019entends hurler dans le grenier, m\u00eame si je ne m\u2019\u00e9loigne pas trop de la porte d\u2019entr\u00e9e, ces derniers temps. Laissez-moi vous accompagner jusqu\u2019au laboratoire, et esp\u00e9rons que Crawford vous \u00e9coutera, cette fois. \u00bb Vous suivez la chandelle vacillante en silence \u00e0 travers la t\u00e9n\u00e9breuse maison vide, en \u00e9coutant le bourdonnement lointain de la machine de Tillinghast qui r\u00e9sonne \u00e0 travers les \u00e9tages, les murs et les plafonds. Comme vous approchez de l\u2019escalier du grenier, vous ressentez un frisson qui agite l\u2019air, comme un picotement, et apercevez une silhouette sombre \u00e0 la limite de la lueur de la bougie. Gregory s\u2019arr\u00eate brutalement et l\u00e8ve la chandelle au-dessus de sa t\u00eate pour vous donner une meilleure vision\u2026 &nbsp; &nbsp;<\/p>\n","protected":false},"author":2,"featured_media":4351,"parent":0,"menu_order":0,"comment_status":"closed","ping_status":"closed","template":"","meta":{"footnotes":""},"class_list":["post-4368","page","type-page","status-publish","has-post-thumbnail","hentry"],"acf":[],"rttpg_featured_image_url":{"full":["https:\/\/meeplendice.net\/wp-content\/uploads\/2018\/07\/LdL_Laboratoire.png",350,350,false],"landscape":["https:\/\/meeplendice.net\/wp-content\/uploads\/2018\/07\/LdL_Laboratoire.png",350,350,false],"portraits":["https:\/\/meeplendice.net\/wp-content\/uploads\/2018\/07\/LdL_Laboratoire.png",350,350,false],"thumbnail":["https:\/\/meeplendice.net\/wp-content\/uploads\/2018\/07\/LdL_Laboratoire-150x150.png",150,150,true],"medium":["https:\/\/meeplendice.net\/wp-content\/uploads\/2018\/07\/LdL_Laboratoire-300x300.png",300,300,true],"large":["https:\/\/meeplendice.net\/wp-content\/uploads\/2018\/07\/LdL_Laboratoire.png",350,350,false],"ug_big":["https:\/\/meeplendice.net\/wp-content\/uploads\/2018\/07\/LdL_Laboratoire.png",350,350,false],"1536x1536":["https:\/\/meeplendice.net\/wp-content\/uploads\/2018\/07\/LdL_Laboratoire.png",350,350,false],"2048x2048":["https:\/\/meeplendice.net\/wp-content\/uploads\/2018\/07\/LdL_Laboratoire.png",350,350,false],"ashe-slider-grid-thumbnail":["https:\/\/meeplendice.net\/wp-content\/uploads\/2018\/07\/LdL_Laboratoire.png",350,350,false],"ashe-full-thumbnail":["https:\/\/meeplendice.net\/wp-content\/uploads\/2018\/07\/LdL_Laboratoire.png",350,350,false],"ashe-grid-thumbnail":["https:\/\/meeplendice.net\/wp-content\/uploads\/2018\/07\/LdL_Laboratoire-350x330.png",350,330,true],"ashe-list-thumbnail":["https:\/\/meeplendice.net\/wp-content\/uploads\/2018\/07\/LdL_Laboratoire-300x300.png",300,300,true],"ashe-single-navigation":["https:\/\/meeplendice.net\/wp-content\/uploads\/2018\/07\/LdL_Laboratoire-75x75.png",75,75,true],"mailpoet_newsletter_max":["https:\/\/meeplendice.net\/wp-content\/uploads\/2018\/07\/LdL_Laboratoire.png",350,350,false],"rpwe-thumbnail":["https:\/\/meeplendice.net\/wp-content\/uploads\/2018\/07\/LdL_Laboratoire-45x45.png",45,45,true],"sow-carousel-default":["https:\/\/meeplendice.net\/wp-content\/uploads\/2018\/07\/LdL_Laboratoire-272x182.png",272,182,true],"rt_custom":["https:\/\/meeplendice.net\/wp-content\/uploads\/2018\/07\/LdL_Laboratoire.png",350,350,false]},"rttpg_author":{"display_name":"Karnby","author_link":"https:\/\/meeplendice.net\/?author=2"},"rttpg_comment":0,"rttpg_category":null,"rttpg_excerpt":"l y a maintenant deux mois que votre bon ami, le Dr. Crawford Tillinghast, s\u2019est mis en col\u00e8re contre vous, vous a trait\u00e9 d\u2019imb\u00e9cile et mis \u00e0 la porte de sa maison et de son laboratoire dans un acc\u00e8s de rage fanatique. Sa crise vous a d\u2019autant plus surpris qu\u2019il n\u2019\u00e9tait pas homme \u00e0 se\u2026","_links":{"self":[{"href":"https:\/\/meeplendice.net\/index.php?rest_route=\/wp\/v2\/pages\/4368","targetHints":{"allow":["GET"]}}],"collection":[{"href":"https:\/\/meeplendice.net\/index.php?rest_route=\/wp\/v2\/pages"}],"about":[{"href":"https:\/\/meeplendice.net\/index.php?rest_route=\/wp\/v2\/types\/page"}],"author":[{"embeddable":true,"href":"https:\/\/meeplendice.net\/index.php?rest_route=\/wp\/v2\/users\/2"}],"replies":[{"embeddable":true,"href":"https:\/\/meeplendice.net\/index.php?rest_route=%2Fwp%2Fv2%2Fcomments&post=4368"}],"version-history":[{"count":3,"href":"https:\/\/meeplendice.net\/index.php?rest_route=\/wp\/v2\/pages\/4368\/revisions"}],"predecessor-version":[{"id":6825,"href":"https:\/\/meeplendice.net\/index.php?rest_route=\/wp\/v2\/pages\/4368\/revisions\/6825"}],"wp:featuredmedia":[{"embeddable":true,"href":"https:\/\/meeplendice.net\/index.php?rest_route=\/wp\/v2\/media\/4351"}],"wp:attachment":[{"href":"https:\/\/meeplendice.net\/index.php?rest_route=%2Fwp%2Fv2%2Fmedia&parent=4368"}],"curies":[{"name":"wp","href":"https:\/\/api.w.org\/{rel}","templated":true}]}}