{"id":438,"date":"2016-08-30T20:48:18","date_gmt":"2016-08-30T19:48:18","guid":{"rendered":"http:\/\/meeplendice.net\/?page_id=438"},"modified":"2020-11-20T16:38:54","modified_gmt":"2020-11-20T15:38:54","slug":"space-hulk-death-angel","status":"publish","type":"page","link":"https:\/\/meeplendice.net\/?page_id=438","title":{"rendered":"Space Hulk : Death Angel"},"content":{"rendered":"<div id=\"pl-438\"  class=\"panel-layout\" ><div id=\"pg-438-0\"  class=\"panel-grid panel-no-style\" ><div id=\"pgc-438-0-0\"  class=\"panel-grid-cell\" ><div id=\"panel-438-0-0-0\" class=\"so-panel widget widget_sow-editor panel-first-child panel-last-child\" data-index=\"0\" ><div\n\t\t\t\n\t\t\tclass=\"so-widget-sow-editor so-widget-sow-editor-base\"\n\t\t\t\n\t\t>\n<div class=\"siteorigin-widget-tinymce textwidget\">\n\t<p style=\"text-align: center;\"><strong>Nombre de joueurs :<\/strong><br \/>\n1 - 6<\/p>\n<\/div>\n<\/div><\/div><\/div><div id=\"pgc-438-0-1\"  class=\"panel-grid-cell\" ><div id=\"panel-438-0-1-0\" class=\"so-panel widget widget_sow-editor panel-first-child panel-last-child\" data-index=\"1\" ><div\n\t\t\t\n\t\t\tclass=\"so-widget-sow-editor so-widget-sow-editor-base\"\n\t\t\t\n\t\t>\n<div class=\"siteorigin-widget-tinymce textwidget\">\n\t<p style=\"text-align: center;\"><strong>Dur\u00e9e moyenne :<\/strong><br \/>\n60 min<\/p>\n<\/div>\n<\/div><\/div><\/div><div id=\"pgc-438-0-2\"  class=\"panel-grid-cell\" ><div id=\"panel-438-0-2-0\" class=\"so-panel widget widget_sow-editor panel-first-child panel-last-child\" data-index=\"2\" ><div\n\t\t\t\n\t\t\tclass=\"so-widget-sow-editor so-widget-sow-editor-base\"\n\t\t\t\n\t\t>\n<div class=\"siteorigin-widget-tinymce textwidget\">\n\t<p style=\"text-align: center;\"><strong>Age :<\/strong><br \/>\n14 ans et plus<\/p>\n<\/div>\n<\/div><\/div><\/div><\/div><div id=\"pg-438-1\"  class=\"panel-grid panel-no-style\" ><div id=\"pgc-438-1-0\"  class=\"panel-grid-cell\" ><div id=\"panel-438-1-0-0\" class=\"so-panel widget widget_sow-editor panel-first-child panel-last-child\" data-index=\"3\" ><div\n\t\t\t\n\t\t\tclass=\"so-widget-sow-editor so-widget-sow-editor-base\"\n\t\t\t\n\t\t>\n<div class=\"siteorigin-widget-tinymce textwidget\">\n\t<p style=\"text-align: center;\"><strong>Auteur(s) :<br \/>\n<\/strong>Corey Konieczka<\/p>\n<\/div>\n<\/div><\/div><\/div><div id=\"pgc-438-1-1\"  class=\"panel-grid-cell\" ><div id=\"panel-438-1-1-0\" class=\"so-panel widget widget_sow-editor panel-first-child panel-last-child\" data-index=\"4\" ><div\n\t\t\t\n\t\t\tclass=\"so-widget-sow-editor so-widget-sow-editor-base\"\n\t\t\t\n\t\t>\n<div class=\"siteorigin-widget-tinymce textwidget\">\n\t<p style=\"text-align: center;\"><strong>Illustrations :<\/strong><br \/>\nBradford Rigney<br \/>\nWiL Springer<br \/>\nBrian Schomberg<br \/>\nAndrew Navaro<\/p>\n<\/div>\n<\/div><\/div><\/div><div id=\"pgc-438-1-2\"  class=\"panel-grid-cell\" ><div id=\"panel-438-1-2-0\" class=\"so-panel widget widget_sow-editor panel-first-child panel-last-child\" data-index=\"5\" ><div\n\t\t\t\n\t\t\tclass=\"so-widget-sow-editor so-widget-sow-editor-base\"\n\t\t\t\n\t\t>\n<div class=\"siteorigin-widget-tinymce textwidget\">\n\t<p style=\"text-align: center;\"><strong>\u00c9dition :<\/strong><br \/>\nFantasy Flight Games<br \/>\nEdge Entertainement<br \/>\n2010<\/p>\n<\/div>\n<\/div><\/div><\/div><div id=\"pgc-438-1-3\"  class=\"panel-grid-cell\" ><div id=\"panel-438-1-3-0\" class=\"so-panel widget widget_sow-editor panel-first-child panel-last-child\" data-index=\"6\" ><div\n\t\t\t\n\t\t\tclass=\"so-widget-sow-editor so-widget-sow-editor-base\"\n\t\t\t\n\t\t>\n<div class=\"siteorigin-widget-tinymce textwidget\">\n\t<p style=\"text-align: center;\"><strong>Version :<\/strong><br \/>\nFran\u00e7aise<\/p>\n<\/div>\n<\/div><\/div><\/div><\/div><div id=\"pg-438-2\"  class=\"panel-grid panel-no-style\" ><div id=\"pgc-438-2-0\"  class=\"panel-grid-cell\" ><div id=\"panel-438-2-0-0\" class=\"so-panel widget widget_sow-editor panel-first-child panel-last-child\" data-index=\"7\" ><div\n\t\t\t\n\t\t\tclass=\"so-widget-sow-editor so-widget-sow-editor-base\"\n\t\t\t\n\t\t>\n<div class=\"siteorigin-widget-tinymce textwidget\">\n\t<hr \/>\n<p><em>++ Transmission Entrante Niveau Rouge++<\/em><\/p>\n<p><em> Briefing de Mission Blood Angels 7362-1<\/em><br \/>\n<em> Fr\u00e8re-Sergent Lorenzo :<\/em><br \/>\n<em> Rassemblez votre escouade de Terminators et attaquez le space hulk ++P\u00e9ch\u00e9 de Damnation++ via la salle des torpilles. Infestation extr\u00eame de Genestealers \u00e0 bord. Votre objectif est de d\u00e9truire la salle de contr\u00f4le avant.<\/em><br \/>\n<em> Attendez-vous \u00e0 une r\u00e9sistance \u00e9lev\u00e9e. Estimation : 44% de chances de r\u00e9ussite de la mission avec 86% de pertes pour l\u2019escouade.<\/em><\/p>\n<p><em> ++ Fin de Transmission ++<\/em><\/p>\n<p>Space Hulk : Death Angel est un jeu de coop\u00e9ration dans lequel de 1 \u00e0 6 joueurs contr\u00f4lent une escouade de Space Marines Terminators s'aventurant dans les profondeurs d'un \u00e9norme Space Hulk. En collaborant et en luttant farouchement, les joueurs doivent survivre pour accomplir leur mission et \u00e9liminer la menace des Genestealers.<\/p>\n<\/div>\n<\/div><\/div><\/div><\/div><div id=\"pg-438-3\"  class=\"panel-grid panel-no-style\" ><div id=\"pgc-438-3-0\"  class=\"panel-grid-cell\" ><div id=\"panel-438-3-0-0\" class=\"so-panel widget widget_sow-editor panel-first-child panel-last-child\" data-index=\"8\" ><div\n\t\t\t\n\t\t\tclass=\"so-widget-sow-editor so-widget-sow-editor-base\"\n\t\t\t\n\t\t>\n<div class=\"siteorigin-widget-tinymce textwidget\">\n\t<hr \/>\n<p style=\"text-align: center;\"><strong>En vid\u00e9o<\/strong><\/p>\n<\/div>\n<\/div><\/div><\/div><div id=\"pgc-438-3-1\"  class=\"panel-grid-cell\" ><div id=\"panel-438-3-1-0\" class=\"so-panel widget widget_sow-editor panel-first-child panel-last-child\" data-index=\"9\" ><div\n\t\t\t\n\t\t\tclass=\"so-widget-sow-editor so-widget-sow-editor-base\"\n\t\t\t\n\t\t>\n<div class=\"siteorigin-widget-tinymce textwidget\">\n\t<hr \/>\n<p style=\"text-align: center;\"><strong>Extension(s)<\/strong><\/p>\n<p style=\"text-align: center;\"><style type='text\/css' media='all'>#rt-tpg-container-2953008772 .read-more a{border-radius:px;}#rt-tpg-container-2953008772 .rt-img-holder img.rt-img-responsive,#rt-tpg-container-2953008772 .rt-img-holder,\n\t\t\t\t\t#rt-tpg-container-2953008772 .rt-post-overlay .post-img,\n\t\t\t\t\t#rt-tpg-container-2953008772 .post-sm .post-img,\n\t\t\t\t\t#rt-tpg-container-2953008772 .rt-post-grid .post-img,\n\t\t\t\t\t#rt-tpg-container-2953008772 .post-img img {border-radius:px;}#rt-tpg-container-2953008772 .layout9 .rt-holder h2.entry-title,\n\t\t\t\t\t#rt-tpg-container-2953008772 .layout9 .rt-holder h3.entry-title,\n\t\t\t\t\t#rt-tpg-container-2953008772 .layout9 .rt-holder h4.entry-title,\n\t\t\t\t\t#rt-tpg-container-2953008772 .layout9 .rt-holder h2.entry-title a,\n\t\t\t\t\t#rt-tpg-container-2953008772 .layout9 .rt-holder h3.entry-title a,\n\t\t\t\t\t#rt-tpg-container-2953008772 .layout9 .rt-holder h4.entry-title a,\n\t\t\t\t\t#rt-tpg-container-2953008772 .rt-holder .rt-woo-info h2 a,\n\t\t\t\t\t#rt-tpg-container-2953008772 .rt-holder .rt-woo-info h3 a,\n\t\t\t\t\t#rt-tpg-container-2953008772 .rt-holder .rt-woo-info h4 a,\n\t\t\t\t\t#rt-tpg-container-2953008772 .post-content .post-title,\n\t\t\t\t\t#rt-tpg-container-2953008772 .rt-post-grid .post-title,\n\t\t\t\t\t#rt-tpg-container-2953008772 .rt-post-grid .post-title a,\n\t\t\t\t\t#rt-tpg-container-2953008772 .post-content .post-title a,\n\t\t\t\t\t#rt-tpg-container-2953008772 .rt-holder .rt-woo-info h2,\n\t\t\t\t\t#rt-tpg-container-2953008772 .rt-holder .rt-woo-info h3,\n\t\t\t\t\t#rt-tpg-container-2953008772 .rt-holder .rt-woo-info h4{font-size:16px;line-height:26px;font-weight:normal;text-align:center;}#rt-tpg-container-2953008772 .post-grid-lg-style-1 .post-title,\n\t\t\t\t\t\t#rt-tpg-container-2953008772 .post-grid-lg-style-1 .post-title a,\n\t\t\t\t\t\t#rt-tpg-container-2953008772 .big-layout .post-title,\n\t\t\t\t\t\t#rt-tpg-container-2953008772 .big-layout .post-title a,\n\t\t\t\t\t\t#rt-tpg-container-2953008772 .post-grid-lg-style-1 .post-title,\n\t\t\t\t\t\t#rt-tpg-container-2953008772 .post-grid-lg-style-1 .post-title a {font-size:24px;line-height:34px;}<\/style><div class='rt-container-fluid rt-tpg-container tpg-shortcode-main-wrapper ' id='rt-tpg-container-2953008772'   data-layout='layout9' data-grid-style='even' data-desktop-col='3'  data-tab-col='2'  data-mobile-col='1' data-sc-id='2164'><div data-title='Loading ...' class='rt-row rt-content-loader   layout9 tpg-even '><div class=\"rt-col-md-4 rt-col-sm-6 rt-col-xs-12 even-grid-item rt-grid-item img_zoom_in\" data-id=\"2162\"><div class=\"rt-holder\"><div class='overlay'><a data-id='2162' class=' tpg-single-popup' href='https:\/\/meeplendice.net\/?page_id=2162'><img loading=\"lazy\" decoding=\"async\" width=\"350\" height=\"350\" src=\"https:\/\/meeplendice.net\/wp-content\/uploads\/2016\/11\/SHDA_Tyranide.png\" class=\"rt-img-responsive \" alt=\"\" \/><\/a><\/div><div class='post-info'><h2 class=\"entry-title\"><a data-id=\"2162\" class=\" tpg-single-popup\" href=\"https:\/\/meeplendice.net\/?page_id=2162\">Pack Ennemis : Tyranide<\/a><\/h2><div class='post-meta-user '><\/div><\/div><\/div><\/div><div class=\"rt-col-md-4 rt-col-sm-6 rt-col-xs-12 even-grid-item rt-grid-item img_zoom_in\" data-id=\"2151\"><div class=\"rt-holder\"><div class='overlay'><a data-id='2151' class=' tpg-single-popup' href='https:\/\/meeplendice.net\/?page_id=2151'><img loading=\"lazy\" decoding=\"async\" width=\"350\" height=\"350\" src=\"https:\/\/meeplendice.net\/wp-content\/uploads\/2016\/11\/SHDA_Mission1.png\" class=\"rt-img-responsive \" alt=\"\" \/><\/a><\/div><div class='post-info'><h2 class=\"entry-title\"><a data-id=\"2151\" class=\" tpg-single-popup\" href=\"https:\/\/meeplendice.net\/?page_id=2151\">Pack Mission 1<\/a><\/h2><div class='post-meta-user '><\/div><\/div><\/div><\/div><div class=\"rt-col-md-4 rt-col-sm-6 rt-col-xs-12 even-grid-item rt-grid-item img_zoom_in\" data-id=\"2158\"><div class=\"rt-holder\"><div class='overlay'><a data-id='2158' class=' tpg-single-popup' href='https:\/\/meeplendice.net\/?page_id=2158'><img loading=\"lazy\" decoding=\"async\" width=\"350\" height=\"350\" src=\"https:\/\/meeplendice.net\/wp-content\/uploads\/2016\/11\/SHDA_SM1.png\" class=\"rt-img-responsive \" alt=\"\" \/><\/a><\/div><div class='post-info'><h2 class=\"entry-title\"><a data-id=\"2158\" class=\" tpg-single-popup\" href=\"https:\/\/meeplendice.net\/?page_id=2158\">Pack Space Marine 1<\/a><\/h2><div class='post-meta-user '><\/div><\/div><\/div><\/div><\/div><div class='rt-pagination-wrap' data-total-pages='2' data-posts-per-page='3' data-type='pagination_ajax'  ><div class='rt-page-numbers'><\/div><\/div><\/div><\/p>\n<p>\u00a0<\/p>\n<\/div>\n<\/div><\/div><\/div><\/div><div id=\"pg-438-4\"  class=\"panel-grid panel-no-style\" ><div id=\"pgc-438-4-0\"  class=\"panel-grid-cell\" ><div id=\"panel-438-4-0-0\" class=\"so-panel widget widget_sow-editor panel-first-child panel-last-child\" data-index=\"10\" ><div\n\t\t\t\n\t\t\tclass=\"so-widget-sow-editor so-widget-sow-editor-base\"\n\t\t\t\n\t\t>\n<div class=\"siteorigin-widget-tinymce textwidget\">\n\t<hr \/>\n<p style=\"text-align: center;\"><strong>Pour aller plus loin<\/strong><\/p>\n<\/div>\n<\/div><\/div><\/div><\/div><\/div>","protected":false},"excerpt":{"rendered":"<p>Nombre de joueurs : 1 &#8211; 6 Dur\u00e9e moyenne : 60 min Age : 14 ans et plus Auteur(s) : Corey Konieczka Illustrations : Bradford Rigney WiL Springer Brian Schomberg Andrew Navaro \u00c9dition : Fantasy Flight Games Edge Entertainement 2010 Version : Fran\u00e7aise<\/p>\n","protected":false},"author":2,"featured_media":2643,"parent":0,"menu_order":0,"comment_status":"closed","ping_status":"closed","template":"","meta":{"footnotes":""},"class_list":["post-438","page","type-page","status-publish","has-post-thumbnail","hentry"],"acf":[],"rttpg_featured_image_url":{"full":["https:\/\/meeplendice.net\/wp-content\/uploads\/2017\/03\/Spacehulkdeathangel.png",350,350,false],"landscape":["https:\/\/meeplendice.net\/wp-content\/uploads\/2017\/03\/Spacehulkdeathangel.png",350,350,false],"portraits":["https:\/\/meeplendice.net\/wp-content\/uploads\/2017\/03\/Spacehulkdeathangel.png",350,350,false],"thumbnail":["https:\/\/meeplendice.net\/wp-content\/uploads\/2017\/03\/Spacehulkdeathangel-150x150.png",150,150,true],"medium":["https:\/\/meeplendice.net\/wp-content\/uploads\/2017\/03\/Spacehulkdeathangel-300x300.png",300,300,true],"large":["https:\/\/meeplendice.net\/wp-content\/uploads\/2017\/03\/Spacehulkdeathangel.png",350,350,false],"ug_big":["https:\/\/meeplendice.net\/wp-content\/uploads\/2017\/03\/Spacehulkdeathangel.png",350,350,false],"1536x1536":["https:\/\/meeplendice.net\/wp-content\/uploads\/2017\/03\/Spacehulkdeathangel.png",350,350,false],"2048x2048":["https:\/\/meeplendice.net\/wp-content\/uploads\/2017\/03\/Spacehulkdeathangel.png",350,350,false],"ashe-slider-grid-thumbnail":["https:\/\/meeplendice.net\/wp-content\/uploads\/2017\/03\/Spacehulkdeathangel.png",350,350,false],"ashe-full-thumbnail":["https:\/\/meeplendice.net\/wp-content\/uploads\/2017\/03\/Spacehulkdeathangel.png",350,350,false],"ashe-grid-thumbnail":["https:\/\/meeplendice.net\/wp-content\/uploads\/2017\/03\/Spacehulkdeathangel-350x330.png",350,330,true],"ashe-list-thumbnail":["https:\/\/meeplendice.net\/wp-content\/uploads\/2017\/03\/Spacehulkdeathangel-300x300.png",300,300,true],"ashe-single-navigation":["https:\/\/meeplendice.net\/wp-content\/uploads\/2017\/03\/Spacehulkdeathangel-75x75.png",75,75,true],"mailpoet_newsletter_max":["https:\/\/meeplendice.net\/wp-content\/uploads\/2017\/03\/Spacehulkdeathangel.png",350,350,false],"rpwe-thumbnail":["https:\/\/meeplendice.net\/wp-content\/uploads\/2017\/03\/Spacehulkdeathangel-45x45.png",45,45,true],"sow-carousel-default":["https:\/\/meeplendice.net\/wp-content\/uploads\/2017\/03\/Spacehulkdeathangel-272x182.png",272,182,true],"rt_custom":["https:\/\/meeplendice.net\/wp-content\/uploads\/2017\/03\/Spacehulkdeathangel.png",350,350,false]},"rttpg_author":{"display_name":"Karnby","author_link":"https:\/\/meeplendice.net\/?author=2"},"rttpg_comment":0,"rttpg_category":null,"rttpg_excerpt":"Nombre de joueurs : 1 - 6 Dur\u00e9e moyenne : 60 min Age : 14 ans et plus Auteur(s) : Corey Konieczka Illustrations : Bradford Rigney WiL Springer Brian Schomberg Andrew Navaro \u00c9dition : Fantasy Flight Games Edge Entertainement 2010 Version : Fran\u00e7aise","_links":{"self":[{"href":"https:\/\/meeplendice.net\/index.php?rest_route=\/wp\/v2\/pages\/438","targetHints":{"allow":["GET"]}}],"collection":[{"href":"https:\/\/meeplendice.net\/index.php?rest_route=\/wp\/v2\/pages"}],"about":[{"href":"https:\/\/meeplendice.net\/index.php?rest_route=\/wp\/v2\/types\/page"}],"author":[{"embeddable":true,"href":"https:\/\/meeplendice.net\/index.php?rest_route=\/wp\/v2\/users\/2"}],"replies":[{"embeddable":true,"href":"https:\/\/meeplendice.net\/index.php?rest_route=%2Fwp%2Fv2%2Fcomments&post=438"}],"version-history":[{"count":7,"href":"https:\/\/meeplendice.net\/index.php?rest_route=\/wp\/v2\/pages\/438\/revisions"}],"predecessor-version":[{"id":7446,"href":"https:\/\/meeplendice.net\/index.php?rest_route=\/wp\/v2\/pages\/438\/revisions\/7446"}],"wp:featuredmedia":[{"embeddable":true,"href":"https:\/\/meeplendice.net\/index.php?rest_route=\/wp\/v2\/media\/2643"}],"wp:attachment":[{"href":"https:\/\/meeplendice.net\/index.php?rest_route=%2Fwp%2Fv2%2Fmedia&parent=438"}],"curies":[{"name":"wp","href":"https:\/\/api.w.org\/{rel}","templated":true}]}}